{"id":913,"date":"2018-04-10T10:32:38","date_gmt":"2018-04-10T07:32:38","guid":{"rendered":"http:\/\/vaimnemaailm.ee\/www\/?page_id=913"},"modified":"2021-12-03T14:36:08","modified_gmt":"2021-12-03T12:36:08","slug":"enesetervendamise-meetodid-2","status":"publish","type":"page","link":"https:\/\/vaimnemaailm.ee\/www\/enesetervendamise-meetodid-2\/","title":{"rendered":"Enesetervendamise meetodid E-kursus"},"content":{"rendered":"<h6>Koostas: Liina Kaumann<\/h6>\n<p>Praegune eriline aeg on antud meile selleks, et puhata ja iseendaga olla, m\u00f5ista mis on t\u00f5eliselt oluline. Puhastuda v\u00e4ga s\u00fcgaval tasandil. Nii meie isiklikus kui kollektiivses rakum\u00e4lus on s\u00e4ilinud m\u00e4lestused kannatustest, h\u00e4dadest, haigustest, epideemiatest, vaesusest, mida oleme kogenud pikal pimeduse ajal, paljude elude jooksul, surmahirm, eraldatus&#8230; Need kerkivad n\u00fc\u00fcd esile intensiivsemalt kui kunagi varem, selleks et saaksime need teadvustada ja vabastada, mitte aga nende t\u00f5ttu veelgi suuremasse eraldatusesse sulguda. See on osa suurest p\u00fchitsusprotsessist, kui teeme selle l\u00e4bi, valime armastuse ja valguse, oleme valmis. Uueks. Paremaks, v\u00e4ekamaks, r\u00f5\u00f5msamaks, helgemaks maailmaks, koosloomiseks. Oleme valmis oma t\u00f5elisesse hinge\u00fclesandesse astumiseks!<br \/>\nAlusta juba t\u00e4na, iseendast!<br \/>\nSinus eneses on piiritu v\u00e4gi saada k\u00f5igega hakkama!<\/p>\n<p>K\u00e4esolev 63-lehek\u00fcljeline kursusematerjal tutvustab erinevaid iga\u00fchele j\u00f5ukohaseid meetodeid, mida saame kasutada oma f\u00fc\u00fcslilise keha ja energiav\u00e4lja tervendamiseks.<\/p>\n<p>Kursusel tulevad vaatluse alla j\u00e4rgmised teemad:<\/p>\n<p>1. \u00a0 \u00a0 Keha kui kaart iseenda paremaks tundma\u00f5ppimiseks.<\/p>\n<p>2.\u00a0\u00a0\u00a0\u00a0 Mis m\u00f5jutavad meie tervist? Millest alustada enesetervendamist?<\/p>\n<ul>\n<li>M\u00f5tted ja emotsioonid.<\/li>\n<li>Enda eest hoolitsemine.<\/li>\n<li>Karma.<\/li>\n<li>K\u00f5rgem tahe.<\/li>\n<\/ul>\n<p>3.\u00a0\u00a0\u00a0\u00a0 T\u015bakrad.<\/p>\n<p>4.\u00a0\u00a0\u00a0\u00a0 Erinevad meetodid enesetervendamiseks:<\/p>\n<ul>\n<li>Enesetervendamine l\u00e4bi juhitud meditatsiooni.<\/li>\n<li>Enesetervendamine l\u00e4bi visualiseerimisharjutuste \u2013 Egiptuse ravi. Tervendamine kuusnurkse t\u00e4hega.<\/li>\n<li>Reiki.<\/li>\n<li>Kristallidega tervendamine (Eri kristallide raviomadused, kristalli programmeerimine, kraistallid ja t\u015bakrad).<\/li>\n<li>Inglid \u2013 kuidas paluda ja kaasata tervendusse.<\/li>\n<li>Afirmatsioonid, taotlused.<\/li>\n<li>Ravimtaimed (\u00dcrdikotikese valmistamine, \u00fcrdileotised, eri taimede raviomadused, \u00f5lid ja l\u00f5hnaained).<\/li>\n<li>Tervendamine v\u00e4rvide abil (V\u00e4rvide vaimsed t\u00e4hendused, kuidas tervendada v\u00e4rvide abil, 12-p\u00f5hiv\u00e4rvi meditatsioon).<\/li>\n<\/ul>\n<h3>Interneti\u00f5pe on mugav<\/h3>\n<p>Sa saad ise \u00f5ppida oma arvutist omas tempos just seal, kus ise soovid. P\u00e4rast kursuse eest tasumist saadame sulle ligip\u00e4\u00e4sud kursuse materjalidele ja nii saad kohe alustada \u00f5ppimist.<\/p>\n<h6><strong>Soovid tervendamisest rohkem teada saada? See kursus avab Sulle ukse tervendamise iidsesse maailma \u2013 astu julgelt edasi ja saad targemaks!<\/strong><\/h6>\n<h6>Hind: 25\u00a0EUR<\/h6>\n<h6><strong>Telli siit kursus:<\/strong><\/h6>\n<p><strong>1.<\/strong> Tellimiseks tee \u00fclekanne:<\/p>\n<p><strong>Kellele:<\/strong>\u00a0Vaimne Maailm O\u00dc<br \/>\n<strong>Pangakonto:<\/strong>\u00a0EE662200221049242077<br \/>\n<strong>Summa:<\/strong>\u00a025 EUR<br \/>\n<strong>Selgitus:<\/strong>\u00a0Enesetervendamise meetodid\u00a0<em>(lisa juurde ka enda nimi)<\/em><\/p>\n<p><strong>2.<\/strong> P\u00e4rast seda saada meil oma tellimussooviga ja kinnitusega, et makse on tehtud, aadressile liina@vaimnemaailm.ee. Seej\u00e4rel saadame Sulle e-mailile ligip\u00e4\u00e4sud e-kursusele. K\u00f5ige\u00a0hiljemalt j\u00e4rgmiseks t\u00f6\u00f6p\u00e4evaks.<\/p>\n<p>T\u00e4name!<\/p>\n","protected":false},"excerpt":{"rendered":"<p>Koostas: Liina Kaumann Praegune eriline aeg on antud meile selleks, et puhata ja iseendaga olla, m\u00f5ista mis on t\u00f5eliselt oluline. Puhastuda v\u00e4ga s\u00fcgaval tasandil. Nii meie isiklikus kui kollektiivses rakum\u00e4lus on s\u00e4ilinud m\u00e4lestused kannatustest, h\u00e4dadest, haigustest, epideemiatest, vaesusest, mida oleme kogenud pikal pimeduse ajal, paljude elude jooksul, surmahirm, eraldatus&#8230; Need kerkivad n\u00fc\u00fcd esile intensiivsemalt kui &hellip; <\/p>\n<p class=\"link-more\"><a href=\"https:\/\/vaimnemaailm.ee\/www\/enesetervendamise-meetodid-2\/\" class=\"more-link\">Loe edasi<span class=\"screen-reader-text\"> &#8220;Enesetervendamise meetodid E-kursus&#8221;<\/span><\/a><\/p>\n","protected":false},"author":2,"featured_media":0,"parent":0,"menu_order":0,"comment_status":"closed","ping_status":"closed","template":"","meta":{"footnotes":""},"class_list":["post-913","page","type-page","status-publish","hentry"],"_links":{"self":[{"href":"https:\/\/vaimnemaailm.ee\/www\/wp-json\/wp\/v2\/pages\/913","targetHints":{"allow":["GET"]}}],"collection":[{"href":"https:\/\/vaimnemaailm.ee\/www\/wp-json\/wp\/v2\/pages"}],"about":[{"href":"https:\/\/vaimnemaailm.ee\/www\/wp-json\/wp\/v2\/types\/page"}],"author":[{"embeddable":true,"href":"https:\/\/vaimnemaailm.ee\/www\/wp-json\/wp\/v2\/users\/2"}],"replies":[{"embeddable":true,"href":"https:\/\/vaimnemaailm.ee\/www\/wp-json\/wp\/v2\/comments?post=913"}],"version-history":[{"count":4,"href":"https:\/\/vaimnemaailm.ee\/www\/wp-json\/wp\/v2\/pages\/913\/revisions"}],"predecessor-version":[{"id":2085,"href":"https:\/\/vaimnemaailm.ee\/www\/wp-json\/wp\/v2\/pages\/913\/revisions\/2085"}],"wp:attachment":[{"href":"https:\/\/vaimnemaailm.ee\/www\/wp-json\/wp\/v2\/media?parent=913"}],"curies":[{"name":"wp","href":"https:\/\/api.w.org\/{rel}","templated":true}]}}