{"id":910,"date":"2018-04-10T10:28:08","date_gmt":"2018-04-10T07:28:08","guid":{"rendered":"http:\/\/vaimnemaailm.ee\/www\/?page_id=910"},"modified":"2020-04-09T13:23:06","modified_gmt":"2020-04-09T10:23:06","slug":"onneliku-lahisuhte-teadlik-loomine","status":"publish","type":"page","link":"https:\/\/vaimnemaailm.ee\/www\/onneliku-lahisuhte-teadlik-loomine\/","title":{"rendered":"\u00d5nneliku l\u00e4hisuhte teadlik loomine"},"content":{"rendered":"<p><img loading=\"lazy\" decoding=\"async\" class=\"alignnone size-large wp-image-1185\" src=\"http:\/\/vaimnemaailm.ee\/www\/wp-content\/uploads\/2019\/08\/\u00dchinemine-709x1024.jpg\" alt=\"\" width=\"525\" height=\"758\" srcset=\"https:\/\/vaimnemaailm.ee\/www\/wp-content\/uploads\/2019\/08\/\u00dchinemine-709x1024.jpg 709w, https:\/\/vaimnemaailm.ee\/www\/wp-content\/uploads\/2019\/08\/\u00dchinemine-208x300.jpg 208w, https:\/\/vaimnemaailm.ee\/www\/wp-content\/uploads\/2019\/08\/\u00dchinemine-768x1109.jpg 768w, https:\/\/vaimnemaailm.ee\/www\/wp-content\/uploads\/2019\/08\/\u00dchinemine.jpg 1395w\" sizes=\"auto, (max-width: 525px) 100vw, 525px\" \/><\/p>\n<h2>\u00d5ppematerjal \u201c\u00d5nneliku suhte teadlik loomine\u201d<\/h2>\n<h3>Koostas: Liina Kaumann<\/h3>\n<p>Praegune aeg on paljudele inimestele suureks v\u00e4ljakutseks suhete alal, kuna tuleb olla 24\/7 koos. Kursus aitab Sul selgust saada, mida s\u00fcgavaimal tasandil oma suhtelt vajad, kuidas suhelda omavahel k\u00f5rgeimal moel ja nautida oma suhet rohkem.<\/p>\n<p>\u00d5nnelik suhe on v\u00f5imalik. Seda juhul, kui valid teha teadlikult k\u00f5ik selleks, et Sinu olemasolev suhe saaks korda. Kui Sul aga hetkel pole suhet, aitab siinne \u00f5ppematerjal Sind ettevalmistada \u00f5nneliku suhte ligit\u00f5mbamiseks ja loomiseks.<\/p>\n<p>K\u00e4esolev materjal aitab Sul avastada oma t\u00f5elised soovid, muutuda nende suhtes ligit\u00f5mbavaks ning liikuda oma unistuste suhtele l\u00e4hemale.<\/p>\n<h5><strong>Sa \u00f5pid:<\/strong><\/h5>\n<ul>\n<li>Kuidas olla suhtes \u00f5nnelik<\/li>\n<li>Hoidma suhet elava ja toimivana<\/li>\n<li>V\u00e4\u00e4rtustama ja austama iseenda tundeid\/soove<\/li>\n<li>Austama ja m\u00f5istma kaaslase k\u00e4itumise p\u00f5hjusi<\/li>\n<li>Lahendama suhteprobleeme juba algstaadiumis<\/li>\n<li>Liikuma l\u00e4hemale tingimusteta armastuse kogemusele<\/li>\n<li>Kasutama m\u00f5ningaid lihtsaid, kuid t\u00f5husaid maagilisi nippe soovitud suhte v\u00e4estamiseks<\/li>\n<\/ul>\n<h5><strong>\u00d5ppematerjal koosneb:<\/strong><\/h5>\n<p><strong>1. Teoreetilne osa: \u00d5nneliku suhte teadlik loomine (51 lk)<\/strong><\/p>\n<ul>\n<li>Kuidas luua \u00f5nnelikku suhet<\/li>\n<li>Feng shui t\u00e4htsus armastuse\/\u00f5nneliku suhte loomisel<\/li>\n<li>Armumaagia<\/li>\n<\/ul>\n<p><strong>2. K\u00fcsimustik\u00a0oma t\u00f5eliste vajaduste ja soovide v\u00e4ljaselgitamiseks (8 lk),\u00a0<\/strong>et saaksid liikuda kohe l\u00e4hemale oma unistuste suhte loomisele.<\/p>\n<p><strong>3.<\/strong>\u00a0<strong>Ligip\u00e4\u00e4s tasakaalustavatele meditatsioonifailidele (MP3):<\/strong><\/p>\n<ul>\n<li>Meditatsioon enesev\u00e4\u00e4rtustamiseks<\/li>\n<li>Meditatsioon sisemise mees- ja naisenergia tasakaalustamiseks ning suhete tervendamiseks<\/li>\n<li>Meditatsioon piirangutest vabanemiseks<\/li>\n<li>Soovitu loomine\/magnetiseerimine<\/li>\n<\/ul>\n<h5><strong>Soovid luua \u00f5nnelikku ja toimivat suhet? See \u00f5ppematerjal aitab Sul seda saavutada!<\/strong><\/h5>\n<h5><strong>Hind: 3<\/strong><strong>9 EUR\u00a0<\/strong><\/h5>\n<h5>Alusta tellimist siit:<\/h5>\n<p><strong>1. <\/strong>Tellimiseks tee \u00fclekanne:<\/p>\n<p><strong>Kellele:<\/strong>\u00a0Vaimne Maailm O\u00dc<br \/>\n<strong>Pangakonto:<\/strong>\u00a0EE662200221049242077<br \/>\n<strong>Summa:<\/strong>\u00a039 EUR<br \/>\n<strong>Selgitus:<\/strong>\u00a0Suhtekursus\u00a0<em>(lisa juurde ka enda nimi)<\/em><\/p>\n<p>2. P\u00e4rast seda saada meil oma tellimussooviga ja kinnitusega, et makse on tehtud, liina@vaimnemaailm.ee aadressile. Saadame Sulle e-mailile ligip\u00e4\u00e4sud materjalidele. K\u00f5ige\u00a0hiljemalt j\u00e4rgmiseks t\u00f6\u00f6p\u00e4evaks.<\/p>\n<p>T\u00e4name!<\/p>\n","protected":false},"excerpt":{"rendered":"<p>\u00d5ppematerjal \u201c\u00d5nneliku suhte teadlik loomine\u201d Koostas: Liina Kaumann Praegune aeg on paljudele inimestele suureks v\u00e4ljakutseks suhete alal, kuna tuleb olla 24\/7 koos. Kursus aitab Sul selgust saada, mida s\u00fcgavaimal tasandil oma suhtelt vajad, kuidas suhelda omavahel k\u00f5rgeimal moel ja nautida oma suhet rohkem. \u00d5nnelik suhe on v\u00f5imalik. Seda juhul, kui valid teha teadlikult k\u00f5ik selleks, &hellip; <\/p>\n<p class=\"link-more\"><a href=\"https:\/\/vaimnemaailm.ee\/www\/onneliku-lahisuhte-teadlik-loomine\/\" class=\"more-link\">Loe edasi<span class=\"screen-reader-text\"> &#8220;\u00d5nneliku l\u00e4hisuhte teadlik loomine&#8221;<\/span><\/a><\/p>\n","protected":false},"author":2,"featured_media":0,"parent":0,"menu_order":0,"comment_status":"closed","ping_status":"closed","template":"","meta":{"footnotes":""},"class_list":["post-910","page","type-page","status-publish","hentry"],"_links":{"self":[{"href":"https:\/\/vaimnemaailm.ee\/www\/wp-json\/wp\/v2\/pages\/910","targetHints":{"allow":["GET"]}}],"collection":[{"href":"https:\/\/vaimnemaailm.ee\/www\/wp-json\/wp\/v2\/pages"}],"about":[{"href":"https:\/\/vaimnemaailm.ee\/www\/wp-json\/wp\/v2\/types\/page"}],"author":[{"embeddable":true,"href":"https:\/\/vaimnemaailm.ee\/www\/wp-json\/wp\/v2\/users\/2"}],"replies":[{"embeddable":true,"href":"https:\/\/vaimnemaailm.ee\/www\/wp-json\/wp\/v2\/comments?post=910"}],"version-history":[{"count":5,"href":"https:\/\/vaimnemaailm.ee\/www\/wp-json\/wp\/v2\/pages\/910\/revisions"}],"predecessor-version":[{"id":1511,"href":"https:\/\/vaimnemaailm.ee\/www\/wp-json\/wp\/v2\/pages\/910\/revisions\/1511"}],"wp:attachment":[{"href":"https:\/\/vaimnemaailm.ee\/www\/wp-json\/wp\/v2\/media?parent=910"}],"curies":[{"name":"wp","href":"https:\/\/api.w.org\/{rel}","templated":true}]}}