{"id":907,"date":"2018-04-10T10:33:17","date_gmt":"2018-04-10T07:33:17","guid":{"rendered":"http:\/\/vaimnemaailm.ee\/www\/?page_id=907"},"modified":"2025-06-18T18:13:58","modified_gmt":"2025-06-18T15:13:58","slug":"e-kursused","status":"publish","type":"page","link":"https:\/\/vaimnemaailm.ee\/www\/e-kursused\/","title":{"rendered":"E-kursused"},"content":{"rendered":"\n<h4 class=\"wp-block-heading\"><a href=\"https:\/\/vaimnemaailm.ee\/www\/vaimsete-teadmiste-kool-e-ope-2\/\"><mark style=\"background-color:rgba(0, 0, 0, 0)\" class=\"has-inline-color has-luminous-vivid-orange-color\">Vaimsete Teadmiste Kool E-\u00f5pe<\/mark><\/a><\/h4>\n\n\n\n<h4 class=\"wp-block-heading\"><span style=\"color: #ff6600;\">Videokursused:<\/span><\/h4>\n\n\n\n<ul class=\"wp-block-list\">\n<li><strong><a href=\"https:\/\/vaimnemaailm.ee\/www\/e-kursus-ruunid-voimalus-moista-kosmilisi-arenguprotsesse-ja-maagiliselt-luua\/\"><mark style=\"background-color:rgba(0, 0, 0, 0)\" class=\"has-inline-color has-vivid-purple-color\">\u201cRuunid \u2013 v\u00f5imalus m\u00f5ista kosmilisi arenguprotsesse ja maagiliselt luua\u201d&nbsp;<\/mark><\/a><\/strong> <mark style=\"background-color:rgba(0, 0, 0, 0)\" class=\"has-inline-color has-vivid-red-color\"><strong>UUS!<\/strong><\/mark><\/li>\n\n\n\n<li><a href=\"https:\/\/vaimnemaailm.ee\/www\/taro-videokursus\/\"><strong><mark style=\"background-color:rgba(0, 0, 0, 0)\" class=\"has-inline-color has-vivid-purple-color\">TARO videokursus <\/mark><\/strong><\/a> <mark style=\"background-color:rgba(0, 0, 0, 0)\" class=\"has-inline-color has-vivid-red-color\"><strong>UUS!<\/strong><\/mark><\/li>\n\n\n\n<li><span style=\"color: #000000;\"><a style=\"color: #000000;\" href=\"https:\/\/vaimnemaailm.ee\/www\/energeetiline-puhastus-ja-kaitse-videokursus\/\">Energeetiline puhastus ja kaitse videokursus<\/a>&nbsp;<\/span><\/li>\n\n\n\n<li><span style=\"color: #000000;\"><a style=\"color: #000000;\" href=\"https:\/\/vaimnemaailm.ee\/www\/pendli-videokursus\/\">Pendli videokursus&nbsp;<\/a>&nbsp;<\/span><\/li>\n\n\n\n<li><span style=\"color: #ff0000;\"><span style=\"color: #000000;\"><a style=\"color: #000000;\" href=\"https:\/\/vaimnemaailm.ee\/www\/terviklik-tervenemine-videokursus\/\">Terviklik tervenemine videokursus<\/a> <\/span>&nbsp;<\/span><\/li>\n<\/ul>\n\n\n\n<h4 class=\"wp-block-heading\"><span style=\"color: #ff0000;\">UUS:&nbsp;<\/span><\/h4>\n\n\n\n<ul class=\"wp-block-list\">\n<li><a href=\"https:\/\/vaimnemaailm.ee\/www\/e-kursus-universum-toimib-labi-minu-praegused-energiad-ja-ulesanded-nais-ja-meesenergia-uleviimine-uuele-tasandile-meesenergia-transformatsioon\/\" data-type=\"page\" data-id=\"4027\"><mark style=\"background-color:rgba(0, 0, 0, 0)\" class=\"has-inline-color has-vivid-purple-color\"><strong>Universum toimib l\u00e4bi minu. Praegused energiad ja \u00fclesanded: nais- ja meesenergia \u00fcleviiminine uuele tasandile. Meesenergia transformatsioon<\/strong><\/mark><\/a><\/li>\n<\/ul>\n\n\n\n<h4 class=\"wp-block-heading\"><span style=\"color: #ff6600;\">Kursused algajale mediteerijale:<\/span><\/h4>\n\n\n\n<ul class=\"wp-block-list\">\n<li><strong><a href=\"https:\/\/vaimnemaailm.ee\/www\/meditatsiooni-e-kursus-algajale-tasakaal\/\"><mark style=\"background-color:rgba(0, 0, 0, 0)\" class=\"has-inline-color has-vivid-purple-color\">Meditatsiooni E-kursus algajale &#8220;Tasakaal&#8221;<\/mark><\/a><\/strong> <\/li>\n\n\n\n<li><a href=\"https:\/\/vaimnemaailm.ee\/www\/meditatsiooni-luhikursus-algajale-tasakaal-e-kursus\/\"><mark style=\"background-color:rgba(0, 0, 0, 0)\" class=\"has-inline-color has-vivid-purple-color\"><strong>Meditatsiooni l\u00fchikursus algajale &#8220;Tasakaal&#8221;<\/strong> <\/mark><\/a><\/li>\n\n\n\n<li><a href=\"https:\/\/vaimnemaailm.ee\/www\/meditatsiooni-e-kursus-algajatele-enesevaartustamine-enesetervendamine\/\">I tase: Meditatsiooni E-kursus algajatele \u201cEnesev\u00e4\u00e4rtustamine\/enesetervendamine\u201d<\/a><\/li>\n\n\n\n<li>II tase: Meditatsiooni E-kursus <a href=\"https:\/\/vaimnemaailm.ee\/www\/e-kursus-joondumine-terviklikuks-saamine-sisemise-perekonna-enda-eri-osade-tervendus-ja-kokkutoomine\/\">\u201cJoondumine \u2013 terviklikuks saamine. Sisemise perekonna, enda eri osade tervendus ja kokkutoomine\u201d&nbsp;<\/a><\/li>\n\n\n\n<li><strong><span style=\"color: #ff0000;\"><a style=\"color: #ff0000;\" href=\"https:\/\/vaimnemaailm.ee\/www\/lisa-meditatsiooni-e-kursus-algajatele-vae-kasvatamine\/\">Lisa<span style=\"color: #000000;\"> <\/span><\/a><\/span><\/strong><span style=\"color: #ff0000;\"><a href=\"https:\/\/vaimnemaailm.ee\/www\/lisa-meditatsiooni-e-kursus-algajatele-vae-kasvatamine\/\"><span style=\"color: #000000;\">Meditatsiooni&nbsp; E-kursus algajatele &#8220;V\u00e4e kasvatamine&#8221;<\/span><\/a>&nbsp;<\/span><\/li>\n\n\n\n<li><strong><span style=\"color: #000000;\"><a style=\"color: #000000;\" href=\"https:\/\/vaimnemaailm.ee\/www\/e-kursus-oma-vaesse-astumine-elu-uuel-tasandil\/\">E- kursus &#8220;Oma v\u00e4esse astumine &#8211; elu uuel tasandil&#8221;<\/a><\/span> <\/strong>&#8211;<mark style=\"background-color:rgba(0, 0, 0, 0)\" class=\"has-inline-color has-luminous-vivid-orange-color\"> v\u00e4ga p\u00f5hjalik!<\/mark><\/li>\n\n\n\n<li><strong><a href=\"https:\/\/vaimnemaailm.ee\/www\/vaimsete-teadmiste-kool-e-ope-2\/\" data-type=\"page\" data-id=\"3615\"><mark style=\"background-color:rgba(0, 0, 0, 0)\" class=\"has-inline-color has-vivid-purple-color\">Vaimsete Teadmiste Kool I aste<\/mark><\/a><\/strong><\/li>\n<\/ul>\n\n\n\n<h4 class=\"wp-block-heading\"><span style=\"color: #ff6600;\">Kursused enese tervendamiseks:<\/span><\/h4>\n\n\n\n<ul class=\"wp-block-list\">\n<li><strong><a href=\"https:\/\/vaimnemaailm.ee\/www\/e-kursus-tsakrate-korrastamine-ja-umberhaalestus-korgemasse-sagedusse\/\"><mark style=\"background-color:rgba(0, 0, 0, 0)\" class=\"has-inline-color has-vivid-purple-color\">E-kursus &#8220;T\u015bakrate korrastamine ja \u00fcmberh\u00e4\u00e4lestus k\u00f5rgemasse sagedusse&#8221;<\/mark><\/a><\/strong> <mark style=\"background-color:rgba(0, 0, 0, 0)\" class=\"has-inline-color has-vivid-red-color\"><strong>UUS!<\/strong><\/mark><\/li>\n\n\n\n<li><strong><a href=\"https:\/\/vaimnemaailm.ee\/www\/meditatsiooni-e-kursus-algajale-tasakaal\/\"><mark style=\"background-color:rgba(0, 0, 0, 0)\" class=\"has-inline-color has-vivid-purple-color\">Meditatsiooni E-kursus algajale &#8220;Tasakaal&#8221;<\/mark><\/a><\/strong> <\/li>\n\n\n\n<li><span style=\"color: #000000;\"><a style=\"color: #000000;\" href=\"https:\/\/vaimnemaailm.ee\/www\/e-kursus-oma-vaesse-astumine-elu-uuel-tasandil\/\"><strong>E- kursus &#8220;Oma v\u00e4esse astumine &#8211; elu uuel tasandil&#8221;<\/strong><\/a><\/span> &#8211; <mark style=\"background-color:rgba(0, 0, 0, 0)\" class=\"has-inline-color has-luminous-vivid-orange-color\">p\u00f5hjalik meditatsioonikursus, sobib ka algajale!<\/mark> <\/li>\n\n\n\n<li><span style=\"color: #ff0000;\"><span style=\"color: #000000;\"><a style=\"color: #000000;\" href=\"https:\/\/vaimnemaailm.ee\/www\/terviklik-tervenemine-videokursus\/\">Terviklik tervenemine videokursus<\/a> <\/span>&nbsp;<\/span><\/li>\n\n\n\n<li><span style=\"color: #000000;\"><a style=\"color: #000000;\" href=\"https:\/\/vaimnemaailm.ee\/www\/energeetiline-puhastus-ja-kaitse-videokursus\/\">Energeetiline puhastus ja kaitse videokursus<\/a>&nbsp;<\/span><\/li>\n\n\n\n<li><span style=\"color: #a34365;\"><mark style=\"background-color:rgba(0, 0, 0, 0)\" class=\"has-inline-color has-black-color\">E-kursus&nbsp;<\/mark><a style=\"color: #a34365;\" href=\"http:\/\/vaimnemaailm.ee\/www\/meditatsioonikursus-tasandivahetus-uude-maailma-vanadest-lugudest-puhastumine-teadlik-loomine\/\"><mark style=\"background-color:rgba(0, 0, 0, 0)\" class=\"has-inline-color has-black-color\">Tasandivahetus &#8211; vanadest &#8220;lugudest\u201d puhastumine<\/mark><\/a><\/span><span style=\"color: #ff0000;\"><span style=\"color: #ad4599;\"><mark style=\"background-color:rgba(0, 0, 0, 0)\" class=\"has-inline-color has-black-color\">&nbsp; <\/mark><\/span>&nbsp;<\/span><\/li>\n\n\n\n<li><a href=\"https:\/\/vaimnemaailm.ee\/www\/e-kursus-akasi-kroonikate-lugemine-ja-umberkirjutamine\/\"><strong>E-kursus \u201cAka\u015bi kroonikate&nbsp; lugemine ja \u00fcmberkirjutamine\u201d<\/strong><\/a><\/li>\n\n\n\n<li><a href=\"https:\/\/vaimnemaailm.ee\/www\/e-kursus-kanaldamine-endale-vajaliku-info-ja-juhatuse-saamine-otse-korgemast-allikast\/\"><strong>E-kursus \u201cKanaldamine \u2013 endale vajaliku info ja juhatuse saamine otse k\u00f5rgemast allikast\u201d<\/strong>&nbsp;<\/a><\/li>\n\n\n\n<li><span style=\"color: #000000;\">E-kursus <a style=\"color: #000000;\" href=\"https:\/\/vaimnemaailm.ee\/www\/e-kursus-kullusteadvuse-aktiveerimine\/\">&#8220;K\u00fcllusteadvuse aktiveerimine<\/a>&#8220;<\/span><\/li>\n\n\n\n<li><a href=\"https:\/\/vaimnemaailm.ee\/www\/e-kursus-sudame-energiate-korrastamine-tasakaalus-mina-pilt\/\"><span style=\"color: #ff0000;\"><mark style=\"background-color:rgba(0, 0, 0, 0)\" class=\"has-inline-color has-black-color\"><span style=\"color: #a34365;\">E-kursus &#8220;S\u00fcdame energiate korrastamine &#8211; tasakaalus &#8220;Mina&#8221; pilt<\/span> &nbsp;<\/mark><\/span><\/a><\/li>\n<\/ul>\n\n\n\n<h4 class=\"wp-block-heading\"><mark style=\"background-color:rgba(0, 0, 0, 0)\" class=\"has-inline-color has-luminous-vivid-orange-color\">Kursused isiklikuks \u00fclest\u00f5usuks  &#8211; \u00fcleminekuks uude energiasse: <\/mark><\/h4>\n\n\n\n<ul class=\"wp-block-list\">\n<li><a href=\"https:\/\/vaimnemaailm.ee\/www\/e-kursus-avardumine-vanast-maailmast-illusioonidest-toekspidamistest-ankrutest-lahtilaskmine-teadvustasandi-tostmine-3d-ga-suhtlemine-oma-sagedust-madaldamata\/\">E-kursus &#8220;Avardumine &#8211; vanast maailmast (illusioonidest t\u00f5ekspidamistest, ankrutest) lahtilaskmine, teadvustasandi t\u00f5stmine, 3D-ga suhtlemine oma sagedust madaldamata&#8221;<\/a><\/li>\n\n\n\n<li><strong><span style=\"color: #a34365;\"><a style=\"color: #a34365;\" href=\"https:\/\/vaimnemaailm.ee\/www\/e-kursus-valgustumisteekond-ulestous-5d-uude-maailma\/\">E-kursus &#8220;Valgustumisteekond &#8211; \u00fclest\u00f5us 5D uude maailma&#8221;<\/a><\/span><\/strong><\/li>\n\n\n\n<li><span style=\"color: #000000;\"><a style=\"color: #000000;\" href=\"https:\/\/vaimnemaailm.ee\/www\/e-kursus-tegutsemine-uues-energias-umberlulitus-inimmina-uliaktiivsusest-egost-kantusesse-universumiga-koosloomisesse\/\"><mark style=\"background-color:rgba(0, 0, 0, 0)\" class=\"has-inline-color has-black-color\">E-kursus &#8220;Tegutsemine uues energias &#8211; \u00fcmberl\u00fclitus inimmina \u00fcliaktiivsusest (egost) kantusesse &#8211; Universumiga koosloomisesse&#8221;<\/mark><\/a><\/span><\/li>\n\n\n\n<li><a href=\"https:\/\/vaimnemaailm.ee\/www\/e-kursus-korgemate-energiate-kaasamine-igapaevaellu-ja-loomisprotsessi-koostoo-vaimse-maailmaga\/\"><span style=\"color: #ff6600;\"><mark style=\"background-color:rgba(0, 0, 0, 0)\" class=\"has-inline-color has-black-color\">E-kursus &#8220;K\u00f5rgemate energiate kaasamine igap\u00e4evaellu ja loomisprotsessi. Koost\u00f6\u00f6 Vaimse Maailmaga&#8221;<\/mark><\/span><\/a><\/li>\n\n\n\n<li><a href=\"https:\/\/vaimnemaailm.ee\/www\/e-kursus-kuldajastu-loomine\/\"><span style=\"color: #ff6600;\"><mark style=\"background-color:rgba(0, 0, 0, 0)\" class=\"has-inline-color has-black-color\">E- kursus &#8220;\u00dcleminek k\u00f5rgemasse energiasse &#8211; maisuse ja vaimsuse \u00fchendamine, Kuldajastu aktivatsioon&#8221;<\/mark><\/span><\/a><\/li>\n\n\n\n<li><strong><a href=\"https:\/\/vaimnemaailm.ee\/www\/endas-loojateadvuse-aratamine-horisontaalselt-eluteljelt-vertikaalsele-liikumine-kosmilisse-valgusvorgustikku-uhendumine\/\"><\/a><\/strong><a href=\"https:\/\/vaimnemaailm.ee\/www\/endas-loojateadvuse-aratamine-horisontaalselt-eluteljelt-vertikaalsele-liikumine-kosmilisse-valgusvorgustikku-uhendumine\/\"><mark style=\"background-color:rgba(0, 0, 0, 0)\" class=\"has-inline-color has-black-color\">E- kursus &#8220;Endas Loojateadvuse \u00e4ratamine &#8211; horisontaalselt eluteljelt vertikaalsele liikumine, Kosmilisse valgusv\u00f5rgustikku \u00fchendumine&#8221;<\/mark><\/a><\/li>\n\n\n\n<li><strong><a href=\"https:\/\/vaimnemaailm.ee\/www\/e-kursus-vanast-susteemienergiast-ja-egregoridest-lahtiutlemine-illusioonidest-vabanemine\/\"><mark style=\"background-color:rgba(0, 0, 0, 0)\" class=\"has-inline-color has-luminous-vivid-orange-color\">E- kursus Vanast s\u00fcsteemienergiast ja egregoridest lahti\u00fctlemine. Illusioonidest vabanemine<\/mark><\/a><\/strong><mark style=\"background-color:rgba(0, 0, 0, 0)\" class=\"has-inline-color has-vivid-red-color\">&nbsp;<\/mark><strong><mark><mark style=\"background-color:rgba(0, 0, 0, 0)\" class=\"has-inline-color has-vivid-red-color\">UUS!<\/mark><\/mark><\/strong><\/li>\n\n\n\n<li><a href=\"https:\/\/vaimnemaailm.ee\/www\/e-kursus-universum-toimib-labi-minu-praegused-energiad-ja-ulesanded-nais-ja-meesenergia-uleviimine-uuele-tasandile-meesenergia-transformatsioon\/\" data-type=\"page\" data-id=\"4027\"><mark style=\"background-color:rgba(0, 0, 0, 0)\" class=\"has-inline-color has-vivid-purple-color\"><strong>Universum toimib l\u00e4bi minu. Praegused energiad ja \u00fclesanded: nais- ja meesenergia \u00fcleviiminine uuele tasandile. Meesenergia transformatsioon<\/strong><\/mark><\/a> <mark style=\"background-color:rgba(0, 0, 0, 0)\" class=\"has-inline-color has-vivid-red-color\"><strong>UUS!<\/strong><\/mark><\/li>\n<\/ul>\n\n\n\n<h4 class=\"wp-block-heading\"><mark style=\"background-color:rgba(0, 0, 0, 0)\" class=\"has-inline-color has-luminous-vivid-orange-color\">Kaksikleegid ja hingesugulased<\/mark><\/h4>\n\n\n\n<ul class=\"wp-block-list\">\n<li><span style=\"color: #993366;\"><a style=\"color: #993366;\" href=\"https:\/\/vaimnemaailm.ee\/www\/e-kursus-hingeteega-joondumine-ulesanded-kokkulepped-hingesugulased-kaksikleegid-koostoo-missioon\/\"><mark style=\"background-color:rgba(0, 0, 0, 0)\" class=\"has-inline-color has-black-color\">E- kursus &#8220;Hingeteega joondumine &#8211; \u00fclesanded, kokkulepped, hingesugulased, kaksikleegid, \u00fclesandekaaslased, koost\u00f6\u00f6, missioon&#8221;&nbsp;<\/mark><\/a><\/span><\/li>\n\n\n\n<li><a href=\"https:\/\/vaimnemaailm.ee\/www\/e-kursus-kaksikleegiga-uhinemine\/\"><span style=\"color: #ff6600;\"><mark style=\"background-color:rgba(0, 0, 0, 0)\" class=\"has-inline-color has-black-color\">E-kursus &#8220;Kaksikleegiga \u00fchinemine&#8221;<\/mark><\/span><\/a><\/li>\n\n\n\n<li><span style=\"color: #000000;\"><a style=\"color: #000000;\" href=\"https:\/\/vaimnemaailm.ee\/www\/e-kursus-ulestous-kaksikleegiteekonnal\/\">E- kursus &#8220;\u00dclest\u00f5us kaksikleegiteekonnal&#8221;<\/a>&nbsp;<\/span><\/li>\n<\/ul>\n\n\n\n<h4 class=\"wp-block-heading\"><span style=\"color: #ff6600;\">Vanemad kursused:<\/span><\/h4>\n\n\n\n<ul class=\"wp-block-list\">\n<li><a href=\"http:\/\/vaimnemaailm.ee\/www\/eluulesanne-ja-eneseteostus\/\">E-kursus \u201cElu\u00fclesanne ja eneseteostus\u201d<\/a><\/li>\n\n\n\n<li><a href=\"http:\/\/vaimnemaailm.ee\/www\/enesetervendamise-meetodid-2\/\">E-kursus \u201cEnesetervendamise meetodid\u201d<\/a><\/li>\n\n\n\n<li><a href=\"http:\/\/vaimnemaailm.ee\/www\/e-kursus-puha-suhe-ja-maagiline-seksuaalsus\/\">E- kursus \u201cP\u00fcha Suhe ja maagiline seksuaalsus\u201d<\/a><\/li>\n<\/ul>\n","protected":false},"excerpt":{"rendered":"<p>Vaimsete Teadmiste Kool E-\u00f5pe Videokursused: UUS:&nbsp; Kursused algajale mediteerijale: Kursused enese tervendamiseks: Kursused isiklikuks \u00fclest\u00f5usuks &#8211; \u00fcleminekuks uude energiasse: Kaksikleegid ja hingesugulased Vanemad kursused:<\/p>\n","protected":false},"author":2,"featured_media":0,"parent":0,"menu_order":0,"comment_status":"closed","ping_status":"closed","template":"","meta":{"footnotes":""},"class_list":["post-907","page","type-page","status-publish","hentry"],"_links":{"self":[{"href":"https:\/\/vaimnemaailm.ee\/www\/wp-json\/wp\/v2\/pages\/907","targetHints":{"allow":["GET"]}}],"collection":[{"href":"https:\/\/vaimnemaailm.ee\/www\/wp-json\/wp\/v2\/pages"}],"about":[{"href":"https:\/\/vaimnemaailm.ee\/www\/wp-json\/wp\/v2\/types\/page"}],"author":[{"embeddable":true,"href":"https:\/\/vaimnemaailm.ee\/www\/wp-json\/wp\/v2\/users\/2"}],"replies":[{"embeddable":true,"href":"https:\/\/vaimnemaailm.ee\/www\/wp-json\/wp\/v2\/comments?post=907"}],"version-history":[{"count":5,"href":"https:\/\/vaimnemaailm.ee\/www\/wp-json\/wp\/v2\/pages\/907\/revisions"}],"predecessor-version":[{"id":4066,"href":"https:\/\/vaimnemaailm.ee\/www\/wp-json\/wp\/v2\/pages\/907\/revisions\/4066"}],"wp:attachment":[{"href":"https:\/\/vaimnemaailm.ee\/www\/wp-json\/wp\/v2\/media?parent=907"}],"curies":[{"name":"wp","href":"https:\/\/api.w.org\/{rel}","templated":true}]}}