{"id":862,"date":"2018-03-27T11:16:13","date_gmt":"2018-03-27T08:16:13","guid":{"rendered":"http:\/\/vaimnemaailm.ee\/www\/?page_id=862"},"modified":"2018-03-27T11:16:13","modified_gmt":"2018-03-27T08:16:13","slug":"meditatsioonikogumik-iii-mp3-failidena","status":"publish","type":"page","link":"https:\/\/vaimnemaailm.ee\/www\/meditatsioonikogumik-iii-mp3-failidena\/","title":{"rendered":"Meditatsioonikogumik III (MP3 failidena)"},"content":{"rendered":"<h3><img loading=\"lazy\" decoding=\"async\" class=\"alignleft size-full wp-image-305\" src=\"https:\/\/loomisruum.ee\/wp-content\/uploads\/2015\/02\/999.02.jpg\" sizes=\"auto, (max-width: 371px) 100vw, 371px\" srcset=\"https:\/\/loomisruum.ee\/wp-content\/uploads\/2015\/02\/999.02.jpg 371w, https:\/\/loomisruum.ee\/wp-content\/uploads\/2015\/02\/999.02-300x221.jpg 300w\" alt=\"\" width=\"371\" height=\"273\" \/><\/h3>\n<p><strong>1. Meditatsioon peainglite kutsumiseks<\/strong><\/p>\n<p><strong>2. Meditatsioon vanadest vannetest, kokkulepetest, t\u00f5otustest ja needustest vabastamiseks<\/strong><\/p>\n<p><strong>Hind:<\/strong> <strong>12 EUR<\/strong><\/p>\n<p><em><strong>Tellimiseks:<\/strong> palun tee makse 12 EUR Vaimne Maailm O\u00dc pangakontole EE662200221049242077 ja kui see tehtud, saada meil liina@vaimnemaailm.ee oma tellimusega, juhised failide allalaadimiseks saad meilile!<\/em><\/p>\n<h5><strong>1. Meditatsioon peainglite kutsumiseks<\/strong><\/h5>\n<p>Praegusel ajal saadab Looja Maale oma saadikuid \u2013 ingleid \u2013 rohkem kui kunagi varem. Inglid\u00a0suunavad meid pidevalt meie hingeplaani teostumise suunas, nad aitavad meil vastu astuda rasketele v\u00e4ljakutsetele ja l\u00e4bistada problemaatilisi situatsioone, kuid vastavalt universumis toimivatele vaimsetele seadustele (vaba tahte seadus) saavad inglid meid aidata alles siis, kui neid palume, enne nad sekkuda ei tohi.<\/p>\n<p>Universumites on miljoneid peaingleid, vaid v\u00e4hesed neist on seotud Maaga. Meie planeediga on tihedamalt seotud 7 peainglit, kes t\u00f6\u00f6tavad koos 7 \u00fclest\u00f5usnud meistriga. Hea oleks aegajalt k\u00f5iki neid kiiri ja \u00fclest\u00f5usnud meistreid nimepidi kutsuda ja endas aktiveerida.<\/p>\n<ul>\n<li><strong><em>Suhtlemine 7 peaingliga: Miikaeli, Gabrieli, Urieli, Rafaeli, Chamueli, Jofieli ja Zadkieliga. Ingelliku kaitse loomine enda \u00fcmber.<\/em><\/strong><\/li>\n<\/ul>\n<h5><strong>2. Meditatsioon vanadest vannetest, kokkulepetest, t\u00f5otustest ja needustest vabastamiseks<\/strong><\/h5>\n<p>Eelmistes eludes oled andnud\u00a0\u00a0vandeid ja t\u00f5otusi, mis on ikka veel sinu energiakehades ja m\u00f5jutavad su elu. K\u00e4esolevas elus ei pruugi need vanded sind enam teenida, pigem on nad koormaks ja blokeerivad su teekonda.<\/p>\n<p>V\u00f5ib-olla oled andnud vaesusvandeid, kuulekuse, karskuse, kasinuse, vaikimisvandeid, maistest h\u00fcvedest loobumise vandeid, alistumise, patukahetsuse vandeid. Vannete andmine on sageli seotud rituaalidega, tseremooniatega, enamasti on see toimunud tunnistajate juuresolekul. Iga vannet, mille oled\u00a0kunagi andnud, valvab ingel, tseremoonial, rituaalil on tohutu j\u00f5ud. Ka abielu s\u00f5lmimine on tseremoonia.\u00a0Sageli ei vabasta lahutus sind selle algse lepingu energiast. Seep\u00e4rast on v\u00e4ga t\u00e4htis t\u00fchistada k\u00f5ik vanded, t\u00f5otused, needused, lubadused, mis sind enam ei teeni.<\/p>\n<ul>\n<li><strong><em>Valguskehar\u00e4nnak minevikku, vabastamist vajava vande v\u00f5i t\u00f5otuse tseremooniapaika. Vabastamistseremoonia l\u00e4biviimine, s\u00fcmbolite tagastamine.<\/em><\/strong><\/li>\n<\/ul>\n<p>Juhitud meditatsioonid luges sisse <strong>Liina Kaumann.<\/strong><\/p>\n","protected":false},"excerpt":{"rendered":"<p>1. Meditatsioon peainglite kutsumiseks 2. Meditatsioon vanadest vannetest, kokkulepetest, t\u00f5otustest ja needustest vabastamiseks Hind: 12 EUR Tellimiseks: palun tee makse 12 EUR Vaimne Maailm O\u00dc pangakontole EE662200221049242077 ja kui see tehtud, saada meil liina@vaimnemaailm.ee oma tellimusega, juhised failide allalaadimiseks saad meilile! 1. Meditatsioon peainglite kutsumiseks Praegusel ajal saadab Looja Maale oma saadikuid \u2013 ingleid \u2013 &hellip; <\/p>\n<p class=\"link-more\"><a href=\"https:\/\/vaimnemaailm.ee\/www\/meditatsioonikogumik-iii-mp3-failidena\/\" class=\"more-link\">Loe edasi<span class=\"screen-reader-text\"> &#8220;Meditatsioonikogumik III (MP3 failidena)&#8221;<\/span><\/a><\/p>\n","protected":false},"author":2,"featured_media":0,"parent":0,"menu_order":0,"comment_status":"closed","ping_status":"closed","template":"","meta":{"footnotes":""},"class_list":["post-862","page","type-page","status-publish","hentry"],"_links":{"self":[{"href":"https:\/\/vaimnemaailm.ee\/www\/wp-json\/wp\/v2\/pages\/862","targetHints":{"allow":["GET"]}}],"collection":[{"href":"https:\/\/vaimnemaailm.ee\/www\/wp-json\/wp\/v2\/pages"}],"about":[{"href":"https:\/\/vaimnemaailm.ee\/www\/wp-json\/wp\/v2\/types\/page"}],"author":[{"embeddable":true,"href":"https:\/\/vaimnemaailm.ee\/www\/wp-json\/wp\/v2\/users\/2"}],"replies":[{"embeddable":true,"href":"https:\/\/vaimnemaailm.ee\/www\/wp-json\/wp\/v2\/comments?post=862"}],"version-history":[{"count":1,"href":"https:\/\/vaimnemaailm.ee\/www\/wp-json\/wp\/v2\/pages\/862\/revisions"}],"predecessor-version":[{"id":863,"href":"https:\/\/vaimnemaailm.ee\/www\/wp-json\/wp\/v2\/pages\/862\/revisions\/863"}],"wp:attachment":[{"href":"https:\/\/vaimnemaailm.ee\/www\/wp-json\/wp\/v2\/media?parent=862"}],"curies":[{"name":"wp","href":"https:\/\/api.w.org\/{rel}","templated":true}]}}