{"id":860,"date":"2018-03-27T11:12:25","date_gmt":"2018-03-27T08:12:25","guid":{"rendered":"http:\/\/vaimnemaailm.ee\/www\/?page_id=860"},"modified":"2018-03-27T11:12:25","modified_gmt":"2018-03-27T08:12:25","slug":"meditatsioonikogumik-ii-mp3-failidena","status":"publish","type":"page","link":"https:\/\/vaimnemaailm.ee\/www\/meditatsioonikogumik-ii-mp3-failidena\/","title":{"rendered":"Meditatsioonikogumik II (MP3 failidena)"},"content":{"rendered":"<h3><img loading=\"lazy\" decoding=\"async\" class=\"alignleft size-full wp-image-300\" src=\"https:\/\/loomisruum.ee\/wp-content\/uploads\/2015\/02\/111.02.jpg\" sizes=\"auto, (max-width: 371px) 100vw, 371px\" srcset=\"https:\/\/loomisruum.ee\/wp-content\/uploads\/2015\/02\/111.02.jpg 371w, https:\/\/loomisruum.ee\/wp-content\/uploads\/2015\/02\/111.02-300x221.jpg 300w\" alt=\"\" width=\"371\" height=\"273\" \/><\/h3>\n<p><strong>1. Meditatsioon vanadest piirangutest v\u00e4ljumiseks<\/strong><\/p>\n<p><strong>2. Meditatsioon oma vaimse kasvu kiirendamiseks ja soovitud reaalsuse loomiseks<\/strong><\/p>\n<p><strong>Hind:<\/strong> <strong>12 EUR<\/strong><\/p>\n<p><em><strong>Tellimiseks:<\/strong> palun tee makse 12 EUR Vaimne Maailm O\u00dc pangakontole EE662200221049242077 ja kui see tehtud, saada meil liina@vaimnemaailm.ee oma tellimusega, juhised failide allalaadimiseks saad meilile!<\/em><\/p>\n<p><strong>1. Meditatsioon vanadest piirangutest v\u00e4ljumiseks<\/strong><\/p>\n<p>Et luua oma ellu seda, mida soovid, on vaja esmalt \u00fcle vaadata oma uskumused, ootused, piirangud ja olla avatud, usaldav. Alles siis kui k\u00f5rvaldad takistused (hirmum\u00fc\u00fcrid) iseenda ja universumi loova armastuse energia vaba voolu vahelt, saavad hakata juhtuma su elus imed.<\/p>\n<ul>\n<li><strong><em>Piiravate kaitsem\u00fc\u00fcride mahalammutamine enda \u00fcmbert, mis takistavad universumi loova armastuse energia vaba voolu. Blokeeringute, klammerdumiste vabastamine. Vabas maailmas viibimine.<\/em><\/strong><\/li>\n<\/ul>\n<p><strong>2. Meditatsioon oma vaimse kasvu kiirendamiseks ja soovitud reaalsuse loomiseks<\/strong><\/p>\n<p>K\u00f5ige t\u00e4htsam p\u00f6\u00f6rdepunkt vaimses kasvus saabub siis, kui m\u00f5istame, et loome oma reaalsust ise ja v\u00f5tame vastutuse k\u00f5ige eest, mis meiega juhtub. Loome reaalsust oma m\u00f5tete, emotsioonide, uskumuste ja kavatsuste kaudu \u2013 see m\u00e4\u00e4rab meie v\u00f5nkesageduse ja vastavalt inimesed, objektid, asjaolud, s\u00fcndmused, mida oma ellu t\u00f5mbame.<\/p>\n<p>Kui \u00f5pime iseenda reaalsust paremaks muutma, hakkame tasapisi ka maailma paremaks muutma. T\u00f5de on see, et meil on v\u00f5imalik valida paljude reaalsuste seast. Millele keskendume, seda loome, kui loome positiivse n\u00e4gemuse oma elust, saame selle kujundada just niisuguseks nagu ise soovime. V\u00e4ga hea v\u00f5imalus uue tegelikkuse loomiseks (kujutlemiseks) on meditatsioon.<\/p>\n<ul>\n<li><strong><em>Iseenda ettevalmistamine ja\u00a0 h\u00e4\u00e4lestamine soovitu loomiseks. Meelep\u00e4rase reaalsuse magnetiseerimine. Lahtilaskmine.<\/em><\/strong><\/li>\n<\/ul>\n<p>Juhitud meditatsioonid luges sisse <strong>Liina Kaumann.<\/strong><\/p>\n","protected":false},"excerpt":{"rendered":"<p>1. Meditatsioon vanadest piirangutest v\u00e4ljumiseks 2. Meditatsioon oma vaimse kasvu kiirendamiseks ja soovitud reaalsuse loomiseks Hind: 12 EUR Tellimiseks: palun tee makse 12 EUR Vaimne Maailm O\u00dc pangakontole EE662200221049242077 ja kui see tehtud, saada meil liina@vaimnemaailm.ee oma tellimusega, juhised failide allalaadimiseks saad meilile! 1. Meditatsioon vanadest piirangutest v\u00e4ljumiseks Et luua oma ellu seda, mida soovid, &hellip; <\/p>\n<p class=\"link-more\"><a href=\"https:\/\/vaimnemaailm.ee\/www\/meditatsioonikogumik-ii-mp3-failidena\/\" class=\"more-link\">Loe edasi<span class=\"screen-reader-text\"> &#8220;Meditatsioonikogumik II (MP3 failidena)&#8221;<\/span><\/a><\/p>\n","protected":false},"author":2,"featured_media":0,"parent":0,"menu_order":0,"comment_status":"closed","ping_status":"closed","template":"","meta":{"footnotes":""},"class_list":["post-860","page","type-page","status-publish","hentry"],"_links":{"self":[{"href":"https:\/\/vaimnemaailm.ee\/www\/wp-json\/wp\/v2\/pages\/860","targetHints":{"allow":["GET"]}}],"collection":[{"href":"https:\/\/vaimnemaailm.ee\/www\/wp-json\/wp\/v2\/pages"}],"about":[{"href":"https:\/\/vaimnemaailm.ee\/www\/wp-json\/wp\/v2\/types\/page"}],"author":[{"embeddable":true,"href":"https:\/\/vaimnemaailm.ee\/www\/wp-json\/wp\/v2\/users\/2"}],"replies":[{"embeddable":true,"href":"https:\/\/vaimnemaailm.ee\/www\/wp-json\/wp\/v2\/comments?post=860"}],"version-history":[{"count":1,"href":"https:\/\/vaimnemaailm.ee\/www\/wp-json\/wp\/v2\/pages\/860\/revisions"}],"predecessor-version":[{"id":861,"href":"https:\/\/vaimnemaailm.ee\/www\/wp-json\/wp\/v2\/pages\/860\/revisions\/861"}],"wp:attachment":[{"href":"https:\/\/vaimnemaailm.ee\/www\/wp-json\/wp\/v2\/media?parent=860"}],"curies":[{"name":"wp","href":"https:\/\/api.w.org\/{rel}","templated":true}]}}