{"id":856,"date":"2018-03-27T10:51:32","date_gmt":"2018-03-27T07:51:32","guid":{"rendered":"http:\/\/vaimnemaailm.ee\/www\/?page_id=856"},"modified":"2018-03-27T11:53:24","modified_gmt":"2018-03-27T08:53:24","slug":"meditatsioonikogumikud-mp3","status":"publish","type":"page","link":"https:\/\/vaimnemaailm.ee\/www\/meditatsioonikogumikud-mp3\/","title":{"rendered":"Meditatsioonikogumikud MP3"},"content":{"rendered":"<div id=\"main\" class=\"site-main\">\n<div id=\"primary\" class=\"content-area\">\n<div id=\"content\" class=\"site-content\" role=\"main\">\n<article id=\"post-284\" class=\"post-284 page type-page status-publish hentry\">\n<header class=\"entry-header\"><\/header>\n<div class=\"entry-content\">\n<h3><img loading=\"lazy\" decoding=\"async\" class=\"alignleft size-full wp-image-291\" src=\"https:\/\/loomisruum.ee\/wp-content\/uploads\/2015\/02\/88.02.jpg\" sizes=\"auto, (max-width: 371px) 100vw, 371px\" srcset=\"https:\/\/loomisruum.ee\/wp-content\/uploads\/2015\/02\/88.02.jpg 371w, https:\/\/loomisruum.ee\/wp-content\/uploads\/2015\/02\/88.02-300x221.jpg 300w\" alt=\"\" width=\"371\" height=\"273\" \/>Meditatsioonikogumik I\u00a0(MP3 failidena)<\/h3>\n<p><strong>1. Meditatsioon enesev\u00e4\u00e4rtustamiseks ja h\u00fcvede lubamiseks oma ellu<\/strong><\/p>\n<p><strong>2. Meditatsioon t\u00fchjusesse lahustumine ja uuestis\u00fcnd<\/strong><\/p>\n<p><strong>Hind:<\/strong> <strong>12 EUR <\/strong><\/p>\n<p><span style=\"color: #993366;\"><strong>Tellimiseks:<\/strong> palun tee makse 12 EUR Vaimne Maailm O\u00dc pangakontole EE662200221049242077 ja kui see tehtud, saada meil liina@vaimnemaailm.ee oma tellimusega, juhised failide allalaadimiseks saad meilile!<\/span><\/p>\n<\/div>\n<\/article>\n<\/div>\n<\/div>\n<\/div>\n<hr \/>\n<h3><img loading=\"lazy\" decoding=\"async\" class=\"alignleft size-full wp-image-300\" src=\"https:\/\/loomisruum.ee\/wp-content\/uploads\/2015\/02\/111.02.jpg\" sizes=\"auto, (max-width: 371px) 100vw, 371px\" srcset=\"https:\/\/loomisruum.ee\/wp-content\/uploads\/2015\/02\/111.02.jpg 371w, https:\/\/loomisruum.ee\/wp-content\/uploads\/2015\/02\/111.02-300x221.jpg 300w\" alt=\"\" width=\"371\" height=\"273\" \/>Meditatsioonikogumik II\u00a0(MP3 failidena)<\/h3>\n<p><strong>1. Meditatsioon vanadest piirangutest v\u00e4ljumiseks<\/strong><\/p>\n<p><strong>2. Meditatsioon oma vaimse kasvu kiirendamiseks ja soovitud reaalsuse loomiseks<\/strong><\/p>\n<p><strong>Hind:<\/strong> <strong>12 EUR<\/strong><\/p>\n<p><span style=\"color: #993366;\"><strong>Tellimiseks:<\/strong> palun tee makse 12 EUR Vaimne Maailm O\u00dc pangakontole EE662200221049242077 ja kui see tehtud, saada meil liina@vaimnemaailm.ee oma tellimusega, juhised failide allalaadimiseks saad meilile!<\/span><\/p>\n<p>&nbsp;<\/p>\n<hr \/>\n<h3><img loading=\"lazy\" decoding=\"async\" class=\"alignleft size-full wp-image-305\" src=\"https:\/\/loomisruum.ee\/wp-content\/uploads\/2015\/02\/999.02.jpg\" sizes=\"auto, (max-width: 371px) 100vw, 371px\" srcset=\"https:\/\/loomisruum.ee\/wp-content\/uploads\/2015\/02\/999.02.jpg 371w, https:\/\/loomisruum.ee\/wp-content\/uploads\/2015\/02\/999.02-300x221.jpg 300w\" alt=\"\" width=\"371\" height=\"273\" \/>Meditatsioonikogumik III\u00a0(MP3 failidena)<\/h3>\n<p><strong>1. Meditatsioon peainglite kutsumiseks<\/strong><\/p>\n<p><strong>2. Meditatsioon vanadest vannetest, kokkulepetest, t\u00f5otustest ja needustest vabastamiseks<\/strong><\/p>\n<p><strong>Hind:<\/strong> <strong>12 EUR<\/strong><\/p>\n<p><span style=\"color: #993366;\"><strong>Tellimiseks:<\/strong> palun tee makse 12 EUR Vaimne Maailm O\u00dc pangakontole EE662200221049242077 ja kui see tehtud, saada meil liina@vaimnemaailm.ee oma tellimusega, juhised failide allalaadimiseks saad meilile!<\/span><\/p>\n<p>Juhitud meditatsioonid luges sisse <strong>Liina Kaumann.<\/strong><\/p>\n<hr \/>\n<h3>Meditatsioonikogumik I-III\u00a0(MP3 failidena)<\/h3>\n<p>K\u00f5ik meditatsioonid korraga ostes\u00a0<strong>soodushinnaga!<\/strong><\/p>\n<p><strong>Hind:<\/strong>\u00a0<strong><del>36\u00a0EUR<\/del> <\/strong><strong>\/ 30 EUR<\/strong><\/p>\n<p><span style=\"color: #993366;\"><strong>Tellimiseks:<\/strong> palun tee makse 30 EUR Vaimne Maailm O\u00dc pangakontole EE662200221049242077 ja kui see tehtud, saada meil liina@vaimnemaailm.ee oma tellimusega, juhised failide allalaadimiseks saad meilile!<\/span><\/p>\n","protected":false},"excerpt":{"rendered":"<p>Meditatsioonikogumik I\u00a0(MP3 failidena) 1. Meditatsioon enesev\u00e4\u00e4rtustamiseks ja h\u00fcvede lubamiseks oma ellu 2. Meditatsioon t\u00fchjusesse lahustumine ja uuestis\u00fcnd Hind: 12 EUR Tellimiseks: palun tee makse 12 EUR Vaimne Maailm O\u00dc pangakontole EE662200221049242077 ja kui see tehtud, saada meil liina@vaimnemaailm.ee oma tellimusega, juhised failide allalaadimiseks saad meilile! Meditatsioonikogumik II\u00a0(MP3 failidena) 1. Meditatsioon vanadest piirangutest v\u00e4ljumiseks 2. Meditatsioon &hellip; <\/p>\n<p class=\"link-more\"><a href=\"https:\/\/vaimnemaailm.ee\/www\/meditatsioonikogumikud-mp3\/\" class=\"more-link\">Loe edasi<span class=\"screen-reader-text\"> &#8220;Meditatsioonikogumikud MP3&#8221;<\/span><\/a><\/p>\n","protected":false},"author":2,"featured_media":0,"parent":0,"menu_order":0,"comment_status":"closed","ping_status":"closed","template":"","meta":{"footnotes":""},"class_list":["post-856","page","type-page","status-publish","hentry"],"_links":{"self":[{"href":"https:\/\/vaimnemaailm.ee\/www\/wp-json\/wp\/v2\/pages\/856","targetHints":{"allow":["GET"]}}],"collection":[{"href":"https:\/\/vaimnemaailm.ee\/www\/wp-json\/wp\/v2\/pages"}],"about":[{"href":"https:\/\/vaimnemaailm.ee\/www\/wp-json\/wp\/v2\/types\/page"}],"author":[{"embeddable":true,"href":"https:\/\/vaimnemaailm.ee\/www\/wp-json\/wp\/v2\/users\/2"}],"replies":[{"embeddable":true,"href":"https:\/\/vaimnemaailm.ee\/www\/wp-json\/wp\/v2\/comments?post=856"}],"version-history":[{"count":4,"href":"https:\/\/vaimnemaailm.ee\/www\/wp-json\/wp\/v2\/pages\/856\/revisions"}],"predecessor-version":[{"id":859,"href":"https:\/\/vaimnemaailm.ee\/www\/wp-json\/wp\/v2\/pages\/856\/revisions\/859"}],"wp:attachment":[{"href":"https:\/\/vaimnemaailm.ee\/www\/wp-json\/wp\/v2\/media?parent=856"}],"curies":[{"name":"wp","href":"https:\/\/api.w.org\/{rel}","templated":true}]}}