{"id":738,"date":"2017-11-27T15:56:21","date_gmt":"2017-11-27T13:56:21","guid":{"rendered":"http:\/\/vaimnemaailm.ee\/www\/?page_id=738"},"modified":"2023-08-04T11:52:14","modified_gmt":"2023-08-04T08:52:14","slug":"isikliku-maagilise-ruunitalismani-valmistamine","status":"publish","type":"page","link":"https:\/\/vaimnemaailm.ee\/www\/isikliku-maagilise-ruunitalismani-valmistamine\/","title":{"rendered":"Isikliku maagilise ruunitalismani valmistamine"},"content":{"rendered":"<p class=\"western\"><span style=\"font-size: medium;\"><img loading=\"lazy\" decoding=\"async\" class=\"alignnone size-large wp-image-739\" src=\"http:\/\/vaimnemaailm.ee\/www\/wp-content\/uploads\/2017\/11\/ruunitalismanid-1024x740.jpg\" alt=\"\" width=\"700\" height=\"506\" srcset=\"https:\/\/vaimnemaailm.ee\/www\/wp-content\/uploads\/2017\/11\/ruunitalismanid-1024x740.jpg 1024w, https:\/\/vaimnemaailm.ee\/www\/wp-content\/uploads\/2017\/11\/ruunitalismanid-300x217.jpg 300w, https:\/\/vaimnemaailm.ee\/www\/wp-content\/uploads\/2017\/11\/ruunitalismanid-768x555.jpg 768w, https:\/\/vaimnemaailm.ee\/www\/wp-content\/uploads\/2017\/11\/ruunitalismanid.jpg 1838w\" sizes=\"auto, (max-width: 700px) 100vw, 700px\" \/>Ruunitalisman on hea abiline n\u00e4iteks:<\/span><\/p>\n<ol>\n<li class=\"western\"><span style=\"font-size: medium;\">kaiseks negatiivsete energiate, r\u00fcnnakute, energiavampiiride eest, <\/span><\/li>\n<li class=\"western\"><span style=\"font-size: medium;\">samuti\u00a0 nii vaimseks kui f\u00fc\u00fcsiliseks tervenemiseks m\u00f5nest probleemist\/haigusest,\u00a0<\/span><\/li>\n<li class=\"western\"><span style=\"font-size: medium;\">uuele tasandile liikumiseks, muutuste tegemiseks, paigalseisust v\u00e4ljatulemiseks, energia k\u00e4imal\u00fckkamiseks<\/span><\/li>\n<li>\u00f5ige valiku tegemiseks, otsuste vastuv\u00f5tmiseks<\/li>\n<li class=\"western\"><span style=\"font-size: medium;\">k\u00fclluse loomiseks<\/span><\/li>\n<li class=\"western\"><span style=\"font-size: medium;\">\u00f5nneliku armastuse loomiseks<\/span><\/li>\n<li class=\"western\"><span style=\"font-size: medium;\">laste, kodu ja pere kaitmiseks<\/span><\/li>\n<li>t\u00f6\u00f6alaseks eduks<\/li>\n<li>karma korrigeerimiseks jne.<\/li>\n<\/ol>\n<p><span style=\"font-size: medium;\">Ruunid on \u015bamaanide maagilised t\u00f6\u00f6ristad, nad v\u00e4ljendavad teadmisi k\u00f5igi universumi asjade kohta ja aitavad meil astuda \u00fchendusse kosmilise saatusev\u00f5rguga. Ruunid on osa k\u00f5rgemast vaimsest teekonnast. \u00dchelt poolt nad kirjeldavad maailma aga nende abil on v\u00f5imalik ka keskkonda m\u00f5jutada, tervendada, ennustada ja kutsuda esile soovitud muutusi.<\/span><span style=\"font-size: medium;\">\u00a0Iga ruunim\u00e4rk on niisuguse potentsiaalse energia kandja, mis eelneb mistahes vaimsele v\u00f5i materiaalsele loomisele, need j\u00f5ud teevad v\u00f5imalikuks igasuguse tegevuse.<\/span><span style=\"font-size: medium;\"><br \/>\n<\/span><\/p>\n<p>Isikliku maagilise ruunitalismani tegemiseks h\u00e4\u00e4lestun eelnevalt tellija probleemile ja teen vastava taotluse. Ruunid valin vastavalt talismani tellija\u00a0 eesm\u00e4rgile (kas siis tervendama, kaitsma v\u00f5i midagi looma), tema nimele ja s\u00fcnniajale. Talismani materjal savi, isaks kasutan soovi korral teemakohaseid kristalle, sulekesi ja v\u00e4rve.<\/p>\n<p>Isikliku ruunitalismani hind: 65-80 EUR, v\u00f5ta \u00fchendust meilitsi liina@vaimnemaailm.ee.<\/p>\n<p>N\u00e4idised minu t\u00f6\u00f6dest:<\/p>\n<p><img loading=\"lazy\" decoding=\"async\" class=\"alignnone size-large wp-image-745\" src=\"http:\/\/vaimnemaailm.ee\/www\/wp-content\/uploads\/2017\/11\/talismanid3-1024x728.jpg\" alt=\"\" width=\"700\" height=\"498\" srcset=\"https:\/\/vaimnemaailm.ee\/www\/wp-content\/uploads\/2017\/11\/talismanid3-1024x728.jpg 1024w, https:\/\/vaimnemaailm.ee\/www\/wp-content\/uploads\/2017\/11\/talismanid3-300x213.jpg 300w, https:\/\/vaimnemaailm.ee\/www\/wp-content\/uploads\/2017\/11\/talismanid3-768x546.jpg 768w, https:\/\/vaimnemaailm.ee\/www\/wp-content\/uploads\/2017\/11\/talismanid3.jpg 1806w\" sizes=\"auto, (max-width: 700px) 100vw, 700px\" \/><\/p>\n<p><img loading=\"lazy\" decoding=\"async\" class=\"alignnone size-large wp-image-741\" src=\"http:\/\/vaimnemaailm.ee\/www\/wp-content\/uploads\/2017\/11\/savitalismanid-923x1024.jpg\" alt=\"\" width=\"700\" height=\"777\" srcset=\"https:\/\/vaimnemaailm.ee\/www\/wp-content\/uploads\/2017\/11\/savitalismanid-923x1024.jpg 923w, https:\/\/vaimnemaailm.ee\/www\/wp-content\/uploads\/2017\/11\/savitalismanid-271x300.jpg 271w, https:\/\/vaimnemaailm.ee\/www\/wp-content\/uploads\/2017\/11\/savitalismanid-768x852.jpg 768w, https:\/\/vaimnemaailm.ee\/www\/wp-content\/uploads\/2017\/11\/savitalismanid.jpg 1385w\" sizes=\"auto, (max-width: 700px) 100vw, 700px\" \/><\/p>\n<p><img loading=\"lazy\" decoding=\"async\" class=\"alignnone size-large wp-image-742\" src=\"http:\/\/vaimnemaailm.ee\/www\/wp-content\/uploads\/2017\/11\/lillad-taismanid-1024x747.jpg\" alt=\"\" width=\"700\" height=\"511\" srcset=\"https:\/\/vaimnemaailm.ee\/www\/wp-content\/uploads\/2017\/11\/lillad-taismanid-1024x747.jpg 1024w, https:\/\/vaimnemaailm.ee\/www\/wp-content\/uploads\/2017\/11\/lillad-taismanid-300x219.jpg 300w, https:\/\/vaimnemaailm.ee\/www\/wp-content\/uploads\/2017\/11\/lillad-taismanid-768x560.jpg 768w, https:\/\/vaimnemaailm.ee\/www\/wp-content\/uploads\/2017\/11\/lillad-taismanid.jpg 1726w\" sizes=\"auto, (max-width: 700px) 100vw, 700px\" \/><\/p>\n","protected":false},"excerpt":{"rendered":"<p>Ruunitalisman on hea abiline n\u00e4iteks: kaiseks negatiivsete energiate, r\u00fcnnakute, energiavampiiride eest, samuti\u00a0 nii vaimseks kui f\u00fc\u00fcsiliseks tervenemiseks m\u00f5nest probleemist\/haigusest,\u00a0 uuele tasandile liikumiseks, muutuste tegemiseks, paigalseisust v\u00e4ljatulemiseks, energia k\u00e4imal\u00fckkamiseks \u00f5ige valiku tegemiseks, otsuste vastuv\u00f5tmiseks k\u00fclluse loomiseks \u00f5nneliku armastuse loomiseks laste, kodu ja pere kaitmiseks t\u00f6\u00f6alaseks eduks karma korrigeerimiseks jne. Ruunid on \u015bamaanide maagilised t\u00f6\u00f6ristad, nad v\u00e4ljendavad &hellip; <\/p>\n<p class=\"link-more\"><a href=\"https:\/\/vaimnemaailm.ee\/www\/isikliku-maagilise-ruunitalismani-valmistamine\/\" class=\"more-link\">Loe edasi<span class=\"screen-reader-text\"> &#8220;Isikliku maagilise ruunitalismani valmistamine&#8221;<\/span><\/a><\/p>\n","protected":false},"author":2,"featured_media":0,"parent":0,"menu_order":0,"comment_status":"closed","ping_status":"closed","template":"","meta":{"footnotes":""},"class_list":["post-738","page","type-page","status-publish","hentry"],"_links":{"self":[{"href":"https:\/\/vaimnemaailm.ee\/www\/wp-json\/wp\/v2\/pages\/738","targetHints":{"allow":["GET"]}}],"collection":[{"href":"https:\/\/vaimnemaailm.ee\/www\/wp-json\/wp\/v2\/pages"}],"about":[{"href":"https:\/\/vaimnemaailm.ee\/www\/wp-json\/wp\/v2\/types\/page"}],"author":[{"embeddable":true,"href":"https:\/\/vaimnemaailm.ee\/www\/wp-json\/wp\/v2\/users\/2"}],"replies":[{"embeddable":true,"href":"https:\/\/vaimnemaailm.ee\/www\/wp-json\/wp\/v2\/comments?post=738"}],"version-history":[{"count":5,"href":"https:\/\/vaimnemaailm.ee\/www\/wp-json\/wp\/v2\/pages\/738\/revisions"}],"predecessor-version":[{"id":3061,"href":"https:\/\/vaimnemaailm.ee\/www\/wp-json\/wp\/v2\/pages\/738\/revisions\/3061"}],"wp:attachment":[{"href":"https:\/\/vaimnemaailm.ee\/www\/wp-json\/wp\/v2\/media?parent=738"}],"curies":[{"name":"wp","href":"https:\/\/api.w.org\/{rel}","templated":true}]}}