{"id":69,"date":"2017-01-01T12:58:41","date_gmt":"2017-01-01T10:58:41","guid":{"rendered":"http:\/\/vaimnemaailm.ee\/www\/?page_id=69"},"modified":"2026-03-26T14:42:55","modified_gmt":"2026-03-26T12:42:55","slug":"kursuste-ajakava","status":"publish","type":"page","link":"https:\/\/vaimnemaailm.ee\/www\/kursuste-ajakava\/","title":{"rendered":"Kursuste ajakava"},"content":{"rendered":"\n<h4 class=\"wp-block-heading\"><span style=\"color: #ff6600;\"><a style=\"color: #ff6600;\" href=\"https:\/\/vaimnemaailm.ee\/www\/vaimsete-teadmiste-kool\/\">Vaimsete&nbsp; Teadmiste&nbsp; Kool<\/a> <\/span>&nbsp;<\/h4>\n\n\n\n<p>Kursused TARTUS :<\/p>\n\n\n\n<h4 class=\"wp-block-heading\"><strong><mark style=\"background-color:#ffffff;color:#d426d8\" class=\"has-inline-color\">2.05.26<\/mark><mark style=\"background-color:rgba(0, 0, 0, 0);color:#d426d8\" class=\"has-inline-color\"><\/mark><mark style=\"background-color:rgba(0, 0, 0, 0);color:#d426d8\" class=\"has-inline-color\">&#8211;<\/mark> <mark style=\"background-color:rgba(0, 0, 0, 0)\" class=\"has-inline-color has-vivid-red-color\"><\/mark><\/strong><a href=\"https:\/\/vaimnemaailm.ee\/www\/mai-taiskuu-avatud-portaal-valgusmaailma-oma-kosmilise-hingemissiooni-elamine-ulestousus-maailma-toetamine-rahu-ja-hairimatuse-loomine\/\"><mark style=\"background-color:#f18af373;color:#e71c99\" class=\"has-inline-color\">Mai t\u00e4iskuu avatud portaal valgusmaailma: Oma kosmilise hingemissiooni elamine, \u00fclest\u00f5usus Maa(ilma) toetamine, rahu ja h\u00e4irimatuse loomine.<\/mark><\/a><\/h4>\n\n\n\n<p><strong><mark style=\"background-color:rgba(0, 0, 0, 0)\" class=\"has-inline-color has-vivid-red-color\"><\/mark><a href=\"https:\/\/vaimnemaailm.ee\/www\/taro-videokursus\/\"><mark style=\"background-color:rgba(0, 0, 0, 0)\" class=\"has-inline-color has-vivid-purple-color\">TARO videokursus<\/mark><\/a><\/strong><\/p>\n\n\n\n<p><strong><mark style=\"background-color:rgba(0, 0, 0, 0)\" class=\"has-inline-color has-vivid-red-color\">Teenus veebi teel: <\/mark><\/strong><mark style=\"background-color:rgba(0, 0, 0, 0)\" class=\"has-inline-color has-luminous-vivid-orange-color\"><a href=\"https:\/\/vaimnemaailm.ee\/www\/hinge-vanuse-ja-elu-oppetundide-valjaselgitamine\/\"><strong>Hinge vanuse ja elu \u00f5ppetundide v\u00e4ljaselgitamine<\/strong> !<\/a><\/mark><\/p>\n\n\n\n<h4 class=\"wp-block-heading\"><strong>&nbsp;E-KURSUSED :&nbsp;<\/strong><\/h4>\n\n\n\n<ul class=\"wp-block-list\">\n<li> <strong><a href=\"https:\/\/vaimnemaailm.ee\/www\/taro-videokursus\/\"><mark style=\"background-color:rgba(0, 0, 0, 0)\" class=\"has-inline-color has-vivid-purple-color\">TARO videokursus<\/mark><\/a><\/strong><\/li>\n\n\n\n<li><span style=\"color: #993366;\"><strong><a style=\"color: #993366;\" href=\"https:\/\/vaimnemaailm.ee\/www\/energeetiline-puhastus-ja-kaitse-videokursus\/\">Energeetiline puhastus ja kaitse videokursus<\/a>&nbsp;<\/strong><\/span><\/li>\n\n\n\n<li> <span style=\"color: #993366;\"><strong><a style=\"color: #993366;\" href=\"https:\/\/vaimnemaailm.ee\/www\/pendli-videokursus\/\">Pendli videokursus&nbsp;<\/a><\/strong><\/span> <\/li>\n\n\n\n<li><span style=\"color: #993366;\"><strong><a style=\"color: #993366;\" href=\"https:\/\/vaimnemaailm.ee\/www\/terviklik-tervenemine-videokursus\/\">Terviklik tervenemine videokursus<\/a> &nbsp;<\/strong><\/span>  <\/li>\n\n\n\n<li><strong><a href=\"https:\/\/vaimnemaailm.ee\/www\/e-kursus-vanast-susteemienergiast-ja-egregoridest-lahtiutlemine-illusioonidest-vabanemine\/\"><mark style=\"background-color:#ecc2c2\" class=\"has-inline-color has-vivid-cyan-blue-color\"><mark>&nbsp;E- kursus Vanast s\u00fcsteemienergiast ja egregoridest lahti\u00fctlemine. Illusioonidest vabanemine<\/mark><\/mark><\/a><mark><mark style=\"background-color:#ecc2c2\" class=\"has-inline-color has-vivid-cyan-blue-color\"> <\/mark><\/mark><\/strong><\/li>\n\n\n\n<li><strong><a href=\"https:\/\/vaimnemaailm.ee\/www\/endas-loojateadvuse-aratamine-horisontaalselt-eluteljelt-vertikaalsele-liikumine-kosmilisse-valgusvorgustikku-uhendumine\/\"><mark style=\"background-color:#efd27c\" class=\"has-inline-color has-vivid-purple-color\">E- kursus \u201cEndas Loojateadvuse \u00e4ratamine \u2013 horisontaalselt eluteljelt vertikaalsele liikumine, Kosmilisse valgusv\u00f5rgustikku \u00fchendumine<\/mark><\/a><mark style=\"background-color:#ffffff\" class=\"has-inline-color has-vivid-purple-color\">\u201d<\/mark><\/strong><\/li>\n\n\n\n<li><strong><a href=\"https:\/\/vaimnemaailm.ee\/www\/meditatsiooni-luhikursus-algajale-tasakaal-e-kursus\/\"><mark style=\"background-color:rgba(0, 0, 0, 0)\" class=\"has-inline-color has-luminous-vivid-orange-color\">Meditatsiooni l\u00fchikursus algajale &#8220;Tasakaal&#8221;<\/mark><\/a><\/strong><mark style=\"background-color:rgba(0, 0, 0, 0)\" class=\"has-inline-color has-vivid-purple-color\">  <\/mark><\/li>\n\n\n\n<li><a href=\"https:\/\/vaimnemaailm.ee\/www\/e-kursus-kuldajastu-loomine\/\"><span style=\"color: #ff6600;\"><strong>E- kursus \u201c\u00dcleminek k\u00f5rgemasse energiasse &#8211; maisuse ja vaimsuse \u00fchendamine. Kuldajastu aktivatsioon\u201d <\/strong><\/span><\/a><\/li>\n\n\n\n<li><a href=\"https:\/\/vaimnemaailm.ee\/www\/e-kursus-kaksikleegiga-uhinemine\/\"><strong><span style=\"color: #ff6600;\">E-kursus &#8220;Kaksikleegiga \u00fchinemine&#8221;<\/span><\/strong><\/a><\/li>\n\n\n\n<li><a href=\"https:\/\/vaimnemaailm.ee\/www\/e-kursus-korgemate-energiate-kaasamine-igapaevaellu-ja-loomisprotsessi-koostoo-vaimse-maailmaga\/\"><span style=\"color: #ff6600;\"><strong>E-kursus &#8220;K\u00f5rgemate energiate kaasamine igap\u00e4evaellu ja loomisprotsessi. Koost\u00f6\u00f6 Vaimse Maailmaga&#8221; <\/strong><\/span><\/a><\/li>\n\n\n\n<li><a href=\"https:\/\/vaimnemaailm.ee\/www\/e-kursus-tegutsemine-uues-energias-umberlulitus-inimmina-uliaktiivsusest-egost-kantusesse-universumiga-koosloomisesse\/\"><strong>E-kursus &#8220;Tegutsemine uues energias &#8211; \u00fcmberl\u00fclitus inimmina \u00fcliaktiivsusest (egost) kantusesse &#8211; Universumiga koosloomisesse&#8221;<\/strong><\/a><\/li>\n\n\n\n<li><a href=\"https:\/\/vaimnemaailm.ee\/www\/e-kursus-oma-vaesse-astumine-elu-uuel-tasandil\/\"><strong>E- kursus &#8220;Oma v\u00e4esse astumine &#8211; elu uuel tasandil&#8221;&nbsp;<\/strong><\/a> <\/li>\n\n\n\n<li><strong><a href=\"https:\/\/vaimnemaailm.ee\/www\/e-kursus-kullusteadvuse-aktiveerimine\/\">E-kursus &#8220;K\u00fcllusteadvuse aktiveerimine&#8221;<\/a><\/strong> <\/li>\n\n\n\n<li><a href=\"https:\/\/vaimnemaailm.ee\/www\/e-kursus-hingeteega-joondumine-ulesanded-kokkulepped-hingesugulased-kaksikleegid-koostoo-missioon\/\"><strong>E- kursus \u201cHingeteega joondumine \u2013 \u00fclesanded, kokkulepped, hingesugulased, kaksikleegid, \u00fclesandekaaslased, koost\u00f6\u00f6, missioon\u201d<\/strong><\/a><\/li>\n\n\n\n<li> <strong><a href=\"https:\/\/vaimnemaailm.ee\/www\/e-kursus-ulestous-kaksikleegiteekonnal\/\">E- kursus \u201c\u00dclest\u00f5us kaksikleegiteekonnal\u201d<\/a>&nbsp;<\/strong> <\/li>\n\n\n\n<li><strong><a href=\"https:\/\/vaimnemaailm.ee\/www\/e-kursus-ruunid-voimalus-moista-kosmilisi-arenguprotsesse-ja-maagiliselt-luua\/\">E -kursus \u201cRuunid \u2013 v\u00f5imalus m\u00f5ista kosmilisi arenguprotsesse ja maagiliselt luua\u201d&nbsp;<\/a><\/strong> <h4>Kursused algajale mediteerijale: <\/h4><\/li>\n\n\n\n<li><mark style=\"background-color:rgba(0, 0, 0, 0)\" class=\"has-inline-color has-vivid-red-color\"><strong><a href=\"https:\/\/vaimnemaailm.ee\/www\/meditatsiooni-luhikursus-algajale-tasakaal-e-kursus\/\">Meditatsiooni l\u00fchikursus algajale &#8220;Tasakaal&#8221;<\/a><\/strong> <\/mark><mark style=\"background-color:rgba(0, 0, 0, 0)\" class=\"has-inline-color has-vivid-purple-color\"> <\/mark><mark style=\"background-color:rgba(0, 0, 0, 0)\" class=\"has-inline-color has-vivid-red-color\"><strong>UUS<\/strong><\/mark>!<\/li>\n\n\n\n<li><h4><li><a href=\"https:\/\/vaimnemaailm.ee\/www\/meditatsiooni-e-kursus-algajatele-enesevaartustamine-enesetervendamine\/\"><strong>I tase: Meditatsiooni E-kursus algajatele \u201cEnesev\u00e4\u00e4rtustamine\/enesetervendamine\u201d<\/strong><\/a><\/li> <li><strong>II tase: Meditatsiooni E-kursus&nbsp;<a href=\"https:\/\/vaimnemaailm.ee\/www\/e-kursus-joondumine-terviklikuks-saamine-sisemise-perekonna-enda-eri-osade-tervendus-ja-kokkutoomine\/\">\u201cJoondumine \u2013 terviklikuks saamine. Sisemise perekonna, enda eri osade tervendus ja kokkutoomine\u201d&nbsp;<\/a><\/strong><\/li> <li><span style=\"color: #000000;\"><strong><a style=\"color: #000000;\" href=\"https:\/\/vaimnemaailm.ee\/www\/lisa-meditatsiooni-e-kursus-algajatele-vae-kasvatamine\/\">Lisa Meditatsiooni&nbsp; E-kursus algajatele \u201cV\u00e4e kasvatamine\u201d<\/a><\/strong><\/span><span style=\"color: #ff0000;\"><strong>&nbsp;<\/strong><\/span><\/li> Kursused enese tervendamiseks, mis eeldavad m\u00f5ningast meditatsioonikogemust: <li><span style=\"color: #9c5166;\"><strong>E-kursus&nbsp;<\/strong><a style=\"color: #9c5166;\" href=\"http:\/\/vaimnemaailm.ee\/www\/meditatsioonikursus-tasandivahetus-uude-maailma-vanadest-lugudest-puhastumine-teadlik-loomine\/\"><strong>Tasandivahetus \u2013 vanadest \u201clugudest\u201d puhastumine <\/strong><\/a><\/span><\/li> <li><span style=\"color: #ff0000;\"><strong><a style=\"color: #ff0000;\" href=\"https:\/\/vaimnemaailm.ee\/www\/e-kursus-sudame-energiate-korrastamine-tasakaalus-mina-pilt\/\"><span style=\"color: #9c5166;\">E-kursus \u201cS\u00fcdame energiate korrastamine \u2013 tasakaalus \u201cMina\u201d pilt<\/span>&nbsp;<\/a><\/strong><\/span><\/li> <li><strong><a href=\"https:\/\/vaimnemaailm.ee\/www\/e-kursus-nais-ja-meesenergia-tervendus-jumaliku-naiselikkuse-ja-jumaliku-mehelikkuse-aktivatsioon\/\">E- kursus \u201cNais- ja meesenergia tervendus \u2013 jumaliku naiselikkuse ja jumaliku mehelikkuse aktivatsioon\u201d<\/a>&nbsp;<\/strong><\/li>  <li><a href=\"https:\/\/vaimnemaailm.ee\/www\/e-kursus-akasi-kroonikate-lugemine-ja-umberkirjutamine\/\"><strong>E-kursus \u201cAka\u015bi kroonikate&nbsp; lugemine ja \u00fcmberkirjutamine\u201d<\/strong><\/a><\/li> <li><a href=\"https:\/\/vaimnemaailm.ee\/www\/e-kursus-kanaldamine-endale-vajaliku-info-ja-juhatuse-saamine-otse-korgemast-allikast\/\"><strong>E-kursus \u201cKanaldamine \u2013 endale vajaliku info ja juhatuse saamine otse k\u00f5rgemast allikast\u201d<\/strong>&nbsp;<\/a><\/li> <li><a href=\"http:\/\/vaimnemaailm.ee\/www\/e-kursus-puha-suhe-ja-maagiline-seksuaalsus\/\">E- kursus \u201cP\u00fcha Suhe ja maagiline seksuaalsus\u201d&nbsp;<\/a><\/li> Kursused edasij\u00f5udnule: <li><strong><span style=\"color: #a34365;\"><a style=\"color: #a34365;\" href=\"https:\/\/vaimnemaailm.ee\/www\/e-kursus-valgustumisteekond-ulestous-5d-uude-maailma\/\">E-kursus &#8220;Valgustumisteekond &#8211; \u00fclest\u00f5us 5D uude maailma&#8221;<\/a><\/span>&nbsp;<\/strong><\/li> Muud kursused:<\/h4>\n<ul class=\"wp-block-list\">\n<li><a href=\"http:\/\/vaimnemaailm.ee\/www\/onneliku-lahisuhte-teadlik-loomine\/\">E -kursus \u201c\u00d5nneliku suhte teadlik loomine\u201d<\/a><\/li>\n\n\n\n<li><a href=\"http:\/\/vaimnemaailm.ee\/www\/eluulesanne-ja-eneseteostus\/\">E-kursus \u201cElu\u00fclesanne ja eneseteostus\u201d<\/a><\/li>\n\n\n\n<li><a href=\"http:\/\/vaimnemaailm.ee\/www\/enesetervendamise-meetodid-2\/\">E-kursus \u201cEnesetervendamise meetodid\u201d<\/a><\/li>\n<\/ul>\n<\/li>\n<\/ul>\n\n\n\n<p><span style=\"color: #ff0000;\"><strong><a href=\"http:\/\/vaimnemaailm.ee\/www\/meditatsioonid-mp3\/\">UUED MEDITATSIOONID mp3 failidena<\/a><\/strong>&nbsp;<\/span> &#8211; <span style=\"color: #ff0000;\">\u00fclemineku kiiremaks l\u00e4bitegemiseks ja praeguse aja v\u00e4ljakutsete kergemaks l\u00e4bimiseks<\/span><\/p>\n\n\n\n<p><a href=\"http:\/\/vaimnemaailm.ee\/www\/taro-kaartidega-elusuundade-vaatamine-meili-teel\/\">TARO n\u00f5ustamine &#8211; elusuundade vaatamine veebi teel<\/a><\/p>\n\n\n\n<p><a href=\"http:\/\/vaimnemaailm.ee\/www\/akasi-kroonikate-lugemine-ja-umberkirjutamine-veebi-teel\/\">Aka\u015bi kroonikate lugemine ja \u00fcmberkirjutamine veebi teel<\/a><\/p>\n\n\n\n<p><a href=\"http:\/\/vaimnemaailm.ee\/www\/vaimne-noustamine\/\">Vaimne n\u00f5ustamine veebi teel<\/a><\/p>\n\n\n\n<p><a href=\"https:\/\/vaimnemaailm.ee\/www\/individuaalseansid\/\">Veebi teel tehtavad individuaalseansid&nbsp;<\/a><\/p>\n\n\n\n<p><a href=\"http:\/\/vaimnemaailm.ee\/www\/liina-kaumanni-kaugseansid\/\">Liina Kaumanni kaugseansid<\/a><\/p>\n\n\n\n<figure class=\"wp-block-image alignnone size-large wp-image-1459\"><img loading=\"lazy\" decoding=\"async\" width=\"1024\" height=\"772\" src=\"http:\/\/vaimnemaailm.ee\/www\/wp-content\/uploads\/2020\/03\/\u00dchtsusesse-1024x772.jpg\" alt=\"\" class=\"wp-image-1459\" srcset=\"https:\/\/vaimnemaailm.ee\/www\/wp-content\/uploads\/2020\/03\/\u00dchtsusesse-1024x772.jpg 1024w, https:\/\/vaimnemaailm.ee\/www\/wp-content\/uploads\/2020\/03\/\u00dchtsusesse-300x226.jpg 300w, https:\/\/vaimnemaailm.ee\/www\/wp-content\/uploads\/2020\/03\/\u00dchtsusesse-768x579.jpg 768w\" sizes=\"auto, (max-width: 767px) 89vw, (max-width: 1000px) 54vw, (max-width: 1071px) 543px, 580px\" \/><figcaption class=\"wp-element-caption\">&#8220;\u00dchtsusesse&#8221; Liina Kaumann 2020, akr\u00fc\u00fcl l\u00f5uendil 50&#215;70<\/figcaption><\/figure>\n","protected":false},"excerpt":{"rendered":"<p>Vaimsete&nbsp; Teadmiste&nbsp; Kool &nbsp; Kursused TARTUS : 2.05.26&#8211; Mai t\u00e4iskuu avatud portaal valgusmaailma: Oma kosmilise hingemissiooni elamine, \u00fclest\u00f5usus Maa(ilma) toetamine, rahu ja h\u00e4irimatuse loomine. TARO videokursus Teenus veebi teel: Hinge vanuse ja elu \u00f5ppetundide v\u00e4ljaselgitamine ! &nbsp;E-KURSUSED :&nbsp; UUED MEDITATSIOONID mp3 failidena&nbsp; &#8211; \u00fclemineku kiiremaks l\u00e4bitegemiseks ja praeguse aja v\u00e4ljakutsete kergemaks l\u00e4bimiseks TARO n\u00f5ustamine &#8211; &hellip; <\/p>\n<p class=\"link-more\"><a href=\"https:\/\/vaimnemaailm.ee\/www\/kursuste-ajakava\/\" class=\"more-link\">Loe edasi<span class=\"screen-reader-text\"> &#8220;Kursuste ajakava&#8221;<\/span><\/a><\/p>\n","protected":false},"author":2,"featured_media":0,"parent":0,"menu_order":0,"comment_status":"closed","ping_status":"closed","template":"","meta":{"footnotes":""},"class_list":["post-69","page","type-page","status-publish","hentry"],"_links":{"self":[{"href":"https:\/\/vaimnemaailm.ee\/www\/wp-json\/wp\/v2\/pages\/69","targetHints":{"allow":["GET"]}}],"collection":[{"href":"https:\/\/vaimnemaailm.ee\/www\/wp-json\/wp\/v2\/pages"}],"about":[{"href":"https:\/\/vaimnemaailm.ee\/www\/wp-json\/wp\/v2\/types\/page"}],"author":[{"embeddable":true,"href":"https:\/\/vaimnemaailm.ee\/www\/wp-json\/wp\/v2\/users\/2"}],"replies":[{"embeddable":true,"href":"https:\/\/vaimnemaailm.ee\/www\/wp-json\/wp\/v2\/comments?post=69"}],"version-history":[{"count":5,"href":"https:\/\/vaimnemaailm.ee\/www\/wp-json\/wp\/v2\/pages\/69\/revisions"}],"predecessor-version":[{"id":4402,"href":"https:\/\/vaimnemaailm.ee\/www\/wp-json\/wp\/v2\/pages\/69\/revisions\/4402"}],"wp:attachment":[{"href":"https:\/\/vaimnemaailm.ee\/www\/wp-json\/wp\/v2\/media?parent=69"}],"curies":[{"name":"wp","href":"https:\/\/api.w.org\/{rel}","templated":true}]}}