{"id":660,"date":"2017-08-14T19:53:03","date_gmt":"2017-08-14T16:53:03","guid":{"rendered":"http:\/\/vaimnemaailm.ee\/www\/?page_id=660"},"modified":"2025-06-19T12:59:08","modified_gmt":"2025-06-19T09:59:08","slug":"ruunid-voimalus-saada-korgemat-juhatust-ja-soovitut-luua-nadalavahetsel","status":"publish","type":"page","link":"https:\/\/vaimnemaailm.ee\/www\/ruunid-voimalus-saada-korgemat-juhatust-ja-soovitut-luua-nadalavahetsel\/","title":{"rendered":"Ruunid &#8211; v\u00f5imalus m\u00f5ista kosmilisi arenguprotsesse ja maagiliselt luua"},"content":{"rendered":"\n<p>Tartus kohapeal v\u00f5i <a href=\"https:\/\/vaimnemaailm.ee\/www\/e-kursus-ruunid-voimalus-moista-kosmilisi-arenguprotsesse-ja-maagiliselt-luua\/\">videokursuse variant<\/a><\/p>\n\n\n<div class=\"wp-block-image\">\n<figure class=\"alignright\"><img loading=\"lazy\" decoding=\"async\" width=\"300\" height=\"217\" src=\"https:\/\/vaimnemaailm.ee\/www\/wp-content\/uploads\/2017\/11\/ruunitalismanid-300x217.jpg\" alt=\"\" class=\"wp-image-739\" srcset=\"https:\/\/vaimnemaailm.ee\/www\/wp-content\/uploads\/2017\/11\/ruunitalismanid-300x217.jpg 300w, https:\/\/vaimnemaailm.ee\/www\/wp-content\/uploads\/2017\/11\/ruunitalismanid-768x555.jpg 768w, https:\/\/vaimnemaailm.ee\/www\/wp-content\/uploads\/2017\/11\/ruunitalismanid-1024x740.jpg 1024w, https:\/\/vaimnemaailm.ee\/www\/wp-content\/uploads\/2017\/11\/ruunitalismanid.jpg 1838w\" sizes=\"auto, (max-width: 300px) 100vw, 300px\" \/><\/figure>\n<\/div>\n\n\n<p><span class=\"_4n-j _3cht fsl\" data-testid=\"event-permalink-details\">2 osaline ruunikursus. Kursusel teeme mitmeid ruunimeditatsioone, mis aitavad ruune paremini m\u00f5istma ja tunnetama hakata, valmistame isikliku ruunikomplekti ja maagilise ruunitalismani, \u00f5pime ruunide abil ennustama ja looma.&nbsp;<\/span><\/p>\n\n\n\n<p>Ruunid v\u00e4ljendavad kosmoses ja loomisprotsessides peituvaid teadmisi, nad s\u00fcmboliseerivad loodustarkusi. Ruune leidub ka k\u00f5ikjal meie \u00fcmber looduses, me m\u00f5istame nende olemust siis, kui oleme loodusega koosk\u00f5las. Ruune tundma\u00f5ppides avaneb meile samas looduse olemus. Ruunit\u00e4hestik jutustab lugu asjade tekkimisest, omadustest ja olemusest. <span class=\"_4n-j _3cht fsl\" data-testid=\"event-permalink-details\">M\u00f5istes ruune, \u00f5pime paremini tundma nii iseennast kui ka \u00fcmbrust.<\/span><\/p>\n\n\n\n<p>Kuid ruunide ainus eesm\u00e4rk pole maailma kirjeldamine, nendega saab ka&nbsp; loitsida, keskkonda m\u00f5jutada ning aidata tervendada inimesi, loomi, taimi ja emakest Maad. Ruunid aitavad astuda \u00fchendusse kosmilise v\u00f5rguga. Ruunid on maagilised t\u00f6\u00f6ristad, mis v\u00e4ljendavad \u015bamanistlikele kultuuridele omast tarkust ja v\u00e4ge.<\/p>\n\n\n\n<p><span class=\"_4n-j _3cht fsl\" data-testid=\"event-permalink-details\"><span class=\"text_exposed_show\"><strong>Kursuse I osa :<\/strong><\/span><\/span><\/p>\n\n\n\n<p>1. Meditatsioon valguskeha puhastamiseks ja sageduse t\u00f5stmiseks<\/p>\n\n\n\n<p>2. Ruunide joonistamine paberile, ruunide lausumine\/ruunimeditatsioon<\/p>\n\n\n\n<p>3. Ruunide valmistamine savist<\/p>\n\n\n\n<p>4. Ruunimonogrammi loomine ja ruunitalismani valmistamine<\/p>\n\n\n\n<p><strong>Kursuse II osa:<\/strong><\/p>\n\n\n\n<p>1.Ilmapuu meditatsioon<\/p>\n\n\n\n<p>2. Ruunirituaal, ruunide lausumine, ruunide sisse\u00f5nnistamine ja aktiveerimine, ruunitalismani sisse\u00f5nnistamine.<\/p>\n\n\n\n<p>3. Ruunide ladumine ridadesse ja maagilisse ringi. P\u00e4evaruuni v\u00f5tmine.<\/p>\n\n\n\n<p>4. Elupuuga \u00fchinemine Algiz ruuni abil<\/p>\n\n\n\n<p>5. Ruunimeditatsioon<\/p>\n\n\n\n<p>6. Ruunimaagia, ruunide kasutamine tervendamiseks ja loomiseks, ruunide saatmine<\/p>\n\n\n\n<p>7. Ruunir\u00e4tikuga keerulisem ennustamine<\/p>\n\n\n\n<p>2- osalise kursuse hind <strong>&nbsp;145 EUR<\/strong> (Sellest 70 koha kinnituse ettemaksuna ja \u00fclej\u00e4\u00e4nud kohapeal esimesel kohtumiskorral)<\/p>\n\n\n\n<p>Hinna sees on t\u00f6\u00f6vahendid (savi) isikliku ruunikomplekti valmistamiseks, mille saab endale + mahukad teoreetilised materjalid koos piltidega (need saab enne kursust meilile ja tuleks eelnevalt l\u00e4bi lugeda ja v\u00e4ljaprindituna kursusele tulles kaasa v\u00f5tta).<\/p>\n\n\n\n<p>Endal oleks vaja kaasa v\u00f5tta lisaks meelep\u00e4rased lisavahendid ruunitalismani loomiseks<br>\nseotav riidest kotike ruunikomplekti jaoks (umbes 10 x 15 cm suuruses)<br>\nvalmistada ruunir\u00e4tik (45&#215;45 cm) T\u00e4psem info kursuse k\u00e4igus.<\/p>\n\n\n\n<p>Vajalik eelregistreerumine liina@vaimnemaailm.ee, kuna kursus toimub v\u00e4ikesele grupile, ning tagastamatu ettemaksu 70 EUR tasumine Vaimne Maailm O\u00dc pangakontole EE662200221049242077.<\/p>\n\n\n\n<p>Ettemaksu tasudes kinnitad endale koha grupis + saad k\u00e4tte kursuse esimese \u2013 teoreetilise osa. Kursusele mittetulemise korral ettemaksu ei tagastata!<\/p>\n\n\n\n<p>Kursust juhendab Liina Kaumann.<\/p>\n\n\n\n<p><\/p>\n","protected":false},"excerpt":{"rendered":"<p>Tartus kohapeal v\u00f5i videokursuse variant 2 osaline ruunikursus. Kursusel teeme mitmeid ruunimeditatsioone, mis aitavad ruune paremini m\u00f5istma ja tunnetama hakata, valmistame isikliku ruunikomplekti ja maagilise ruunitalismani, \u00f5pime ruunide abil ennustama ja looma.&nbsp; Ruunid v\u00e4ljendavad kosmoses ja loomisprotsessides peituvaid teadmisi, nad s\u00fcmboliseerivad loodustarkusi. Ruune leidub ka k\u00f5ikjal meie \u00fcmber looduses, me m\u00f5istame nende olemust siis, kui &hellip; <\/p>\n<p class=\"link-more\"><a href=\"https:\/\/vaimnemaailm.ee\/www\/ruunid-voimalus-saada-korgemat-juhatust-ja-soovitut-luua-nadalavahetsel\/\" class=\"more-link\">Loe edasi<span class=\"screen-reader-text\"> &#8220;Ruunid &#8211; v\u00f5imalus m\u00f5ista kosmilisi arenguprotsesse ja maagiliselt luua&#8221;<\/span><\/a><\/p>\n","protected":false},"author":2,"featured_media":0,"parent":0,"menu_order":0,"comment_status":"closed","ping_status":"closed","template":"","meta":{"footnotes":""},"class_list":["post-660","page","type-page","status-publish","hentry"],"_links":{"self":[{"href":"https:\/\/vaimnemaailm.ee\/www\/wp-json\/wp\/v2\/pages\/660","targetHints":{"allow":["GET"]}}],"collection":[{"href":"https:\/\/vaimnemaailm.ee\/www\/wp-json\/wp\/v2\/pages"}],"about":[{"href":"https:\/\/vaimnemaailm.ee\/www\/wp-json\/wp\/v2\/types\/page"}],"author":[{"embeddable":true,"href":"https:\/\/vaimnemaailm.ee\/www\/wp-json\/wp\/v2\/users\/2"}],"replies":[{"embeddable":true,"href":"https:\/\/vaimnemaailm.ee\/www\/wp-json\/wp\/v2\/comments?post=660"}],"version-history":[{"count":5,"href":"https:\/\/vaimnemaailm.ee\/www\/wp-json\/wp\/v2\/pages\/660\/revisions"}],"predecessor-version":[{"id":4095,"href":"https:\/\/vaimnemaailm.ee\/www\/wp-json\/wp\/v2\/pages\/660\/revisions\/4095"}],"wp:attachment":[{"href":"https:\/\/vaimnemaailm.ee\/www\/wp-json\/wp\/v2\/media?parent=660"}],"curies":[{"name":"wp","href":"https:\/\/api.w.org\/{rel}","templated":true}]}}