{"id":4388,"date":"2026-03-26T09:24:26","date_gmt":"2026-03-26T07:24:26","guid":{"rendered":"https:\/\/vaimnemaailm.ee\/www\/?page_id=4388"},"modified":"2026-03-26T14:23:43","modified_gmt":"2026-03-26T12:23:43","slug":"mai-taiskuu-avatud-portaal-valgusmaailma-oma-kosmilise-hingemissiooni-elamine-ulestousus-maailma-toetamine-rahu-ja-hairimatuse-loomine","status":"publish","type":"page","link":"https:\/\/vaimnemaailm.ee\/www\/mai-taiskuu-avatud-portaal-valgusmaailma-oma-kosmilise-hingemissiooni-elamine-ulestousus-maailma-toetamine-rahu-ja-hairimatuse-loomine\/","title":{"rendered":"Mai t\u00e4iskuu avatud portaal valgusmaailma: Oma kosmilise hingemissiooni elamine, \u00fclest\u00f5usus Maa(ilma) toetamine, rahu ja h\u00e4irimatuse loomine"},"content":{"rendered":"\n<p><strong>2. mail 2026 kell 11-14.00&nbsp;<\/strong>Tartus<\/p>\n\n\n<div class=\"wp-block-image\">\n<figure class=\"alignright size-large is-resized\"><img loading=\"lazy\" decoding=\"async\" width=\"774\" height=\"1024\" src=\"https:\/\/vaimnemaailm.ee\/www\/wp-content\/uploads\/2025\/08\/IMG_20250802_185400-774x1024.jpg\" alt=\"\" class=\"wp-image-4173\" style=\"aspect-ratio:0.7558659119981775;width:269px;height:auto\" srcset=\"https:\/\/vaimnemaailm.ee\/www\/wp-content\/uploads\/2025\/08\/IMG_20250802_185400-774x1024.jpg 774w, https:\/\/vaimnemaailm.ee\/www\/wp-content\/uploads\/2025\/08\/IMG_20250802_185400-227x300.jpg 227w, https:\/\/vaimnemaailm.ee\/www\/wp-content\/uploads\/2025\/08\/IMG_20250802_185400-768x1016.jpg 768w, https:\/\/vaimnemaailm.ee\/www\/wp-content\/uploads\/2025\/08\/IMG_20250802_185400-1161x1536.jpg 1161w, https:\/\/vaimnemaailm.ee\/www\/wp-content\/uploads\/2025\/08\/IMG_20250802_185400-1548x2048.jpg 1548w, https:\/\/vaimnemaailm.ee\/www\/wp-content\/uploads\/2025\/08\/IMG_20250802_185400-scaled.jpg 1934w\" sizes=\"auto, (max-width: 767px) 89vw, (max-width: 1000px) 54vw, (max-width: 1071px) 543px, 580px\" \/><\/figure>\n<\/div>\n\n\n<p>Maikuu on energeetiliselt v\u00e4ga v\u00f5imas ja eriline aeg, mida saame end \u00f5igesti h\u00e4\u00e4lestades kasutada selleks, et oluliselt t\u00f5sta oma sagedust, kiirendada oma vaimset edasiminekut &#8211; avardumist, kuna avanevad v\u00e4ga erilised v\u00e4ravad&nbsp; k\u00f5rgematesse dimensioonidesse, on v\u00f5imalik saada selgemat \u00fchendust ja konkreetsemat juhatust vaimselt maailmalt, \u00fclest\u00f5usnud meistritelt, inglitelt, oma juhendajatelt, palve ja taotlusej\u00f5ud sel ajal lausa tuhandekordistuvad.<\/p>\n\n\n\n<p>Kui tunned, et vajad juhatust, sul on k\u00fcsimusi vaimsele maailmale, n\u00e4iteks oma rolli, elu\u00fclesande, missiooni, \u00f5ppetundide, v\u00e4ljakutsete osas, kui sul on ideid, unistusi, soove, inspiratsiooni selle osas, mida sooviksid oma ellu luua, siis maikuu, eriti t\u00e4iskuuaeg, aga ka n\u00e4dal enne ja n\u00e4dal p\u00e4rast t\u00e4iskuud, on parim aeg nendeks teemadeks. (Mai t\u00e4iskuuaega t\u00e4histatakse maailma budistlikes ringkondades valgusp\u00fcha Wesakina, see on Buddha s\u00fcnni ja valgustumisaeg.) 2026. aastal on selline v\u00f5imas aeg lausa kahel korral, kuna mais on seekord lausa 2 t\u00e4iskuud \u2013 1. mail ja 31. mail.<\/p>\n\n\n\n<p><em><strong>Kasutame avanevat valgusportaali, et<\/strong><\/em><\/p>\n\n\n\n<ul class=\"wp-block-list\">\n<li><em>m\u00f5ista <\/em><em>veelgi s\u00fcgavamal tasandil oma unikaalse<\/em><em>id \u00fclesandeid <\/em><em>siin planeedil, praegusel \u00fcleminekuajal;<\/em><\/li>\n\n\n\n<li><em>tulla rahusse ja h\u00e4irimatusesse, s\u00f5ltumata keerulistest kaootilistest s\u00fcndmustest v\u00e4lises transformatsioonis <\/em><em>olevas <\/em><em>maailmas<\/em><\/li>\n\n\n\n<li><em>ning toetada <\/em><em>oma k\u00f5rgema visiooni hoidmise ja rahuvibratsiooniga ka muutustes Maad, et k\u00f5ik vajalikud \u00fcleminekuprotsessid toimuksid siin v\u00f5imalikult harmooniliselt.<\/em><\/li>\n\n\n\n<li><em>Selleks on vaja meenutada oma algset kosmilist hingep\u00e4ritolu \u2013 <\/em><em>olenevalt hinge p\u00e4ritolust on meil ka erinevad rollid ja \u00fclesanded siin Maal<\/em>.<\/li>\n<\/ul>\n\n\n\n<p>V\u00f5imalik l\u00e4bida ka<mark>&nbsp;<\/mark><strong><a href=\"https:\/\/vaimnemaailm.ee\/www\/e-kursus-universum-toimib-labi-minu-praegused-energiad-ja-ulesanded-nais-ja-meesenergia-uleviimine-uuele-tasandile-meesenergia-transformatsioon\/\"><mark>e-kursusena<\/mark><\/a><\/strong><mark>&nbsp;<\/mark>oma kodus endale sobival ajal!<\/p>\n\n\n\n<p><strong>Kavas:<\/strong><\/p>\n\n\n\n<ol class=\"wp-block-list\">\n<li>Meditatsioon \u201cOma kosmilise hingep\u00e4ritolu m\u00e4letamine \u201d<\/li>\n\n\n\n<li>Meditatsioon \u201cPlaneedi ja inimkonna hirmumustritest vabastamine,  \u00fclest\u00f5usu toetamine&#8221;<\/li>\n\n\n\n<li>Oma hingep\u00e4ritolu ja missiooni aktiveerimine l\u00e4bi mandala loomise<\/li>\n\n\n\n<li>Hingep\u00e4ritolu m\u00e4\u00e4ramise test<\/li>\n\n\n\n<li>Valgusp\u00fcha t\u00e4histamine pidus\u00f6\u00f6giga, oma taotluste formuleerimine ja sisse\u00f5nnistamine<\/li>\n\n\n\n<li>K\u00fcsime&nbsp; juhtn\u00f6\u00f6re\/m\u00e4rks\u00f5nu soovikaartidelt, inglikaartidelt ja ruunidelt (soovijatele ka Taro kaartidega individuaalselt lisatasu eest 15-20 min 25 EUR)<\/li>\n<\/ol>\n\n\n\n<p><strong>V\u00e4\u00e4rtus<\/strong>&nbsp;<strong>75 EUR<\/strong><\/p>\n\n\n\n<p><strong>Teoreetiline osa<\/strong>&nbsp;(23 lk), mille saad meilile sisaldab:<\/p>\n\n\n\n<p>Mis toimub praegu Maa \u00fclest\u00f5usuprotsessis. Mis on rahu ja kuidas seda luua? Kuidas meid \u00fcmbritsev maailm muutub ja kuidas aidata nii ennast kui ka planeeti. Hinge kosmiline p\u00e4ritolu. Erinevad t\u00e4heseemned ja kosmilised arhet\u00fc\u00fcbid. Kuidas oma kosmilist p\u00e4ritolu teada saada? Tuntumad kosmilised rassid. Kuidas erinevad kosmilised tsivilisatssioonid m\u00f5jutavad praegu Maa ja inimkonna arengut. Kosmilised rassid kui arhet\u00fc\u00fcbid &#8211; sinu sisemine n\u00f5ukogu. Galaktiline F\u00f6deratsioon &#8211; valguse rahvaste n\u00f5ukogu. Kosmiliste arhet\u00fc\u00fcpide m\u00f5jud Maa tulevikus &#8211; Maa teadvuse evolutsioon aastatel 2025-2050.<\/p>\n\n\n\n<p><strong>Hinna sees ka mp3-l m\u00f5lemad juhitud meditatsioonid&nbsp;<\/strong>kodus korduvalt tegemiseks!<\/p>\n\n\n\n<p>Vajalik kindlasti eelregistreerumine (kohtade arv on piiratud)&nbsp;<a href=\"mailto:liina@vaimnemaailm.ee\">liina@vaimnemaailm.ee<\/a>&nbsp; ja koha kinnituseks tagastamatu ettemaksu 45 EUR tasumine Vaimne Maailm O\u00dc pangakontole EE662200221049242077.<\/p>\n\n\n\n<p>V\u00e4ike grupp! Registreeru aegsasti!<\/p>\n\n\n\n<p>Ettemaksu tasudes kinnitad endale koha grupis + saad k\u00e4tte t\u00e4psemad juhtn\u00f6\u00f6rid ja teoreetilise osa. Kohale mittetulemise korral ettemaksu ei tagastata!<\/p>\n\n\n\n<p>Juhendab Liina Kaumann<\/p>\n\n\n\n<p><\/p>\n","protected":false},"excerpt":{"rendered":"<p>2. mail 2026 kell 11-14.00&nbsp;Tartus Maikuu on energeetiliselt v\u00e4ga v\u00f5imas ja eriline aeg, mida saame end \u00f5igesti h\u00e4\u00e4lestades kasutada selleks, et oluliselt t\u00f5sta oma sagedust, kiirendada oma vaimset edasiminekut &#8211; avardumist, kuna avanevad v\u00e4ga erilised v\u00e4ravad&nbsp; k\u00f5rgematesse dimensioonidesse, on v\u00f5imalik saada selgemat \u00fchendust ja konkreetsemat juhatust vaimselt maailmalt, \u00fclest\u00f5usnud meistritelt, inglitelt, oma juhendajatelt, palve ja &hellip; <\/p>\n<p class=\"link-more\"><a href=\"https:\/\/vaimnemaailm.ee\/www\/mai-taiskuu-avatud-portaal-valgusmaailma-oma-kosmilise-hingemissiooni-elamine-ulestousus-maailma-toetamine-rahu-ja-hairimatuse-loomine\/\" class=\"more-link\">Loe edasi<span class=\"screen-reader-text\"> &#8220;Mai t\u00e4iskuu avatud portaal valgusmaailma: Oma kosmilise hingemissiooni elamine, \u00fclest\u00f5usus Maa(ilma) toetamine, rahu ja h\u00e4irimatuse loomine&#8221;<\/span><\/a><\/p>\n","protected":false},"author":2,"featured_media":0,"parent":0,"menu_order":0,"comment_status":"closed","ping_status":"closed","template":"","meta":{"footnotes":""},"class_list":["post-4388","page","type-page","status-publish","hentry"],"_links":{"self":[{"href":"https:\/\/vaimnemaailm.ee\/www\/wp-json\/wp\/v2\/pages\/4388","targetHints":{"allow":["GET"]}}],"collection":[{"href":"https:\/\/vaimnemaailm.ee\/www\/wp-json\/wp\/v2\/pages"}],"about":[{"href":"https:\/\/vaimnemaailm.ee\/www\/wp-json\/wp\/v2\/types\/page"}],"author":[{"embeddable":true,"href":"https:\/\/vaimnemaailm.ee\/www\/wp-json\/wp\/v2\/users\/2"}],"replies":[{"embeddable":true,"href":"https:\/\/vaimnemaailm.ee\/www\/wp-json\/wp\/v2\/comments?post=4388"}],"version-history":[{"count":3,"href":"https:\/\/vaimnemaailm.ee\/www\/wp-json\/wp\/v2\/pages\/4388\/revisions"}],"predecessor-version":[{"id":4391,"href":"https:\/\/vaimnemaailm.ee\/www\/wp-json\/wp\/v2\/pages\/4388\/revisions\/4391"}],"wp:attachment":[{"href":"https:\/\/vaimnemaailm.ee\/www\/wp-json\/wp\/v2\/media?parent=4388"}],"curies":[{"name":"wp","href":"https:\/\/api.w.org\/{rel}","templated":true}]}}