{"id":4332,"date":"2026-02-04T16:35:02","date_gmt":"2026-02-04T14:35:02","guid":{"rendered":"https:\/\/vaimnemaailm.ee\/www\/?page_id=4332"},"modified":"2026-02-04T16:44:15","modified_gmt":"2026-02-04T14:44:15","slug":"vaimsete-teadmiste-kool-ii-aste-2","status":"publish","type":"page","link":"https:\/\/vaimnemaailm.ee\/www\/vaimsete-teadmiste-kool-ii-aste-2\/","title":{"rendered":"Vaimsete Teadmiste Kool II aste"},"content":{"rendered":"\n<h3 class=\"wp-block-heading has-text-align-left\"><em><strong><mark style=\"background-color:rgba(0, 0, 0, 0);color:#c007e3\" class=\"has-inline-color\">\u00dcleminek k\u00f5rgemasse energiasse. Endas Loojateadvuse \u00e4ratamine. Kuldajastu kogemuse loomine.<\/mark><\/strong><\/em> <\/h3>\n\n\n\n<p>Uus grupp alustab <mark style=\"background-color:rgba(0, 0, 0, 0)\" class=\"has-inline-color has-vivid-purple-color\"><strong>12.09.26<\/strong> Registreeru aegsasti, grupp on v\u00e4ike, vaid 6 kohta, hetkel veel vabad 4<\/mark><\/p>\n\n\n<div class=\"wp-block-image\">\n<figure class=\"alignright size-large is-resized\"><img loading=\"lazy\" decoding=\"async\" width=\"1024\" height=\"808\" src=\"https:\/\/vaimnemaailm.ee\/www\/wp-content\/uploads\/2025\/08\/IMG_20250821_190827-1024x808.jpg\" alt=\"\" class=\"wp-image-4184\" style=\"width:345px;height:auto\" srcset=\"https:\/\/vaimnemaailm.ee\/www\/wp-content\/uploads\/2025\/08\/IMG_20250821_190827-1024x808.jpg 1024w, https:\/\/vaimnemaailm.ee\/www\/wp-content\/uploads\/2025\/08\/IMG_20250821_190827-300x237.jpg 300w, https:\/\/vaimnemaailm.ee\/www\/wp-content\/uploads\/2025\/08\/IMG_20250821_190827-768x606.jpg 768w, https:\/\/vaimnemaailm.ee\/www\/wp-content\/uploads\/2025\/08\/IMG_20250821_190827-1536x1212.jpg 1536w, https:\/\/vaimnemaailm.ee\/www\/wp-content\/uploads\/2025\/08\/IMG_20250821_190827-2048x1616.jpg 2048w\" sizes=\"auto, (max-width: 767px) 89vw, (max-width: 1000px) 54vw, (max-width: 1071px) 543px, 580px\" \/><\/figure>\n<\/div>\n\n\n<p>Vaimste Teadmiste Kooli II astme kursus on m\u00f5eldud neile, kes juba on kursis vaimse maailma p\u00f5hit\u00f5dedega ning on ka omandanud m\u00f5ningaid praktilisi oskusi (mediteerimine; kanaldamine &#8211; kas otse oma K\u00f5rgema Mina kaudu v\u00f5i abivahendiga, taro, ruunid, pendel); on alustanud enesetervenduse teekonda; praktiseerivad reikit v\u00f5i m\u00f5nda muud tervendusmeetodit ning suudavad teha s\u00fcgavamaid juhitud meditatsioonir\u00e4nnakuid. <\/p>\n\n\n\n<p>Kursusel j\u00e4tkme oma vaimsete v\u00f5imete ja praktiliste oskuste s\u00fcvendamist, kuid keskendume rohkem isikliku transformatsiooni ja \u00fclest\u00f5usuprotsessi teemadele \u2013 nendele muutustele, mida praegused uued energiad kaasa toovad, \u00fcmberl\u00fclitustele, mida peame tegema, kui soovime sageduse t\u00f5usuga kaasa minna ning hakata kogema oma elus \u201ekuldajastut\u201d.<\/p>\n\n\n\n<p>1<mark style=\"background-color:rgba(0, 0, 0, 0)\" class=\"has-inline-color has-vivid-cyan-blue-color\">.&nbsp;<strong>T\u00f5us enesek\u00fcllasusse. P\u00fchasse Loomism\u00fcsteeriumisse sisenemine. Maagiks saamine<\/strong>&nbsp;<\/mark>\u2013 Elementide alkeemia. Naisenergia ja meesenergia koost\u00f6\u00f6. Unistamine ja visualiseerimine \u2013 Loomise t\u00f6\u00f6riistad. Rituaalid ja loitsud \u2013 nende kasutamine. Kuidas luua? Loomise Seadused. Huna palve.&nbsp;<strong>Teadlik Unen\u00e4gemine I osa<\/strong>&nbsp;<strong><mark>12.09. \u2013<\/mark><\/strong><mark>&nbsp;noorkuu<\/mark><\/p>\n\n\n\n<p>2.&nbsp;<strong><mark style=\"background-color:rgba(0, 0, 0, 0)\" class=\"has-inline-color has-vivid-cyan-blue-color\">Avardumine \u2013 teadvustasandi t\u00f5usmine, k\u00f5rgemates dimensioonides toimimine<\/mark><mark> \u2013&nbsp;<\/mark><\/strong>Vaimse arengu ts\u00fcklilisus. Vanast maailmast kiht-kihilt v\u00e4ljakasvamine. 3D piirangulistest arusaamadest v\u00e4ljumine, asjade vaatlemine avaramast perspektiivist. \u00dclevaade erinevatest dimensioonidest. Teadvustasandi t\u00f5stmine, k\u00f5rgemates dimensioonides toimimine. Hetkes olemise vajalikkus. Praktikad, mis kergendavad 5D tasandile j\u00f5udmist. Kohalolu ja puhta teadlikkuse loomine. Mis on \u00fclest\u00f5us ja miks on see nii raske meie kehadele.&nbsp;<strong>Teadlik Unen\u00e4gemine II osa.<\/strong>&nbsp;<strong><mark>&nbsp;10.10 \u2013&nbsp;<\/mark><\/strong><mark>must kuu<\/mark><\/p>\n\n\n\n<p>3.&nbsp;<mark><strong><mark style=\"background-color:rgba(0, 0, 0, 0)\" class=\"has-inline-color has-vivid-cyan-blue-color\">Loomise saladused: Astroloogia t\u00e4htsus <\/mark>\u2013<\/strong>&nbsp;<\/mark>Kuidas elada koosk\u00f5las Kuuga. Must Kuu, Kasvav Kuu, T\u00e4iskuu, Kahanev Kuu. Teiste planeetide, t\u00e4htede, taevakehade m\u00f5jud. T\u00e4pne ajastamine \u2013 erinevad noorkuud, Planeetide p\u00e4evad. Planeetide tunnid. Astroloogilised majad.<strong>Kahaneva \/Musta Kuu rituaal. Teadlik Unen\u00e4gemine III osa.<\/strong><mark>&nbsp;<strong>7.11 \u2013<\/strong>&nbsp;kahanev kuu<\/mark><\/p>\n\n\n\n<p>4.&nbsp;<strong><mark style=\"background-color:rgba(0, 0, 0, 0)\" class=\"has-inline-color has-vivid-cyan-blue-color\">Valgustumisteekond&nbsp;<\/mark><\/strong>\u2013 Maailm sees ja v\u00e4ljas k\u00f5ik on \u00fcks. Ego lahustamine. Varjut\u00f6\u00f6. Teekond iseenda keskme suunas \u2013 lab\u00fcrindip\u00fchitsused. Valgustumisteekond \u2013 p\u00fchitsuste eri astmed. Vanast maatriksist v\u00e4ljaliikumine.&nbsp;<strong>Taro Suur Ring \u2013 p\u00f5hjalik elusuundade vaatamine Taro kaartidega.<\/strong>&nbsp;<mark><strong>5.12&nbsp;<\/strong>\u2013kahanev kuu<\/mark><\/p>\n\n\n\n<p>5.&nbsp;<strong><mark style=\"background-color:rgba(0, 0, 0, 0)\" class=\"has-inline-color has-vivid-cyan-blue-color\">Tegutsemine uues energias \u2013 \u00fcmberl\u00fclitus inim-mina \u00fcliaktiivsususest ja kontrollist (egost) kantusesse \u2013 Universumiga koosloomisesse<\/mark> \u2013&nbsp;<\/strong>Muutused \u2013 k\u00f5rgem juhatus. Kiire elu \u00f5ppetund, kuidas sellest v\u00e4ljatulla. Aktiivsuse ja passiivsuse tasakaalustamine. Nais- ja meesenergia koost\u00f6\u00f6. Ego transformatsioon t\u015bakrate kaupa.&nbsp;<strong>Reiki II aste v\u00f5i v\u00e4ge aktiveeriv p\u00fchitsus uute valguskoodide allalaadimisega.<\/strong>&nbsp;<strong><mark>16.01.27 \u2013 <\/mark><\/strong><mark>kasvav kuu&nbsp;<\/mark><\/p>\n\n\n\n<p>6.&nbsp;<strong><mark style=\"background-color:rgba(0, 0, 0, 0)\" class=\"has-inline-color has-vivid-cyan-blue-color\">K\u00f5rgemate energiatekaasamine igap\u00e4evaellu ja loomisprotsessi. Koost\u00f6\u00f6 Vaimse maailmaga<\/mark> \u2013&nbsp;<\/strong>Lahusteadvusest v\u00e4ljatulek. Kuidas vabaneda hirmust. Kuidas j\u00f5uda t\u00f5eni. Koost\u00f6\u00f6 vaimse maailmaga. \u00dclest\u00f5usnud meistrite v\u00e4e kutsumine, inglite palumine. Kosmiline Ema. Mahatma energia.&nbsp;<strong>Loomise saladused: Erinevad abivahendid ja s\u00fcmbolid, mida saame loomisel kasutada. Astroloogilise ratta valmistamine ja kasutamine.<\/strong>&nbsp;<mark><strong>13.02.27 \u2013 <\/strong>kasvav kuu<\/mark><\/p>\n\n\n\n<p>7.&nbsp;<strong><mark style=\"background-color:rgba(0, 0, 0, 0)\" class=\"has-inline-color has-vivid-cyan-blue-color\">\u00dcleminek uude kuldajastusse&nbsp;<\/mark><\/strong>\u2013 \u00dcleminek aastatel 2012-2032. Senised kuldajastud Maal -Atlantis, Lemuuria, H\u00fcperborea. Iidsetest kuldajastutest p\u00e4rit tervendusmeetodid ja praktikad. \u00dclemineku tegemine koosk\u00f5las praeguste energiatega. Maisuse ja vaimsuse \u00fchendamine. Horisontaalne ja vertikaalne elutasand. Kuidas hakata kogema kuldajastut oma elus? Teadvustasandi t\u00f5stmine \u2013 kogemuse muutumine.&nbsp;<strong>Loomine kasutades Kuldajastu energiaid ja iidseid s\u00fcmboleid (Angala, Siiriuse tarkus, Lemuuria kristallid, aura joonistamine, geomeetrilised kujundid). Uue loomine Noorkuu aegu.<\/strong>&nbsp;<strong><mark>13.03.27<\/mark><\/strong><\/p>\n\n\n\n<p>8.<mark style=\"background-color:rgba(0, 0, 0, 0)\" class=\"has-inline-color has-vivid-cyan-blue-color\">&nbsp;<strong>K\u00fcllusteadvuse aktiveerimine <\/strong><\/mark><strong>\u2013&nbsp;<\/strong>Mis on k\u00fcllus? Puudusteadvus ja k\u00fcllusteadvus. \u00dcmberl\u00fclitus puudusteadvuselt k\u00fcllusteadvusele. K\u00fcllus = Armastus\/Suhe. V\u00f5ti k\u00fclluse juurde. Rituaal k\u00fcllusvoo avamiseks. N\u00e4pun\u00e4ited kuidas navigeerida 3D ja 5D vahel, nii et toimuks v\u00f5rdne energiavahetus.<strong>K\u00fclluse rituaal Kasvava Kuu aegu-&nbsp;<\/strong><em><strong>\u00dcmberl\u00fclitus puudusteadvuselt k\u00fcllusteadvusele.<\/strong><\/em><mark><strong>&nbsp;17.04.27 \u2013 <\/strong><\/mark>kasvav kuu<\/p>\n\n\n\n<p>9.&nbsp;<strong><mark style=\"background-color:rgba(0, 0, 0, 0)\" class=\"has-inline-color has-vivid-cyan-blue-color\">Vanast s\u00fcsteemienergiast ja egregoridest lahti\u00fctlemine. Illusioonidest vabanemine<\/mark> \u2013<\/strong>Erinevad illusioonid vanas maailmas, kuidas nendest vabaneda. Erinevad eluts\u00fcklid \u2013 erinevad hinge\u00fclesanded kehastuses (vastavalt hinge vanusele,+ kehastuse elueale). J\u00e4rkj\u00e4rguline avardumine ja illusioonidest vabanemine sageduse t\u00f5ustes.&nbsp;<strong>Hinge\u00fclesannete v\u00e4ljaselgitamise praktikad meditatsiooni, pendli ja Taro abil. Loomine T\u00e4iskuu aegu.<\/strong>&nbsp;<strong><mark>22.05<\/mark><\/strong><mark>.<strong>27<\/strong><\/mark><strong><mark>\u2013 <\/mark><\/strong><mark>t\u00e4iskuu<\/mark><\/p>\n\n\n\n<p>10.<mark style=\"background-color:rgba(0, 0, 0, 0)\" class=\"has-inline-color has-vivid-cyan-blue-color\">&nbsp;<strong>Kosmilisse valgusv\u00f5rgustikku \u00fchendumine, endas Loojateadvuse \u00e4ratamine <\/strong><\/mark><strong>\u2013&nbsp;<\/strong>Mida t\u00e4hendab elamine horisontaalsel v\u00f5i vertikaalsel eluteljel, kuidas l\u00fclituda \u00fcmber vertikaalsele eluteljele. Loomise erinevused vanas- ja uues energias.&nbsp;<strong>Loomise saladused uues energias<\/strong>, selle alused ja olulised komponendid. Teadvuse avardumine \u2013 k\u00f5rgematesse dimensioonidesse laienemine. R\u00f5\u00f5mus loomine. Sakraalt\u015bakra ja nabat\u015bakra \u2013 meie loomiskeskused, nende puhastamine. S\u00f5nade t\u00e4hendus loomisel.Feng Shui t\u00e4htsus loomisel.&nbsp;<strong>Energiamaal.<\/strong>&nbsp;<strong><mark>12.06.27 \u2013 <\/mark><\/strong><mark>kasvav kuu<\/mark>&nbsp;<\/p>\n\n\n\n<p><strong><mark>\u00d5ppekava sisaldab mitmeid loomisrituaale \u00f5ige kuuseisu ajal<\/mark><\/strong>, seep\u00e4rast on see s\u00e4titud kuu j\u00e4rgi.<\/p>\n\n\n\n<p><a href=\"https:\/\/vaimnemaailm.ee\/www\/vaimsete-teadmiste-kool-ii-aste-ajakava\/\"> 2025. a. septembris alustanud gruppide ajakava vaata siit:<\/a><\/p>\n\n\n\n<p>Praegusel ajal laskuvad Maale v\u00f5imsad k\u00f5rgsageduslikud energiad, mis suunavad inimkonna \u00fclest\u00f5usu uude kuldajastusse. Paljud hinged, kes ei suuda p\u00fcsida v\u00e4hemalt 4D sageduses, omandada elementaarseid vaimseid teadmisi ja olla avatud s\u00fcdamega, valivad planeedilt lahkumise ega tee \u00fcleminekut kaasa. Need aga, kes on valinud \u00fcleminekuga kaasa minna, peavad tegema l\u00e4bi p\u00f5hjaliku transformatsiooni ja oluliselt t\u00f5stma oma sagedust.<\/p>\n\n\n\n<p>Et saaksime voolata vabalt ja kergelt kaasa uute k\u00f5rgemate energiatega, teha \u00fclemineku l\u00e4bi ja hakata kogema oma elus \u201ckuldajastu sagedust\u201d, peame \u00fchendama ennast lahti vanast maatriksist \u2013 k\u00f5igist nendest uskumustest, k\u00e4itumisviisidest, prioriteetidest, eesm\u00e4rkidest, eluviisist, ootustest, mida vana s\u00fcsteem sisaldab, peame loobuma vajadusest ja paljus ka harjumusest kuuluda vanas energias gruppidesse \u2013 egregoridesse, lahti laskma v\u00e4lise maailma ja teiste inimeste \u00fclet\u00e4htsustamisest ning saama unikaalseks iseendaks, kes on vaba ja k\u00f5igutamatu, juhindub vaid iseenda t\u00f5est ja julgeb ka oma unikaalses t\u00f5es elada.<\/p>\n\n\n\n<p>Kosmilised energiad toetavad ja suunavad meie \u00fcmberh\u00e4\u00e4lestust. Meie kehad ja energiav\u00e4ljad peavad puhastuma vanadest tihedatest energiatest, see ei ole enamasti meeldiv protsess ja toob kaasa f\u00fc\u00fcsilisi h\u00e4ireid, vaevusi. S\u00f5ltuvalt sellest, kes kus oma arengutega on, v\u00f5ivad s\u00fcmptomid olla eri raskusastmega, kuid parim mida enda heaks teha saame, on pidevalt kuulata oma keha ja m\u00e4rgata enesetunnet \u2013 just keha juhatab k\u00e4tte selle valdkonna, mis on parajasti k\u00e4imasolevate protsesside keskmes. V\u00f5ttes oma transformatsiooni t\u00e4ie teadlikkusega vastu, saad oluliselt kergendada ja kiirendada toimuvaid muutusi, suunates t\u00e4helepanu just nendele eluvaldkondadele, kus on parajasti k\u00f5ige rohkem meelemuutusi teha vaja.<\/p>\n\n\n\n<p>Kursus sisaldab juhtn\u00f6\u00f6re ja meditatsioone, mis aitavad sul l\u00e4bida oma isiklikku \u00fcleminekut uude energiasse: teha vajalikke vaatenurgamuutusi, et saaksid hakata kogema oma igap\u00e4evaelu k\u00f5rgemas ja kergemas sageduses, \u00fchendada ennast lahti vanast illusioonimaailmast &#8211; maatriksist \u2013 s\u00fcsteemienergiast, joonduda \u00fcha enam oma unikaalse t\u00f5ega ja hakata elama sellest l\u00e4htuvalt, tunda endas \u00e4ra see v\u00f5imas Loojateadvusega Jumalik Olend, kes sa tegelikult oled ning hakata looma koost\u00f6\u00f6s Vaimse Maailmaga uut reaalsust \u2013 uut kuldajastut.<\/p>\n\n\n\n<p><strong>II astme koolitusele registreerumiseks<\/strong>&nbsp;saada meil liina@vaimnemaailm.ee ja tasu koha kinnituseks ettemaks 110 EUR Vaimne Maailm O\u00dc pangakontole  EE662200221049242077.<br>Ettemaksu tasudes kinnitad endale koha grupis + hiljemalt kuu aega enne esimest kohtumiskorda saad k\u00e4tte kursuse esimese \u2013 teoreetilise osa. Kursusele mittetulemise korral ettemaksu ei tagastata!<\/p>\n\n\n\n<p>10-kuu jooksul aset leidva \u00f5ppeaasta kogumaksumus&nbsp;<strong>ette tasudes<\/strong>&nbsp;1010 EUR<\/p>\n\n\n\n<ol class=\"wp-block-list\">\n<li>juulini registreerumisel ettemaksu 110 EUR tasujatele hinasoodustus 910 EUR \u00f5ppeaasta, tasudes kogu \u00f5ppeaasta eest ette 1. kohtumiskorral.<\/li>\n<\/ol>\n\n\n\n<p><strong>Iga kord eraldi tasudes<\/strong>&nbsp;1 kord 110 EUR, nii et 110 EUR registreerumise ettemaks j\u00e4\u00e4b j\u00e4rgmiseks korraks ette, see tasaarveldub viimase korraga juunis. Kokku 1100 EUR \u00f5ppeaasta maksumus.<\/p>\n\n\n\n<p>Enne 1 juulit registreerujatele ja ettemaksu 110 EUR tasujatele hinnasoodustus: iga kord eraldi tasudes 105 EUR kord (\u00f5ppeaasta kogumaksumus 1055 EUR) v\u00f5i kogu \u00f5ppeaasta eest ette 910 EUR, (muidu tavahind 1100 EUR).<\/p>\n\n\n\n<p><strong>Hind sisaldab:<\/strong><\/p>\n\n\n\n<ol class=\"wp-block-list\">\n<li>10 praktikumi Tartus<\/li>\n\n\n\n<li>teoreetilist osa,<\/li>\n\n\n\n<li>meditatsioone mp3 failidel<\/li>\n\n\n\n<li>Reiki 2. astme p\u00fchitust v\u00f5i aktiveerivat p\u00fchitsust, juhul kui sul Reiki p\u00fchitsus juba on<\/li>\n\n\n\n<li>t\u00f6\u00f6vahendeid energiamaali tegemiseks<\/li>\n<\/ol>\n\n\n\n<p>Juhendab Liina Kaumann<\/p>\n","protected":false},"excerpt":{"rendered":"<p>\u00dcleminek k\u00f5rgemasse energiasse. Endas Loojateadvuse \u00e4ratamine. Kuldajastu kogemuse loomine. Uus grupp alustab 12.09.26 Registreeru aegsasti, grupp on v\u00e4ike, vaid 6 kohta, hetkel veel vabad 4 Vaimste Teadmiste Kooli II astme kursus on m\u00f5eldud neile, kes juba on kursis vaimse maailma p\u00f5hit\u00f5dedega ning on ka omandanud m\u00f5ningaid praktilisi oskusi (mediteerimine; kanaldamine &#8211; kas otse oma K\u00f5rgema &hellip; <\/p>\n<p class=\"link-more\"><a href=\"https:\/\/vaimnemaailm.ee\/www\/vaimsete-teadmiste-kool-ii-aste-2\/\" class=\"more-link\">Loe edasi<span class=\"screen-reader-text\"> &#8220;Vaimsete Teadmiste Kool II aste&#8221;<\/span><\/a><\/p>\n","protected":false},"author":2,"featured_media":0,"parent":0,"menu_order":0,"comment_status":"closed","ping_status":"closed","template":"","meta":{"footnotes":""},"class_list":["post-4332","page","type-page","status-publish","hentry"],"_links":{"self":[{"href":"https:\/\/vaimnemaailm.ee\/www\/wp-json\/wp\/v2\/pages\/4332","targetHints":{"allow":["GET"]}}],"collection":[{"href":"https:\/\/vaimnemaailm.ee\/www\/wp-json\/wp\/v2\/pages"}],"about":[{"href":"https:\/\/vaimnemaailm.ee\/www\/wp-json\/wp\/v2\/types\/page"}],"author":[{"embeddable":true,"href":"https:\/\/vaimnemaailm.ee\/www\/wp-json\/wp\/v2\/users\/2"}],"replies":[{"embeddable":true,"href":"https:\/\/vaimnemaailm.ee\/www\/wp-json\/wp\/v2\/comments?post=4332"}],"version-history":[{"count":4,"href":"https:\/\/vaimnemaailm.ee\/www\/wp-json\/wp\/v2\/pages\/4332\/revisions"}],"predecessor-version":[{"id":4341,"href":"https:\/\/vaimnemaailm.ee\/www\/wp-json\/wp\/v2\/pages\/4332\/revisions\/4341"}],"wp:attachment":[{"href":"https:\/\/vaimnemaailm.ee\/www\/wp-json\/wp\/v2\/media?parent=4332"}],"curies":[{"name":"wp","href":"https:\/\/api.w.org\/{rel}","templated":true}]}}