{"id":4203,"date":"2025-10-03T16:40:50","date_gmt":"2025-10-03T13:40:50","guid":{"rendered":"https:\/\/vaimnemaailm.ee\/www\/?page_id=4203"},"modified":"2025-10-03T16:40:50","modified_gmt":"2025-10-03T13:40:50","slug":"hingeteega-joondumine-eluulesanne-hingekokkulepped-hingesidemed-kaksikleegid","status":"publish","type":"page","link":"https:\/\/vaimnemaailm.ee\/www\/hingeteega-joondumine-eluulesanne-hingekokkulepped-hingesidemed-kaksikleegid\/","title":{"rendered":"Hingeteega joondumine \u2013 \u00a0elu\u00fclesanne, hingekokkulepped, hingesidemed,\u00a0kaksikleegid"},"content":{"rendered":"\n<p><strong>29.11.25 kell 11-17.30<\/strong> Tartus  kohapeal v\u00f5i e-kursusena<\/p>\n\n\n<div class=\"wp-block-image\">\n<figure class=\"alignright size-large is-resized\"><img loading=\"lazy\" decoding=\"async\" width=\"774\" height=\"1024\" src=\"https:\/\/vaimnemaailm.ee\/www\/wp-content\/uploads\/2025\/08\/IMG_20250802_185400-774x1024.jpg\" alt=\"\" class=\"wp-image-4173\" style=\"width:334px;height:auto\" srcset=\"https:\/\/vaimnemaailm.ee\/www\/wp-content\/uploads\/2025\/08\/IMG_20250802_185400-774x1024.jpg 774w, https:\/\/vaimnemaailm.ee\/www\/wp-content\/uploads\/2025\/08\/IMG_20250802_185400-227x300.jpg 227w, https:\/\/vaimnemaailm.ee\/www\/wp-content\/uploads\/2025\/08\/IMG_20250802_185400-768x1016.jpg 768w, https:\/\/vaimnemaailm.ee\/www\/wp-content\/uploads\/2025\/08\/IMG_20250802_185400-1161x1536.jpg 1161w, https:\/\/vaimnemaailm.ee\/www\/wp-content\/uploads\/2025\/08\/IMG_20250802_185400-1548x2048.jpg 1548w, https:\/\/vaimnemaailm.ee\/www\/wp-content\/uploads\/2025\/08\/IMG_20250802_185400-scaled.jpg 1934w\" sizes=\"auto, (max-width: 767px) 89vw, (max-width: 1000px) 54vw, (max-width: 1071px) 543px, 580px\" \/><\/figure>\n<\/div>\n\n\n<p>Mis on sinu k\u00e4esoleva elu K\u00f5rgem Plaan? Milliseid hingekokkuleppeid oled s\u00f5lminud, \u00fclesandeid oled tulnud t\u00e4itma, \u00f5ppetunde omandama? Kes on sinu hingeperekond, hingesugulased, \u00fclesandekaaslased, kaksikleek? Milline v\u00f5iks olla sinu unikaalne \u00fclesanne hingepere \u00fchises missioonis? Kuidas saaksid k\u00e4ia oma hingeteed parimal moel?<\/p>\n\n\n\n<p>K\u00f5ik suhted meie elus tekivad vastavalt erinevatele kokkulepetele, mille oleme s\u00f5lminud enne kehastumist, viibides hinge tasandil, kus teeme plaane, valime endale \u00fclesandeid ja v\u00e4ljakutseid, niisamuti valime endale kaaslasi eri eluperioodideks, eri \u00fclesannete t\u00e4itmiseks, valime endale vanemad, sugulased, partnerid armastuseks, pere loomiseks, koos kasvamiseks&#8230; Samas meil on vaba tahte planeet, meil on ka valikuvabadus oma kokkulepetest taganeda, selleks puhuks oleme s\u00f5lminud tagavarakokkulepped, mis aktiveeruvad sel juhul, kui esimese ringi kokkulepped t\u00fchistatakse.<\/p>\n\n\n\n<p>Maise elu eesm\u00e4rk laiemas m\u00f5ttes on meil k\u00f5igil \u00fcks: kogeda, areneda, valgustuda ja oma valgust siia maailma kanda. Samas on meil k\u00f5igil ka oma unikaalne ja isiklik elueesm\u00e4rk, m\u00f5ni eriline anne v\u00f5i oskus, mida kasutades saame t\u00e4ita oma osa suurest terviklikust valgusmustrist. Enne maale kehastumist, eludevahelisel perioodil hingetasandil viibides, valib hing endale suuremad ja v\u00e4iksemad \u00fclesanded, \u00f5ppetunnid, v\u00e4ljakutsed, eesm\u00e4rgid tulevaseks eluks. \u00dche hingepere liikmetel on enamasti sarnast t\u00fc\u00fcpi v\u00e4ljakutsed ja \u00fclesanded, \u00fchine missioon. Hingepere liikmed on l\u00e4hedased hinged, kellel on sarnane energia ja kes on omavahel tihedalt seotud. Hingeperekond liigub valgustumise suunas koos, pere edasij\u00f5udnumad liikmed ootavad j\u00e4rgi ja abistavad energeetiliselt mahaj\u00e4\u00e4numaid, seega sul on v\u00f5imalik paluda endale taotluse teel appi sinu hingepere arenenumaid liikmed, et nad juhendaksid sind sinu isiklikus valgustumisprotsessis.<\/p>\n\n\n\n<p>Meil mitmeid hingesugulasi \u2013 osad on l\u00e4hedasemad, osad veidi v\u00e4hem l\u00e4hedased. \u00dchte hingeperesse kuuluvad hinged on sarnase energiaga ja omavahel tihedamas \u00fchenduses. <\/p>\n\n\n\n<p>Luues teadliku \u00fchenduse oma hingeperekonnaga, saate valgustumisteekonnal \u00fcksteist toetada, nii p\u00e4\u00e4sed ligi nende hingede tarkusele ja v\u00e4ele, kes on sinust eespool ja nad on sinu jaoks nagu laternahoidjad, kes juhivad su teekonda vaimsest maailmast, samuti hakkad ligi t\u00f5mbama ka kehastunud hingesugulasi oma f\u00fc\u00fcsilisse reaalsusse, et jagada oma kasvuprotsessi.<\/p>\n\n\n\n<p><strong>Teoreetiline osa<\/strong>&nbsp;meilile iseseisvaks l\u00e4bit\u00f6\u00f6tamiseks enne praktikumi!<\/p>\n\n\n\n<p>29. novembril Tartus\u00a0<strong>prakikum:<\/strong><\/p>\n\n\n\n<ol class=\"wp-block-list\"><\/ol>\n\n\n\n<ol class=\"wp-block-list\">\n<li>Meditatsioon \u201cElu\u00fclesande avastamine\u201d. Elu\u00fclesande mandala loomine ja kasutamine. Meditatsioon &#8220;Elu\u00fclesande lainele h\u00e4\u00e4lestumine.<\/li>\n\n\n\n<li>L\u00f5unapaus 14-15.30<\/li>\n\n\n\n<li>15.30 \u2013 Meditatsioonid: \u201cHingega joondumine, r\u00e4nnak kehastumiseelsesse perioodi, \u00fclesandekaaslaste, hingesugulaste, juhendajatega kohtumine, hingekokkulepetest teadlikuks saamine.\u201d<\/li>\n<\/ol>\n\n\n\n<p><strong>Kursuse v\u00e4\u00e4rtus 110 EUR<\/strong>, hinna sees ka mp3 failil m\u00f5lemad paktikumis tegemisele tulevad juhtud meditatsioonid + lisaks meditatsioonid mp3-l iseseisvaks t\u00f6\u00f6ks: \u201cHingeperekonna ringi \u00fchendumine, hinge tervendamine ja hingeperekonna \u00fchise \u00fclesande vastuv\u00f5tmine\u201dja \u201cKaksikleegi energiaga \u00fchinemine -oma hinge 2 vastandpolaarsuse kokkutoomine\u201d, mille saad endale allaadida ja korduvalt kasutada! <\/p>\n\n\n\n<p>Vajalik eelregistreerumine ning tagastamatu ettemaksu 70 EUR tasumine Vaimne Maailm O\u00dc pangakontole EE662200221049242077. V\u00e4ike grupp!<\/p>\n\n\n\n<p>Ettemaksu tasudes kinnitad endale koha grupis + saad k\u00e4tte kursuse esimese \u2013 teoreetilise osa. Kursusele mittetulemise korral ettemaksu ei tagastata, kuid on v\u00f5imalik l\u00e4bida kursus iseseisvalt mp3 failide ja video abil !<\/p>\n\n\n\n<p>Juhendab Liina Kaumann<\/p>\n\n\n\n<p><\/p>\n","protected":false},"excerpt":{"rendered":"<p>29.11.25 kell 11-17.30 Tartus kohapeal v\u00f5i e-kursusena Mis on sinu k\u00e4esoleva elu K\u00f5rgem Plaan? Milliseid hingekokkuleppeid oled s\u00f5lminud, \u00fclesandeid oled tulnud t\u00e4itma, \u00f5ppetunde omandama? Kes on sinu hingeperekond, hingesugulased, \u00fclesandekaaslased, kaksikleek? Milline v\u00f5iks olla sinu unikaalne \u00fclesanne hingepere \u00fchises missioonis? Kuidas saaksid k\u00e4ia oma hingeteed parimal moel? K\u00f5ik suhted meie elus tekivad vastavalt erinevatele kokkulepetele, &hellip; <\/p>\n<p class=\"link-more\"><a href=\"https:\/\/vaimnemaailm.ee\/www\/hingeteega-joondumine-eluulesanne-hingekokkulepped-hingesidemed-kaksikleegid\/\" class=\"more-link\">Loe edasi<span class=\"screen-reader-text\"> &#8220;Hingeteega joondumine \u2013 \u00a0elu\u00fclesanne, hingekokkulepped, hingesidemed,\u00a0kaksikleegid&#8221;<\/span><\/a><\/p>\n","protected":false},"author":2,"featured_media":0,"parent":0,"menu_order":0,"comment_status":"closed","ping_status":"closed","template":"","meta":{"footnotes":""},"class_list":["post-4203","page","type-page","status-publish","hentry"],"_links":{"self":[{"href":"https:\/\/vaimnemaailm.ee\/www\/wp-json\/wp\/v2\/pages\/4203","targetHints":{"allow":["GET"]}}],"collection":[{"href":"https:\/\/vaimnemaailm.ee\/www\/wp-json\/wp\/v2\/pages"}],"about":[{"href":"https:\/\/vaimnemaailm.ee\/www\/wp-json\/wp\/v2\/types\/page"}],"author":[{"embeddable":true,"href":"https:\/\/vaimnemaailm.ee\/www\/wp-json\/wp\/v2\/users\/2"}],"replies":[{"embeddable":true,"href":"https:\/\/vaimnemaailm.ee\/www\/wp-json\/wp\/v2\/comments?post=4203"}],"version-history":[{"count":3,"href":"https:\/\/vaimnemaailm.ee\/www\/wp-json\/wp\/v2\/pages\/4203\/revisions"}],"predecessor-version":[{"id":4213,"href":"https:\/\/vaimnemaailm.ee\/www\/wp-json\/wp\/v2\/pages\/4203\/revisions\/4213"}],"wp:attachment":[{"href":"https:\/\/vaimnemaailm.ee\/www\/wp-json\/wp\/v2\/media?parent=4203"}],"curies":[{"name":"wp","href":"https:\/\/api.w.org\/{rel}","templated":true}]}}