{"id":4040,"date":"2025-06-12T15:22:56","date_gmt":"2025-06-12T12:22:56","guid":{"rendered":"https:\/\/vaimnemaailm.ee\/www\/?page_id=4040"},"modified":"2025-08-18T08:33:02","modified_gmt":"2025-08-18T05:33:02","slug":"elu-korgema-minana-kogemustasandi-tostmine","status":"publish","type":"page","link":"https:\/\/vaimnemaailm.ee\/www\/elu-korgema-minana-kogemustasandi-tostmine\/","title":{"rendered":"Elu K\u00f5rgema Minana &#8211; kogemustasandi t\u00f5stmine"},"content":{"rendered":"\n<p><strong>6. sept, 4. okt, 1. nov.  ja 29. nov. kell 11-17.30<\/strong> Tartus neljal laup\u00e4eval<\/p>\n\n\n<div class=\"wp-block-image\">\n<figure class=\"alignright size-large is-resized\"><img loading=\"lazy\" decoding=\"async\" width=\"1024\" height=\"759\" src=\"https:\/\/vaimnemaailm.ee\/www\/wp-content\/uploads\/2025\/08\/Korgema-energia-allatoomine-1024x759.jpg\" alt=\"\" class=\"wp-image-4177\" style=\"width:378px;height:auto\" srcset=\"https:\/\/vaimnemaailm.ee\/www\/wp-content\/uploads\/2025\/08\/Korgema-energia-allatoomine-1024x759.jpg 1024w, https:\/\/vaimnemaailm.ee\/www\/wp-content\/uploads\/2025\/08\/Korgema-energia-allatoomine-300x222.jpg 300w, https:\/\/vaimnemaailm.ee\/www\/wp-content\/uploads\/2025\/08\/Korgema-energia-allatoomine-768x570.jpg 768w, https:\/\/vaimnemaailm.ee\/www\/wp-content\/uploads\/2025\/08\/Korgema-energia-allatoomine-1536x1139.jpg 1536w, https:\/\/vaimnemaailm.ee\/www\/wp-content\/uploads\/2025\/08\/Korgema-energia-allatoomine-2048x1519.jpg 2048w\" sizes=\"auto, (max-width: 767px) 89vw, (max-width: 1000px) 54vw, (max-width: 1071px) 543px, 580px\" \/><\/figure>\n<\/div>\n\n\n<p>Oled oodatud liituma 4-osalise kursusega, kus omandad teadmised ja oskused, mis annavad Sulle vabaduse ja suutlikkuse  hakata juhtima oma elu iseenda K\u00f5rgema Minana. Sinu kogemustasand t\u00f5useb m\u00e4rkimisv\u00e4\u00e4rselt, kui oskad vaadata oma igap\u00e4evaelu v\u00e4ljakutseid k\u00f5rgemast perspektiivist &#8211; n\u00f6 lugeda &#8220;oma elu peeglit&#8221;, teadvustad, v\u00f5tad vastutuse ja muudad, tervendad, korrigeerid Ise, oma K\u00f5rgema MInana seda mis vaja.  See t\u00e4hendab, et hakkad K\u00f5rgema Minana oma elu Valitsema. Et saaksid hakata kogema elu K\u00f5rgema Minana, tuleb Sul tulla k\u00f5igepealt v\u00e4lja enda samastamisest oma madalama, ehk siis Inim-minaga, kes toimib oma lahendamata traumade, l\u00e4bikogemata emotsioonide ja hirmude p\u00f5hiselt. Seep\u00e4rast alustame oma emotsionaalsest tasandist. <\/p>\n\n\n\n<h4 class=\"wp-block-heading\"><strong><mark style=\"background-color:rgba(0, 0, 0, 0)\" class=\"has-inline-color has-black-color\"> <\/mark>1. OSA:  6.09 .25&nbsp;&nbsp;kell 11-17.30<mark style=\"\" class=\"has-inline-color has-vivid-cyan-blue-color\"> <\/mark><\/strong><mark style=\"background-color:rgba(0, 0, 0, 0)\" class=\"has-inline-color has-luminous-vivid-orange-color\"><strong style=\"background-color: rgba(0, 0, 0, 0);\">Emotsionaalne tasand <\/strong>&#8211;&nbsp;<strong style=\"background-color: rgba(0, 0, 0, 0);\">terviklik tervenemine<\/strong><strong>. a<\/strong><strong style=\"background-color: rgba(0, 0, 0, 0);\">lateadvuse \u00fcmberprogrammeerimine<\/strong>&nbsp;&#8211;<\/mark><\/h4>\n\n\n\n<p>\u00d5pid vabastama vanu traumaatilisi emotsionaalseid laenguid ja kogema edaspidi emotsioone vabalt ja loomulikult, kustutama oma alateadvusest vanu piiravaid uskumusi ja tegema seal vajalikke \u00fcmberkorraldusi, et hakata kogema elu uuel k\u00f5rgemal tasandil.<\/p>\n\n\n\n<ol class=\"wp-block-list\">\n<li>Meditatsioon \u201cOma elu peegli lugemine\u201d<\/li>\n\n\n\n<li>Emotsioonide, traumade, uskumuste vabastamine<\/li>\n\n\n\n<li>L\u00f5unapaus 14-15.30<\/li>\n\n\n\n<li>15.30 \u2013 Meditatsioon  \u201eAlateadvuse muutmine\u201d<\/li>\n\n\n\n<li>Alateadvuse muutmise praktika<\/li>\n<\/ol>\n\n\n\n<h4 class=\"wp-block-heading\"><strong>2. OSA:<\/strong> <strong>4.10.25,&nbsp;<\/strong>kell 11-17.30&nbsp;<mark style=\"background-color:rgba(0, 0, 0, 0)\" class=\"has-inline-color has-luminous-vivid-orange-color\"><strong>Kanaldamine K\u00f5rgema Mina kaudu ja abivahendiga \u2013 N\u00e4iteks:Taro, inglikaardid, kanaldatud s\u00f5numid<\/strong> &#8211; <\/mark><\/h4>\n\n\n\n<p>\u00d5pid t\u00f5stma oma teadvustasandit, et luua ise \u00fchendus puhta teadlikkusega ja saada sealt vastuseid oma k\u00fcsimustele. \u00d5pid ka seda infot t\u00f5lgendama ja kasutama. Kuna kanaldame l\u00e4bi omaenda K\u00f5rgema Mina \/Jumaliku Mina, siis on see meetod ohutu! Selleks, et k\u00e4ia omaenda thingeteed, teha just seda, mis on sinu jaoks \u00f5ige, just endalesobival parimal viisil, on vajalik \u00f5ppida usaldama iseennast ning seda infot, mis tuleb sinu enda l\u00e4bi, sinu enda otse\u00fchendusest puhta teadlikkusega, mitte aga l\u00e4bi kellegi teise filtri. <\/p>\n\n\n\n<ol class=\"wp-block-list\">\n<li>Meditatasioon \u201eHinge ja Vaimuga \u00fchinemine. Jumaliku Mina seisundisse minek\u201d<\/li>\n\n\n\n<li>Kanaldamine iseendale, grupiga kanaldamine, teisele kanaldamine<\/li>\n\n\n\n<li>L\u00f5unapaus 14-15.30<\/li>\n\n\n\n<li>15.30 -Kanaldamine abivahendiga \u2013 TARO<\/li>\n<\/ol>\n\n\n\n<h4 class=\"wp-block-heading\"><strong>3. OSA: 1.11.25 &nbsp;<\/strong>kell 11-17.30&nbsp;<mark style=\"background-color:rgba(0, 0, 0, 0)\" class=\"has-inline-color has-luminous-vivid-orange-color\"><strong>Aka\u015bi kroonikate lugemine ja \u00fcmberkirjutamine. Eelmised elud, karma, suguv\u00f5sa mustrid<\/strong>, <strong>ema ja isaliini puhastus<\/strong> &#8211; <\/mark><\/h4>\n\n\n\n<p>\u00d5pid looma \u00fchendust Aka\u015bi kroonikate vibratsioonilise infov\u00e4ljaga kus peitub igavikuline informatsioon absoluutselt k\u00f5ige kohta &#8211; nii meie isiklike elude, karma, vaimse kasvu ja elueesm\u00e4rkide kohta kui ka laiemalt Universumi toimimise kohta. Me salvestame igal hetkel oma kroonikaid, kas siis teadlikult v\u00f5i vaikimisi, \u00f5ppides oma m\u00f5tteid, tegusid, kavatsusi teadlikult salvestama, koosk\u00f5lastad ja lood uued Tuleviku Kroonikad ja t\u00f5stad oma elu t\u00f5elist kvaliteeti. Aka\u015bi kroonikaid v\u00f5ib nimetada ka sinu hinge kaardiks, sest need n\u00e4itavad t\u00e4pselt, kust sa tuled, kus asub praegu ja kuhu oled teel. Vaadates oma eelmiste elude salvestisi, \u00f5ppetunde, m\u00f5istad paremini mida teha k\u00e4esolevas hetkes, et luua r\u00f5\u00f5msam ja k\u00fclluslikum tulevik.<\/p>\n\n\n\n<ol class=\"wp-block-list\">\n<li>Meditatsioonid \u201cAka\u015bi kroonikate lugemine ja \u00fcmberkirjutamine (korduvad mustrid, karma, eelmised elud)\u201d, muutuse kinnistamine tervendava unikaalse valgusmustri loomisega.<\/li>\n\n\n\n<li>L\u00f5unapaus 14-15.30<\/li>\n\n\n\n<li>15.30 \u2013 Meditatsioon \u201cEma ja isaliini puhastamine. Kuldajastu esivanematega \u00fchenduse loomine suguv\u00f5sa karma l\u00f5petamine\u201d<\/li>\n<\/ol>\n\n\n\n<h4 class=\"wp-block-heading\"><strong>4. OSA: 29.11.25&nbsp;<\/strong>kell 11-17.30&nbsp;<mark style=\"background-color:rgba(0, 0, 0, 0)\" class=\"has-inline-color has-luminous-vivid-orange-color\"><strong>Hingeteega joondumine \u2013 &nbsp;elu\u00fclesanne, hingekokkulepped, hingesidemed<\/strong>,<strong>&nbsp;kaksikleegid<\/strong> &#8211; <\/mark><\/h4>\n\n\n\n<p>Mis on sinu k\u00e4esoleva elu K\u00f5rgem Plaan? Milliseid hingekokkuleppeid oled s\u00f5lminud, \u00fclesandeid oled tulnud t\u00e4itma, \u00f5ppetunde omandama? Kes on sinu hingeperekond, hingesugulased, \u00fclesandekaaslased, kaksikleek? Milline v\u00f5iks olla sinu unikaalne \u00fclesanne hingepere \u00fchises missioonis? Kuidas saaksid k\u00e4ia oma hingeteed parimal moel?<\/p>\n\n\n\n<ol class=\"wp-block-list\">\n<li>Meditatsioon \u201cElu\u00fclesande avastamine\u201d. Elu\u00fclesande mandala loomine ja kasutamine. Meditatsioon &#8220;Elu\u00fclesande lainele h\u00e4\u00e4lestumine.<\/li>\n\n\n\n<li>L\u00f5unapaus 14-15.30<\/li>\n\n\n\n<li>15.30 \u2013 Meditatsioonid: \u201cHingega joondumine, r\u00e4nnak kehastumiseelsesse perioodi, \u00fclesandekaaslaste, hingesugulaste, juhendajatega kohtumine, hingekokkulepetest teadlikuks saamine.\u201d Lisaks meditatsioonid mp3-l iseseisvaks t\u00f6\u00f6ks: \u201cHingeperekonna ringi \u00fchendumine, hinge tervendamine ja hingeperekonna \u00fchise \u00fclesande vastuv\u00f5tmine\u201dja \u201cKaksikleegi energiaga \u00fchinemine -oma hinge 2 vastandpolaarsuse kokkutoomine\u201d<\/li>\n<\/ol>\n\n\n\n<p>Lisaks nendele praktikumidele sisaldab kursus <strong>teoreetilist osa meilile ja meditatsioone mp3 failidel isesesvaks t\u00f6\u00f6ks kohtumiste vahepeal!<\/strong><\/p>\n\n\n\n<p><strong>Meditatsiooni mp3 failid<\/strong>&nbsp;allalaadimiseks ja korduvaks kasutamiseks kodus.<\/p>\n\n\n\n<p>Kursus toimub Vaimsete Teadmiste Kooli raames ja on viimane &#8211; 3. ts\u00fckkel I astme \u00f5ppest. <strong><mark style=\"background-color:rgba(0, 0, 0, 0)\" class=\"has-inline-color has-vivid-purple-color\">Registreeru aegsasti, grupp on v\u00e4ike, hetkel on veel saadaval 3-4 vaba kohta!<\/mark><\/strong><\/p>\n\n\n\n<p><strong>Kursusele registreerumiseks<\/strong>&nbsp;saada meil liina@vaimnemaailm.ee ja tasu koha kinnituseks ettemaks 110 EUR Vaimne Maailm O\u00dc pangakontole EE662200221049242077.<br>Ettemaksu tasudes kinnitad endale koha grupis + saad k\u00e4tte kursuse esimese \u2013 teoreetilise osa. Kursusele mittetulemise korral ettemaksu ei tagastata!<\/p>\n\n\n\n<p>3-kuu jooksul aset leidva \u00f5ppets\u00fckli kogumaksumus&nbsp;<strong>ette tasudes<\/strong> &nbsp;<strong>410 EUR<\/strong> (registreerumisel ettemaks 110 EUR + 300 EUR 1. kohtumiskorral 6.09. V\u00f5i<\/p>\n\n\n\n<p><strong>Iga kord eraldi tasudes<\/strong>&nbsp;1 kord <strong>110 EUR<\/strong> (kokku <strong>440 EUR<\/strong> kogu koolitus) nii, et 110 EUR registreerumise ettemaks j\u00e4\u00e4b j\u00e4rgmiseks korraks ette, see tasaarveldub viimase korraga 29. novembril.<\/p>\n\n\n\n<p>Juhendab Liina Kaumann<\/p>\n","protected":false},"excerpt":{"rendered":"<p>6. sept, 4. okt, 1. nov. ja 29. nov. kell 11-17.30 Tartus neljal laup\u00e4eval Oled oodatud liituma 4-osalise kursusega, kus omandad teadmised ja oskused, mis annavad Sulle vabaduse ja suutlikkuse hakata juhtima oma elu iseenda K\u00f5rgema Minana. Sinu kogemustasand t\u00f5useb m\u00e4rkimisv\u00e4\u00e4rselt, kui oskad vaadata oma igap\u00e4evaelu v\u00e4ljakutseid k\u00f5rgemast perspektiivist &#8211; n\u00f6 lugeda &#8220;oma elu peeglit&#8221;, &hellip; <\/p>\n<p class=\"link-more\"><a href=\"https:\/\/vaimnemaailm.ee\/www\/elu-korgema-minana-kogemustasandi-tostmine\/\" class=\"more-link\">Loe edasi<span class=\"screen-reader-text\"> &#8220;Elu K\u00f5rgema Minana &#8211; kogemustasandi t\u00f5stmine&#8221;<\/span><\/a><\/p>\n","protected":false},"author":2,"featured_media":0,"parent":0,"menu_order":0,"comment_status":"closed","ping_status":"closed","template":"","meta":{"footnotes":""},"class_list":["post-4040","page","type-page","status-publish","hentry"],"_links":{"self":[{"href":"https:\/\/vaimnemaailm.ee\/www\/wp-json\/wp\/v2\/pages\/4040","targetHints":{"allow":["GET"]}}],"collection":[{"href":"https:\/\/vaimnemaailm.ee\/www\/wp-json\/wp\/v2\/pages"}],"about":[{"href":"https:\/\/vaimnemaailm.ee\/www\/wp-json\/wp\/v2\/types\/page"}],"author":[{"embeddable":true,"href":"https:\/\/vaimnemaailm.ee\/www\/wp-json\/wp\/v2\/users\/2"}],"replies":[{"embeddable":true,"href":"https:\/\/vaimnemaailm.ee\/www\/wp-json\/wp\/v2\/comments?post=4040"}],"version-history":[{"count":5,"href":"https:\/\/vaimnemaailm.ee\/www\/wp-json\/wp\/v2\/pages\/4040\/revisions"}],"predecessor-version":[{"id":4197,"href":"https:\/\/vaimnemaailm.ee\/www\/wp-json\/wp\/v2\/pages\/4040\/revisions\/4197"}],"wp:attachment":[{"href":"https:\/\/vaimnemaailm.ee\/www\/wp-json\/wp\/v2\/media?parent=4040"}],"curies":[{"name":"wp","href":"https:\/\/api.w.org\/{rel}","templated":true}]}}