{"id":3858,"date":"2024-09-26T09:24:42","date_gmt":"2024-09-26T06:24:42","guid":{"rendered":"https:\/\/vaimnemaailm.ee\/www\/?page_id=3858"},"modified":"2025-03-13T11:25:48","modified_gmt":"2025-03-13T09:25:48","slug":"vaimsete-teadmiste-kooli-oppekava-2025-jaanuaris-alustav-grupp","status":"publish","type":"page","link":"https:\/\/vaimnemaailm.ee\/www\/vaimsete-teadmiste-kooli-oppekava-2025-jaanuaris-alustav-grupp\/","title":{"rendered":"Vaimsete Teadmiste Kooli \u00f5ppekava 2025. jaanuaris alustav grupp"},"content":{"rendered":"\n<p>Tunnid toimuvad Tartus v\u00e4keses grupis! Vajalik eelregistreerumine!&nbsp;<strong>Jaanuaris 2025 alustab uus grupp, kes l\u00f5petab novembris 2025, juuli-august vaheaeg!<\/strong><\/p>\n\n\n\n<p><strong>25.01.25.<\/strong>&nbsp;kell 11-17.30&nbsp;<strong>Enesev\u00e4\u00e4rtustamine. T\u015bakrate tervendamine. PENDEL<\/strong><\/p>\n\n\n\n<ol class=\"wp-block-list\">\n<li>Meditatsioonikursus : \u201cIgap\u00e4evane meditatsioon \u2013 valgustelge joondumine\u201d, \u201cEnesev\u00e4\u00e4rtustamine ja \u00fchenduse loomine oma K\u00f5rgema Minaga\u201d)<\/li>\n\n\n\n<li>Pendlikursus \u2013 sisse\u00f5nnistamine, enda energeetiline puhastamine, t\u00f6\u00f6 kaartidega, hinge\u00fclesannete ja elu\u00f5ppetundide v\u00e4ljasegitamine pendliga<\/li>\n\n\n\n<li>L\u00f5unapaus 14-15.30<\/li>\n\n\n\n<li>15.30 \u2013 meditatsioon \u201cT\u015bakrate tervedamine\u201d<\/li>\n\n\n\n<li>pendliga t\u015bakrate tervendamine <\/li>\n<\/ol>\n\n\n\n<p><strong>22.02.25&nbsp;<\/strong>kell 11-17.30&nbsp;<strong>Energeetiline puhastus ja kaitse<\/strong>.&nbsp;<strong>Sageduse t\u00f5stmine \u2013 joondumine<\/strong><\/p>\n\n\n\n<ol class=\"wp-block-list\">\n<li>Meditatsioon \u201d Joondumine. Peainglite Miikaeli ja Zadkieli kaitse loomine\u201d<\/li>\n\n\n\n<li>Energeetiline puhastus ja kaitse 1. etapp \u2013 energiav\u00e4lja pendliga puhastamine, oma sageduse m\u00f5\u00f5tmine, vajalike kaitsemeetodite \u00f5ppimine<\/li>\n\n\n\n<li>L\u00f5unapaus 14-15.30<\/li>\n\n\n\n<li>15.30 \u2013 Meditatsioon \u201cEnda eri osade lahusteadvuse tasandilt\/eraldatusest keskmesse \u2013 hinge\u00fchendusse toomine&nbsp;\u201c<\/li>\n\n\n\n<li>P\u00f5hjalikuma energeetilise puhastuse seansi \u00f5ppimine, ruumipuhastus<\/li>\n<\/ol>\n\n\n\n<p><strong>22.03.25&nbsp;<\/strong>kell 11-17.30&nbsp;<strong>Mineviku tervendamine, varju vabastamine. REIKI<\/strong><\/p>\n\n\n\n<ol class=\"wp-block-list\">\n<li>Meditatsioon: \u201eMineviku tervendamine, varju vabastamine\u201d<\/li>\n\n\n\n<li>Reiki p\u00fchitsused ja praktikum<\/li>\n\n\n\n<li>L\u00f5unapaus 14-15.30<\/li>\n\n\n\n<li>15.30 \u2013 Reiki p\u00fchitsused ja praktikum<\/li>\n<\/ol>\n\n\n\n<p><strong>26.04.25&nbsp;<\/strong>kell 11-17.30&nbsp;<strong>TARO<\/strong>.&nbsp;<strong>M\u00f5ttetasandi tervendamine<\/strong>, <\/p>\n\n\n\n<ol class=\"wp-block-list\">\n<li>Meditatsioon \u201cJoondumine, kaitse tegemine ja Taro kaartide sisse\u00f5nnistamine\u201d<\/li>\n\n\n\n<li>TARO kursus<\/li>\n\n\n\n<li>L\u00f5unapaus 14-15.30<\/li>\n\n\n\n<li>15.30 \u2013 Meditatsioon \u201cM\u00f5ttetasandi puhastamine\u201d<\/li>\n\n\n\n<li>TARO<\/li>\n<\/ol>\n\n\n\n<p><strong>24.05.25&nbsp;<\/strong>kell 11-17.30&nbsp;<strong>Ruunid 1. osa . 5 elemendi tasakaalustamine<\/strong>,<\/p>\n\n\n\n<ol class=\"wp-block-list\">\n<li>Meditatsioon \u201c5 elemendi (maa, \u00f5hk, tuli, vesi, vaim) aktiveerimine\u201d<\/li>\n\n\n\n<li>Ruunikursus, Ruunimeditatsioonid<\/li>\n\n\n\n<li>L\u00f5unapaus 14-15.30<\/li>\n\n\n\n<li>15.30 \u2013 Ruunide ja maagilise ruunitalismani valmistamine<\/li>\n<\/ol>\n\n\n\n<p><strong>14.06.25<\/strong>&nbsp;kell 11-17.30&nbsp;<strong>Ruunid 2<\/strong>&nbsp;.&nbsp;<strong>Sisemise perekonna (mees-, naisenerga ja sisemise lapse) tervendus<\/strong><\/p>\n\n\n\n<ol class=\"wp-block-list\">\n<li>Meditatsioon \u201cIlmapuu\u201d<\/li>\n\n\n\n<li>Ruunirituaal, ruunide ja talismani sisse\u00f5nnistamine, tervendamine ruunidega, ennustamine<\/li>\n\n\n\n<li>L\u00f5unapaus 14-15.30<\/li>\n\n\n\n<li>15.30 -\u201cMeditatsioonid: \u201cSisemise nais- ja meespoole tervendus\u201d ja \u201cSisemise lapse tervendus&nbsp;\u201c<\/li>\n<\/ol>\n\n\n<p><span style=\"white-space-collapse: collapse; box-sizing: inherit; font-weight: 700;\">6.09 .25\u00a0<\/span><span style=\"white-space-collapse: collapse; box-sizing: inherit; font-weight: 700;\">\u00a0<\/span><span style=\"white-space-collapse: collapse;\">kell 11-17.30\u00a0<\/span><span style=\"white-space-collapse: collapse; box-sizing: inherit; font-weight: 700;\">Terviklik tervenemine<\/span><span style=\"white-space-collapse: collapse;\">.\u00a0<\/span><span style=\"white-space-collapse: collapse; box-sizing: inherit; font-weight: 700;\">Alateadvuse \u00fcmberprogrammeerimine<\/span><span style=\"white-space-collapse: collapse;\">\u00a0<\/span><\/p>\n<ol style=\"list-style: decimal; white-space-collapse: collapse;\">\n<li style=\"box-sizing: inherit;\">Meditatsioon \u201cOma elu peegli lugemine\u201d<\/li>\n<li style=\"box-sizing: inherit;\">Terviklik tervenemine 1. etapp<\/li>\n<li style=\"box-sizing: inherit;\">L\u00f5unapaus 14-15.30<\/li>\n<li style=\"box-sizing: inherit;\">15.30 \u2013 Meditatsioon \u201eAlateadvuse muutmine\u201d<\/li>\n<li style=\"box-sizing: inherit;\">Terviklik tervenemine 2. etpp<\/li>\n<\/ol>\n\n\n<p><strong>4.10.25,&nbsp;<\/strong>kell 11-17.30&nbsp;<strong>Kanaldamine (K\u00f5rgema Mina kaudu ja abivahendiga &#8211; Taro<\/strong>)<\/p>\n\n\n\n<ol class=\"wp-block-list\">\n<li>Meditatasioon \u201eHinge ja Vaimuga \u00fchinemine. Jumaliku Mina seisundisse minek\u201d<\/li>\n\n\n\n<li>Kanaldamine<\/li>\n\n\n\n<li>L\u00f5unapaus 14-15.30<\/li>\n\n\n\n<li>15.30 -Kanaldamine abivahendiga &#8211; TARO<\/li>\n<\/ol>\n\n\n\n<p><strong>1.11.25 &nbsp;<\/strong>kell 11-17.30&nbsp;<strong>Aka\u015bi kroonikad. Eelmised elud. Suguv\u00f5sa mustrid<\/strong>.<\/p>\n\n\n\n<ol class=\"wp-block-list\">\n<li>Meditatsioonid \u201cAka\u015bi kroonikate lugemine ja \u00fcmberkirjutamine (korduvad mustrid, karma, eelmised elud)\u201d, muutuse kinnistamine tervendava unikaalse valgusmustri loomisega.<\/li>\n\n\n\n<li>L\u00f5unapaus 14-15.30<\/li>\n\n\n\n<li>15.30 \u2013 Meditatsioon \u201cEma ja isaliini puhastamine. Kuldajastu esivanematega \u00fchenduse loomine suguv\u00f5sa karma l\u00f5petamine\u201d<\/li>\n<\/ol>\n\n\n\n<p><strong>29.11.25&nbsp;<\/strong>kell 11-17.30&nbsp;<strong>Hingeteega joondumine &#8211; &nbsp;elu\u00fclesanne, kokkulepped, hingesidemed<\/strong>,<strong>&nbsp;kaksikleegid<\/strong><\/p>\n\n\n\n<ol class=\"wp-block-list\">\n<li>Meditatsioon \u201cElu\u00fclesande avastamine\u201d. Elu\u00fclesande mandala loomine ja kasutamine. Elu\u00fclesande s\u00fcmboli v\u00e4estamine. <\/li>\n\n\n\n<li>L\u00f5unapaus 14-15.30<\/li>\n\n\n\n<li>15.30 &#8211; Meditatsioonid: \u201cHingega joondumine, r\u00e4nnak kehastumiseelsesse perioodi, \u00fclesandekaaslaste, hingesugulaste, juhendajatega kohtumine, hingekokkulepetest teadlikuks saamine.\u201d Lisaks meditatsioonid mp3-l iseseisvaks t\u00f6\u00f6ks: \u201cHingeperekonna ringi \u00fchendumine, hinge tervendamine ja hingeperekonna \u00fchise \u00fclesande vastuv\u00f5tmine\u201dja \u201cKaksikleegi energiaga \u00fchinemine -oma hinge 2 vastandpolaarsuse kokkutoomine\u201d<\/li>\n<\/ol>\n\n\n\n<p>Lisaks nendele praktikumidele sisaldab kursus teoreetilist osa ja meditatsioone mp3 failidel isesesvaks t\u00f6\u00f6ks kohtumiste vahepeal!<\/p>\n\n\n\n<p><strong>Teoreetiline osa&nbsp;<\/strong>sisaldab:<\/p>\n\n\n\n<p>Sissejuhatus meditatsiooni. Enesev\u00e4\u00e4rtustamine. Vaimsed Seadused. Mineviku tervendamine, Negatiivsusest v\u00e4ljatulek. 5 elementi. T\u015bakrad. Inglid. Vaimse kasvu kiirendamine. Mida t\u00e4hendab joondumine? Sisemine laps. Emotsioonide tervendamine. Naisenergia ja meesenergia. Iseenda eri egoosade tundma\u00f5ppimine ja \u00fchendamine. Kuidas lugeda oma elu \u201cpeeglit\u201d. K\u00f5rgem Mina ja Hing. Vikerkaaresilla ehitamine. Isikliku tahte koosk\u00f5lastamine K\u00f5rgema tahtega, ego lahustamine. Illusioonidest vabanemine, illusioonimaailmast lahkumine. Tasakaal, terviklikkuse loomine, oma j\u00f5usse astumine, valgustumine. Kuidas luua rahu? Praktikad, mis aitavad j\u00f5uda 5D \u00fchtsusteadvusesse. Kuidas juhtida elu oma valgusteljest \u2013 eluratta keskmest. Tasandivahetused vaimse arengu k\u00e4igus. Minevikumustritest vabanemine \u2013 ema- ja isaliini puhastamine, suguv\u00f5sa karma l\u00f5petamine, kuldajastu esivanematega \u00fchenduse loomine. Karma. Vanad vanded, t\u00f5otused, kokkulepped. Aka\u015bi kroonikad. Egregorid. Alateadvus. DNA \u00fcmberprogrammeerimine. Afirmatsioonid ja taotlused. T\u00f5ega \u00fchtesulamine. Praegune aeg.<\/p>\n\n\n\n<p><strong>Lisaks temaatilised kursused<\/strong>: Pendlikursus, Energeetiline puhastus ja kaitse, Tarokursus, Ruunikursus, Kanaldamine, Reiki kursus, Terviklik tervendamine, Enesetervendamise meetodid, Hingekokkulepped, \u00fclesanded, \u00f5ppetunnid, hingesugulased, kaksikleegid, Elu\u00fclesanne.<\/p>\n\n\n\n<p><strong>Meditatsiooni mp3 failid<\/strong>&nbsp;allalaadimiseks ja korduvaks kasutamiseks kodus:<\/p>\n\n\n\n<p><strong>Kooli registreerumiseks<\/strong>&nbsp;saada meil liina@vaimnemaailm.ee ja tasu koha kinnituseks ettemaks 110 EUR Vaimne Maailm O\u00dc pangakontole EE662200221049242077.<br>Ettemaksu tasudes kinnitad endale koha grupis + saad k\u00e4tte kursuse esimese \u2013 teoreetilise osa. Kursusele mittetulemise korral ettemaksu ei tagastata!<\/p>\n\n\n\n<p>10-kuu jooksul aset leidva \u00f5ppeaasta kogumaksumus 25. jaanuariks <strong>ette tasudes<\/strong>&nbsp;1010 EUR<\/p>\n\n\n\n<p><strong>5. detsembrini<\/strong> registreerujatele  ja ettemaksu 110 EUR tasujatele<strong> hinnasoodustus<\/strong> 955 EUR \u00f5ppeaasta, tasudes kogu \u00f5ppeaasta eest ette 25. jaanuaril (1. kohtumiskorral)<\/p>\n\n\n\n<p><strong>Iga kord eraldi tasudes<\/strong>&nbsp;1 kord 110 EUR, nii et 110 EUR registreerumise ettemaks j\u00e4\u00e4b j\u00e4rgmiseks korraks ette, see tasaarveldub viimase korraga novembri l\u00f5pus. Kokku 1100 EUR \u00f5ppeaasta maksumus.<\/p>\n\n\n\n<p><strong>Enne 5. detsembrit<\/strong> registreerujatele ja ettemaksu 110 EUR tasujatele hinnasoodustus: iga kord eraldi tasudes 105 EUR kord (\u00f5ppeaasta kogumaksumus 1055 EUR) v\u00f5i kogu \u00f5ppeaasta eest ette 955 EUR, (muidu tavahind 1100 EUR).<\/p>\n\n\n\n<p><strong>Hind sisaldab:<\/strong><\/p>\n\n\n\n<ol class=\"wp-block-list\">\n<li>10 praktikumi Tartus<\/li>\n\n\n\n<li>teoreetilist osa,<\/li>\n\n\n\n<li>meditatsioone mp3 failidel<\/li>\n\n\n\n<li>Reiki 1. v\u00f5i 2. astme p\u00fchitust v\u00f5i tervendavat p\u00fchitsust, juhul kui sul Reiki p\u00fchitsus juba on<\/li>\n\n\n\n<li>1 pendlit<\/li>\n\n\n\n<li>savi ruunide ja maagilise ruunitalismani valmistamiseks<\/li>\n\n\n\n<li>v\u00e4rve mandala loomiseks<\/li>\n<\/ol>\n","protected":false},"excerpt":{"rendered":"<p>Tunnid toimuvad Tartus v\u00e4keses grupis! Vajalik eelregistreerumine!&nbsp;Jaanuaris 2025 alustab uus grupp, kes l\u00f5petab novembris 2025, juuli-august vaheaeg! 25.01.25.&nbsp;kell 11-17.30&nbsp;Enesev\u00e4\u00e4rtustamine. T\u015bakrate tervendamine. PENDEL 22.02.25&nbsp;kell 11-17.30&nbsp;Energeetiline puhastus ja kaitse.&nbsp;Sageduse t\u00f5stmine \u2013 joondumine 22.03.25&nbsp;kell 11-17.30&nbsp;Mineviku tervendamine, varju vabastamine. REIKI 26.04.25&nbsp;kell 11-17.30&nbsp;TARO.&nbsp;M\u00f5ttetasandi tervendamine, 24.05.25&nbsp;kell 11-17.30&nbsp;Ruunid 1. osa . 5 elemendi tasakaalustamine, 14.06.25&nbsp;kell 11-17.30&nbsp;Ruunid 2&nbsp;.&nbsp;Sisemise perekonna (mees-, naisenerga ja sisemise &hellip; <\/p>\n<p class=\"link-more\"><a href=\"https:\/\/vaimnemaailm.ee\/www\/vaimsete-teadmiste-kooli-oppekava-2025-jaanuaris-alustav-grupp\/\" class=\"more-link\">Loe edasi<span class=\"screen-reader-text\"> &#8220;Vaimsete Teadmiste Kooli \u00f5ppekava 2025. jaanuaris alustav grupp&#8221;<\/span><\/a><\/p>\n","protected":false},"author":2,"featured_media":0,"parent":0,"menu_order":0,"comment_status":"closed","ping_status":"closed","template":"","meta":{"footnotes":""},"class_list":["post-3858","page","type-page","status-publish","hentry"],"_links":{"self":[{"href":"https:\/\/vaimnemaailm.ee\/www\/wp-json\/wp\/v2\/pages\/3858","targetHints":{"allow":["GET"]}}],"collection":[{"href":"https:\/\/vaimnemaailm.ee\/www\/wp-json\/wp\/v2\/pages"}],"about":[{"href":"https:\/\/vaimnemaailm.ee\/www\/wp-json\/wp\/v2\/types\/page"}],"author":[{"embeddable":true,"href":"https:\/\/vaimnemaailm.ee\/www\/wp-json\/wp\/v2\/users\/2"}],"replies":[{"embeddable":true,"href":"https:\/\/vaimnemaailm.ee\/www\/wp-json\/wp\/v2\/comments?post=3858"}],"version-history":[{"count":4,"href":"https:\/\/vaimnemaailm.ee\/www\/wp-json\/wp\/v2\/pages\/3858\/revisions"}],"predecessor-version":[{"id":3954,"href":"https:\/\/vaimnemaailm.ee\/www\/wp-json\/wp\/v2\/pages\/3858\/revisions\/3954"}],"wp:attachment":[{"href":"https:\/\/vaimnemaailm.ee\/www\/wp-json\/wp\/v2\/media?parent=3858"}],"curies":[{"name":"wp","href":"https:\/\/api.w.org\/{rel}","templated":true}]}}