{"id":3818,"date":"2024-09-12T14:33:36","date_gmt":"2024-09-12T11:33:36","guid":{"rendered":"https:\/\/vaimnemaailm.ee\/www\/?page_id=3818"},"modified":"2024-10-23T10:24:35","modified_gmt":"2024-10-23T07:24:35","slug":"e-kursus-vanast-susteemienergiast-ja-egregoridest-lahtiutlemine-illusioonidest-vabanemine","status":"publish","type":"page","link":"https:\/\/vaimnemaailm.ee\/www\/e-kursus-vanast-susteemienergiast-ja-egregoridest-lahtiutlemine-illusioonidest-vabanemine\/","title":{"rendered":"E-kursus &#8220;Vanast s\u00fcsteemienergiast ja egregoridest lahti\u00fctlemine. Illusioonidest vabanemine"},"content":{"rendered":"\n<p><strong>E-kursust saad l\u00e4bida endale sobival ajal ja kohas ning kasv\u00f5i korduvalt!<\/strong><\/p>\n\n\n<div class=\"wp-block-image\">\n<figure class=\"alignright size-large is-resized\"><img loading=\"lazy\" decoding=\"async\" width=\"709\" height=\"1024\" src=\"https:\/\/vaimnemaailm.ee\/www\/wp-content\/uploads\/2024\/08\/IMG_20240710_144532-709x1024.jpg\" alt=\"\" class=\"wp-image-3751\" style=\"width:269px;height:auto\" srcset=\"https:\/\/vaimnemaailm.ee\/www\/wp-content\/uploads\/2024\/08\/IMG_20240710_144532-709x1024.jpg 709w, https:\/\/vaimnemaailm.ee\/www\/wp-content\/uploads\/2024\/08\/IMG_20240710_144532-208x300.jpg 208w, https:\/\/vaimnemaailm.ee\/www\/wp-content\/uploads\/2024\/08\/IMG_20240710_144532-768x1110.jpg 768w, https:\/\/vaimnemaailm.ee\/www\/wp-content\/uploads\/2024\/08\/IMG_20240710_144532-1063x1536.jpg 1063w, https:\/\/vaimnemaailm.ee\/www\/wp-content\/uploads\/2024\/08\/IMG_20240710_144532-1417x2048.jpg 1417w, https:\/\/vaimnemaailm.ee\/www\/wp-content\/uploads\/2024\/08\/IMG_20240710_144532-scaled.jpg 1772w\" sizes=\"auto, (max-width: 709px) 100vw, 709px\" \/><\/figure>\n<\/div>\n\n\n<p>Et saaksime voolata vabalt ja kergelt kaasa uute k\u00f5rgemate energiatega, teha \u00fclemineku ja hakata kogema oma elus \u201ckuldajastu sagedust\u201d, peame \u00fchendama ennast lahti vanast maatriksist \u2013 k\u00f5igist nendest uskumustest, k\u00e4itumisviisidest, prioriteetidest, eesm\u00e4rkidest, eluviisist, ootustest, mida vana s\u00fcsteem sisaldab, peame loobuma vajadusest v\u00f5i ka harjumusest kuuluda vanas energias gruppidesse \u2013 egregoridesse, lahti laskma v\u00e4lise maailma ja teiste inimeste \u00fclet\u00e4htsustamisest ning saama unikaalseks iseendaks, kes on vaba ja k\u00f5igutamatu, juhindub vaid iseenda t\u00f5est ja julgeb ka oma unikaalses t\u00f5es elada.<\/p>\n\n\n\n<p>Meie senine elu, suhted teiste inimeste ja maailmaga olid juhitud paljude erinevate egregoride poolt. Kui teatud inimgrupp m\u00f5tleb \u00fchtviisi, siis nende kiirgused l\u00e4hevad resonantsi ning moodustubki vastav egregor. Niipalju, kui palju on inimgruppe, nii palju on ka egregore, \u00fchisv\u00e4ljas olevad egregorid m\u00f5jutavad meie elu, s\u00f5ltumata sellest, kas me seda ise tunnetame v\u00f5i mitte. Peaksime olema v\u00e4ga teadlikud sellest millise energiaga ennast seome, millega egregore toidame.<\/p>\n\n\n\n<p>Praegusel \u00fcleminekuajal on inimesed oma aregutega v\u00e4ga erinevates kohtades, on selge, et paljud ei teegi muutusi l\u00e4bi, vaid j\u00e4\u00e4vad vanasse energiasse, kuid samas vana s\u00fcsteem ei taha lasta oma v\u00f5rgust kergesti lahti kedagi, pimedus maskeerib ennast osavalt ja v\u00f5ib pealt\u00e4ha paista hoopis valgusena, vaimsusena. Seep\u00e4rast on eriti oluline mitte kergek\u00e4eliselt liituda k\u00f5ikv\u00f5imalike suurte (ka vaimsete) grupeeringutega, vaid s\u00e4ilitada oma vabadus ja unikaalsus \u2013 iga\u00fcks peab oma isikliku \u00fclemineku tegema ikkagi \u00fcksi, omas energias olles, oma hingejuhatust kuulates.<\/p>\n\n\n\n<p>Kui tahame olla vabad ja saada \u00fcha enam teadlikuks sellest, kes me tegelikult oleme, mis on meie t\u00f5elised p\u00f5hivajadused ja k\u00e4ia oma teel enda sisemisest tarkusest juhituna, on esmat\u00e4htis vabastada ennast erinevate egregoride m\u00f5jusf\u00e4\u00e4rist. Need saadavad meisse arvamusi, vanu mustreid, kinnistunud ideid, mis hoiavad meid endiselt kinni madalamas sageduses. Meil on vaja v\u00e4ga intensiivselt ennast puhastada igal tasandil, et valmis saada uueks ja paljuski tundmatuks eluks. Et uues energias toimima hakata, tuleb olla avatud k\u00f5rgemale juhatusele, mis tuleb l\u00e4bi taipamiste, aga et selleni j\u00f5uda, tuleb enne vabaneda v\u00f5\u00f5rastest ja aegunud m\u00f5jutustest (illusioonidest), mis ei lase meil n\u00e4ha asju selgelt.<\/p>\n\n\n\n<p>Alles siis kuii, kuni saavutame t\u00e4ieliku vabaduse ning katkestame igasugused sidemed mistahes egregoridega, asume&nbsp;<strong>avatud, Jumala juurde viivale otseteele.<\/strong><\/p>\n\n\n\n<p><strong>Kursus koosneb 2 osast:<\/strong><\/p>\n\n\n\n<p><strong>Teoreetiline osa<\/strong>&nbsp;(31 lk) pdf-failis meilile, see sisaldab: Erinevad illusioonid vanas maailmas, kuidas nendest vabaneda. Erinevad eluts\u00fcklid \u2013 erinevad hinge\u00fclesanded kehastuses (vastavalt hinge vanusele,+ kehastuse elueale). J\u00e4rkj\u00e4rguline avardumine ja illusioonidest vabanemine sageduse t\u00f5ustes + Lisad, kust saad lugeda l\u00e4hemalt egregoridest, erinevatest teadvustasanditest Hawkinsi skaala p\u00f5hiselt, praegu k\u00e4imasolevast \u00fcleminekust ja mida t\u00e4hendavad horisntaalne ja vertikaalne elutelg.<\/p>\n\n\n\n<p><strong>5 juhitud meditatsioonir\u00e4nnakut mp3,<\/strong> mille saad endale allalaadida ja teha korduvalt:<\/p>\n\n\n\n<ol class=\"wp-block-list\">\n<li><mark>Vana maailma \u00f5ppetundide aktsepteerimine ja omandatud hingekogemustena integreerimine \u2013 maisuse ja vaimsuse \u00fchendamine, uue (kuldajastu) energia allatoomine&nbsp;<\/mark>(32 min)<\/li>\n\n\n\n<li>Vanast s\u00fcsteemienergiast ja egregoridest lahti\u00fchendumine, oma t\u00f5ega joondumine (51 min)<\/li>\n\n\n\n<li>Illusioonidest v\u00e4ljatulek, asjade vaatlemine k\u00f5rgemast perspektiivist (53 min)<\/li>\n\n\n\n<li>Oma unikaalsete hinge\u00fclesannete ja vajalike kogemiste \u00e4ratundmine  (24 min)<\/li>\n\n\n\n<li><mark>Horisontaalselt eluteljelt vertikaalsele \u00fcmberl\u00fclitumine, 7D-sse sirutumine,&nbsp;<mark>Kosmilisse valgusv\u00f5rgustikku \u00fchendumine,<\/mark><\/mark>&nbsp;<mark>endas Loojateadvuse \u00e4ratamine<\/mark>&nbsp;(54 min)<\/li>\n<\/ol>\n\n\n\n<p><strong>V\u00e4\u00e4rtus  65 EUR<\/strong><\/p>\n\n\n\n<p><strong>See sisaldab:&nbsp;<\/strong>teoreetilist osa pdf-failis meilile kodus l\u00e4bit\u00f6\u00f6tamiseks + 5 juhitud meditatsioonir\u00e4nnakut mp3-failis, mille saad endale allaadida ja korduvalt kasutada.<\/p>\n\n\n\n<h3 class=\"wp-block-heading\"><strong><mark><mark style=\"background-color:rgba(0, 0, 0, 0)\" class=\"has-inline-color has-luminous-vivid-orange-color\">Telli E-kursus:<\/mark><\/mark><\/strong><\/h3>\n\n\n\n<p><strong>1.<\/strong>&nbsp;Tellimiseks tee \u00fclekanne:<\/p>\n\n\n\n<p><strong>Kellele:<\/strong>\u00a0Vaimne Maailm O\u00dc<br><strong>Pangakonto:<\/strong>\u00a0EE662200221049242077<br><strong>Summa:<\/strong>\u00a065 EUR<br><strong>Selgitus:<\/strong>\u00a0E-kursus &#8220;Vanast s\u00fcsteemienergiast lahti\u00fctlemine&#8221;\u00a0<em>(lisa juurde ka enda nimi)<\/em><\/p>\n\n\n\n<p><strong>2.<\/strong>&nbsp;P\u00e4rast seda saada meil oma tellimussooviga ja kinnitusega, et makse on tehtud, aadressile liina@vaimnemaailm.ee. Seej\u00e4rel saadame Sulle e-mailile kursuse teoreetilise osa pdf failis + ligip\u00e4\u00e4sud mp3 failidele.<\/p>\n","protected":false},"excerpt":{"rendered":"<p>E-kursust saad l\u00e4bida endale sobival ajal ja kohas ning kasv\u00f5i korduvalt! Et saaksime voolata vabalt ja kergelt kaasa uute k\u00f5rgemate energiatega, teha \u00fclemineku ja hakata kogema oma elus \u201ckuldajastu sagedust\u201d, peame \u00fchendama ennast lahti vanast maatriksist \u2013 k\u00f5igist nendest uskumustest, k\u00e4itumisviisidest, prioriteetidest, eesm\u00e4rkidest, eluviisist, ootustest, mida vana s\u00fcsteem sisaldab, peame loobuma vajadusest v\u00f5i ka harjumusest &hellip; <\/p>\n<p class=\"link-more\"><a href=\"https:\/\/vaimnemaailm.ee\/www\/e-kursus-vanast-susteemienergiast-ja-egregoridest-lahtiutlemine-illusioonidest-vabanemine\/\" class=\"more-link\">Loe edasi<span class=\"screen-reader-text\"> &#8220;E-kursus &#8220;Vanast s\u00fcsteemienergiast ja egregoridest lahti\u00fctlemine. Illusioonidest vabanemine&#8221;<\/span><\/a><\/p>\n","protected":false},"author":2,"featured_media":0,"parent":0,"menu_order":0,"comment_status":"closed","ping_status":"closed","template":"","meta":{"footnotes":""},"class_list":["post-3818","page","type-page","status-publish","hentry"],"_links":{"self":[{"href":"https:\/\/vaimnemaailm.ee\/www\/wp-json\/wp\/v2\/pages\/3818","targetHints":{"allow":["GET"]}}],"collection":[{"href":"https:\/\/vaimnemaailm.ee\/www\/wp-json\/wp\/v2\/pages"}],"about":[{"href":"https:\/\/vaimnemaailm.ee\/www\/wp-json\/wp\/v2\/types\/page"}],"author":[{"embeddable":true,"href":"https:\/\/vaimnemaailm.ee\/www\/wp-json\/wp\/v2\/users\/2"}],"replies":[{"embeddable":true,"href":"https:\/\/vaimnemaailm.ee\/www\/wp-json\/wp\/v2\/comments?post=3818"}],"version-history":[{"count":4,"href":"https:\/\/vaimnemaailm.ee\/www\/wp-json\/wp\/v2\/pages\/3818\/revisions"}],"predecessor-version":[{"id":3883,"href":"https:\/\/vaimnemaailm.ee\/www\/wp-json\/wp\/v2\/pages\/3818\/revisions\/3883"}],"wp:attachment":[{"href":"https:\/\/vaimnemaailm.ee\/www\/wp-json\/wp\/v2\/media?parent=3818"}],"curies":[{"name":"wp","href":"https:\/\/api.w.org\/{rel}","templated":true}]}}