{"id":3777,"date":"2024-09-01T15:48:39","date_gmt":"2024-09-01T12:48:39","guid":{"rendered":"https:\/\/vaimnemaailm.ee\/www\/?page_id=3777"},"modified":"2025-11-05T08:58:39","modified_gmt":"2025-11-05T06:58:39","slug":"taro-videokursus","status":"publish","type":"page","link":"https:\/\/vaimnemaailm.ee\/www\/taro-videokursus\/","title":{"rendered":"TARO videokursus"},"content":{"rendered":"<div class=\"wp-block-image\">\n<figure class=\"alignright size-large is-resized\"><img loading=\"lazy\" decoding=\"async\" width=\"1024\" height=\"768\" src=\"https:\/\/vaimnemaailm.ee\/www\/wp-content\/uploads\/2024\/09\/IMG_20240916_112254-1024x768.jpg\" alt=\"\" class=\"wp-image-3841\" style=\"width:375px;height:auto\" srcset=\"https:\/\/vaimnemaailm.ee\/www\/wp-content\/uploads\/2024\/09\/IMG_20240916_112254-1024x768.jpg 1024w, https:\/\/vaimnemaailm.ee\/www\/wp-content\/uploads\/2024\/09\/IMG_20240916_112254-300x225.jpg 300w, https:\/\/vaimnemaailm.ee\/www\/wp-content\/uploads\/2024\/09\/IMG_20240916_112254-768x576.jpg 768w, https:\/\/vaimnemaailm.ee\/www\/wp-content\/uploads\/2024\/09\/IMG_20240916_112254-1536x1152.jpg 1536w, https:\/\/vaimnemaailm.ee\/www\/wp-content\/uploads\/2024\/09\/IMG_20240916_112254-2048x1536.jpg 2048w\" sizes=\"auto, (max-width: 767px) 89vw, (max-width: 1000px) 54vw, (max-width: 1071px) 543px, 580px\" \/><\/figure>\n<\/div>\n\n\n<p>Seda kursust saad l\u00e4bida endale sobival ajal ja kohas, omas r\u00fctmis ja korduvalt!     <mark style=\"background-color:rgba(0, 0, 0, 0)\" class=\"has-inline-color has-vivid-red-color\"><strong>UUS!<\/strong><\/mark><\/p>\n\n\n\n<p>Sobib h\u00e4sti neile, kes soovivad \u00f5ppida Taro kaarte m\u00f5istma,&nbsp; tunnetama ja lugema, nii algajatele kui ka neile, kes juba \u00fcht-teist teavad, kuid soovivad lihvida oma kaardiladumise- ja lugemisoskust. Parima tulemuse saamiseks <mark style=\"background-color:rgba(0, 0, 0, 0)\" class=\"has-inline-color has-luminous-vivid-orange-color\"><strong>kasuta Rider Waite\u00b4i tarokaarte<\/strong><\/mark>. (Kursusel antavad kaartide lahtiseletused sobivad sellele s\u00fcsteemile!). Hoia kaardid k\u00e4ep\u00e4rast videosid kuulates ja tee paralleelselt k\u00f5ike kaasa oma kaartidega ja omas r\u00fctmis!<\/p>\n\n\n\n<p>Oleme k\u00f5ik v\u00f5imelised saama \u00fchendust K\u00f5rgema teadvusega, alati ei ole aga lihtne seda teha otse, vastuste kanaldamise teel oma K\u00f5rgema Mina kaudu. Sel juhul on heaks abivahendiks TARO, ruunid v\u00f5i pendel &#8211; nii on lihtsam saada&nbsp; ja t\u00f5lgendada enda jaoks vajalikku infot. \u00d5pi m\u00f5istmaTaro keelt &#8211; s\u00fcmbolitesse, piltidesse, numbritesse peidetud juhatust &#8211; valgustumise \u00f5petust!<\/p>\n\n\n\n<p>TARO kaartidesse on talletatud iidsed vaimsed teadmised kaugest minevikust, neil \u00f5nnestus s\u00e4ilida ja \u00fcle elada ka vahepealsed pimeduseajastud, mil valgustumisalaseid teadmisi&nbsp; massiliselt h\u00e4vitati, t\u00e4nu sellele, et need olid peidetud piltidesse, numbritesse, s\u00fcmbolitesse m\u00e4ngukaartidel. Kuigi, paljud on Taro suhtes v\u00e4ltivad,&nbsp; seostades seda mitte k\u00f5ige k\u00f5rgemate energiatega, isegi pimedusega, kuna t\u00f5esti&nbsp; neid kaarte ei ole alati kasutatud \u00f5igel eesm\u00e4rgil, ei ole hirmuks tegelikult p\u00f5hjust, kui hoiad oma sageduse k\u00f5rge ja taotluse puhta. Taro on&nbsp; suurep\u00e4raseks abiliseks, et paremini saada \u00fchendust&nbsp; iseenda sisemise teadlikkusega, m\u00f5ista seda kuidas arengud toimuvad nii meie endi sees kui ka v\u00e4lises maailmas.&nbsp; &nbsp;Suure Arkaani kaardid v\u00e4ljendavad eri olukordi\/elusituatsioone,&nbsp; mida me k\u00f5ik kogeme&nbsp; ja mis esinevad pea iga projekti teostamisel \u2013 so. inimese teekond teadmatusest valgustuse suunas \u2013 v\u00f5i eesm\u00e4rgi tekkimisest selle realiseerumise suunas. Iga kaart s\u00fcmboliseerib mingit konkreetset \u00f5ppetundi v\u00f5i arengustaadiumi, mille inimene l\u00e4bib. Hea on teada, kus parajasti oma teekonnal asud, siis saad teha soovi korral vajalikke muutusi, et kujundada oma elu teadlikult selles suunas, kuhu soovid liikuda.<\/p>\n\n\n\n<p><strong>V\u00e4\u00e4rtus 95 EUR  <\/strong><\/p>\n\n\n\n<p>Hinna sees on<strong> teoreetiline osa (pdf) <\/strong>49 lk<strong> <\/strong> +   praktikum &#8211; <strong>10 videot<\/strong> ( maht ligi 4-tundi), mida saad vaadata korduvalt! <\/p>\n\n\n\n<p><strong>Videod:<\/strong><\/p>\n\n\n\n<p>1. Taro sisse\u00f5nnistamise meditatsioon <\/p>\n\n\n\n<p>2. SA kaartide tutvustus<\/p>\n\n\n\n<p>3. Ladumised Suure Arkaani kaartidele <\/p>\n\n\n\n<p>4. VA kaartide tutvustus<\/p>\n\n\n\n<p>5. Ladumised Armastuse p\u00fcramiid ja \u00d5ppetund<\/p>\n\n\n\n<p>6. Ladumised 2 teed (v\u00f5imalust, valikut) ja Kes ma olen, kuhu l\u00e4hen<\/p>\n\n\n\n<p>7. Ladumised 4 kaarti ja 2 p\u00fcramiidi<\/p>\n\n\n\n<p>8. Suhte ladumine ja 7 kaarti<\/p>\n\n\n\n<p>9. Keldi rist <\/p>\n\n\n\n<p>10. \u00dclempreestrinna saladus<\/p>\n\n\n\n<p>Juhendab Liina Kaumann (23 aastat kogemust Taro lugejana ja 15 neist ka Taro \u00f5petajana)<\/p>\n\n\n\n<h3 class=\"wp-block-heading\"><strong><mark style=\"background-color:rgba(0, 0, 0, 0)\" class=\"has-inline-color has-luminous-vivid-orange-color\">Telli videokursus:<\/mark><\/strong><\/h3>\n\n\n\n<p><strong>1.<\/strong>&nbsp;Tellimiseks tee \u00fclekanne:<\/p>\n\n\n\n<p><strong>Kellele:<\/strong>\u00a0Vaimne Maailm O\u00dc<br><strong>Pangakonto:<\/strong>\u00a0EE662200221049242077<br><strong>Summa:<\/strong> 95 EUR<br><strong>Selgitus:<\/strong>\u00a0Taro videokursus\u00a0<em>(lisa juurde ka enda nimi)<\/em><\/p>\n\n\n\n<p><strong>2.<\/strong>&nbsp;P\u00e4rast seda saada meil oma tellimussooviga ja kinnitusega, et makse on tehtud, aadressile liina@vaimnemaailm.ee. Seej\u00e4rel saadame Sulle e-mailile kursuse teoreetilise osa pdf failis + ligip\u00e4\u00e4sud videotele.<\/p>\n","protected":false},"excerpt":{"rendered":"<p>Seda kursust saad l\u00e4bida endale sobival ajal ja kohas, omas r\u00fctmis ja korduvalt! UUS! Sobib h\u00e4sti neile, kes soovivad \u00f5ppida Taro kaarte m\u00f5istma,&nbsp; tunnetama ja lugema, nii algajatele kui ka neile, kes juba \u00fcht-teist teavad, kuid soovivad lihvida oma kaardiladumise- ja lugemisoskust. Parima tulemuse saamiseks kasuta Rider Waite\u00b4i tarokaarte. (Kursusel antavad kaartide lahtiseletused sobivad sellele &hellip; <\/p>\n<p class=\"link-more\"><a href=\"https:\/\/vaimnemaailm.ee\/www\/taro-videokursus\/\" class=\"more-link\">Loe edasi<span class=\"screen-reader-text\"> &#8220;TARO videokursus&#8221;<\/span><\/a><\/p>\n","protected":false},"author":2,"featured_media":0,"parent":0,"menu_order":0,"comment_status":"closed","ping_status":"closed","template":"","meta":{"footnotes":""},"class_list":["post-3777","page","type-page","status-publish","hentry"],"_links":{"self":[{"href":"https:\/\/vaimnemaailm.ee\/www\/wp-json\/wp\/v2\/pages\/3777","targetHints":{"allow":["GET"]}}],"collection":[{"href":"https:\/\/vaimnemaailm.ee\/www\/wp-json\/wp\/v2\/pages"}],"about":[{"href":"https:\/\/vaimnemaailm.ee\/www\/wp-json\/wp\/v2\/types\/page"}],"author":[{"embeddable":true,"href":"https:\/\/vaimnemaailm.ee\/www\/wp-json\/wp\/v2\/users\/2"}],"replies":[{"embeddable":true,"href":"https:\/\/vaimnemaailm.ee\/www\/wp-json\/wp\/v2\/comments?post=3777"}],"version-history":[{"count":5,"href":"https:\/\/vaimnemaailm.ee\/www\/wp-json\/wp\/v2\/pages\/3777\/revisions"}],"predecessor-version":[{"id":4240,"href":"https:\/\/vaimnemaailm.ee\/www\/wp-json\/wp\/v2\/pages\/3777\/revisions\/4240"}],"wp:attachment":[{"href":"https:\/\/vaimnemaailm.ee\/www\/wp-json\/wp\/v2\/media?parent=3777"}],"curies":[{"name":"wp","href":"https:\/\/api.w.org\/{rel}","templated":true}]}}