{"id":3590,"date":"2024-04-10T19:40:09","date_gmt":"2024-04-10T16:40:09","guid":{"rendered":"https:\/\/vaimnemaailm.ee\/www\/?page_id=3590"},"modified":"2025-12-16T14:34:23","modified_gmt":"2025-12-16T12:34:23","slug":"hinge-vanuse-ja-elu-oppetundide-valjaselgitamine","status":"publish","type":"page","link":"https:\/\/vaimnemaailm.ee\/www\/hinge-vanuse-ja-elu-oppetundide-valjaselgitamine\/","title":{"rendered":"Hinge vanuse ja elu \u00f5ppetundide v\u00e4ljaselgitamine"},"content":{"rendered":"<div class=\"wp-block-image\">\n<figure class=\"alignright size-large is-resized\"><img loading=\"lazy\" decoding=\"async\" width=\"1024\" height=\"818\" src=\"https:\/\/vaimnemaailm.ee\/www\/wp-content\/uploads\/2017\/01\/pendel-4-1024x818.jpg\" alt=\"\" class=\"wp-image-62\" style=\"width:289px;height:auto\" srcset=\"https:\/\/vaimnemaailm.ee\/www\/wp-content\/uploads\/2017\/01\/pendel-4-1024x818.jpg 1024w, https:\/\/vaimnemaailm.ee\/www\/wp-content\/uploads\/2017\/01\/pendel-4-300x240.jpg 300w, https:\/\/vaimnemaailm.ee\/www\/wp-content\/uploads\/2017\/01\/pendel-4-768x613.jpg 768w, https:\/\/vaimnemaailm.ee\/www\/wp-content\/uploads\/2017\/01\/pendel-4.jpg 1637w\" sizes=\"auto, (max-width: 767px) 89vw, (max-width: 1000px) 54vw, (max-width: 1071px) 543px, 580px\" \/><\/figure>\n<\/div>\n\n\n<p>Selgitame v\u00e4lja Sinu hinge vanuse, rolli  ja praeguses elus aktuaalsed \u00fclesanded: mis on sinu siht, mil viisil sa selle suunas liigud, kuidas sa elule vaatad, kuidas kipud reageerima, kuidas k\u00f5ige kegemini ennast tasakaalu saaksid, millised on sinu p\u00f5hilised komistuskivid, hirmud, millest peaksid vabanema. Kas oled positiivses arenguvoos, t\u00e4itmas oma \u00fclesandeid v\u00f5i mitte ja peaksid seda korrigeerima. <\/p>\n\n\n\n<p>Teades neid asju enda ja oma l\u00e4hedaste kohta, m\u00f5istad, kellega ja mis tasandil on sul s\u00fcnkroonsus, sobivus, kellga mitte, kus tekivad vastuolud ja mittem\u00f5istmised, mida saaksid muuta, et suhtlus inimestega oleks tulemuslik ja v\u00f5imalikult sujuv ning mida peaksid lihtsalt aktsepteerima.<\/p>\n\n\n\n<p>Kasutan pendlit ja Chelsea Quinn Yarbo raamatus &#8220;Michaeli s\u00f5numid&#8221; toodud s\u00fcsteemi. <\/p>\n\n\n\n<p><strong>V\u00e4\u00e4rtus 30 EUR<\/strong><\/p>\n\n\n\n<p><strong>Tellimiseks<\/strong> tee \u00fclekanne 30 EUR Vaimne Maailm O\u00dc pangakontole EE662200221049242077\u00a0 ja saada meil <em>\u00a0liina@vaimnemaailm.ee<\/em>, kuhu lisa selle inimese nimi, kelle kohta soovid vastuseid, tema foto v\u00f5i t\u00e4pne s\u00fcnniaeg.<\/p>\n\n\n\n<p><strong>NB!<\/strong> Enda kohta v\u00f5id alati k\u00fcsida ja ka oma pere kohta, kaugemate tuttavate puhul aga v\u00f5id esmalt saata sissejuhatava meili  infoga huvipakkuva inimese kohta ning k\u00f5igepealt k\u00fcsin, kas mul on ligip\u00e4\u00e4s ja luba neid asju vaadata. <\/p>\n\n\n\n<p>Vastuse saad meili teel ja see sisaldab lisaks tulemustele ka 8  lk  selgitavat infot Michaeli s\u00fcsteemi kohta pdf failis, et saaksid  sealt uurida, mida saadud tulemused t\u00e4hendavad ning kuidas neid kasutada.<\/p>\n","protected":false},"excerpt":{"rendered":"<p>Selgitame v\u00e4lja Sinu hinge vanuse, rolli ja praeguses elus aktuaalsed \u00fclesanded: mis on sinu siht, mil viisil sa selle suunas liigud, kuidas sa elule vaatad, kuidas kipud reageerima, kuidas k\u00f5ige kegemini ennast tasakaalu saaksid, millised on sinu p\u00f5hilised komistuskivid, hirmud, millest peaksid vabanema. Kas oled positiivses arenguvoos, t\u00e4itmas oma \u00fclesandeid v\u00f5i mitte ja peaksid seda &hellip; <\/p>\n<p class=\"link-more\"><a href=\"https:\/\/vaimnemaailm.ee\/www\/hinge-vanuse-ja-elu-oppetundide-valjaselgitamine\/\" class=\"more-link\">Loe edasi<span class=\"screen-reader-text\"> &#8220;Hinge vanuse ja elu \u00f5ppetundide v\u00e4ljaselgitamine&#8221;<\/span><\/a><\/p>\n","protected":false},"author":2,"featured_media":0,"parent":0,"menu_order":0,"comment_status":"closed","ping_status":"closed","template":"","meta":{"footnotes":""},"class_list":["post-3590","page","type-page","status-publish","hentry"],"_links":{"self":[{"href":"https:\/\/vaimnemaailm.ee\/www\/wp-json\/wp\/v2\/pages\/3590","targetHints":{"allow":["GET"]}}],"collection":[{"href":"https:\/\/vaimnemaailm.ee\/www\/wp-json\/wp\/v2\/pages"}],"about":[{"href":"https:\/\/vaimnemaailm.ee\/www\/wp-json\/wp\/v2\/types\/page"}],"author":[{"embeddable":true,"href":"https:\/\/vaimnemaailm.ee\/www\/wp-json\/wp\/v2\/users\/2"}],"replies":[{"embeddable":true,"href":"https:\/\/vaimnemaailm.ee\/www\/wp-json\/wp\/v2\/comments?post=3590"}],"version-history":[{"count":5,"href":"https:\/\/vaimnemaailm.ee\/www\/wp-json\/wp\/v2\/pages\/3590\/revisions"}],"predecessor-version":[{"id":4250,"href":"https:\/\/vaimnemaailm.ee\/www\/wp-json\/wp\/v2\/pages\/3590\/revisions\/4250"}],"wp:attachment":[{"href":"https:\/\/vaimnemaailm.ee\/www\/wp-json\/wp\/v2\/media?parent=3590"}],"curies":[{"name":"wp","href":"https:\/\/api.w.org\/{rel}","templated":true}]}}