{"id":3339,"date":"2024-01-12T11:24:46","date_gmt":"2024-01-12T09:24:46","guid":{"rendered":"https:\/\/vaimnemaailm.ee\/www\/?page_id=3339"},"modified":"2026-02-04T15:33:15","modified_gmt":"2026-02-04T13:33:15","slug":"energeetilise-maali-kursus-uleminek-korgemasse-energiasse","status":"publish","type":"page","link":"https:\/\/vaimnemaailm.ee\/www\/energeetilise-maali-kursus-uleminek-korgemasse-energiasse\/","title":{"rendered":"Energiamaali kursus &#8220;\u00dcleminek k\u00f5rgemasse energiasse &#8211; endas Loojateadvuse \u00e4ratamine&#8221;"},"content":{"rendered":"<div class=\"wp-block-image\">\n<figure class=\"alignright size-large is-resized\"><img loading=\"lazy\" decoding=\"async\" width=\"770\" height=\"1024\" src=\"https:\/\/vaimnemaailm.ee\/www\/wp-content\/uploads\/2024\/01\/IMG_20231216_110824-770x1024.jpg\" alt=\"\" class=\"wp-image-3342\" style=\"width:259px;height:344px\" srcset=\"https:\/\/vaimnemaailm.ee\/www\/wp-content\/uploads\/2024\/01\/IMG_20231216_110824-770x1024.jpg 770w, https:\/\/vaimnemaailm.ee\/www\/wp-content\/uploads\/2024\/01\/IMG_20231216_110824-226x300.jpg 226w, https:\/\/vaimnemaailm.ee\/www\/wp-content\/uploads\/2024\/01\/IMG_20231216_110824-768x1021.jpg 768w, https:\/\/vaimnemaailm.ee\/www\/wp-content\/uploads\/2024\/01\/IMG_20231216_110824-1155x1536.jpg 1155w, https:\/\/vaimnemaailm.ee\/www\/wp-content\/uploads\/2024\/01\/IMG_20231216_110824-1540x2048.jpg 1540w, https:\/\/vaimnemaailm.ee\/www\/wp-content\/uploads\/2024\/01\/IMG_20231216_110824-scaled.jpg 1925w\" sizes=\"auto, (max-width: 767px) 89vw, (max-width: 1000px) 54vw, (max-width: 1071px) 543px, 580px\" \/><figcaption class=\"wp-element-caption\">&#8220;Puhas teadlikkus&#8221; Liina Kaumann 2023<\/figcaption><\/figure>\n<\/div>\n\n\n<p><strong>7.03. kell 11-14.00<\/strong> Tartus<\/p>\n\n\n\n<p>T\u00f5sta oma sagedust ja liigu j\u00e4rgmisele arengutasandile maalimise abil! Sellel kursusel keskendume transformatsioonile ja nendele muutustele, mida just sinul on vaja teha, et j\u00e4tta maha vana  ning l\u00fclituda uude &#8211; k\u00f5rgemasse energiasse ja hakata kogema kergemat ja voolavamat elu. Energiamaali tegemine on selleks t\u00f5hus ja l\u00f5bus meetod, see aitab ka p\u00e4\u00e4seda ligi v\u00e4ga olulisele ja isiklikule infole, ennast tasakaalustada, tervendada, h\u00e4\u00e4lestada ning \u00f5ppida ennast aktsepteerima niisugusena nagu oled. <\/p>\n\n\n\n<p>Me tegelikult juba oleme praegu k\u00f5rgsageduslikud valgusolendid, me oleme terviklikud ja Loojad. Aga kuni me ise s\u00fcgavamal tasandil seda \u00e4ratundnud ei ole, samastame ennast ikka oma vana 3D inimminaga, oma olnud kogemustega, kus pidevalt on olnud midagi puudu, mille suunas oleme p\u00fc\u00fcelnud. Et seda muuta, <strong>on vaja otsust<\/strong>. Just nii nagu peame ise endas \u00e4ra tundma selle k\u00f5rgsagedusliku valgustunud olendi, kes ma juba praegu tegelikult olen ja hakkama ennast inimmina asemel hoopis temaga samastama, samamoodi saame endas \u00e4ra tunda ja omaks v\u00f5tta r\u00f5\u00f5mu ja kerguse. See r\u00f5\u00f5m ja kergus on vaja leida ja aktiveerida, aga enda sees, mitte v\u00e4ljas. R\u00f5\u00f5mu ja loominguga tegeleb meie sakraalt\u015bakra, Energiamaali tegemine on v\u00e4ga hea viis avada oma sakaalt\u015bakra, r\u00f5\u00f5m ja loomingulisus.<\/p>\n\n\n\n<p>Kursusel osalemiseks pole vaja perfektseid tehnilisi oskusi ja v\u00f5tteid, pigem on oluline olla avatud, tundlik ja loominguline. Energiamaali me ei tee tavateadvuse tasandil, see tuleb \u00fclevaltpoolt, kanaldusena, v\u00f5i r\u00e4\u00e4gib l\u00e4bi selle alateadvus, aidates maalijal lahendada vanu, allasurutud, kuid vabastamistvajavaid probleeme.  Maalimisoskus pole seejuures oluline, mida vabamaks oma kriitikameel kunstilise taseme osas lasta , mida loomingulisem oled, seda parem tulemus. \u00d5igesse teadvusseisundisse j\u00f5uame juhitud meditatsiooni abil, millega kursust alustame. <\/p>\n\n\n\n<p>Protsess koosneb mitmest v\u00f5rdselt oluliselt etapist:<\/p>\n\n\n\n<ol class=\"wp-block-list\">\n<li>eelh\u00e4\u00e4lestus\/taotlus<\/li>\n\n\n\n<li>maalimine ise<\/li>\n\n\n\n<li>maali vaatamine\/mediteerimine maaliga ning sellest info ammutamine ja selle abil tervenemine.<\/li>\n<\/ol>\n\n\n\n<p><strong>Kursus koosneb 2 osast:<\/strong><\/p>\n\n\n\n<ol class=\"wp-block-list\">\n<li>Teoreetiline osa meilile: saad teada, mida t\u00e4hendab elamine horisontaalsel v\u00f5i vertikaalsel eluteljel, kuidas l\u00fclituda \u00fcmber vertikaalsele eluteljele, millised on loomise erinevused vanas- ja uues energias, kuidas luua uues energias, mis on loomise alused ja olulised komponendid, mis on r\u00f5\u00f5mus loomine ja kuidas endas r\u00f5\u00f5m aktiveerida, kuidas liikuda eri dimensioonide vahel, teha l\u00e4bi \u00fcleminek, hakata kogema elus nn. \u201eKuldajastut\u201d. (17 lk) +Energiamaali anal\u00fc\u00fcsimine (13 lk) + V\u00e4rvus\u00f5petus (4 lk)<\/li>\n\n\n\n<li>praktikum&nbsp; &#8211; maalimine akr\u00fc\u00fclv\u00e4rvidega + arutelu<\/li>\n<\/ol>\n\n\n\n<p>Alustame h\u00e4\u00e4lestava meditatsiooniga, sellele j\u00e4rgneb maalimine ning peale seda \u00fchine maalide vaatamine ja arutelu. Kursus annab ka juhtn\u00f6\u00f6rid, kuidas valminud maale&nbsp; \u201elugema \u00f5ppida\u201d \u2013 kuidas lahtim\u00f5testada v\u00e4rve, s\u00fcmboleid, arve, pintslit\u00f5mbeid. Iga osaleja saab oma maalid endale!<\/p>\n\n\n\n<p>Kogu kursuse hind <strong>85&nbsp;EUR <\/strong>(hinna sees on maalimistarbed &#8211; l\u00f5uendid, akr\u00fc\u00fclv\u00e4rvid, kohapeal kasutamiseks pintslid, molbertid, topsid, lapid)<\/p>\n\n\n\n<p>V\u00e4ike grupp! <\/p>\n\n\n\n<p>Kursusel osalemiseks saada meil osalemissooviga<em>&nbsp;liina@vaimnemaailm.ee.<\/em>&nbsp;ja tasu Vaimne Maailm O\u00dc pangakontole EE662200221049242077&nbsp; tagastamatu ettemaks 45 EUR, misj\u00e4rel saad k\u00e4tte kursuse teoreetilise osa.<\/p>\n\n\n\n<p>Ettemaksu tasudes kinnitad endale koha grupis + saad k\u00e4tte kursuse esimese \u2013 teoreetilise osa. Kursusele mittetulemise korral ettemaksu ei tagastata!<\/p>\n","protected":false},"excerpt":{"rendered":"<p>7.03. kell 11-14.00 Tartus T\u00f5sta oma sagedust ja liigu j\u00e4rgmisele arengutasandile maalimise abil! Sellel kursusel keskendume transformatsioonile ja nendele muutustele, mida just sinul on vaja teha, et j\u00e4tta maha vana ning l\u00fclituda uude &#8211; k\u00f5rgemasse energiasse ja hakata kogema kergemat ja voolavamat elu. Energiamaali tegemine on selleks t\u00f5hus ja l\u00f5bus meetod, see aitab ka p\u00e4\u00e4seda &hellip; <\/p>\n<p class=\"link-more\"><a href=\"https:\/\/vaimnemaailm.ee\/www\/energeetilise-maali-kursus-uleminek-korgemasse-energiasse\/\" class=\"more-link\">Loe edasi<span class=\"screen-reader-text\"> &#8220;Energiamaali kursus &#8220;\u00dcleminek k\u00f5rgemasse energiasse &#8211; endas Loojateadvuse \u00e4ratamine&#8221;&#8221;<\/span><\/a><\/p>\n","protected":false},"author":2,"featured_media":0,"parent":0,"menu_order":0,"comment_status":"closed","ping_status":"closed","template":"","meta":{"footnotes":""},"class_list":["post-3339","page","type-page","status-publish","hentry"],"_links":{"self":[{"href":"https:\/\/vaimnemaailm.ee\/www\/wp-json\/wp\/v2\/pages\/3339","targetHints":{"allow":["GET"]}}],"collection":[{"href":"https:\/\/vaimnemaailm.ee\/www\/wp-json\/wp\/v2\/pages"}],"about":[{"href":"https:\/\/vaimnemaailm.ee\/www\/wp-json\/wp\/v2\/types\/page"}],"author":[{"embeddable":true,"href":"https:\/\/vaimnemaailm.ee\/www\/wp-json\/wp\/v2\/users\/2"}],"replies":[{"embeddable":true,"href":"https:\/\/vaimnemaailm.ee\/www\/wp-json\/wp\/v2\/comments?post=3339"}],"version-history":[{"count":5,"href":"https:\/\/vaimnemaailm.ee\/www\/wp-json\/wp\/v2\/pages\/3339\/revisions"}],"predecessor-version":[{"id":4318,"href":"https:\/\/vaimnemaailm.ee\/www\/wp-json\/wp\/v2\/pages\/3339\/revisions\/4318"}],"wp:attachment":[{"href":"https:\/\/vaimnemaailm.ee\/www\/wp-json\/wp\/v2\/media?parent=3339"}],"curies":[{"name":"wp","href":"https:\/\/api.w.org\/{rel}","templated":true}]}}