{"id":3306,"date":"2023-12-01T17:15:33","date_gmt":"2023-12-01T15:15:33","guid":{"rendered":"https:\/\/vaimnemaailm.ee\/www\/?page_id=3306"},"modified":"2024-05-02T12:20:08","modified_gmt":"2024-05-02T09:20:08","slug":"e-kursus-kuldajastu-loomine","status":"publish","type":"page","link":"https:\/\/vaimnemaailm.ee\/www\/e-kursus-kuldajastu-loomine\/","title":{"rendered":"E-kursus &#8220;\u00dcleminek k\u00f5rgemasse energiasse, maisuse ja vaimsuse \u00fchendamine, Kuldajastu aktivatsioon&#8221;"},"content":{"rendered":"<div class=\"wp-block-image\">\n<figure class=\"alignright size-large is-resized\"><img loading=\"lazy\" decoding=\"async\" width=\"930\" height=\"1024\" src=\"https:\/\/vaimnemaailm.ee\/www\/wp-content\/uploads\/2023\/08\/uus-maal-930x1024.jpg\" alt=\"\" class=\"wp-image-3130\" style=\"width:334px;height:368px\" srcset=\"https:\/\/vaimnemaailm.ee\/www\/wp-content\/uploads\/2023\/08\/uus-maal-930x1024.jpg 930w, https:\/\/vaimnemaailm.ee\/www\/wp-content\/uploads\/2023\/08\/uus-maal-273x300.jpg 273w, https:\/\/vaimnemaailm.ee\/www\/wp-content\/uploads\/2023\/08\/uus-maal-768x845.jpg 768w, https:\/\/vaimnemaailm.ee\/www\/wp-content\/uploads\/2023\/08\/uus-maal-1396x1536.jpg 1396w, https:\/\/vaimnemaailm.ee\/www\/wp-content\/uploads\/2023\/08\/uus-maal.jpg 1571w\" sizes=\"auto, (max-width: 767px) 89vw, (max-width: 1000px) 54vw, (max-width: 1071px) 543px, 580px\" \/><\/figure>\n<\/div>\n\n\n<p>Kursus sisalab teoreetilist osa pdf-failis + juhitud meditatsioonir\u00e4nnakuid mp3 failis, mille saad endale allalaadida! E-kursust saad l\u00e4bida oma kodus, endale sobival ajal ja korduvalt! <\/p>\n\n\n\n<p>Meditatsioonid aitavad teha l\u00e4bi vajalikke vaatenurgamuutusi, et saaksid hakata kogema oma igap\u00e4evaelu k\u00f5rgemas ja kergemas sageduses. Esmalt on sul vaja aga teha rahumeelne l\u00f5pp vana tasandiga &#8211; praegustes energiates ei ole isegi vaja enam midagi tervendada ega \u00fcmbermuuta &#8211; piisab lihtsalt olnu teadvustamisest ja iseenda ja oma kogemuste t\u00e4ielikust aktsepteerimisest, v\u00e4\u00e4rtustamisest.  See t\u00f5stab maised kogemused n\u00f6. &#8220;taevastesse&#8221; k\u00f5rgustesse. Seej\u00e4rel saad laadida alla uue k\u00f5rgema  ehk &#8220;taevariigi&#8221; energia, mis hakkab looma t\u00e4iesti uut puhast reaalsust &#8211; nn. Kuldajastut.  Kuldajastu on aga vaja esmalt iseendas  aktiveerida.<\/p>\n\n\n\n<p><strong>Teoreetiline osa pdf <\/strong>(18 lk) <strong>sisaldab<\/strong>: Universumi ts\u00fcklid &#8211; \u00fcleminek aastatel 2012-23, aastatel 2024-2032, milles see seisneb, vaimsed m\u00f5jud. \u00dclevaade senistest kuldajastutest Maal, sealt p\u00e4rinevad tarkused. Iidsetest kuldajastutest p\u00e4rinevad tervendusmeetodid ja praktikad, mida saame ka siin ja praegu edukalt kasutada. Sise-Maa &#8211; 7D sagedus. Kuidas sirutuda 7D sageduseni. \u00dclemineku tegemine koos\u00f5las praeguste energiatega &#8211; maise tasandi aktsepteerimine, omandatud hingekogemustena. Teadvustasandi t\u00f5stmine, k\u00f5rgemasse sagedusribasse, uue olemisviisi leidmine.  Puhta teadlikkuse energia (Taevariigi) allatoomine, v\u00e4ljakiirgamine, iseendas juba valgustunud olendi \u00e4ratundmine ja kuldajastu aktiveerimine. Kuidas kogeda kuldajastut oma elus juba t\u00e4na.<\/p>\n\n\n\n<p><strong>8<\/strong> <strong>juhitud meditatsioonir\u00e4nnakut mp3:<\/strong><\/p>\n\n\n\n<ol class=\"wp-block-list\">\n<li>Pimeduse\u201d ajastu (vana maailma) \u00f5ppetundide aktsepteerimiseks ja omandatud hingekogemuste integreerimiseks \u2013 maise elu taevastesse k\u00f5rgustesse t\u00f5stmiseks. Maisuse ja vaimsuse \u00fchendamine, uue energia esmane allatoomine&nbsp;(32 min)<\/li>\n\n\n\n<li>Kosmilise Emaga \u00fchendumine \u2013 puhtasse algolekusse tagasiminek&nbsp;(46 min)<\/li>\n\n\n\n<li>Teadvustasandi t\u00f5stmiseks, k\u00f5rgema energia, puhta teadlikkuse kogemiseks ja allatoomiseks \u2013 Taevariigi maapeale toomiseks (44 min)<\/li>\n\n\n\n<li>\u00dchenduse loomine oma valgustunud Minaga, iseendas valgustunud olendi \u00e4ratundmine ja kuldajastu aktiveerimine (44 min)<\/li>\n\n\n\n<li>\u201cValgusmaailma sagedusele h\u00e4\u00e4lestumine, 5D t\u015bakrate allalaadimine\u201d (48 min)<\/li>\n\n\n\n<li>7D-sse sirutumine l\u00e4bi T\u00e4hev\u00e4rava ja Maat\u00e4he. Sise-Maaga, \u00fclest\u00f5usnud t\u00e4htede ja planeetidega \u00fchenduse loomine (27 min)<\/li>\n\n\n\n<li>Mahatma energia- valguskeha \u00fclesehitamine, \u00fclest\u00f5usu kiirendamine, keha noorendamine, probleemide lahendamine (35 min)<\/li>\n\n\n\n<li>Kuldse Jumalannaga \u00fchendumine \u2013 valgusmustritega tervendamine<strong> <\/strong>(22 min)<\/li>\n<\/ol>\n\n\n\n<p><strong>V\u00e4\u00e4rtus 99 EUR<\/strong>&nbsp;<\/p>\n\n\n\n<p>Kursuse koostas Liina Kaumann<\/p>\n\n\n\n<p>Osalemiseks  tasu Vaimne Maailm O\u00dc pangakontole EE662200221049242077\u00a0  99 EUR ja saada meil kinnitusega, et makse on teostatud<em>\u00a0liina@vaimnemaailm.ee<\/em>\u00a0<\/p>\n","protected":false},"excerpt":{"rendered":"<p>Kursus sisalab teoreetilist osa pdf-failis + juhitud meditatsioonir\u00e4nnakuid mp3 failis, mille saad endale allalaadida! E-kursust saad l\u00e4bida oma kodus, endale sobival ajal ja korduvalt! Meditatsioonid aitavad teha l\u00e4bi vajalikke vaatenurgamuutusi, et saaksid hakata kogema oma igap\u00e4evaelu k\u00f5rgemas ja kergemas sageduses. Esmalt on sul vaja aga teha rahumeelne l\u00f5pp vana tasandiga &#8211; praegustes energiates ei ole &hellip; <\/p>\n<p class=\"link-more\"><a href=\"https:\/\/vaimnemaailm.ee\/www\/e-kursus-kuldajastu-loomine\/\" class=\"more-link\">Loe edasi<span class=\"screen-reader-text\"> &#8220;E-kursus &#8220;\u00dcleminek k\u00f5rgemasse energiasse, maisuse ja vaimsuse \u00fchendamine, Kuldajastu aktivatsioon&#8221;&#8221;<\/span><\/a><\/p>\n","protected":false},"author":2,"featured_media":0,"parent":0,"menu_order":0,"comment_status":"closed","ping_status":"closed","template":"","meta":{"footnotes":""},"class_list":["post-3306","page","type-page","status-publish","hentry"],"_links":{"self":[{"href":"https:\/\/vaimnemaailm.ee\/www\/wp-json\/wp\/v2\/pages\/3306","targetHints":{"allow":["GET"]}}],"collection":[{"href":"https:\/\/vaimnemaailm.ee\/www\/wp-json\/wp\/v2\/pages"}],"about":[{"href":"https:\/\/vaimnemaailm.ee\/www\/wp-json\/wp\/v2\/types\/page"}],"author":[{"embeddable":true,"href":"https:\/\/vaimnemaailm.ee\/www\/wp-json\/wp\/v2\/users\/2"}],"replies":[{"embeddable":true,"href":"https:\/\/vaimnemaailm.ee\/www\/wp-json\/wp\/v2\/comments?post=3306"}],"version-history":[{"count":5,"href":"https:\/\/vaimnemaailm.ee\/www\/wp-json\/wp\/v2\/pages\/3306\/revisions"}],"predecessor-version":[{"id":3663,"href":"https:\/\/vaimnemaailm.ee\/www\/wp-json\/wp\/v2\/pages\/3306\/revisions\/3663"}],"wp:attachment":[{"href":"https:\/\/vaimnemaailm.ee\/www\/wp-json\/wp\/v2\/media?parent=3306"}],"curies":[{"name":"wp","href":"https:\/\/api.w.org\/{rel}","templated":true}]}}