{"id":3209,"date":"2023-10-11T12:43:53","date_gmt":"2023-10-11T09:43:53","guid":{"rendered":"https:\/\/vaimnemaailm.ee\/www\/?page_id=3209"},"modified":"2024-03-26T16:05:18","modified_gmt":"2024-03-26T14:05:18","slug":"e-kursus-korgemate-energiate-kaasamine-igapaevaellu-ja-loomisprotsessi-koostoo-vaimse-maailmaga","status":"publish","type":"page","link":"https:\/\/vaimnemaailm.ee\/www\/e-kursus-korgemate-energiate-kaasamine-igapaevaellu-ja-loomisprotsessi-koostoo-vaimse-maailmaga\/","title":{"rendered":"E-kursus &#8220;K\u00f5rgemate energiate kaasamine igap\u00e4evaellu ja loomisprotsessi. Koost\u00f6\u00f6 Vaimse Maailmaga&#8221;"},"content":{"rendered":"<div class=\"wp-block-image\">\n<figure class=\"alignright size-large is-resized\"><img loading=\"lazy\" decoding=\"async\" width=\"1024\" height=\"818\" src=\"https:\/\/vaimnemaailm.ee\/www\/wp-content\/uploads\/2023\/08\/1-1024x818.jpg\" alt=\"\" class=\"wp-image-3082\" style=\"width:329px;height:263px\" srcset=\"https:\/\/vaimnemaailm.ee\/www\/wp-content\/uploads\/2023\/08\/1-1024x818.jpg 1024w, https:\/\/vaimnemaailm.ee\/www\/wp-content\/uploads\/2023\/08\/1-300x240.jpg 300w, https:\/\/vaimnemaailm.ee\/www\/wp-content\/uploads\/2023\/08\/1-768x614.jpg 768w, https:\/\/vaimnemaailm.ee\/www\/wp-content\/uploads\/2023\/08\/1-1536x1227.jpg 1536w, https:\/\/vaimnemaailm.ee\/www\/wp-content\/uploads\/2023\/08\/1.jpg 1782w\" sizes=\"auto, (max-width: 767px) 89vw, (max-width: 1000px) 54vw, (max-width: 1071px) 543px, 580px\" \/><\/figure>\n<\/div>\n\n\n<p>Praegused energiad suunavad meid oluliselt v\u00e4hendama isetegemist \u2013 seda nii vaimsete teemadega tegeledes kui ka f\u00fc\u00fcsilises maailmas igap\u00e4evaselt toimetades. Isetegemise v\u00e4hendamist mitte selles m\u00f5ttes, et leida endale tervendaja v\u00f5i terapeut, kes sinu eest teeks ja aitaks, vaid fookus oleks vaja \u00fcldse \u00e4ra tuua inimlikult \u2013 tegude tasandilt ja hakata ellu kaasama hoopis Universumi k\u00f5rgemaid j\u00f5ude \u2013 \u00f5ppida andma k\u00f5ik oma mured, valud, probleemid \u00fcles k\u00f5rgematele j\u00f5ududele lahenda. Kuidas toimida koosk\u00f5las praeguse ajaga, kuidas enda jaoks parimal moel kaasata Vaimset maailma, tulla l\u00f5puks v\u00e4lja puudusteadvusest, eraldatusest ja hirmust, kasutada inglite, \u00fclest\u00f5usnud meistrite, Kosmilise Ema abi, terveneda, nooreneda ja probleeme lahendada Mahatma energia abil, ehitada \u00fcles oma valguskeha ja kiirendada \u00fclest\u00f5usuprotsessi tuhandekordselt \u2013 neid teemasid vaatlemigi sellel kursusel. <\/p>\n\n\n\n<p>E-Kursust saad l\u00e4bida endale sobivas r\u00fctmis ja ajal, korduvalt ja korduvalt!<\/p>\n\n\n\n<p>Kursus koosneb 2 osast:<\/p>\n\n\n\n<p>1. teoreetiline osa (17 lk), mille saad meilile kodus l\u00e4bit\u00f6\u00f6tamiseks sisaldab: Mis on hirm, kuidas sellest v\u00e4lja tulla? Kuidas puudusteadvusest v\u00e4lja tulla? Koost\u00f6\u00f6 Universumiga. Inglite ja \u00fclest\u00f5usnud meistrit v\u00e4e kutsumne. Suur Jumalanna \u2013 Kosmiline Ema. Mahatma energia kasutamine: n\u00e4\u00e4rmete \u00fcmberprogrammeerimine, vananemise peatamine, probleemide lahendamine, sageduse t\u00f5stmine, valguskeha \u00fclesehitamine, \u00fclest\u00f5usu kiirendamine. Kuidas teha palveid, kuidas teha deklaratsioone.<\/p>\n\n\n\n<p>2. <strong> 6 juhitud meditatsiooni mp3 faildel,<\/strong> mille saad endale allalaadida ja kasutada korduvalt : <\/p>\n\n\n\n<ol class=\"wp-block-list\">\n<li><strong><mark>Koost\u00f6\u00f6 K\u00f5rgemate energiatega: Jumalike kiirte, \u00fclest\u00f5usnud meistrite, inglite kaasamine<\/mark><\/strong> (44 min)<\/li>\n\n\n\n<li><strong><mark>Mahatma energia- valguskeha \u00fclesehitamine, \u00fclest\u00f5usu kiirendamine, keha noorendamine, probleemide lahendamine<\/mark><\/strong> (35 min)<\/li>\n\n\n\n<li><strong><mark>Kosmilise Emaga \u00fchendumine \u2013 puhtasse algolekusse tagasiminek<\/mark><\/strong> (46 min)<\/li>\n\n\n\n<li><strong><mark>Kuldse Jumalannaga \u00fchendumine<\/mark><\/strong> (22 min)<\/li>\n\n\n\n<li><strong>Peainglite abi palumine<\/strong> (30 min)<\/li>\n\n\n\n<li><strong>Kaitseingliga kohtumine, r\u00e4nnak Suurde Nefriiditemplisse ennast tervendama<\/strong>&nbsp;(43 min)<\/li>\n<\/ol>\n\n\n\n<p>\u00a0Kursuse v\u00e4\u00e4rtus <strong>70\u00a0EUR<\/strong><\/p>\n\n\n\n<p>Osalemiseks  tasu Vaimne Maailm O\u00dc pangakontole EE662200221049242077&nbsp;  70 EUR ja saada meil kinnitusega, et makse on teostatud<em>&nbsp;liina@vaimnemaailm.ee<\/em>&nbsp;<\/p>\n","protected":false},"excerpt":{"rendered":"<p>Praegused energiad suunavad meid oluliselt v\u00e4hendama isetegemist \u2013 seda nii vaimsete teemadega tegeledes kui ka f\u00fc\u00fcsilises maailmas igap\u00e4evaselt toimetades. Isetegemise v\u00e4hendamist mitte selles m\u00f5ttes, et leida endale tervendaja v\u00f5i terapeut, kes sinu eest teeks ja aitaks, vaid fookus oleks vaja \u00fcldse \u00e4ra tuua inimlikult \u2013 tegude tasandilt ja hakata ellu kaasama hoopis Universumi k\u00f5rgemaid j\u00f5ude &hellip; <\/p>\n<p class=\"link-more\"><a href=\"https:\/\/vaimnemaailm.ee\/www\/e-kursus-korgemate-energiate-kaasamine-igapaevaellu-ja-loomisprotsessi-koostoo-vaimse-maailmaga\/\" class=\"more-link\">Loe edasi<span class=\"screen-reader-text\"> &#8220;E-kursus &#8220;K\u00f5rgemate energiate kaasamine igap\u00e4evaellu ja loomisprotsessi. Koost\u00f6\u00f6 Vaimse Maailmaga&#8221;&#8221;<\/span><\/a><\/p>\n","protected":false},"author":2,"featured_media":0,"parent":0,"menu_order":0,"comment_status":"closed","ping_status":"closed","template":"","meta":{"footnotes":""},"class_list":["post-3209","page","type-page","status-publish","hentry"],"_links":{"self":[{"href":"https:\/\/vaimnemaailm.ee\/www\/wp-json\/wp\/v2\/pages\/3209","targetHints":{"allow":["GET"]}}],"collection":[{"href":"https:\/\/vaimnemaailm.ee\/www\/wp-json\/wp\/v2\/pages"}],"about":[{"href":"https:\/\/vaimnemaailm.ee\/www\/wp-json\/wp\/v2\/types\/page"}],"author":[{"embeddable":true,"href":"https:\/\/vaimnemaailm.ee\/www\/wp-json\/wp\/v2\/users\/2"}],"replies":[{"embeddable":true,"href":"https:\/\/vaimnemaailm.ee\/www\/wp-json\/wp\/v2\/comments?post=3209"}],"version-history":[{"count":3,"href":"https:\/\/vaimnemaailm.ee\/www\/wp-json\/wp\/v2\/pages\/3209\/revisions"}],"predecessor-version":[{"id":3524,"href":"https:\/\/vaimnemaailm.ee\/www\/wp-json\/wp\/v2\/pages\/3209\/revisions\/3524"}],"wp:attachment":[{"href":"https:\/\/vaimnemaailm.ee\/www\/wp-json\/wp\/v2\/media?parent=3209"}],"curies":[{"name":"wp","href":"https:\/\/api.w.org\/{rel}","templated":true}]}}