{"id":3183,"date":"2023-09-27T11:07:55","date_gmt":"2023-09-27T08:07:55","guid":{"rendered":"https:\/\/vaimnemaailm.ee\/www\/?page_id=3183"},"modified":"2025-02-12T09:09:01","modified_gmt":"2025-02-12T07:09:01","slug":"vaimsete-teadmiste-kool-2-sageduse-tostmine-ja-hoidmine-joondumine-energeetiline-puhtus","status":"publish","type":"page","link":"https:\/\/vaimnemaailm.ee\/www\/vaimsete-teadmiste-kool-2-sageduse-tostmine-ja-hoidmine-joondumine-energeetiline-puhtus\/","title":{"rendered":"Vaimsete Teadmiste Kool 2: &#8220;Sageduse t\u00f5stmine ja hoidmine. Joondumine. Energeetiline puhtus&#8221;"},"content":{"rendered":"<div class=\"wp-block-image\">\n<figure class=\"alignright size-large is-resized\"><img loading=\"lazy\" decoding=\"async\" width=\"1024\" height=\"818\" src=\"https:\/\/vaimnemaailm.ee\/www\/wp-content\/uploads\/2023\/08\/1-1024x818.jpg\" alt=\"\" class=\"wp-image-3082\" style=\"width:375px;height:299px\" srcset=\"https:\/\/vaimnemaailm.ee\/www\/wp-content\/uploads\/2023\/08\/1-1024x818.jpg 1024w, https:\/\/vaimnemaailm.ee\/www\/wp-content\/uploads\/2023\/08\/1-300x240.jpg 300w, https:\/\/vaimnemaailm.ee\/www\/wp-content\/uploads\/2023\/08\/1-768x614.jpg 768w, https:\/\/vaimnemaailm.ee\/www\/wp-content\/uploads\/2023\/08\/1-1536x1227.jpg 1536w, https:\/\/vaimnemaailm.ee\/www\/wp-content\/uploads\/2023\/08\/1.jpg 1782w\" sizes=\"auto, (max-width: 767px) 89vw, (max-width: 1000px) 54vw, (max-width: 1071px) 543px, 580px\" \/><\/figure>\n<\/div>\n\n\n<p><strong>22.02.25 kell 11-17.30<\/strong> Tartus <\/p>\n\n\n\n<p>Sellel korral keskendume sagedusele &#8211; teadvustasandile\/sinu valguse astmele. \u00d5pid seda m\u00f5\u00f5tma, hoidma ja t\u00f5stma, ennast ja oma ruumi energeetiliselt puhtana hoidma. \u00d5pid ka kasutama Vaimse Maailma, inglite ja \u00fclest\u00f5usnud meistrite toetust ja abi oma teekonnal.<\/p>\n\n\n\n<p>K\u00f5ik on energia: m\u00f5tted ja emotsioonid samuti. Iga\u00fcks meist vibreerib teataval sagedusel. Sinu sagedus m\u00e4\u00e4rab millised inimesed su ellu tulevad, mida sa ligi t\u00f5mbad, kui kerge v\u00f5i raske on sinu elu, samuti kas ja milliseid kaitseid v\u00f5iksid t\u00f5en\u00e4oliselt vajada, et mitte oma energiat raisata viisil, mis pole koosk\u00f5las k\u00f5rgema plaaniga.<\/p>\n\n\n\n<p>Tegemist on Vaimsete Teadmiste Kooli 2. kohtumiskorraga, liituda saab nii selle \u00fche koolitusega kui ka k\u00f5igi \u00fclej\u00e4\u00e4nud kordadega. Vt. kooli \u00f5ppekava siit:\u00a0<a href=\"https:\/\/vaimnemaailm.ee\/www\/vaimsete-teadmiste-kooli-oppekava-2025-jaanuaris-alustav-grupp\/\">https:\/\/vaimnemaailm.ee\/www\/vaimsete-teadmiste-kooli-oppekava-2025-jaanuaris-alustav-grupp\/<\/a><\/p>\n\n\n\n<p>1 koolituskorra hind 110 EUR,<br>Osalemiseks saada meil osalemissooviga liina@vaimnemaailm.ee. ja tasu Vaimne Maailm O\u00dc pangakontole EE662200221049242077 tagastamatu ettemaks 70 EUR, misj\u00e4rel saad k\u00e4tte kursuse teoreetilise osa.<br>Ettemaksu tasudes kinnitad endale koha grupis + saad k\u00e4tte kursuse esimese \u2013 teoreetilise osa. Kursusele mittetulemise korral ettemaksu ei tagastata! Puudumise puhul on v\u00f5imalik l\u00e4bida kursus video- ja helifailide formaadis iseseisvalt!<\/p>\n\n\n\n<p>Vaimsete Teadmiste Kooli on Sulle, kui oled arengufaasis, kus sooviksid s\u00fc\u00fcvida vaimsesse maailma mitmek\u00fclgselt, otsides, avastades ja arendades endas eri vaimseid andeid, leidmaks oma unikaalset hingeteed. V\u00f5imalus valida grupikoolitus v\u00f5i individuaall\u00f5pe !<\/p>\n\n\n\n<p>See on v\u00f5imalus saada laiemat \u00f5pet \u00fchtse programmina, \u00fche \u00f5petaja k\u00e4e all, samas \u00f5ppegrupis ja soodsamalt kui iga huvipakkuvat kursust eraldi l\u00e4bides! Soovijatele tunnistus!<\/p>\n\n\n\n<p>\u00d5pe toimub kaug\u00f5ppe korras :<\/p>\n\n\n\n<p>teoreetiline osa kodus l\u00e4bit\u00f6\u00f6tamiseks meilile pdf failides, heli- ja videovormis<br>praktikumid Tartus n\u00e4dalavahetusel keskmiselt 1 kord kuus septembrist-juunini<\/p>\n\n\n\n<p>\u00d5ppekava sisaldab:<\/p>\n\n\n\n<p>Meditatsioon \u2013 erinevad juhitud meditatsioonir\u00e4nnakud on abiks sisemise tasakaalu loomisel, hingeteega joondumiseks, samas ka enda elu tervendamiseks ja isikliiku \u00fclest\u00f5usu l\u00e4bi tegemiseks<br>Pendel \u2013 v\u00f5imalus saada k\u00f5rgemat juhatust ja tervendada<br>Energeetiline puhastus ja kaitse<br>Terviklik tervenemine \u2013 eri tervendusmeetodid<br>Reiki \u2013 iidne tervenduskunst ja vaimse arengu tee<br>Tarokursus<br>Ruunid \u2013 v\u00f5imalus m\u00f5ista kosmilisi arenguprotsesse ja maagiliselt luua<br>Kanaldamine<br>Aka\u015bi kroonikate \u00fcmberkirjutamine, eelmised elud<br>Esivanemate, ema- ja isaliini tervendus, suguv\u00f5sa karmal\u00f5petamine<br>Hinge\u00fclesanded, \u00f5pptunnid, elu\u00fclesanne, Hingesugulased, kaksikleegid, missioon<br>Teoreetiline osa sisaldab lisaks neile teemadele:<\/p>\n\n\n\n<p>Sissejuhatus meditatsiooni. Enesev\u00e4\u00e4rtustamine. Vaimsed Seadused. Mineviku tervendamine, Negatiivsusest v\u00e4ljatulek. 5 elementi. T\u015bakrad. Inglid. Vaimse kasvu kiirendamine. Mida t\u00e4hendab joondumine? Sisemine laps. Emotsioonide tervendamine. Naisenergia ja meesenergia. Iseenda eri egoosade tundma\u00f5ppimine ja \u00fchendamine. Kuidas lugeda oma elu \u201cpeeglit\u201d. K\u00f5rgem Mina ja Hing. Vikerkaaresilla ehitamine. Isikliku tahte koosk\u00f5lastamine K\u00f5rgema tahtega, ego lahustamine. Illusioonidest vabanemine, illusioonimaailmast lahkumine. Tasakaal, terviklikkuse loomine, oma j\u00f5usse astumine, valgustumine. Kuidas luua rahu? Praktikad, mis aitavad j\u00f5uda 5D \u00fchtsusteadvusesse. Kuidas juhtida elu oma valgusteljest \u2013 eluratta keskmest. Tasandivahetused vaimse arengu k\u00e4igus. Minevikumustritest vabanemine \u2013 ema- ja isaliini puhastamine, suguv\u00f5sa karma l\u00f5petamine, kuldajastu esivanematega \u00fchenduse loomine. Karma. Vanad vanded, t\u00f5otused, kokkulepped. Aka\u015bi kroonikad. Egregorid. Alateadvus. DNA \u00fcmberprogrammeerimine. Afirmatsioonid ja taotlused. T\u00f5ega \u00fchtesulamine. Praegune aeg.<\/p>\n\n\n\n<p>Puudutud praktikatunnid on v\u00f5malus j\u00e4rgi teha ka iseseisvalt oma kodus video- v\u00f5i helifailide abil!<\/p>\n\n\n\n<p>Iga praktikum Tartus kestab 11- ca 17.30 \u2013 (vahepeal l\u00f5uanapaus 1,5 tundi) ja sisaldab meditatsioonikursust + m\u00f5nda teemakursust (pendel, taro, reiki, kanaldamine jne.)<\/p>\n\n\n\n<p>V\u00f5imalik ka personaal\u00f5pe sinu omas r\u00fctmis ja individuaalseid vajadusi arvesades! V\u00f5ta \u00fchendust liina@vaimnemaailm.ee!<\/p>\n\n\n\n<p>Loe edasi siit:&nbsp;<a href=\"https:\/\/vaimnemaailm.ee\/www\/vaimsete-teadmiste-kool\/?fbclid=IwAR26oYfID1IAQo21AFP9ZP79woz58yRAqscazVKw-tVr-8dYJbKPunjpIzA\" rel=\"noreferrer noopener\" target=\"_blank\">https:\/\/vaimnemaailm.ee\/www\/vaimsete-teadmiste-kool\/<\/a><\/p>\n","protected":false},"excerpt":{"rendered":"<p>22.02.25 kell 11-17.30 Tartus Sellel korral keskendume sagedusele &#8211; teadvustasandile\/sinu valguse astmele. \u00d5pid seda m\u00f5\u00f5tma, hoidma ja t\u00f5stma, ennast ja oma ruumi energeetiliselt puhtana hoidma. \u00d5pid ka kasutama Vaimse Maailma, inglite ja \u00fclest\u00f5usnud meistrite toetust ja abi oma teekonnal. K\u00f5ik on energia: m\u00f5tted ja emotsioonid samuti. Iga\u00fcks meist vibreerib teataval sagedusel. Sinu sagedus m\u00e4\u00e4rab millised &hellip; <\/p>\n<p class=\"link-more\"><a href=\"https:\/\/vaimnemaailm.ee\/www\/vaimsete-teadmiste-kool-2-sageduse-tostmine-ja-hoidmine-joondumine-energeetiline-puhtus\/\" class=\"more-link\">Loe edasi<span class=\"screen-reader-text\"> &#8220;Vaimsete Teadmiste Kool 2: &#8220;Sageduse t\u00f5stmine ja hoidmine. Joondumine. Energeetiline puhtus&#8221;&#8221;<\/span><\/a><\/p>\n","protected":false},"author":2,"featured_media":0,"parent":0,"menu_order":0,"comment_status":"closed","ping_status":"closed","template":"","meta":{"footnotes":""},"class_list":["post-3183","page","type-page","status-publish","hentry"],"_links":{"self":[{"href":"https:\/\/vaimnemaailm.ee\/www\/wp-json\/wp\/v2\/pages\/3183","targetHints":{"allow":["GET"]}}],"collection":[{"href":"https:\/\/vaimnemaailm.ee\/www\/wp-json\/wp\/v2\/pages"}],"about":[{"href":"https:\/\/vaimnemaailm.ee\/www\/wp-json\/wp\/v2\/types\/page"}],"author":[{"embeddable":true,"href":"https:\/\/vaimnemaailm.ee\/www\/wp-json\/wp\/v2\/users\/2"}],"replies":[{"embeddable":true,"href":"https:\/\/vaimnemaailm.ee\/www\/wp-json\/wp\/v2\/comments?post=3183"}],"version-history":[{"count":5,"href":"https:\/\/vaimnemaailm.ee\/www\/wp-json\/wp\/v2\/pages\/3183\/revisions"}],"predecessor-version":[{"id":3933,"href":"https:\/\/vaimnemaailm.ee\/www\/wp-json\/wp\/v2\/pages\/3183\/revisions\/3933"}],"wp:attachment":[{"href":"https:\/\/vaimnemaailm.ee\/www\/wp-json\/wp\/v2\/media?parent=3183"}],"curies":[{"name":"wp","href":"https:\/\/api.w.org\/{rel}","templated":true}]}}