{"id":3091,"date":"2023-08-13T20:39:37","date_gmt":"2023-08-13T17:39:37","guid":{"rendered":"https:\/\/vaimnemaailm.ee\/www\/?page_id=3091"},"modified":"2024-09-26T09:40:55","modified_gmt":"2024-09-26T06:40:55","slug":"vaimsete-teadmiste-kooli-oppekava-2023-24-o-a","status":"publish","type":"page","link":"https:\/\/vaimnemaailm.ee\/www\/vaimsete-teadmiste-kooli-oppekava-2023-24-o-a\/","title":{"rendered":"Vaimsete Teadmiste Kooli \u00f5ppekava 2023\/24 \u00f5\/a"},"content":{"rendered":"\n<p>Tunnid toimuvad Tartus v\u00e4keses grupis! Vajalik eelregistreerumine! <strong>Jaanuaris 2024 alustab uus grupp, kes l\u00f5petab detsembris 2024, juuli-august vaheaeg!<\/strong><\/p>\n\n\n\n<p><strong>20.01.24.<\/strong>  kell 11-17.30  <strong>Enesev\u00e4\u00e4rtustamine. T\u015bakrate tervendamine. PENDEL<\/strong><\/p>\n\n\n\n<ol class=\"wp-block-list\">\n<li>Meditatsioonikursus : &#8220;Igap\u00e4evane meditatsioon \u2013 valgustelge joondumine&#8221;, &#8220;Enesev\u00e4\u00e4rtustamine ja \u00fchenduse loomine oma K\u00f5rgema Minaga&#8221;)<\/li>\n\n\n\n<li>Pendlikursus &#8211; sisse\u00f5nnistamine, enda energeetiline puhastamine, t\u00f6\u00f6 kaartidega, hinge\u00fclesannete ja elu\u00f5ppetundide v\u00e4ljasegitamine pendliga<\/li>\n\n\n\n<li>L\u00f5unapaus 14-15.30<\/li>\n\n\n\n<li>15.30 &#8211; meditatsioon &#8220;T\u015bakrate tervedamine&#8221; <\/li>\n\n\n\n<li>pendliga t\u015bakrate tervendamine<\/li>\n<\/ol>\n\n\n\n<p><strong>17.02.24 <\/strong>kell 11-17.30 <strong> Energeetiline puhastus ja kaitse<\/strong>. <strong>Sageduse t\u00f5stmine &#8211; joondumine<\/strong><\/p>\n\n\n\n<ol class=\"wp-block-list\">\n<li>Meditatsioon &#8221; Joondumine. Peainglite Miikaeli ja Zadkieli kaitse loomine&#8221;<\/li>\n\n\n\n<li>Energeetiline puhastus ja kaitse  1. etapp &#8211; energiav\u00e4lja pendliga puhastamine, oma sageduse m\u00f5\u00f5tmine, vajalike kaitsemeetodite \u00f5ppimine<\/li>\n\n\n\n<li>L\u00f5unapaus 14-15.30<\/li>\n\n\n\n<li>15.30 &#8211; Meditatsioon &#8220;Enda eri osade lahusteadvuse tasandilt\/eraldatusest keskmesse \u2013 hinge\u00fchendusse toomine&nbsp;&#8220;<\/li>\n\n\n\n<li>p\u00f5hjalikuma energeetilise puhastuse seansi \u00f5ppimine, ruumipuhastus<\/li>\n<\/ol>\n\n\n\n<p><strong>16.03.24 <\/strong>kell 11-17.30 <strong>Mineviku tervendamine, varju vabastamine.  REIKI<\/strong><\/p>\n\n\n\n<ol class=\"wp-block-list\">\n<li>Meditatsioon: \u201eMineviku tervendamine, varju vabastamine\u201d<\/li>\n\n\n\n<li>Reiki p\u00fchitsused ja praktikum<\/li>\n\n\n\n<li>L\u00f5unapaus 14-15.30<\/li>\n\n\n\n<li>15.30 &#8211; Reiki p\u00fchitsused ja praktikum<\/li>\n<\/ol>\n\n\n\n<p><strong>13.04.24  <\/strong>kell 11-17.30  <strong>TARO<\/strong>. <strong>M\u00f5ttetasandi tervendamine<\/strong>, 2023 septembris alustanud grupp <strong>17.12.23<\/strong><\/p>\n\n\n\n<ol class=\"wp-block-list\">\n<li>Meditatsioon &#8220;Joondumine, kaitse tegemine ja Taro kaartide sisse\u00f5nnistamine&#8221;<\/li>\n\n\n\n<li>TARO  kursus<\/li>\n\n\n\n<li>L\u00f5unapaus 14-15.30<\/li>\n\n\n\n<li>15.30 &#8211; Meditatsioon &#8220;M\u00f5ttetasandi puhastamine&#8221;<\/li>\n\n\n\n<li>TARO<\/li>\n<\/ol>\n\n\n\n<p><strong>14.01 .24 <\/strong> kell 11-17.30 (2023 septembris alustanud grupp), <strong>Terviklik tervenemine<\/strong>. <strong>Alateadvuse  \u00fcmberprogrammeerimine<\/strong>  (<strong>14.09 .24<\/strong> &#8211; 2024 jaanuaris alustav grupp)<\/p>\n\n\n\n<ol class=\"wp-block-list\">\n<li>Meditatsioon &#8220;Oma elu peegli lugemine&#8221;<\/li>\n\n\n\n<li>Terviklik tervenemine 1. etapp<\/li>\n\n\n\n<li>L\u00f5unapaus 14-15.30<\/li>\n\n\n\n<li>15.30 &#8211; Meditatsioon \u201eAlateadvuse muutmine&#8221;<\/li>\n\n\n\n<li>Terviklik tervenemine 2. etpp<\/li>\n<\/ol>\n\n\n\n<p><strong>11.05.24 <\/strong>kell 11-17.30 <strong>Ruunid 1. osa . 5 elemendi tasakaalustamine<\/strong>, (2023 septembris alustanud grupp <strong>11.02<\/strong>.<strong>24<\/strong>)<\/p>\n\n\n\n<ol class=\"wp-block-list\">\n<li>Meditatsioon &#8220;5 elemendi (maa, \u00f5hk, tuli, vesi, vaim) aktiveerimine&#8221;<\/li>\n\n\n\n<li>Ruunikursus, Ruunimeditatsioonid<\/li>\n\n\n\n<li>L\u00f5unapaus 14-15.30<\/li>\n\n\n\n<li>15.30 &#8211; Ruunide ja talismani valmistamine<\/li>\n<\/ol>\n\n\n\n<p><strong>8.06.24<\/strong> kell 11-17.30 <strong>Ruunid 2<\/strong> . <strong>Sisemise perekonna (mees-, naisenerga ja sisemise lapse) tervendus<\/strong>,  (2023 septembris alustanud grupp <strong>10.03.24<\/strong>)<\/p>\n\n\n\n<ol class=\"wp-block-list\">\n<li>Meditatsioon &#8220;Ilmapuu&#8221;  <\/li>\n\n\n\n<li>Ruunirituaal, ruunidede ja talismani sisse\u00f5nnistamine, tervendamine ruunidega, ennustamine<\/li>\n\n\n\n<li>L\u00f5unapaus 14-15.30<\/li>\n\n\n\n<li>15.30 -\u201cMeditatsioonid: &#8220;Sisemise nais- ja meespoole tervendus&#8221; ja &#8220;Sisemise lapse tervendus&nbsp;&#8220;<\/li>\n<\/ol>\n\n\n\n<p><strong>4.10,  <\/strong>kell 11-17.30 <strong>Kanaldamine (K\u00f5rgema Mina kaudu ja Taro abil<\/strong>)<\/p>\n\n\n\n<ol class=\"wp-block-list\">\n<li>Meditatasioon \u201eHinge ja Vaimuga \u00fchinemine. Jumaliku Minaga suhtlemine\u201d<\/li>\n\n\n\n<li>Kanaldamine<\/li>\n\n\n\n<li>L\u00f5unapaus 14-15.30<\/li>\n\n\n\n<li>15.30 -Kanaldamin TARO abil<\/li>\n<\/ol>\n\n\n\n<p><strong>9.11 <\/strong>kell 11-17.30 <strong>Aka\u015bi kroonikad. Eelmised elud. Suguv\u00f5sa mustrid<\/strong><\/p>\n\n\n\n<ol class=\"wp-block-list\">\n<li>Meditatsioonid \u201cAka\u015bi kroonikate lugemine ja \u00fcmberkirjutamine (korduvad mustrid, karma, eelmised elud)\u201d, muutuse kinnistamine tervendava unikaalse valgusmustri loomisega.<\/li>\n\n\n\n<li>L\u00f5unapaus 14-15.30<\/li>\n\n\n\n<li>15.30 \u2013 Meditatsioon \u201cEma ja isaliini puhastamine. Kuldajastu esivanematega \u00fchenduse loomine suguv\u00f5sa karma l\u00f5petamine\u201d<\/li>\n<\/ol>\n\n\n\n<p><strong>7. 12 <\/strong>kell 11-17.30 <strong>Hingeteega joondumine \u2013 \u00a0elu\u00fclesanne, kokkulepped, hingesidemed<\/strong>,<strong>\u00a0kaksikleegid<\/strong><\/p>\n\n\n\n<ol class=\"wp-block-list\">\n<li>Meditatsioon \u201cElu\u00fclesande avastamine\u201d. Elu\u00fclesande mandala loomine ja kasutamine. Elu\u00fclesande s\u00fcmboli v\u00e4estamine.<\/li>\n\n\n\n<li>L\u00f5unapaus 14-15.30<\/li>\n\n\n\n<li>15.30 \u2013 Meditatsioonid: \u201cHingega joondumine, r\u00e4nnak kehastumiseelsesse perioodi, \u00fclesandekaaslaste, hingesugulaste, juhendajatega kohtumine, hingekokkulepetest teadlikuks saamine.\u201d Lisaks meditatsioonid mp3-l iseseisvaks t\u00f6\u00f6ks: \u201cHingeperekonna ringi \u00fchendumine, hinge tervendamine ja hingeperekonna \u00fchise \u00fclesande vastuv\u00f5tmine\u201dja \u201cKaksikleegi energiaga \u00fchinemine -oma hinge 2 vastandpolaarsuse kokkutoomine\u201d<\/li>\n<\/ol>\n\n\n\n<p>Lisaks nendele praktikumidele sisaldab kursus teoreetilist osa ja meditatsioone mp3 failidel isesesvaks t\u00f6\u00f6ks kohtumiste vahepeal! <\/p>\n\n\n\n<p><strong>Teoreetiline osa&nbsp;<\/strong>sisaldab:<\/p>\n\n\n\n<p>Sissejuhatus meditatsiooni. Enesev\u00e4\u00e4rtustamine. Vaimsed Seadused. Mineviku tervendamine, Negatiivsusest v\u00e4ljatulek. 5 elementi. T\u015bakrad. Inglid. Vaimse kasvu kiirendamine. Mida t\u00e4hendab joondumine? Sisemine laps. Emotsioonide tervendamine. Naisenergia ja meesenergia. Iseenda eri egoosade tundma\u00f5ppimine ja \u00fchendamine. Kuidas lugeda oma elu \u201cpeeglit\u201d. K\u00f5rgem Mina ja Hing. Vikerkaaresilla ehitamine. Isikliku tahte koosk\u00f5lastamine K\u00f5rgema tahtega, ego lahustamine. Illusioonidest vabanemine, illusioonimaailmast lahkumine. Tasakaal, terviklikkuse loomine, oma j\u00f5usse astumine, valgustumine. Kuidas luua rahu? Praktikad, mis aitavad j\u00f5uda 5D \u00fchtsusteadvusesse. Kuidas juhtida elu oma valgusteljest \u2013 eluratta keskmest. Tasandivahetused vaimse arengu k\u00e4igus. Minevikumustritest vabanemine \u2013 ema- ja isaliini puhastamine, suguv\u00f5sa karma l\u00f5petamine, kuldajastu esivanematega \u00fchenduse loomine. Karma. Vanad vanded, t\u00f5otused, kokkulepped. Aka\u015bi kroonikad. Egregorid. Alateadvus. DNA \u00fcmberprogrammeerimine. Afirmatsioonid ja taotlused. T\u00f5ega \u00fchtesulamine. Praegune aeg. <\/p>\n\n\n\n<p><strong>Lisaks temaatilised kursused<\/strong>: Pendlikursus, Energeetiline puhastus ja kaitse, Tarokursus, Ruunikursus, Kanaldamine, Reiki kursus, Terviklik tervendamine, Enesetervendamise meetodid, Hingekokkulepped, \u00fclesanded, \u00f5ppetunnid, hingesugulased, kaksikleegid, Elu\u00fclesanne.<\/p>\n\n\n\n<p><strong>Meditatsiooni mp3 failid<\/strong> allalaadimiseks ja korduvaks kasutamiseks kodus:<\/p>\n\n\n\n<p>Kooli registreerumiseks saada meil liina@vaimnemaailm.ee ja tasu koha kinnituseks ettemaks 100 EUR Vaimne Maailm O\u00dc pangakontole EE662200221049242077, mis on eelduseks \u00f5ppematerjalide saamisel.<\/p>\n\n\n\n<p>10-kuu jooksul aset leidva \u00f5ppeaasta kogumaksumus ette tasudes&nbsp;<strong>900 EUR<\/strong><\/p>\n\n\n\n<p><strong>Enne 8. jaanuari<\/strong>&nbsp;ettemaksu 100 EUR tasujatele&nbsp;<strong>860 EUR \u00f5ppeaasta<\/strong>, tasudes kogu \u00f5ppeaasta eest ette 20. jaanuariks.<\/p>\n\n\n\n<p><strong>Hind sisaldab:<\/strong><\/p>\n\n\n\n<ol class=\"wp-block-list\">\n<li>10 praktikumi Tartus<\/li>\n\n\n\n<li>teoreetilist osa,<\/li>\n\n\n\n<li>meditatsioone mp3 failidel<\/li>\n\n\n\n<li>Reiki 1. v\u00f5i 2. astme p\u00fchitust v\u00f5i tervendavat p\u00fchitsust, juhul kui sul Reiki p\u00fchitsus juba on<\/li>\n\n\n\n<li>1 pendlit<\/li>\n\n\n\n<li>savi ruunide ja maagilise ruunitalismani valmistamiseks<\/li>\n<\/ol>\n\n\n\n<p>Iga kord eraldi tasudes 1 kord 100 EUR, nii et 100 EUR registreerumise ettemaks j\u00e4\u00e4b j\u00e4rgmiseks korraks ette, see tasaarveldub viimase korra eest tasudes (septembris alustaval grupil juunis, jaanuaris alustajatel detsembris). Kokku 1000 EUR \u00f5ppeaasta maksumus.<\/p>\n","protected":false},"excerpt":{"rendered":"<p>Tunnid toimuvad Tartus v\u00e4keses grupis! Vajalik eelregistreerumine! Jaanuaris 2024 alustab uus grupp, kes l\u00f5petab detsembris 2024, juuli-august vaheaeg! 20.01.24. kell 11-17.30 Enesev\u00e4\u00e4rtustamine. T\u015bakrate tervendamine. PENDEL 17.02.24 kell 11-17.30 Energeetiline puhastus ja kaitse. Sageduse t\u00f5stmine &#8211; joondumine 16.03.24 kell 11-17.30 Mineviku tervendamine, varju vabastamine. REIKI 13.04.24 kell 11-17.30 TARO. M\u00f5ttetasandi tervendamine, 2023 septembris alustanud grupp 17.12.23 &hellip; <\/p>\n<p class=\"link-more\"><a href=\"https:\/\/vaimnemaailm.ee\/www\/vaimsete-teadmiste-kooli-oppekava-2023-24-o-a\/\" class=\"more-link\">Loe edasi<span class=\"screen-reader-text\"> &#8220;Vaimsete Teadmiste Kooli \u00f5ppekava 2023\/24 \u00f5\/a&#8221;<\/span><\/a><\/p>\n","protected":false},"author":2,"featured_media":0,"parent":0,"menu_order":0,"comment_status":"closed","ping_status":"closed","template":"","meta":{"footnotes":""},"class_list":["post-3091","page","type-page","status-publish","hentry"],"_links":{"self":[{"href":"https:\/\/vaimnemaailm.ee\/www\/wp-json\/wp\/v2\/pages\/3091","targetHints":{"allow":["GET"]}}],"collection":[{"href":"https:\/\/vaimnemaailm.ee\/www\/wp-json\/wp\/v2\/pages"}],"about":[{"href":"https:\/\/vaimnemaailm.ee\/www\/wp-json\/wp\/v2\/types\/page"}],"author":[{"embeddable":true,"href":"https:\/\/vaimnemaailm.ee\/www\/wp-json\/wp\/v2\/users\/2"}],"replies":[{"embeddable":true,"href":"https:\/\/vaimnemaailm.ee\/www\/wp-json\/wp\/v2\/comments?post=3091"}],"version-history":[{"count":5,"href":"https:\/\/vaimnemaailm.ee\/www\/wp-json\/wp\/v2\/pages\/3091\/revisions"}],"predecessor-version":[{"id":3869,"href":"https:\/\/vaimnemaailm.ee\/www\/wp-json\/wp\/v2\/pages\/3091\/revisions\/3869"}],"wp:attachment":[{"href":"https:\/\/vaimnemaailm.ee\/www\/wp-json\/wp\/v2\/media?parent=3091"}],"curies":[{"name":"wp","href":"https:\/\/api.w.org\/{rel}","templated":true}]}}