{"id":3077,"date":"2023-08-12T11:38:04","date_gmt":"2023-08-12T08:38:04","guid":{"rendered":"https:\/\/vaimnemaailm.ee\/www\/?page_id=3077"},"modified":"2026-02-04T20:32:24","modified_gmt":"2026-02-04T18:32:24","slug":"vaimsete-teadmiste-kool","status":"publish","type":"page","link":"https:\/\/vaimnemaailm.ee\/www\/vaimsete-teadmiste-kool\/","title":{"rendered":"Vaimsete Teadmiste Kool"},"content":{"rendered":"<div class=\"wp-block-image\">\n<figure class=\"alignright size-large is-resized\"><img loading=\"lazy\" decoding=\"async\" width=\"1024\" height=\"818\" src=\"https:\/\/vaimnemaailm.ee\/www\/wp-content\/uploads\/2023\/08\/1-1024x818.jpg\" alt=\"\" class=\"wp-image-3082\" style=\"width:373px;height:297px\" srcset=\"https:\/\/vaimnemaailm.ee\/www\/wp-content\/uploads\/2023\/08\/1-1024x818.jpg 1024w, https:\/\/vaimnemaailm.ee\/www\/wp-content\/uploads\/2023\/08\/1-300x240.jpg 300w, https:\/\/vaimnemaailm.ee\/www\/wp-content\/uploads\/2023\/08\/1-768x614.jpg 768w, https:\/\/vaimnemaailm.ee\/www\/wp-content\/uploads\/2023\/08\/1-1536x1227.jpg 1536w, https:\/\/vaimnemaailm.ee\/www\/wp-content\/uploads\/2023\/08\/1.jpg 1782w\" sizes=\"auto, (max-width: 767px) 89vw, (max-width: 1000px) 54vw, (max-width: 1071px) 543px, 580px\" \/><\/figure>\n<\/div>\n\n\n<p>T\u00e4ismahus \u00f5pe kestab 3 aastat, kuid v\u00f5imalik on valida ka ainult \u00fcks, just sulle sobiv tase:<\/p>\n\n\n\n<ul class=\"wp-block-list\">\n<li><strong><a href=\"https:\/\/vaimnemaailm.ee\/www\/vaimsete-teadmiste-kool-i-aste\/\">Kooli I aste<\/a> &#8211;<\/strong> uus grupp alustab <mark style=\"background-color:rgba(0, 0, 0, 0)\" class=\"has-inline-color has-vivid-purple-color\"><strong>19.09.26.<\/strong><\/mark><\/li>\n\n\n\n<li><strong><a href=\"https:\/\/vaimnemaailm.ee\/www\/vaimsete-teadmiste-kool-ii-aste-2\/\">Kooli II aste<\/a> <\/strong>&#8211; uus grupp alustab <mark style=\"background-color:rgba(0, 0, 0, 0)\" class=\"has-inline-color has-vivid-purple-color\"><strong>12.09.26<\/strong><\/mark><\/li>\n\n\n\n<li><strong><a href=\"https:\/\/vaimnemaailm.ee\/www\/vaimsete-teadmiste-kool-iii-aste\/\">Kooli III aste<\/a> <\/strong>&#8211; uus grupp alustab <strong><mark style=\"background-color:rgba(0, 0, 0, 0)\" class=\"has-inline-color has-vivid-purple-color\">6.09.26<\/mark><\/strong><\/li>\n<\/ul>\n\n\n\n<p><mark style=\"background-color:rgba(0, 0, 0, 0)\" class=\"has-inline-color has-vivid-purple-color\"><strong>Registreeru juba t\u00e4na, kohti gruppides on vaid 6!<\/strong><\/mark><\/p>\n\n\n\n<p>Vaimsete Teadmiste Kool on Sulle, kui oled arengufaasis, kus sooviksid s\u00fc\u00fcvida vaimsesse maailma mitmek\u00fclgselt, otsides, avastades ja arendades endas eri vamseid andeid, leidmaks oma unikaalset hingeteed. Valida saab <strong>grupikoolitus<\/strong>e Tartus kohapeal,  <a href=\"https:\/\/vaimnemaailm.ee\/www\/vaimsete-teadmiste-kool-e-ope-2\/\"><strong>E-kool<\/strong>i <\/a>v\u00f5i <strong>individuaal\u00f5ppe<\/strong> !<\/p>\n\n\n\n<p>See on v\u00f5imalus saada laiemat \u00f5pet \u00fchtse programmina, \u00fche \u00f5petaja k\u00e4e all, samas \u00f5ppegrupis ja soodsamalt kui iga huvipakkuvat kursust eraldi l\u00e4bides! Soovijatele tunnistus!<\/p>\n\n\n\n<p>\u00d5pe toimub kaug\u00f5ppe korras : <\/p>\n\n\n\n<ol class=\"wp-block-list\">\n<li>teoreetiline osa kodus l\u00e4bit\u00f6\u00f6tamiseks meilile pdf failides, heli- ja videovormis<\/li>\n\n\n\n<li>praktikumid Tartus n\u00e4dalavahetusel keskmiselt 1 kord kuus (juuli-august vaheaeg)<\/li>\n<\/ol>\n\n\n\n<p><strong>I astme \u00d5ppekava sisaldab:<\/strong><\/p>\n\n\n\n<ol class=\"wp-block-list\">\n<li>Meditatsioon  &#8211; erinevad juhitud meditatsioonir\u00e4nnakud on abiks sisemise tasakaalu loomisel, hingeteega joondumiseks, samas ka  enda elu tervendamiseks ja isikliiku \u00fclest\u00f5usu l\u00e4bi tegemiseks<\/li>\n\n\n\n<li>Pendel &#8211; v\u00f5imalus saada k\u00f5rgemat juhatust ja tervendada<\/li>\n\n\n\n<li>Energeetiline puhastus ja kaitse<\/li>\n\n\n\n<li>Terviklik tervenemine &#8211; eri tervendusmeetodid<\/li>\n\n\n\n<li>Reiki &#8211; iidne tervenduskunst ja vaimse arengu tee<\/li>\n\n\n\n<li>Tarokursus<\/li>\n\n\n\n<li>Ruunid &#8211; v\u00f5imalus m\u00f5ista kosmilisi arenguprotsesse ja maagiliselt luua<\/li>\n\n\n\n<li>Kanaldamine <\/li>\n\n\n\n<li>Aka\u015bi kroonikate \u00fcmberkirjutamine, eelmised elud<\/li>\n\n\n\n<li>Esivanemate, ema- ja isaliini tervendus, suguv\u00f5sa karmal\u00f5petamine<\/li>\n\n\n\n<li>Hinge\u00fclesanded, \u00f5pptunnid, elu\u00fclesanne, Hingesugulased, kaksikleegid, missioon<\/li>\n<\/ol>\n\n\n\n<p><strong>Teoreetiline osa<\/strong> sisaldab lisaks neile teemadele:<\/p>\n\n\n\n<p>Sissejuhatus meditatsiooni. Enesev\u00e4\u00e4rtustamine. Vaimsed Seadused. Mineviku tervendamine, Negatiivsusest v\u00e4ljatulek. 5 elementi. T\u015bakrad. Inglid. Vaimse kasvu kiirendamine. Mida t\u00e4hendab joondumine? Sisemine laps. Emotsioonide tervendamine. Naisenergia ja meesenergia. Iseenda eri egoosade tundma\u00f5ppimine ja \u00fchendamine. Kuidas lugeda oma elu \u201cpeeglit\u201d. K\u00f5rgem Mina ja Hing. Vikerkaaresilla ehitamine. Isikliku tahte koosk\u00f5lastamine K\u00f5rgema tahtega, ego lahustamine. Illusioonidest vabanemine, illusioonimaailmast lahkumine. Tasakaal, terviklikkuse loomine, oma j\u00f5usse astumine, valgustumine. Kuidas luua rahu? Praktikad, mis aitavad j\u00f5uda 5D \u00fchtsusteadvusesse. Kuidas juhtida elu oma valgusteljest \u2013 eluratta keskmest. Tasandivahetused vaimse arengu k\u00e4igus. Minevikumustritest vabanemine \u2013 ema- ja isaliini puhastamine, suguv\u00f5sa karma l\u00f5petamine, kuldajastu esivanematega \u00fchenduse loomine. Karma. Vanad vanded, t\u00f5otused, kokkulepped. Aka\u015bi kroonikad. Egregorid. Alateadvus. DNA \u00fcmberprogrammeerimine. Afirmatsioonid ja taotlused. T\u00f5ega \u00fchtesulamine. Praegune aeg.<\/p>\n\n\n\n<p><strong>Lisaks temaatilised kursused<\/strong>: Pendlikursus, Energeetiline puhastus ja kaitse, Tarokursus, Ruunikursus, Kanaldamine, Reiki kursus, Terviklik tervendamine, Enesetervendamise meetodid, Hingekokkulepped, \u00fclesanded, \u00f5ppetunnid, hingesugulased, kaksikleegid, Elu\u00fclesanne.<\/p>\n\n\n\n<p><strong>Meditatsiooni mp3 failid<\/strong>&nbsp;allalaadimiseks ja korduvaks kasutamiseks kodus.<\/p>\n\n\n\n<p>Iga praktikum Tartus kestab 11- ca 17.30 &#8211; (vahepeal l\u00f5uanapaus 1,5 tundi) ja sisaldab  meditatsioonikursust + m\u00f5nda teemakursust (pendel, taro, reiki, kanaldamine jne.)<\/p>\n\n\n\n<p>V\u00f5imalik ka <strong>personaal\u00f5pe sinu omas r\u00fctmis ja  individuaalseid vajadusi arvesades!<\/strong>  V\u00f5ta \u00fchendust liina@vaimnemaailm.ee! <\/p>\n\n\n\n<p><mark style=\"background-color:rgba(0, 0, 0, 0)\" class=\"has-inline-color has-vivid-cyan-blue-color\"><strong>I astme<\/strong> <a href=\"https:\/\/vaimnemaailm.ee\/www\/vaimsete-teadmiste-kool-i-aste\/\">\u00d5ppekava 2026 septembris alustav grupp Vt. siit: <\/a><\/mark><\/p>\n\n\n\n<p><strong><mark style=\"background-color:rgba(0, 0, 0, 0)\" class=\"has-inline-color has-luminous-vivid-orange-color\">I astme<\/mark><\/strong> <a href=\"https:\/\/vaimnemaailm.ee\/www\/oppekava-2025-26-septembris-alustav-grupp\/\"><mark style=\"background-color:rgba(0, 0, 0, 0)\" class=\"has-inline-color has-luminous-vivid-orange-color\">\u00d5ppekava 2025 septembris alustajad<\/mark><\/a><\/p>\n\n\n\n<p>Kooli registreerumiseks saada meil liina@vaimnemaailm.ee ja tasu koha kinnituseks ettemaks 110 EUR Vaimne Maailm O\u00dc pangakontole EE662200221049242077, mis on eelduseks \u00f5ppematerjalide saamisel. <\/p>\n\n\n\n<p>Ettemaksu tasudes kinnitad endale koha grupis + saad k\u00e4tte kursuse esimese \u2013 teoreetilise osa. Kursusele mittetulemise korral ettemaksu ei tagastata!  Puudutud praktikatunnid on v\u00f5malus j\u00e4rgi teha ka  iseseisvalt oma kodus video- v\u00f5i helifailide abil v\u00f5i individuaalkohtumise teel.<\/p>\n\n\n\n<p>10-kuu jooksul aset leidva \u00f5ppeaasta kogumaksumus ette tasudes&nbsp;<strong>1010 EUR<\/strong><\/p>\n\n\n\n<p>Juunikuus ettemaksu 110 EUR tasujatele hinasoodustus&nbsp;<strong>910 EUR \u00f5ppeaasta<\/strong>, tasudes kogu \u00f5ppeaasta eest ette 1. kohtumiskorral.<\/p>\n\n\n\n<p><strong>Hind sisaldab:<\/strong><\/p>\n\n\n\n<ol class=\"wp-block-list\">\n<li>10 praktikumi Tartus<\/li>\n\n\n\n<li>teoreetilist osa,<\/li>\n\n\n\n<li>meditatsioone mp3 failidel<\/li>\n\n\n\n<li>Reiki 1. v\u00f5i 2. astme p\u00fchitust v\u00f5i tervendavat p\u00fchitsust, juhul kui sul Reiki p\u00fchitsus juba on<\/li>\n\n\n\n<li>1 pendlit<\/li>\n\n\n\n<li>savi ruunide ja maagilise ruunitalismani valmistamiseks<\/li>\n<\/ol>\n\n\n\n<p>Iga kord eraldi tasudes 1 kord&nbsp;<strong>110 EUR<\/strong>, nii et 110 EUR registreerumise ettemaks j\u00e4\u00e4b j\u00e4rgmiseks korraks ette, see tasaarveldub viimase korraga juunis. Kokku 1100 EUR \u00f5ppeaasta maksumus.<\/p>\n\n\n\n<p><strong>Juuni l\u00f5puni<\/strong>&nbsp;regstreerujatele ja &nbsp;ettemaksu 110 EUR tasujatele, iga kord eraldi tasudes&nbsp;<strong>hinnasoodustus<\/strong>&nbsp;<strong>105 EUR<\/strong>&nbsp;kord!, \u00f5ppeaasta maksumus kokku 1055 EUR.<\/p>\n\n\n\n<p>\u00d5petaja Liina Kaumann<\/p>\n\n\n\n<p>Alates septembrist 2025 on v\u00f5imalik j\u00e4tkata \u00f5pet&nbsp;<mark><strong>II astme koolitusega<\/strong>&nbsp;\u2013&nbsp;<\/mark><br><a href=\"https:\/\/vaimnemaailm.ee\/www\/vaimsete-teadmiste-kool-ii-aste\/\"><mark><em><strong>\u00dcleminek k\u00f5rgemasse energiasse. Endas Loojateadvuse \u00e4ratamine. Kuldajastu kogemuse loomine.<\/strong><\/em><\/mark><\/a><mark><strong><a href=\"https:\/\/vaimnemaailm.ee\/www\/vaimsete-teadmiste-kool-ii-aste\/\">&nbsp;<\/a>UUS!<\/strong><\/mark><\/p>\n","protected":false},"excerpt":{"rendered":"<p>T\u00e4ismahus \u00f5pe kestab 3 aastat, kuid v\u00f5imalik on valida ka ainult \u00fcks, just sulle sobiv tase: Registreeru juba t\u00e4na, kohti gruppides on vaid 6! Vaimsete Teadmiste Kool on Sulle, kui oled arengufaasis, kus sooviksid s\u00fc\u00fcvida vaimsesse maailma mitmek\u00fclgselt, otsides, avastades ja arendades endas eri vamseid andeid, leidmaks oma unikaalset hingeteed. Valida saab grupikoolituse Tartus kohapeal, &hellip; <\/p>\n<p class=\"link-more\"><a href=\"https:\/\/vaimnemaailm.ee\/www\/vaimsete-teadmiste-kool\/\" class=\"more-link\">Loe edasi<span class=\"screen-reader-text\"> &#8220;Vaimsete Teadmiste Kool&#8221;<\/span><\/a><\/p>\n","protected":false},"author":2,"featured_media":0,"parent":0,"menu_order":0,"comment_status":"closed","ping_status":"closed","template":"","meta":{"footnotes":""},"class_list":["post-3077","page","type-page","status-publish","hentry"],"_links":{"self":[{"href":"https:\/\/vaimnemaailm.ee\/www\/wp-json\/wp\/v2\/pages\/3077","targetHints":{"allow":["GET"]}}],"collection":[{"href":"https:\/\/vaimnemaailm.ee\/www\/wp-json\/wp\/v2\/pages"}],"about":[{"href":"https:\/\/vaimnemaailm.ee\/www\/wp-json\/wp\/v2\/types\/page"}],"author":[{"embeddable":true,"href":"https:\/\/vaimnemaailm.ee\/www\/wp-json\/wp\/v2\/users\/2"}],"replies":[{"embeddable":true,"href":"https:\/\/vaimnemaailm.ee\/www\/wp-json\/wp\/v2\/comments?post=3077"}],"version-history":[{"count":5,"href":"https:\/\/vaimnemaailm.ee\/www\/wp-json\/wp\/v2\/pages\/3077\/revisions"}],"predecessor-version":[{"id":4345,"href":"https:\/\/vaimnemaailm.ee\/www\/wp-json\/wp\/v2\/pages\/3077\/revisions\/4345"}],"wp:attachment":[{"href":"https:\/\/vaimnemaailm.ee\/www\/wp-json\/wp\/v2\/media?parent=3077"}],"curies":[{"name":"wp","href":"https:\/\/api.w.org\/{rel}","templated":true}]}}