{"id":3066,"date":"2023-08-10T11:09:01","date_gmt":"2023-08-10T08:09:01","guid":{"rendered":"https:\/\/vaimnemaailm.ee\/www\/?page_id=3066"},"modified":"2023-08-10T11:09:01","modified_gmt":"2023-08-10T08:09:01","slug":"e-kursus-oma-vaesse-astumine-elu-uuel-tasandil","status":"publish","type":"page","link":"https:\/\/vaimnemaailm.ee\/www\/e-kursus-oma-vaesse-astumine-elu-uuel-tasandil\/","title":{"rendered":"E-kursus &#8220;Oma v\u00e4esse astumine &#8211; elu uuel tasandil&#8221;"},"content":{"rendered":"<div class=\"wp-block-image\">\n<figure class=\"alignright size-large is-resized\"><img loading=\"lazy\" decoding=\"async\" src=\"https:\/\/vaimnemaailm.ee\/www\/wp-content\/uploads\/2022\/08\/IMG_20220526_103355-1-1024x778.jpg\" alt=\"\" class=\"wp-image-2399\" width=\"363\" height=\"276\" srcset=\"https:\/\/vaimnemaailm.ee\/www\/wp-content\/uploads\/2022\/08\/IMG_20220526_103355-1-1024x778.jpg 1024w, https:\/\/vaimnemaailm.ee\/www\/wp-content\/uploads\/2022\/08\/IMG_20220526_103355-1-300x228.jpg 300w, https:\/\/vaimnemaailm.ee\/www\/wp-content\/uploads\/2022\/08\/IMG_20220526_103355-1-768x583.jpg 768w, https:\/\/vaimnemaailm.ee\/www\/wp-content\/uploads\/2022\/08\/IMG_20220526_103355-1-1536x1166.jpg 1536w, https:\/\/vaimnemaailm.ee\/www\/wp-content\/uploads\/2022\/08\/IMG_20220526_103355-1-2048x1555.jpg 2048w\" sizes=\"auto, (max-width: 363px) 100vw, 363px\" \/><\/figure>\n<\/div>\n\n\n<p>Tegemist on pikema meditatsioonikursusega, mis on heaks abiliseks mediteerimisoskuse arendamisel ja ka isikliku \u00fclest\u00f5usuprotsessi l\u00e4bitegemisel. <\/p>\n\n\n\n<p><strong>E-kursust saad l\u00e4bida just endale sobival ajal ja see koosneb 2 osast:<\/strong><\/p>\n\n\n\n<p><strong>1. Teoreetiline osa<\/strong>\u00a0l\u00e4bilugemiseks pdf failis<\/p>\n\n\n\n<p><strong>2. 26  mp3 faili juhitud meditatsioonidegada<\/strong>. Meditatsioonid saad endale allalaadida ja teha korduvalt, need on pikkustega 20-ca 60 minutit, liigume tasapisi lihtsamatest s\u00fcgavamate r\u00e4nnakuteni, seet\u00f5ttu on kursus l\u00e4bitav nii algajale kui edasij\u00f5udnule.<\/p>\n\n\n\n<p>Kursus koosneb 3 etapist:<\/p>\n\n\n\n<ol class=\"wp-block-list\">\n<li><a href=\"https:\/\/vaimnemaailm.ee\/www\/meditatsiooni-e-kursus-algajatele-enesevaartustamine-enesetervendamine\/\">\u201cEnesev\u00e4\u00e4rtustmine\/enesetervendamine\u201d\u00a0<\/a><\/li>\n\n\n\n<li><a href=\"https:\/\/vaimnemaailm.ee\/www\/e-kursus-joondumine-terviklikuks-saamine-sisemise-perekonna-enda-eri-osade-tervendus-ja-kokkutoomine\/\">\u201cJoondumine \u2013 terviklikuks saamine. Sisemise perekonna, enda eri osade tervendus ja kokkutoomine\u201d <\/a><\/li>\n\n\n\n<li><a href=\"https:\/\/vaimnemaailm.ee\/www\/meditatsioonikursus-tasandivahetus-uude-maailma-vanadest-lugudest-puhastumine-teadlik-loomine\/\">\u201cTasandivahetus \u2013 vanade lugude l\u00f5petamine, uue loomine\u201d<\/a><\/li>\n<\/ol>\n\n\n\n<p>Kursus sisaldab:<\/p>\n\n\n\n<p><strong>Teoreetiline osa&nbsp;<\/strong><\/p>\n\n\n\n<p>I etpp&nbsp;<strong>:<\/strong>&nbsp;Sissejuhatus meditatsiooni. Enesev\u00e4\u00e4rtustamine. Vaimsed Seadused. Mineviku tervendamine, Negatiivsusest v\u00e4ljatulek. 5 elementi. T\u015bakrad. Inglid. Vaimse kasvu kiirendamine.<\/p>\n\n\n\n<p>II etapp: Mida t\u00e4hendab joondumine? Sisemine laps. Emotsioonide tervendamine. Naisenergia ja meesenergia. Iseenda eri egoosade tundma\u00f5ppimine ja \u00fchendamine. Kuidas lugeda oma elu \u201cpeeglit\u201d. K\u00f5rgem Mina ja Hing. Vikerkaaresilla ehitamine. Isikliku tahte koosk\u00f5lastamine K\u00f5rgema tahtega, ego lahustamine. Illusioonidest vabanemine, illusioonimaailmast lahkumine. Tasakaal, terviklikkuse loomine, oma j\u00f5usse astumine, valgustumine. Kuidas luua rahu? Praktikad, mis aitavad j\u00f5uda 5D \u00fchtsusteadvusesse. Kuidas juhtida elu oma valgusteljest \u2013 eluratta keskmest.<\/p>\n\n\n\n<p>III etapp: Tasandivahetused vaimse arengu k\u00e4igus. Minevikumustritest vabanemine \u2013 ema- ja isaliini puhastamine, suguv\u00f5sa karma l\u00f5petamine, kuldajastu esivanematega \u00fchenduse loomine. Karma. Vanad vanded, t\u00f5otused, kokkulepped. Aka\u015bi kroonikad. Egregorid. Alateadvus. DNA \u00fcmberprogrammeerimine. Afirmatsioonid ja taotlused. T\u00f5ega \u00fchtesulamine. Praegune aeg.<\/p>\n\n\n\n<p><strong>Mp3 failidel meditatsioonid<\/strong>\u00a0<strong>:<\/strong><\/p>\n\n\n\n<ol class=\"wp-block-list\">\n<li>Igap\u00e4evane meditatsioon \u2013 valgustelge joondumine<\/li>\n\n\n\n<li>Enesev\u00e4\u00e4rtustamine ja \u00fchenduse loomine oma K\u00f5rgema Minaga<\/li>\n\n\n\n<li>5 elemendi (maa, \u00f5hk, tuli, vesi, vaim) aktiveerimine<\/li>\n\n\n\n<li>T\u015bakrate tervendamine<\/li>\n\n\n\n<li>Mineviku tervendamine, oma varju vabastamine<\/li>\n\n\n\n<li>Inglimeditatsioon &#8211; 7 peaingliga suhtlemine<\/li>\n\n\n\n<li>Oma vanast kastist\/piirangutest v\u00e4ljatulek<\/li>\n\n\n\n<li>M\u00f5ttetasandi puhastamine<\/li>\n\n\n\n<li>Meditatsioon vaimse kasvu kiirendamiseks ja soovitud reaalsuse loomiseks<\/li>\n\n\n\n<li>\u201eSisemise lapse tervendus\u201d<\/li>\n\n\n\n<li>\u201eR\u00e4nnak kaitseingliga Suurde Nefriiditemplisse ennast tervendama\u201d<\/li>\n\n\n\n<li>\u201eSisemise mees- ja naispoole tervendus\u201d<\/li>\n\n\n\n<li>\u201eSisemise s\u00f5ja l\u00f5petamine \u2013 \u00fcksteisele vastut\u00f6\u00f6tavate isiksuse (ego)osade \u00fchendamine, sisemise rahu loomine\u201d<\/li>\n\n\n\n<li>\u201eEnda eri osade lahusteadvuse tasandilt\/eraldatusest keskmesse- hinge\u00fchendusse toomine\u201d<\/li>\n\n\n\n<li>\u201eHinge ja Vaimuga \u00fchinemine. Jumaliku Minaga suhtlemine\u201d<\/li>\n\n\n\n<li>\u201eIllusioonidest vabanemine \u2013 asjade vaatlemine avaramast perspektiivist\u201d<\/li>\n\n\n\n<li>\u201eJoondumine \u2013 \u00fcliteadvuse (vaimu), tavateadvuse ja alateadvuse liitmine \u00fcheks tervikuks, energia koondamine k\u00e4esolevasse hetke\u201d<\/li>\n\n\n\n<li>J\u00f5ustamine &#8211; Armastuse, Tarkuse ja V\u00e4e \u00fchendamine<\/li>\n\n\n\n<li>Ema- ja isaliini puhastamine, kuldajastu esivanematega \u00fchenduse loomine suguv\u00f5sa karma l\u00f5petamine<\/li>\n\n\n\n<li>Aka\u015bi kroonikate lugemine ja \u00fcmberkirjutamine (eelmised elud)<\/li>\n\n\n\n<li>Alateadvuse korrastamine ja \u00fcmberprogrammeerimine.<\/li>\n\n\n\n<li>Rakum\u00e4llu minek, vanade programmide kustutamine, DNA \u00fcmberprogrammeerimine<\/li>\n\n\n\n<li>Vanade vannete, t\u00f5otuste, kokkulepete t\u00fchistamine<\/li>\n\n\n\n<li>Egregoride m\u00f5just vabanemine<\/li>\n\n\n\n<li>Elupuu aktivatsioon \u2013 juure tasand -\u00fchenduse loomine p\u00f5hjaveega \u2013 alateadvusesse uute t\u00f5dede kinnistamine<\/li>\n\n\n\n<li>N\u00e4idisfail alateadvusesse uute t\u00f5dede kinnistamiseks \u201cUsaldus\u201d<\/li>\n<\/ol>\n\n\n\n<p>Kursusel osalemiseks tasu Vaimne Maailm O\u00dc pangakontole EE662200221049242077 <strong>270 EUR<\/strong> ja saada seej\u00e4rel meil koos maksekorralduse koopiaga liina@vaimnemaailm.ee.<\/p>\n","protected":false},"excerpt":{"rendered":"<p>Tegemist on pikema meditatsioonikursusega, mis on heaks abiliseks mediteerimisoskuse arendamisel ja ka isikliku \u00fclest\u00f5usuprotsessi l\u00e4bitegemisel. E-kursust saad l\u00e4bida just endale sobival ajal ja see koosneb 2 osast: 1. Teoreetiline osa\u00a0l\u00e4bilugemiseks pdf failis 2. 26 mp3 faili juhitud meditatsioonidegada. Meditatsioonid saad endale allalaadida ja teha korduvalt, need on pikkustega 20-ca 60 minutit, liigume tasapisi lihtsamatest s\u00fcgavamate &hellip; <\/p>\n<p class=\"link-more\"><a href=\"https:\/\/vaimnemaailm.ee\/www\/e-kursus-oma-vaesse-astumine-elu-uuel-tasandil\/\" class=\"more-link\">Loe edasi<span class=\"screen-reader-text\"> &#8220;E-kursus &#8220;Oma v\u00e4esse astumine &#8211; elu uuel tasandil&#8221;&#8221;<\/span><\/a><\/p>\n","protected":false},"author":2,"featured_media":0,"parent":0,"menu_order":0,"comment_status":"closed","ping_status":"closed","template":"","meta":{"footnotes":""},"class_list":["post-3066","page","type-page","status-publish","hentry"],"_links":{"self":[{"href":"https:\/\/vaimnemaailm.ee\/www\/wp-json\/wp\/v2\/pages\/3066","targetHints":{"allow":["GET"]}}],"collection":[{"href":"https:\/\/vaimnemaailm.ee\/www\/wp-json\/wp\/v2\/pages"}],"about":[{"href":"https:\/\/vaimnemaailm.ee\/www\/wp-json\/wp\/v2\/types\/page"}],"author":[{"embeddable":true,"href":"https:\/\/vaimnemaailm.ee\/www\/wp-json\/wp\/v2\/users\/2"}],"replies":[{"embeddable":true,"href":"https:\/\/vaimnemaailm.ee\/www\/wp-json\/wp\/v2\/comments?post=3066"}],"version-history":[{"count":1,"href":"https:\/\/vaimnemaailm.ee\/www\/wp-json\/wp\/v2\/pages\/3066\/revisions"}],"predecessor-version":[{"id":3067,"href":"https:\/\/vaimnemaailm.ee\/www\/wp-json\/wp\/v2\/pages\/3066\/revisions\/3067"}],"wp:attachment":[{"href":"https:\/\/vaimnemaailm.ee\/www\/wp-json\/wp\/v2\/media?parent=3066"}],"curies":[{"name":"wp","href":"https:\/\/api.w.org\/{rel}","templated":true}]}}