{"id":2991,"date":"2023-05-31T09:52:38","date_gmt":"2023-05-31T06:52:38","guid":{"rendered":"https:\/\/vaimnemaailm.ee\/www\/?page_id=2991"},"modified":"2025-06-18T09:52:46","modified_gmt":"2025-06-18T06:52:46","slug":"e-kursus-avardumine-vanast-maailmast-illusioonidest-toekspidamistest-ankrutest-lahtilaskmine-teadvustasandi-tostmine-3d-ga-suhtlemine-oma-sagedust-madaldamata","status":"publish","type":"page","link":"https:\/\/vaimnemaailm.ee\/www\/e-kursus-avardumine-vanast-maailmast-illusioonidest-toekspidamistest-ankrutest-lahtilaskmine-teadvustasandi-tostmine-3d-ga-suhtlemine-oma-sagedust-madaldamata\/","title":{"rendered":"E-kursus &#8220;Avardumine &#8211; vanast maailmast (illusioonidest t\u00f5ekspidamistest, ankrutest) lahtilaskmine, teadvustasandi t\u00f5stmine, 3D-ga suhtlemine oma sagedust madaldamata&#8221;"},"content":{"rendered":"<div class=\"wp-block-image\">\n<figure class=\"alignright size-large is-resized\"><img loading=\"lazy\" decoding=\"async\" width=\"786\" height=\"1024\" src=\"https:\/\/vaimnemaailm.ee\/www\/wp-content\/uploads\/2022\/10\/jumalik-naisenergia-786x1024.jpg\" alt=\"\" class=\"wp-image-2577\" style=\"aspect-ratio:0.7677902621722846;width:262px;height:auto\" srcset=\"https:\/\/vaimnemaailm.ee\/www\/wp-content\/uploads\/2022\/10\/jumalik-naisenergia-786x1024.jpg 786w, https:\/\/vaimnemaailm.ee\/www\/wp-content\/uploads\/2022\/10\/jumalik-naisenergia-230x300.jpg 230w, https:\/\/vaimnemaailm.ee\/www\/wp-content\/uploads\/2022\/10\/jumalik-naisenergia-768x1001.jpg 768w, https:\/\/vaimnemaailm.ee\/www\/wp-content\/uploads\/2022\/10\/jumalik-naisenergia-1179x1536.jpg 1179w, https:\/\/vaimnemaailm.ee\/www\/wp-content\/uploads\/2022\/10\/jumalik-naisenergia.jpg 1474w\" sizes=\"auto, (max-width: 767px) 89vw, (max-width: 1000px) 54vw, (max-width: 1071px) 543px, 580px\" \/><\/figure>\n<\/div>\n\n\n<p>Kursus on eriti kasulik, kui oled  j\u00f5udnud oma arenguprotsessis kohta, kus vana ts\u00fckkel on ennast ammendanud, aga m\u00f5istmist mismoodi edasi, pole veel tulnud, oled pidepunktideta, tunned toppamist, v\u00f5ib olla motivatsiooni- ja inspiratsioonipuudust, segadust ja arusaamatust oma uute \u00fclesannete osas. Selline seisund t\u00e4hendab, et oled l\u00e4bi tegemas tasandivahetust. Tasandvahetus on selleks, et murda v\u00e4lja vanadest aegunud t\u00f5ekspidamistest &#8211; illusioonidest, et saaksid minna uuel tasandil edasi ilma nendeta. Kursusel \u00f5pid ka seda, kuidas peale tasandivahetust saaksid soovi korral suhelda vanasse j\u00e4\u00e4vate inimestega enda sagedust madaldamata.<\/p>\n\n\n\n<p>E-kursust saad l\u00e4bida endale sobival ajal ja r\u00fctmis, see koosneb teoreetiisest osast pdf-failis ja juhitud meditatsioonir\u00e4nnakutest mp3-failis, mille saad endale allalaadida ja kasutada korduvalt.<\/p>\n\n\n\n<ol class=\"wp-block-list\">\n<li><strong>Teoreetiline os<\/strong>a (18 lk): Vaimse arengu ts\u00fcklilisus. Vanast maailmast kiht-kihilt v\u00e4ljakasvamine. Avardumine &#8211; teadvustasandi t\u00f5usmine, k\u00f5rgemates dimensioonides toimimine. Maailm v\u00e4ljas ja sees &#8211; k\u00f5ik on \u00fcks. Loomise lugu &#8211; eri tasandid.<\/li>\n<\/ol>\n\n\n\n<p>2.&nbsp;&nbsp;<strong>Juhitud meditatsioonid<\/strong>&nbsp;mp3 failidel:<\/p>\n\n\n\n<ol class=\"wp-block-list\">\n<li>&#8220;<strong><mark>Avardumine&nbsp;<\/mark>\u2013 kiht-kihilt piirangutest ja illusioonidest vabanemine, tasand tasandi haaval \u00fcha suuremasse avardumisse ja \u00fchtsusesse laienemine, minevikust ja tulevikust kohalollu j\u00f5udmine\u201d<\/strong><\/li>\n\n\n\n<li><strong>&#8220;Oma elu erinevate suhtetasandite vaatlemine ja neutraalsel pinnal suhtlemine&#8221;<\/strong><\/li>\n\n\n\n<li><strong>&#8220;Uute \u00fclesannete ja juhtn\u00f6\u00f6ride saamine peale tasandivahetust&#8221;<\/strong><\/li>\n<\/ol>\n\n\n\n<p>Vaimne areng t\u00e4hendab kihtkihilt illusioonidest vabanemist \u2013 vanadest energiatest, uskumustest, t\u00f5ekspidamistest puhastumist ja seel\u00e4bi \u00fcha suuremasse selgusesse, teadlikkusse, m\u00f5istmisesse ja Universumiga \u00fchenduses olekusse avardumist. Meie areng toimub koosk\u00f5las Universumi r\u00fctmidega \u2013 on kokkut\u00f5mbumise ja laienemise perioodid, sisse- ja v\u00e4ljahingamine. Me avardume, sirutume, muutume&#8230; ja \u00fchel hetkel on vana elu, vana maailm, vana \u201eMina\u201d kitsaks j\u00e4\u00e4nud. Me ei mahu enam oma vanadesse raamidesse, ei saa enam kasvada seni, kuni ei murra v\u00e4lja oma vanast kestast \u2013 see ongi tasandivahetuse koht. J\u00e4rgneb kokkut\u00f5mbumine. Me toppame, kaotame huvi asjade vastu, mis varem huvi pakkusid, v\u00f5ib olla isegi tunneme end masendununa, motivatsioonipuuduses. Vana kitsas elu ei \u201etoida\u201d meid enam.<\/p>\n\n\n\n<p>Et edasi liikuda, taas avarduda saaksime, tuleb teha l\u00e4bi transformatsioon \u2013 j\u00e4tta maha vana \u201eMina\u201d- senised uskumused iseenda ja oma soovide, oma elu, unistuste, \u00fcldse maailma asjade ja selle kohta, mis on \u00f5ige, mis vale, mis toimib mis mitte jne. Sul on vaja nagu liblikal, tulla v\u00e4lja oma kookonist \u2013 senisest mugavustsoonist, mis on kitsaks j\u00e4\u00e4nud.<\/p>\n\n\n\n<p>Selliseid tasandivahetuse kohti kogeme vaimse arengu  jooksul korduvalt ja korduvalt &#8211; osad on v\u00e4iksemad, osad p\u00f5hjalikumad. Me avardume  kiht kihilt &#8211; tihedamast &#8211; raskemate, kapitaalsemate piirnguliste uskumuste  energiast \u00fcha h\u00f5redamasse ja kergemasse, avaramasse seisundisse. Esimesed tasandivahetused on tavaliselt raskemad kogeda, hiljem teadlikkuse kasvades kergemad. Kuid neid k\u00f5iki \u00fchendab see, et me ei saa \u00fchel hetkel enam edasi, ilma j\u00e4rjekordsetest illusioonidest vabanemata.  <\/p>\n\n\n\n<p>Suureks takistuseks edasiliikumisele on tavaliselt kallid l\u00e4hedased inimesed, kellega oleme harjunud suhtlema aga kes muutustega kaasa ei tule ja j\u00e4\u00e4vad vanasse 3D maailma. Pereliikmed, sugulased, kellega peame suhtlema paratamatult aga ka vana s\u00f5pruskond, kellega oled harjunud aega veetma ja kellest kuidagi ei tahaks loobuda ning j\u00e4tkad suhtlemist, lootuses, et \u00e4kki nad siiski kunagi tulevad j\u00e4rele&#8230; Ometi saab sellest  s\u00f5prade egregorist \u00fche hetkel ankur, mis hoiab sind kinni ega lase enam edasi avarduda. Mis siis teha? <\/p>\n\n\n\n<p>Kursus sisaldab juhitud meditatsioone, mis aitavad illusioonikihtidest v\u00e4ljuda loomulikult, j\u00e4rgides Universumi r\u00fctme &#8211; laienemisi ja kokkut\u00f5mbumisi, saad ka rohkem aimu, kus sa oma avardumisprotsessis praegu asud, kuidas saaksid ennast kahjustamata  j\u00e4tkata suhtlemist sulle l\u00e4hedaste inimestega, kes j\u00e4\u00e4vad vanasse ega avardu selles kehastuses.<\/p>\n\n\n\n<p>Kursuse hind&nbsp;<strong>65 EUR&nbsp;<\/strong><\/p>\n\n\n\n<p>Kursusele ligip\u00e4\u00e4su saamiseks tasu Vaimne Maailm O\u00dc pangakontole EE662200221049242077&nbsp;&nbsp;<strong>65 EUR<\/strong>, misj\u00e4rel saada meil oma sooviga ja makse kinnitusega&nbsp;<em>&nbsp;liina@vaimnemaailm.ee<\/em>.<\/p>\n\n\n\n<p>Juhendab Liina Kaumann<\/p>\n","protected":false},"excerpt":{"rendered":"<p>Kursus on eriti kasulik, kui oled j\u00f5udnud oma arenguprotsessis kohta, kus vana ts\u00fckkel on ennast ammendanud, aga m\u00f5istmist mismoodi edasi, pole veel tulnud, oled pidepunktideta, tunned toppamist, v\u00f5ib olla motivatsiooni- ja inspiratsioonipuudust, segadust ja arusaamatust oma uute \u00fclesannete osas. Selline seisund t\u00e4hendab, et oled l\u00e4bi tegemas tasandivahetust. Tasandvahetus on selleks, et murda v\u00e4lja vanadest aegunud &hellip; <\/p>\n<p class=\"link-more\"><a href=\"https:\/\/vaimnemaailm.ee\/www\/e-kursus-avardumine-vanast-maailmast-illusioonidest-toekspidamistest-ankrutest-lahtilaskmine-teadvustasandi-tostmine-3d-ga-suhtlemine-oma-sagedust-madaldamata\/\" class=\"more-link\">Loe edasi<span class=\"screen-reader-text\"> &#8220;E-kursus &#8220;Avardumine &#8211; vanast maailmast (illusioonidest t\u00f5ekspidamistest, ankrutest) lahtilaskmine, teadvustasandi t\u00f5stmine, 3D-ga suhtlemine oma sagedust madaldamata&#8221;&#8221;<\/span><\/a><\/p>\n","protected":false},"author":2,"featured_media":0,"parent":0,"menu_order":0,"comment_status":"closed","ping_status":"closed","template":"","meta":{"footnotes":""},"class_list":["post-2991","page","type-page","status-publish","hentry"],"_links":{"self":[{"href":"https:\/\/vaimnemaailm.ee\/www\/wp-json\/wp\/v2\/pages\/2991","targetHints":{"allow":["GET"]}}],"collection":[{"href":"https:\/\/vaimnemaailm.ee\/www\/wp-json\/wp\/v2\/pages"}],"about":[{"href":"https:\/\/vaimnemaailm.ee\/www\/wp-json\/wp\/v2\/types\/page"}],"author":[{"embeddable":true,"href":"https:\/\/vaimnemaailm.ee\/www\/wp-json\/wp\/v2\/users\/2"}],"replies":[{"embeddable":true,"href":"https:\/\/vaimnemaailm.ee\/www\/wp-json\/wp\/v2\/comments?post=2991"}],"version-history":[{"count":3,"href":"https:\/\/vaimnemaailm.ee\/www\/wp-json\/wp\/v2\/pages\/2991\/revisions"}],"predecessor-version":[{"id":4062,"href":"https:\/\/vaimnemaailm.ee\/www\/wp-json\/wp\/v2\/pages\/2991\/revisions\/4062"}],"wp:attachment":[{"href":"https:\/\/vaimnemaailm.ee\/www\/wp-json\/wp\/v2\/media?parent=2991"}],"curies":[{"name":"wp","href":"https:\/\/api.w.org\/{rel}","templated":true}]}}