{"id":2918,"date":"2023-11-16T12:35:09","date_gmt":"2023-11-16T10:35:09","guid":{"rendered":"https:\/\/vaimnemaailm.ee\/www\/?page_id=2918"},"modified":"2025-06-19T12:56:11","modified_gmt":"2025-06-19T09:56:11","slug":"kaksikleegiga-uhinemine","status":"publish","type":"page","link":"https:\/\/vaimnemaailm.ee\/www\/kaksikleegiga-uhinemine\/","title":{"rendered":"Kaksikleegiga \u00fchinemine"},"content":{"rendered":"<div class=\"wp-block-image\">\n<figure class=\"alignright size-large is-resized\"><img loading=\"lazy\" decoding=\"async\" width=\"709\" height=\"1024\" src=\"https:\/\/vaimnemaailm.ee\/www\/wp-content\/uploads\/2019\/08\/\u00dchinemine-709x1024.jpg\" alt=\"\" class=\"wp-image-1185\" style=\"width:276px;height:398px\" srcset=\"https:\/\/vaimnemaailm.ee\/www\/wp-content\/uploads\/2019\/08\/\u00dchinemine-709x1024.jpg 709w, https:\/\/vaimnemaailm.ee\/www\/wp-content\/uploads\/2019\/08\/\u00dchinemine-208x300.jpg 208w, https:\/\/vaimnemaailm.ee\/www\/wp-content\/uploads\/2019\/08\/\u00dchinemine-768x1109.jpg 768w, https:\/\/vaimnemaailm.ee\/www\/wp-content\/uploads\/2019\/08\/\u00dchinemine.jpg 1395w\" sizes=\"auto, (max-width: 709px) 100vw, 709px\" \/><\/figure>\n<\/div>\n\n\n<p>Sellel kursusel  teeme v\u00e4ikeses grupis juhitud meditatsioone, \u00fchinemaks oma kaksikleegi energiaga. <\/p>\n\n\n\n<p>Kaksikhingede kontseptsiooni j\u00e4rgi alustame me oma teekonda mateeriasse \u00fche valguskiirena, mis seej\u00e4rel kaheks jaguneb \u2013 mehelikuks ja naiselikuks, positiivseks ja negatiivseks, edasi me otsekui \u201ekukume\u201c l\u00e4bi valgusspektri, et siseneda maisele tasandile. <\/p>\n\n\n\n<p>Varem v\u00f5i hiljem j\u00f5uame k\u00f5ik oma valgustumisteekonnal sellesse punkti, kus \u00fchineme tervikuks oma kaksikleegiga, ilma selleta me ei saa valgustuda, seep\u00e4rast praegusel erilisel \u00fclest\u00f5usuajal aktiveerub varasemaga v\u00f5rreldes \u00fcha rohkem kaksikleeke.<\/p>\n\n\n\n<p>Sinu kaksikleek kannab sinuga \u00fchte hingeenergiat aga ta on sinu vastandpolaarsus, temaga \u00fchinemine t\u00e4hendab vastandide kokkutoomist ja tervikuks \u00fchendamist. See aga t\u00e4hendab, et teie m\u00f5lema v\u00e4ed \u00fchendatakse ja te hakkate koos looma, Kaksikleekidel on tihti \u00fchine missioon. See v\u00f5ib eeldada f\u00fc\u00fcslises maailmas kokkutulemist aga k\u00f5igil ei pea ilmtingimata nii olema, v\u00f5ib piisata ka telepaatilisest, energeetilisest \u00fchinemisest ja liidust. M\u00f5lemal juhul t\u00e4hendab kaksilkleegiga \u00fchinemine tervikuks saamist ja v\u00e4e kasvamist. <\/p>\n\n\n\n<p><strong>Teoreetiline osa<\/strong> sisaldab n\u00e4pun\u00e4iteid m\u00f5lemaks puhuks, kui su ellu on kaksikleek f\u00fc\u00fcsilise isiku kujul juba ilmunud v\u00f5i ka siis kui seda veel juhtunud pole aga sooviksid sellegipoolest temaga \u00fchendust luua: Kaksikleegiga f\u00fc\u00fcsilises reaalsuses \u00fchinemine, kaksikleegi aktivatsioon, protsess, mis tuleb l\u00e4bida, v\u00f5tmed kuidas toimida. Kaksikleek kui t\u00e4isulik peegel. Varjut\u00f6\u00f6, h\u00fclgamishirm, t\u00f5rjumishirm. Kaksikleegiga \u00fchinemine energeetiliselt-telepaatiliselt. Mis aitab j\u00f5uda sisemisse terviklikkusesse. N\u00e4ited reaalsest kakslikleegiprotessist.<\/p>\n\n\n\n<p>Kohapeal teeme j\u00e4rgmisi j<strong>uhitud meditatsioone<\/strong>:<\/p>\n\n\n\n<ol class=\"wp-block-list\">\n<li><mark>\u201eKaksikleegi energia leidmine eri aegadest, Universumist ja temaga \u00fchendumine \u2013 oma hinge kahe vastandpolaarsuse kokkutoomine\u201d<\/mark><\/li>\n\n\n\n<li>&#8220;Sisemine h\u00e4\u00e4lestus &#8211; naiseliku ja meheliku energia vaatlemine, aktiivsuse\/passiivsuse, sisemise\/v\u00e4limise energia \u00fchendamine koosloomisesse&#8221;<\/li>\n\n\n\n<li>\u201eKaksikleegiga \u00fchinemine t\u015bakrate kaupa\u201d<\/li>\n<\/ol>\n\n\n\n<p><strong>Hind 75 EUR<\/strong>\u00a0(hind sisaldab teoreetilist osa pdf failis, praktikumi v\u00e4ikeses grupis  Tartus ja mp3-l kahte kaksikleegimeditatsiooni , mille saad endale allalaadida ja korduvalt kasutada)<\/p>\n\n\n\n<p>Kursusel osalemiseks saada meil osalemissooviga liina@vaimnemaailm.ee. ja tasu Vaimne Maailm O\u00dc pangakontole EE662200221049242077 tagastamatu ettemaks 40 EUR, misj\u00e4rel saad k\u00e4tte kursuse teoreetilise osa.<\/p>\n\n\n\n<p>Ettemaksu tasudes kinnitad endale koha grupis + saad k\u00e4tte kursuse esimese \u2013 teoreetilise osa. Kursusele mittetulemise korral ettemaksu ei tagastata!&nbsp;<\/p>\n\n\n\n<p>V\u00e4ike grupp! <strong>V\u00f5imalik osaleda ka E-kursuse variandis!<\/strong><\/p>\n\n\n\n<p>Teoreetiline osa meilile! Kohapeal keskendume meditatsioonir\u00e4nnakutele ja jagamisringidele!<\/p>\n\n\n\n<p>Juhendab Liina Kaumann<\/p>\n","protected":false},"excerpt":{"rendered":"<p>Sellel kursusel teeme v\u00e4ikeses grupis juhitud meditatsioone, \u00fchinemaks oma kaksikleegi energiaga. Kaksikhingede kontseptsiooni j\u00e4rgi alustame me oma teekonda mateeriasse \u00fche valguskiirena, mis seej\u00e4rel kaheks jaguneb \u2013 mehelikuks ja naiselikuks, positiivseks ja negatiivseks, edasi me otsekui \u201ekukume\u201c l\u00e4bi valgusspektri, et siseneda maisele tasandile. Varem v\u00f5i hiljem j\u00f5uame k\u00f5ik oma valgustumisteekonnal sellesse punkti, kus \u00fchineme tervikuks oma &hellip; <\/p>\n<p class=\"link-more\"><a href=\"https:\/\/vaimnemaailm.ee\/www\/kaksikleegiga-uhinemine\/\" class=\"more-link\">Loe edasi<span class=\"screen-reader-text\"> &#8220;Kaksikleegiga \u00fchinemine&#8221;<\/span><\/a><\/p>\n","protected":false},"author":2,"featured_media":0,"parent":0,"menu_order":0,"comment_status":"closed","ping_status":"closed","template":"","meta":{"footnotes":""},"class_list":["post-2918","page","type-page","status-publish","hentry"],"_links":{"self":[{"href":"https:\/\/vaimnemaailm.ee\/www\/wp-json\/wp\/v2\/pages\/2918","targetHints":{"allow":["GET"]}}],"collection":[{"href":"https:\/\/vaimnemaailm.ee\/www\/wp-json\/wp\/v2\/pages"}],"about":[{"href":"https:\/\/vaimnemaailm.ee\/www\/wp-json\/wp\/v2\/types\/page"}],"author":[{"embeddable":true,"href":"https:\/\/vaimnemaailm.ee\/www\/wp-json\/wp\/v2\/users\/2"}],"replies":[{"embeddable":true,"href":"https:\/\/vaimnemaailm.ee\/www\/wp-json\/wp\/v2\/comments?post=2918"}],"version-history":[{"count":5,"href":"https:\/\/vaimnemaailm.ee\/www\/wp-json\/wp\/v2\/pages\/2918\/revisions"}],"predecessor-version":[{"id":4093,"href":"https:\/\/vaimnemaailm.ee\/www\/wp-json\/wp\/v2\/pages\/2918\/revisions\/4093"}],"wp:attachment":[{"href":"https:\/\/vaimnemaailm.ee\/www\/wp-json\/wp\/v2\/media?parent=2918"}],"curies":[{"name":"wp","href":"https:\/\/api.w.org\/{rel}","templated":true}]}}