{"id":2852,"date":"2023-02-22T14:25:52","date_gmt":"2023-02-22T12:25:52","guid":{"rendered":"https:\/\/vaimnemaailm.ee\/www\/?page_id=2852"},"modified":"2023-03-05T12:00:35","modified_gmt":"2023-03-05T10:00:35","slug":"e-kursus-hingeteega-joondumine-ulesanded-kokkulepped-hingesugulased-kaksikleegid-koostoo-missioon","status":"publish","type":"page","link":"https:\/\/vaimnemaailm.ee\/www\/e-kursus-hingeteega-joondumine-ulesanded-kokkulepped-hingesugulased-kaksikleegid-koostoo-missioon\/","title":{"rendered":"E-kursus &#8220;Hingeteega joondumine &#8211; \u00fclesanded, kokkulepped, hingesugulased, kaksikleegid, koost\u00f6\u00f6, missioon&#8221;"},"content":{"rendered":"<div class=\"wp-block-image\">\n<figure class=\"alignright size-large is-resized\"><img loading=\"lazy\" decoding=\"async\" src=\"https:\/\/vaimnemaailm.ee\/www\/wp-content\/uploads\/2020\/07\/IMG_20200512_123830-1-1024x762.jpg\" alt=\"Hingeperekond\" class=\"wp-image-1580\" width=\"349\" height=\"259\" srcset=\"https:\/\/vaimnemaailm.ee\/www\/wp-content\/uploads\/2020\/07\/IMG_20200512_123830-1-1024x762.jpg 1024w, https:\/\/vaimnemaailm.ee\/www\/wp-content\/uploads\/2020\/07\/IMG_20200512_123830-1-300x223.jpg 300w, https:\/\/vaimnemaailm.ee\/www\/wp-content\/uploads\/2020\/07\/IMG_20200512_123830-1-768x571.jpg 768w\" sizes=\"auto, (max-width: 349px) 100vw, 349px\" \/><figcaption class=\"wp-element-caption\">&#8220;Hingeperekonna tervendus&#8221; Liina Kaumann 2020<\/figcaption><\/figure>\n<\/div>\n\n\n<p>Mis on sinu k\u00e4esoleva elu K\u00f5rgem Plaan? Milliseid hingekokkuleppeid oled s\u00f5lminud, \u00fclesandeid oled tulnud t\u00e4itma, \u00f5ppetunde omandama? Kes on sinu hingeperekond, hingesugulased, \u00fclesandekaaslased, kaksikleek? Milline v\u00f5iks olla sinu unikaalne \u00fclesanne hingepere \u00fchises missioonis?  Kuidas saaksid k\u00e4ia oma hingeteed parimal moel?<\/p>\n\n\n\n<p><strong>E-kursust saad l\u00e4bida endale sobival ajal ja r\u00fctmis, kasv\u00f5i mitu korda!<\/strong> <\/p>\n\n\n\n<p>K\u00f5ik suhted meie elus tekivad vastavalt erinevatele kokkulepetele, mille oleme s\u00f5lminud enne kehastumist, viibides hinge tasandil, kus teeme plaane, valime endale \u00fclesandeid ja v\u00e4ljakutseid, niisamuti valime endale kaaslasi eri eluperioodideks, eri \u00fclesannete t\u00e4itmiseks, valime endale vanemad, sugulased, partnerid armastuseks, pere loomiseks, koos kasvamiseks&#8230; Samas meil on vaba tahte planeet, meil on ka valikuvabadus oma kokkulepetest taganeda, selleks puhuks oleme s\u00f5lminud tagavarakokkulepped, mis aktiveeruvad sel juhul, kui esimese ringi kokkulepped t\u00fchistatakse.<\/p>\n\n\n\n<p>Maise elu eesm\u00e4rk laiemas m\u00f5ttes on meil k\u00f5igil \u00fcks: kogeda, areneda, valgustuda ja oma valgust siia maailma kanda. Samas on meil k\u00f5igil ka oma unikaalne ja isiklik elueesm\u00e4rk, m\u00f5ni eriline anne v\u00f5i oskus, mida kasutades saame t\u00e4ita oma osa suurest terviklikust valgusmustrist. Enne maale kehastumist, eludevahelisel perioodil hingetasandil viibides, valib hing endale suuremad ja v\u00e4iksemad \u00fclesanded, \u00f5ppetunnid, v\u00e4ljakutsed, eesm\u00e4rgid tulevaseks eluks. \u00dche hingepere liikmetel on enamasti sarnast t\u00fc\u00fcpi v\u00e4ljakutsed ja \u00fclesanded, \u00fchine missioon. Hingepere liikmed on l\u00e4hedased hinged, kellel on sarnane energia ja kes on omavahel tihedalt seotud. Hingeperekond liigub valgustumise suunas koos, pere edasij\u00f5udnumad liikmed ootavad j\u00e4rgi ja abistavad energeetiliselt mahaj\u00e4\u00e4numaid, seega sul on v\u00f5imalik paluda endale taotluse teel appi sinu hingepere arenenumaid liikmed, et nad juhendaksid sind sinu isiklikus valgustumisprotsessis.<\/p>\n\n\n\n<p>Meil mitmeid hingesugulasi \u2013 osad on l\u00e4hedasemad, osad veidi v\u00e4hem l\u00e4hedased. \u00dchte hingeperesse kuuluvad hinged on sarnase energiaga ja omavahel tihedamas \u00fchenduses. <\/p>\n\n\n\n<p>Luues teadliku \u00fchenduse oma hingeperekonnaga, saate valgustumisteekonnal \u00fcksteist toetada, nii p\u00e4\u00e4sed ligi nende hingede tarkusele ja v\u00e4ele, kes on sinust eespool ja nad on sinu jaoks nagu laternahoidjad, kes juhivad su teekonda vaimsest maailmast, samuti hakkad ligi t\u00f5mbama ka kehastunud hingesugulasi oma f\u00fc\u00fcsilisse reaalsusse, et jagada oma kasvuprotsessi. <\/p>\n\n\n\n<p>Kursus koosneb 2 osast: <\/p>\n\n\n\n<p><strong>1. teoreetiline osa pdf failis  (25 lk) <\/strong>: Hing ja hinge kokkulepped, \u00fclesanded, hingesugulased, \u00fcest\u00f5usupartnerid. kaksiklleegid , elu\u00fclesaane, hingepere, koost\u00f6\u00f6, missioon,<\/p>\n\n\n\n<p><strong>2. 7 juhitud meditatsioonir\u00e4nnakut mp3 failil,<\/strong> mille saad endale allalaadida ja kasutada korduvalt:<\/p>\n\n\n\n<ol class=\"wp-block-list\">\n<li><strong>\u201e<\/strong><em>Enda eri osade lahusteadvuse tasandilt\/eraldatusest keskmesse \u2013 hinge\u00fchendusse toomine\u201d (33 min)<\/em><\/li>\n\n\n\n<li><strong>\u201e<\/strong><em>Hingega joondumine, r\u00e4nnak kehastumiseelsesse perioodi, \u00fclesandekaaslaste, hingesugulaste, juhendajatega kohtumine, hingekokkulepetest teadlikuks saamine.\u201d (45 min)<\/em><\/li>\n\n\n\n<li><strong>\u201e<\/strong><em>Kaksikleegi energiaga \u00fchinemine &#8211; oma 2 vastandpolaarsuse kokkutoomine\u201d(56 min)<\/em><\/li>\n\n\n\n<li><strong>\u201e<\/strong><em>Aka\u015bi kroonikate lugemine \u2013 elu\u00fclesanne ja \u00f5ppetunnid\u201d(38 min)<\/em><\/li>\n\n\n\n<li>\u201e<em>Valgustumisteekond \u2013 ego vabastamine\u201d (26 min<\/em>)<\/li>\n\n\n\n<li>\u201e<em>Illusioonidest vabanemine, asjade vaatlemine avaramast perspektiivist\u201d (42 min)<\/em><\/li>\n\n\n\n<li>\u201e<em>Hingeperekonna ringi \u00fchendumine, hinge tervendamine ja hingeperekonna \u00fchise \u00fclesande vastuv\u00f5tmine\u201d(41 min)<\/em><\/li>\n<\/ol>\n\n\n\n<p>E- kursuse hind&nbsp;<strong>77 EUR&nbsp;<\/strong>(sisaldab 7 MP3 faili, mille saad endale allalaadida ja kasutada korduvalt + teoreetilist osa)<\/p>\n\n\n\n<p>Kursuse koostas Liina Kaumann<\/p>\n\n\n\n<p>Kursusel osalemiseks tasu Vaimne Maailm O\u00dc pangakontole EE662200221049242077&nbsp; <strong>77 EUR<\/strong>&nbsp;ja saada seej\u00e4rel meil koos maksekorralduse koopiaga liina@vaimnemaailm.ee.<\/p>\n","protected":false},"excerpt":{"rendered":"<p>Mis on sinu k\u00e4esoleva elu K\u00f5rgem Plaan? Milliseid hingekokkuleppeid oled s\u00f5lminud, \u00fclesandeid oled tulnud t\u00e4itma, \u00f5ppetunde omandama? Kes on sinu hingeperekond, hingesugulased, \u00fclesandekaaslased, kaksikleek? Milline v\u00f5iks olla sinu unikaalne \u00fclesanne hingepere \u00fchises missioonis? Kuidas saaksid k\u00e4ia oma hingeteed parimal moel? E-kursust saad l\u00e4bida endale sobival ajal ja r\u00fctmis, kasv\u00f5i mitu korda! K\u00f5ik suhted meie elus &hellip; <\/p>\n<p class=\"link-more\"><a href=\"https:\/\/vaimnemaailm.ee\/www\/e-kursus-hingeteega-joondumine-ulesanded-kokkulepped-hingesugulased-kaksikleegid-koostoo-missioon\/\" class=\"more-link\">Loe edasi<span class=\"screen-reader-text\"> &#8220;E-kursus &#8220;Hingeteega joondumine &#8211; \u00fclesanded, kokkulepped, hingesugulased, kaksikleegid, koost\u00f6\u00f6, missioon&#8221;&#8221;<\/span><\/a><\/p>\n","protected":false},"author":2,"featured_media":0,"parent":0,"menu_order":0,"comment_status":"closed","ping_status":"closed","template":"","meta":{"footnotes":""},"class_list":["post-2852","page","type-page","status-publish","hentry"],"_links":{"self":[{"href":"https:\/\/vaimnemaailm.ee\/www\/wp-json\/wp\/v2\/pages\/2852","targetHints":{"allow":["GET"]}}],"collection":[{"href":"https:\/\/vaimnemaailm.ee\/www\/wp-json\/wp\/v2\/pages"}],"about":[{"href":"https:\/\/vaimnemaailm.ee\/www\/wp-json\/wp\/v2\/types\/page"}],"author":[{"embeddable":true,"href":"https:\/\/vaimnemaailm.ee\/www\/wp-json\/wp\/v2\/users\/2"}],"replies":[{"embeddable":true,"href":"https:\/\/vaimnemaailm.ee\/www\/wp-json\/wp\/v2\/comments?post=2852"}],"version-history":[{"count":3,"href":"https:\/\/vaimnemaailm.ee\/www\/wp-json\/wp\/v2\/pages\/2852\/revisions"}],"predecessor-version":[{"id":2871,"href":"https:\/\/vaimnemaailm.ee\/www\/wp-json\/wp\/v2\/pages\/2852\/revisions\/2871"}],"wp:attachment":[{"href":"https:\/\/vaimnemaailm.ee\/www\/wp-json\/wp\/v2\/media?parent=2852"}],"curies":[{"name":"wp","href":"https:\/\/api.w.org\/{rel}","templated":true}]}}