{"id":2759,"date":"2023-01-08T15:38:21","date_gmt":"2023-01-08T13:38:21","guid":{"rendered":"https:\/\/vaimnemaailm.ee\/www\/?page_id=2759"},"modified":"2023-01-10T16:08:26","modified_gmt":"2023-01-10T14:08:26","slug":"e-kursus-ulestous-kaksikleegiteekonnal","status":"publish","type":"page","link":"https:\/\/vaimnemaailm.ee\/www\/e-kursus-ulestous-kaksikleegiteekonnal\/","title":{"rendered":"E- kursus &#8220;\u00dclest\u00f5us kaksikleegiteekonnal&#8221;"},"content":{"rendered":"<div class=\"wp-block-image\">\n<figure class=\"alignright size-large is-resized\"><img loading=\"lazy\" decoding=\"async\" src=\"https:\/\/vaimnemaailm.ee\/www\/wp-content\/uploads\/2023\/01\/IMG_20190313_135956-1024x818.jpg\" alt=\"\" class=\"wp-image-2782\" width=\"480\" height=\"383\" srcset=\"https:\/\/vaimnemaailm.ee\/www\/wp-content\/uploads\/2023\/01\/IMG_20190313_135956-1024x818.jpg 1024w, https:\/\/vaimnemaailm.ee\/www\/wp-content\/uploads\/2023\/01\/IMG_20190313_135956-300x240.jpg 300w, https:\/\/vaimnemaailm.ee\/www\/wp-content\/uploads\/2023\/01\/IMG_20190313_135956-768x614.jpg 768w, https:\/\/vaimnemaailm.ee\/www\/wp-content\/uploads\/2023\/01\/IMG_20190313_135956-1536x1227.jpg 1536w, https:\/\/vaimnemaailm.ee\/www\/wp-content\/uploads\/2023\/01\/IMG_20190313_135956-2048x1636.jpg 2048w\" sizes=\"auto, (max-width: 480px) 100vw, 480px\" \/><figcaption class=\"wp-element-caption\">All-focus<\/figcaption><\/figure>\n<\/div>\n\n\n<p><strong>E-kursust saad l\u00e4bida endale sobival ajal ja r\u00fctmis, kasv\u00f5i mitu korda!<\/strong><\/p>\n\n\n\n<p>Kursus on abiks neile, kes tunnevad, et on kohtunud oma kaksikleegiga, on temaga millalgi olnud mingitlaadi suhtluses v\u00f5i on praegu intensiivses, v\u00e4ga l\u00e4hedases aga ka keerulises hingesidemes. Jagan oma isiklikul kaksikleegiteekonnal omandatud kogemusi ja juhtn\u00f6\u00f6re, mis mulle protsessi ajal anti minu enda K\u00f5rgema Mina kaudu. Kuigi iga kaksikleegiteekond on unikaalne ja eriline, on siiski \u00fcldjoontes suuri sarnasusi d\u00fcnaamikas ja v\u00e4ljakutsetes, kuidas protsess toimib, kuna see allub nii vaimsetele- kui f\u00fc\u00fcsikaseadustele.<\/p>\n\n\n\n<p>Inimesed enamasti m\u00f5istavad valesti ja romantiseerivad \u00fcle \u201ekaksikleegiga \u00fchinemist\u201c, see aetakse segi muinasjutulise <strong>hingesugulussuhtega<\/strong>. Kuid tegelikkuses pole suhe kaksikleegiga nii lihtsalt k\u00e4sitletav, ega pruugi kohe kaasa tuua oodatud \u00f5nne. Eelk\u00f5ige on kaksikleekidel elus \u00fchine missoon ja see suhe ei ole niiv\u00f5rd romantiline armusuhe, vaid r\u00f5hk on hoopis vaimse kasvu teekonnal. Alles siis, kui on k\u00e4idud l\u00e4bi pikk ja s\u00fcgav \u00fclest\u00f5usuteekond, tehtud l\u00e4bi mitmed ja mitmed egosurmad, vabastatud oma p\u00f5hihirmud ja j\u00f5utakse sisemise terviklikkuseni, on v\u00f5imalik harmooniline ja p\u00fcsiv armastussuhe kaksikleegiga. Seega kaksikleegiteekond on esmalt valgustumisteekond.<\/p>\n\n\n\n<p>\u00dclest\u00f5us kaksikleegiteekonna l\u00e4bi seisneb erinevates balansseerimistes, vastandite\/\u00e4\u00e4rmuste tasakaalustamises ja kokkutoomises. Nais- ja meesenergia \u2013 yin ja yang on vastandid. Kaksikleek on sinu vastandpoolus, kes pakub sulle suurep\u00e4raseid peegeldusi. Kuigi need peegeldused v\u00f5ivad kohati olla v\u00e4gagi valusad, v\u00f5imaldavad nad tohutu kasvu, kui see v\u00e4ljakutse teadlikult vastu v\u00f5tta.<\/p>\n\n\n\n<p>Kaksikleegiteekonnal tuleb sul t\u00f6\u00f6tada enda sisemiste energiatega ja luua tasakaal mitmetel eri viisidel.<\/p>\n\n\n\n<p>Laias laastus sul tuleb tegeleda oma sisemise nais- ja meespoole tervendamisega, kuid see seisneb eri n\u00fcanssides:<\/p>\n\n\n\n<ol class=\"wp-block-list\">\n<li>nais- ja meesenergia vanadest mustritest v\u00e4ljatoomine, jumaliku nais- ja meesenergia aktiveerimine<\/li>\n\n\n\n<li>enesearmastuse leidmine ja j\u00e4rjepidev kasvatamine<\/li>\n\n\n\n<li>eri elementide (maa, \u00f5hk, vesi, tuli, vaim) tasakaalustamine ja kokkutoomine<\/li>\n\n\n\n<li>valguse ja pimeduse\/varju \u00fchendamine<\/li>\n\n\n\n<li>k\u00f5rguse(\u00fclal) ja s\u00fcgavuse(all) kokkutoomine<\/li>\n\n\n\n<li>sisemise (rikkuse) ja v\u00e4lise (rikkuse) \u00fchendamine<\/li>\n\n\n\n<li>(v\u00e4lja)andmise- ja saamise (vastuv\u00f5tmise) tasakaalustamine<\/li>\n\n\n\n<li>\u00e4\u00e4rmustest v\u00e4ljatulemine ja vastandite \u00fchendamine<\/li>\n\n\n\n<li>minevikust ja tulevikust olevikku \u2013 kohalollu liikumine 2<\/li>\n\n\n\n<li>iseendast oma jumaliku partneri (vastandenergia) \u00fclesleidmine<\/li>\n\n\n\n<li>oma hingega p\u00fcsi\u00fchenduses olemine, oma tervikliku jumaliku minana toimimine<\/li>\n<\/ol>\n\n\n\n<p><strong>Kursus koosneb 2 osast:<\/strong><\/p>\n\n\n\n<p><strong>1. Teoreetiline osa<\/strong>&nbsp;l\u00e4bilugemiseks pdf failis (79 lk) sisaldab: K\u00f5rged hingesidemed -kaksikleegid, hingesugulased, \u00fclest\u00f5usupartnerid. Teadlik kaksikleegiteekond. Valgusest ja pimedusest, varjupoole integreerimisest. N\u00f5uanded teekonnal olijale, isiklikud kogemused. 12 t\u015bakrat . Mis aitab j\u00f5uda sisemisse terviklikkusesse. H\u00fclgamishirm, t\u00f5rjumishirm. N\u00e4ited isiklikust kogemusest . Balansseerimisest, vastandite kokkutoomisest, tervikuks \u00fchinemisest. Kaose \u00f5ppetund kaksikleegiprotsessis. Esivanematega \u00fchendumine. Sisemise mees- ja naisenergia tervendus. Jumaliku mehelikkuse ja naiselikkuse aktivatsioon. Elementide balansseerimine. N energias toimuv vee\/maa elemendi tasakaalustamine, \u00f5hu- ja tuleelemendi balansseerimine (M energia). Energiavahetus nais- ja meeseenergia vahel. Andmise ja vastuv\u00f5tmise\/saamise balansseerimine. Kolmas osapool. Enesearmastus. T\u00f5eline vaimne areng toimub alati seestpoolt v\u00e4ljapoole, mitte vastupidi. Kuidas toimida kaksikleegisidemes.<\/p>\n\n\n\n<p><strong>2. 11 mp3 faili (pikemad juhitud meditatsioonir\u00e4nnakud<\/strong>,  mis aitavad kaksikleegiteekonnal ettetulevaid v\u00e4ljakutseid paremini l\u00e4bida ning ennast tasakaalustada ja tervendada:<\/p>\n\n\n\n<ol class=\"wp-block-list\">\n<li> \u201eSisemise nais- ja meespoole tervendus\u201d (41 min)<\/li>\n\n\n\n<li>\u201eKaksikleegiga \u00fchinemine t\u015bakrate kaupa\u201d (38 min)<\/li>\n\n\n\n<li>\u201eVarju integreerimine, s\u00fcdamevalu tervendus. S\u00fcdame valgustumine. T\u00f5ega \u00fchtesulamine\u201d (53 min)<\/li>\n\n\n\n<li>K\u00f5rge hingeside 1 \u2013 olukorra vaatlemine hinge perspektiivist (48 min)<\/li>\n\n\n\n<li>\u201eKaksikleegiprotsess meesenergia silmade l\u00e4bi\u201d( 30 min)<\/li>\n\n\n\n<li>K\u00f5rge hingeside 2 \u2013 areng ja loomine seestpoolt v\u00e4lja (34 min)<\/li>\n\n\n\n<li> K\u00f5rge hingeside 3 \u2013 Mina tervendus eri tasanditel (48 min)<\/li>\n\n\n\n<li>\u201eEsivanematega \u00fchendumine. Sisemise naisenergia (ema) ja meesenergia (isa) tervendus. Jumaliku naiselikkuse ja Jumaliku mehelikkuse aktivatsioon\u201d(65 min)<\/li>\n\n\n\n<li>\u201eNaisenergia tervendus elementide abil \u2013 vesi\/maa\u201d (43 min)<\/li>\n\n\n\n<li>\u201eMeesenergia tervendus elementide abil \u2013 \u00f5hk\/tuli\u201d(42 min)<\/li>\n\n\n\n<li>\u201eIgap\u00e4evane meditatsioon \u2013 valgustelge joondumine\u201d(20 min)<\/li>\n<\/ol>\n\n\n\n<p>E- kursuse hind&nbsp;<strong>131 EUR&nbsp;<\/strong>(sisaldab 11 MP3 faili, mille saad endale allalaadida ja kasutada korduvalt + mahukat teoreetilist osa)<\/p>\n\n\n\n<p>Kursuse koostas Liina Kaumann<\/p>\n\n\n\n<p>Kursusel osalemiseks tasu Vaimne Maailm O\u00dc pangakontole EE662200221049242077 <strong>131 EUR<\/strong> ja saada seej\u00e4rel meil koos maksekorralduse koopiaga liina@vaimnemaailm.ee.<\/p>\n\n\n\n<p><\/p>\n","protected":false},"excerpt":{"rendered":"<p>E-kursust saad l\u00e4bida endale sobival ajal ja r\u00fctmis, kasv\u00f5i mitu korda! Kursus on abiks neile, kes tunnevad, et on kohtunud oma kaksikleegiga, on temaga millalgi olnud mingitlaadi suhtluses v\u00f5i on praegu intensiivses, v\u00e4ga l\u00e4hedases aga ka keerulises hingesidemes. Jagan oma isiklikul kaksikleegiteekonnal omandatud kogemusi ja juhtn\u00f6\u00f6re, mis mulle protsessi ajal anti minu enda K\u00f5rgema Mina &hellip; <\/p>\n<p class=\"link-more\"><a href=\"https:\/\/vaimnemaailm.ee\/www\/e-kursus-ulestous-kaksikleegiteekonnal\/\" class=\"more-link\">Loe edasi<span class=\"screen-reader-text\"> &#8220;E- kursus &#8220;\u00dclest\u00f5us kaksikleegiteekonnal&#8221;&#8221;<\/span><\/a><\/p>\n","protected":false},"author":2,"featured_media":0,"parent":0,"menu_order":0,"comment_status":"closed","ping_status":"closed","template":"","meta":{"footnotes":""},"class_list":["post-2759","page","type-page","status-publish","hentry"],"_links":{"self":[{"href":"https:\/\/vaimnemaailm.ee\/www\/wp-json\/wp\/v2\/pages\/2759","targetHints":{"allow":["GET"]}}],"collection":[{"href":"https:\/\/vaimnemaailm.ee\/www\/wp-json\/wp\/v2\/pages"}],"about":[{"href":"https:\/\/vaimnemaailm.ee\/www\/wp-json\/wp\/v2\/types\/page"}],"author":[{"embeddable":true,"href":"https:\/\/vaimnemaailm.ee\/www\/wp-json\/wp\/v2\/users\/2"}],"replies":[{"embeddable":true,"href":"https:\/\/vaimnemaailm.ee\/www\/wp-json\/wp\/v2\/comments?post=2759"}],"version-history":[{"count":5,"href":"https:\/\/vaimnemaailm.ee\/www\/wp-json\/wp\/v2\/pages\/2759\/revisions"}],"predecessor-version":[{"id":2783,"href":"https:\/\/vaimnemaailm.ee\/www\/wp-json\/wp\/v2\/pages\/2759\/revisions\/2783"}],"wp:attachment":[{"href":"https:\/\/vaimnemaailm.ee\/www\/wp-json\/wp\/v2\/media?parent=2759"}],"curies":[{"name":"wp","href":"https:\/\/api.w.org\/{rel}","templated":true}]}}