{"id":2703,"date":"2022-11-30T12:29:53","date_gmt":"2022-11-30T10:29:53","guid":{"rendered":"https:\/\/vaimnemaailm.ee\/www\/?page_id=2703"},"modified":"2022-11-30T12:30:39","modified_gmt":"2022-11-30T10:30:39","slug":"e-kursus-valgustumisteekond-ulestous-5d-uude-maailma","status":"publish","type":"page","link":"https:\/\/vaimnemaailm.ee\/www\/e-kursus-valgustumisteekond-ulestous-5d-uude-maailma\/","title":{"rendered":"E-kursus &#8220;Valgustumisteekond &#8211; \u00fclest\u00f5us 5D uude maailma&#8221;"},"content":{"rendered":"<div class=\"wp-block-image\">\n<figure class=\"alignright size-large is-resized\"><img loading=\"lazy\" decoding=\"async\" src=\"https:\/\/vaimnemaailm.ee\/www\/wp-content\/uploads\/2020\/03\/L\u00f5pmatus-avaruses-720x1024.jpg\" alt=\"\" class=\"wp-image-1426\" width=\"359\" height=\"509\" srcset=\"https:\/\/vaimnemaailm.ee\/www\/wp-content\/uploads\/2020\/03\/L\u00f5pmatus-avaruses-211x300.jpg 211w, https:\/\/vaimnemaailm.ee\/www\/wp-content\/uploads\/2020\/03\/L\u00f5pmatus-avaruses-768x1092.jpg 768w\" sizes=\"auto, (max-width: 359px) 100vw, 359px\" \/><figcaption class=\"wp-element-caption\">All-focus<\/figcaption><\/figure>\n<\/div>\n\n\n<p><strong>E-kursust saad l\u00e4bida just endale sobival ajal ja kasv\u00f5i mitu korda!<\/strong><\/p>\n\n\n\n<p>Me kehastume f\u00fc\u00fcsilisse maailma kogemusi omandama, vaimselt arenema, oma sagedust t\u00f5stma, valgustuma ja \u00fchtlasi valgustama l\u00e4bi &#8211; t\u00f5stma k\u00f5rgemale tasandile ka siinset reaalsust.<\/p>\n\n\n\n<p>Kuigi on palju unikaalseid valgustumisteekondi, erinevaid vaimseid praktikaid, v\u00f5imalusi, peame ometi k\u00f5ik l\u00e4bima sarnased olulised etapid \u2013 tasandid \u2013 nagu trepiastmed, mida m\u00f6\u00f6da \u00fclespoole t\u00f5useme. Iga selline aste, mille l\u00e4bid, l\u00f5ppeb siseplaanis \u201ep\u00fchitsusega\u201d, misj\u00e4rel liigud edasi j\u00e4rgmisele astmele. Erinevatel vaimse arengu etappidel, seisad silmitsi erinevat t\u00fc\u00fcpi \u00f5ppetundide ja l\u00e4bikatsumistega, kui nendest v\u00e4ljakutsetest teadlik oled, on tunduvalt lihtsam neid m\u00f5ista ja l\u00e4bida. Lisaks annab see raskel hetkel tuge ja kinnitust, et sinu teekonnaga pole midagi valesti, vastupidi \u2013 k\u00f5ik on just nii nagu peabki.<\/p>\n\n\n\n<p>Sellel kursusel vaatleme l\u00e4hemalt neid erinevaid etappe ja tasandeid valgustumisprotsessis, samuti saad n\u00f5uandeid, kuidas neid parimal ja kergemal moel l\u00e4bida saaksid, kuidas liikuda \u00fcha kindlamalt 5D-sse ka f\u00fc\u00fcsilises reaalsuses, j\u00e4tta maha vana maailma piirangud, kuidas suhelda vana 3D-ga, olles ise sealt v\u00e4lja ja edasiliikunud.<\/p>\n\n\n\n<p>Kursus koosneb teoreetiliseslt osast pdf failis (58 lk) ja 10 pikemast juhitud meditatsioonir\u00e4nnakust mp3 failis. <\/p>\n\n\n\n<p><strong>NB<\/strong>! Kursus ei ole m\u00f5eldud p\u00e4ris alagajatele, meditatsioonir\u00e4nnakuid eeldavad meditatsioonikogemust ja varasemat tervendust\u00f6\u00f6d iseendaga, kui sul seda \u00fcldse pole, alusta pigm nendest:<\/p>\n\n\n\n<ul class=\"wp-block-list\">\n<li><a href=\"https:\/\/vaimnemaailm.ee\/www\/meditatsiooni-e-kursus-algajatele-enesevaartustamine-enesetervendamine\/\">Meditatsiooni E-kursus algajatele \u201cEnesev\u00e4\u00e4rtustamine\/enesetervendamine\u201d<\/a>&nbsp;<\/li>\n\n\n\n<li>Meditatsiooni E-kursus\u00a0<a href=\"https:\/\/vaimnemaailm.ee\/www\/e-kursus-joondumine-terviklikuks-saamine-sisemise-perekonna-enda-eri-osade-tervendus-ja-kokkutoomine\/\">\u201cJoondumine \u2013 terviklikuks saamine. Sisemise perekonna, enda eri osade tervendus ja kokkutoomine\u201d<\/a><\/li>\n\n\n\n<li><a href=\"https:\/\/vaimnemaailm.ee\/www\/meditatsioonikursus-tasandivahetus-uude-maailma-vanadest-lugudest-puhastumine-teadlik-loomine\/\">E-kursus &#8220;Tasandivahetus &#8211; vanadest lugudest puhastumine&#8221;<\/a><\/li>\n<\/ul>\n\n\n\n<p><strong>Kursus koosneb 2 osast:<\/strong><\/p>\n\n\n\n<p><strong>1. Teoreetiline osa<\/strong>\u00a0l\u00e4bilugemiseks pdf failis (58lk) sisaldab: Maailm v\u00e4ljas ja sees- k\u00f5ik on \u00fcks. 12- ne 5D t\u015bakra aktiveerimine. Ego lahustamine, Varjut\u00f6\u00f6, teekond iseenda keskme suunas &#8211; lab\u00fcrint. Valgustumisteekond &#8211; p\u00fchisuste eri astmed. Hawkinsi teadlikkuse skaala. Miks on vaja ennast kaitsta? Maatrisist v\u00e4lja. Kuldajastusse \u00fchendumine. Kosmilised v\u00f5tmed Universumi m\u00f5istmiseks. Vaimse arengu ts\u00fcklilisus. Vanast maailmast kiht-kihilt v\u00e4ljakasvamine. Avardumne &#8211; teadvustasandi t\u00f5usmine, k\u00f5rgemates dimensioonides toimimine. Praktikad, mis kergendavad 5D tasandile j\u00f5udmist. Kohalolu ja puhta teadlikkuse loomine. 5 elementi. Mis on \u00fclest\u00f5us ja miks see on nii raske meie kehadele?<\/p>\n\n\n\n<p><strong>2. 10 mp3 faili (pikemad juhitud meditatsioonir\u00e4nnakud<\/strong>, mis aitavad teha l\u00e4bi \u00fclst\u00f5usu 5D-sse)<strong>,<\/strong>\u00a0mille saad endale allalaadida ja kasutada korduvalt:<\/p>\n\n\n\n<ol class=\"wp-block-list\">\n<li>&#8220;Kohalolu, k\u00f5ige olemasolevaga \u00fcksolemise ja puhta teadlikkuse tajumine&#8221; (54 min)<\/li>\n\n\n\n<li>\u201cValgusmaailma sagedusele h\u00e4\u00e4lestumine, 5D t\u015bakrate allalaadimine\u201d (48 min)<\/li>\n\n\n\n<li>\u201cEttevalmistus hingega \u00fchinemiseks -alateadvuse, m\u00f5ttetasandi ja s\u00fcdametasandi puhastamine\u201d (55 min)<\/li>\n\n\n\n<li>&#8220;Hingega \u00fchinemine, hinge energia keha tasandile integreerimine, keha tervendamine&#8221; (43 min)<\/li>\n\n\n\n<li>\u201eHingeperekonna ringi \u00fchendumine, hinge tervendamine ja hingeperekonna \u00fchise \u00fclesande vastuv\u00f5tmine\u201d (41 min)<\/li>\n\n\n\n<li>\u201eValgustustumisteekond &#8211; ego vabastamine\u201d (26 min)<\/li>\n\n\n\n<li>\u201e\u00dclest\u00f5us 5D uude maailma\u201d (49 min)<\/li>\n\n\n\n<li>\u201eK\u00fclluse loomine 5D \u00fchisteadvuse tasandil\u201d (52 min)<\/li>\n\n\n\n<li>\u201eAvardumine\u2013 kiht-kihilt piirangutest ja illusioonidest vabanemine, tasand tasandi haaval \u00fcha suuremasse avardumisse ja \u00fchtsusesse laienemine, minevikust ja tulevikust kohalollu j\u00f5udmine\u201d(57 min)<\/li>\n\n\n\n<li>\u201e3D-ga suhtlemine oma sagedust madaldamata\u201d (46 min)<\/li>\n<\/ol>\n\n\n\n<p>E- kursuse hind\u00a0<strong>121 EUR\u00a0<\/strong>(sisaldab 10 MP3 faili + teoreetilist osa)<\/p>\n\n\n\n<p>Kursuse koostas Liina Kaumann<\/p>\n\n\n\n<p>Kursusel osalemiseks tasu Vaimne Maailm O\u00dc pangakontole EE662200221049242077 121 EUR ja saada seej\u00e4rel meil koos maksekorralduse koopiaga liina@vaimnemaailm.ee.<\/p>\n\n\n\n<p>Kursus on m\u00f5eldud edasij\u00f5udnutele &#8211; parima tulemuse annab selle  l\u00e4bimine peale <a href=\"https:\/\/vaimnemaailm.ee\/www\/meditatsioonikursus-tasandivahetus-uude-maailma-vanadest-lugudest-puhastumine-teadlik-loomine\/\">E-kursust &#8220;Tasandivahetus &#8211; vanadest lugudest puhastumine&#8221;<\/a> v\u00f5i kui oled iseseisvalt muul moel juba need teemad l\u00e4bi v\u00f5tnud!<\/p>\n","protected":false},"excerpt":{"rendered":"<p>E-kursust saad l\u00e4bida just endale sobival ajal ja kasv\u00f5i mitu korda! Me kehastume f\u00fc\u00fcsilisse maailma kogemusi omandama, vaimselt arenema, oma sagedust t\u00f5stma, valgustuma ja \u00fchtlasi valgustama l\u00e4bi &#8211; t\u00f5stma k\u00f5rgemale tasandile ka siinset reaalsust. Kuigi on palju unikaalseid valgustumisteekondi, erinevaid vaimseid praktikaid, v\u00f5imalusi, peame ometi k\u00f5ik l\u00e4bima sarnased olulised etapid \u2013 tasandid \u2013 nagu trepiastmed, &hellip; <\/p>\n<p class=\"link-more\"><a href=\"https:\/\/vaimnemaailm.ee\/www\/e-kursus-valgustumisteekond-ulestous-5d-uude-maailma\/\" class=\"more-link\">Loe edasi<span class=\"screen-reader-text\"> &#8220;E-kursus &#8220;Valgustumisteekond &#8211; \u00fclest\u00f5us 5D uude maailma&#8221;&#8221;<\/span><\/a><\/p>\n","protected":false},"author":2,"featured_media":0,"parent":0,"menu_order":0,"comment_status":"closed","ping_status":"closed","template":"","meta":{"footnotes":""},"class_list":["post-2703","page","type-page","status-publish","hentry"],"_links":{"self":[{"href":"https:\/\/vaimnemaailm.ee\/www\/wp-json\/wp\/v2\/pages\/2703","targetHints":{"allow":["GET"]}}],"collection":[{"href":"https:\/\/vaimnemaailm.ee\/www\/wp-json\/wp\/v2\/pages"}],"about":[{"href":"https:\/\/vaimnemaailm.ee\/www\/wp-json\/wp\/v2\/types\/page"}],"author":[{"embeddable":true,"href":"https:\/\/vaimnemaailm.ee\/www\/wp-json\/wp\/v2\/users\/2"}],"replies":[{"embeddable":true,"href":"https:\/\/vaimnemaailm.ee\/www\/wp-json\/wp\/v2\/comments?post=2703"}],"version-history":[{"count":2,"href":"https:\/\/vaimnemaailm.ee\/www\/wp-json\/wp\/v2\/pages\/2703\/revisions"}],"predecessor-version":[{"id":2705,"href":"https:\/\/vaimnemaailm.ee\/www\/wp-json\/wp\/v2\/pages\/2703\/revisions\/2705"}],"wp:attachment":[{"href":"https:\/\/vaimnemaailm.ee\/www\/wp-json\/wp\/v2\/media?parent=2703"}],"curies":[{"name":"wp","href":"https:\/\/api.w.org\/{rel}","templated":true}]}}