{"id":2678,"date":"2022-11-17T17:39:10","date_gmt":"2022-11-17T15:39:10","guid":{"rendered":"https:\/\/vaimnemaailm.ee\/www\/?page_id=2678"},"modified":"2022-11-17T17:42:54","modified_gmt":"2022-11-17T15:42:54","slug":"lisa-meditatsiooni-e-kursus-algajatele-vae-kasvatamine","status":"publish","type":"page","link":"https:\/\/vaimnemaailm.ee\/www\/lisa-meditatsiooni-e-kursus-algajatele-vae-kasvatamine\/","title":{"rendered":"Lisa Meditatsiooni E-kursus algajatele &#8220;V\u00e4e kasvatamine&#8221;"},"content":{"rendered":"<div class=\"wp-block-image\">\n<figure class=\"alignright size-large is-resized\"><img loading=\"lazy\" decoding=\"async\" src=\"https:\/\/vaimnemaailm.ee\/www\/wp-content\/uploads\/2022\/11\/IMG_20200828_162616-1-840x1024.jpg\" alt=\"\" class=\"wp-image-2661\" width=\"412\" height=\"501\" srcset=\"https:\/\/vaimnemaailm.ee\/www\/wp-content\/uploads\/2022\/11\/IMG_20200828_162616-1-840x1024.jpg 840w, https:\/\/vaimnemaailm.ee\/www\/wp-content\/uploads\/2022\/11\/IMG_20200828_162616-1-246x300.jpg 246w, https:\/\/vaimnemaailm.ee\/www\/wp-content\/uploads\/2022\/11\/IMG_20200828_162616-1-768x936.jpg 768w, https:\/\/vaimnemaailm.ee\/www\/wp-content\/uploads\/2022\/11\/IMG_20200828_162616-1-1260x1536.jpg 1260w, https:\/\/vaimnemaailm.ee\/www\/wp-content\/uploads\/2022\/11\/IMG_20200828_162616-1-1680x2048.jpg 1680w\" sizes=\"auto, (max-width: 412px) 100vw, 412px\" \/><figcaption class=\"wp-element-caption\">All-focus<\/figcaption><\/figure>\n<\/div>\n\n\n<p>See kursus sisaldab valiku lihtsamaid meditatsioone, mis aitavad veelgi kasvatada eneseusku ja v\u00f5imet luua oma ellu k\u00fcllust, r\u00f5\u00f5mu, eneseteostust ning tunda ennast toetatuna inglite ja teejuhtide poolt. Sobib neile, kes on l\u00e4binud <a href=\"https:\/\/vaimnemaailm.ee\/www\/meditatsiooni-e-kursus-algajatele-enesevaartustamine-enesetervendamine\/\"><strong>Meditatsiooni E-kursuse alagajatele \u201eEnesev\u00e4\u00e4rtustamine\/<\/strong> <strong>enesetervendamine\u201d<\/strong> <\/a>v\u00f5i ka <strong>Meditatsiooni E-kursuse&nbsp;<a href=\"https:\/\/vaimnemaailm.ee\/www\/e-kursus-joondumine-terviklikuks-saamine-sisemise-perekonna-enda-eri-osade-tervendus-ja-kokkutoomine\/\">\u201cJoondumine \u2013 terviklikuks saamine. Sisemise perekonna, enda eri osade tervendus ja kokkutoomine\u201d<\/a><\/strong>, kuid tunnevad, et vajavad veel aega ega ole veel valmis edasi liikuma j\u00e4rgmise raskusastme \u2013 s\u00fcgavama tervendust\u00f6\u00f6 juurde kursusega<a href=\"https:\/\/vaimnemaailm.ee\/www\/meditatsioonikursus-tasandivahetus-uude-maailma-vanadest-lugudest-puhastumine-teadlik-loomine\/\"> <strong>\u201eTasandivahetus \u2013 vanadest lugudest puhastumine\u201d<\/strong><\/a><strong> <\/strong>ning eelistaksid selle asemel j\u00e4tkata lihtsamate toetavate meditatsioonidega.<\/p>\n\n\n\n<p>Samas v\u00f5ib seda kursust v\u00f5tta ka iseseisvalt \u2013 kergemate, turgutavate meditatsioonide kogumikuna.<\/p>\n\n\n\n<p><strong>Kursus sisaldab  7 juhitud meditatsiooni mp3 failis<\/strong>:<\/p>\n\n\n\n<ol class=\"wp-block-list\">\n<li>Sisemine nihe k\u00f5rgemasse sagedusse, takistustest ja piirangutest vabanemine&nbsp;<\/li>\n\n\n\n<li>Peainglitega suhtlemine<\/li>\n\n\n\n<li>Iseenda k\u00f5igi osadega tervikuks \u00fchinemine, ego vabastamine<\/li>\n\n\n\n<li>Armastuse, tarkuse ja v\u00e4e \u00fchendamine, j\u00f5ustamine<\/li>\n\n\n\n<li>Elu\u00fclesande avastamine<\/li>\n\n\n\n<li>Hingeperekonna ringi \u00fchendumine, hinge tervendamine ja hingeperekonna \u00fchise \u00fclesande vastuv\u00f5tmine<\/li>\n\n\n\n<li>T\u00e4numeditatsioon<\/li>\n<\/ol>\n\n\n\n<p>E- kursuse hind\u00a0<strong>77 EUR\u00a0<\/strong>(sisaldab 7 ca 30-45 minutilist juhitud meditatsioonir\u00e4nnakut MP3 failidena, mida saad korduvalt kasutada + teoreetilisest osast pdf failis.<\/p>\n\n\n\n<p>Kursuse koostas Liina Kaumann<\/p>\n\n\n\n<p>Kursusel osalemiseks tasu  77 EUR Vaimne Maailm O\u00dc pangakontole EE662200221049242077  ja saada seej\u00e4rel meil koos maksekorralduse koopiaga liina@vaimnemaailm.ee.<\/p>\n\n\n\n<p>Peale kursuse l\u00e4bimist on soovi korral v\u00f5imalik edasi minna s\u00fcgavama enesetervendust\u00f6\u00f6ga :<\/p>\n\n\n\n<p><em><strong>E-kursus <a href=\"https:\/\/vaimnemaailm.ee\/www\/meditatsioonikursus-tasandivahetus-uude-maailma-vanadest-lugudest-puhastumine-teadlik-loomine\/\"><strong>\u201eTasandivahetus \u2013 vanadest lugudest puhastumine\u201d<\/strong><\/a><\/strong><\/em><\/p>\n","protected":false},"excerpt":{"rendered":"<p>See kursus sisaldab valiku lihtsamaid meditatsioone, mis aitavad veelgi kasvatada eneseusku ja v\u00f5imet luua oma ellu k\u00fcllust, r\u00f5\u00f5mu, eneseteostust ning tunda ennast toetatuna inglite ja teejuhtide poolt. Sobib neile, kes on l\u00e4binud Meditatsiooni E-kursuse alagajatele \u201eEnesev\u00e4\u00e4rtustamine\/ enesetervendamine\u201d v\u00f5i ka Meditatsiooni E-kursuse&nbsp;\u201cJoondumine \u2013 terviklikuks saamine. Sisemise perekonna, enda eri osade tervendus ja kokkutoomine\u201d, kuid tunnevad, et &hellip; <\/p>\n<p class=\"link-more\"><a href=\"https:\/\/vaimnemaailm.ee\/www\/lisa-meditatsiooni-e-kursus-algajatele-vae-kasvatamine\/\" class=\"more-link\">Loe edasi<span class=\"screen-reader-text\"> &#8220;Lisa Meditatsiooni E-kursus algajatele &#8220;V\u00e4e kasvatamine&#8221;&#8221;<\/span><\/a><\/p>\n","protected":false},"author":2,"featured_media":0,"parent":0,"menu_order":0,"comment_status":"closed","ping_status":"closed","template":"","meta":{"footnotes":""},"class_list":["post-2678","page","type-page","status-publish","hentry"],"_links":{"self":[{"href":"https:\/\/vaimnemaailm.ee\/www\/wp-json\/wp\/v2\/pages\/2678","targetHints":{"allow":["GET"]}}],"collection":[{"href":"https:\/\/vaimnemaailm.ee\/www\/wp-json\/wp\/v2\/pages"}],"about":[{"href":"https:\/\/vaimnemaailm.ee\/www\/wp-json\/wp\/v2\/types\/page"}],"author":[{"embeddable":true,"href":"https:\/\/vaimnemaailm.ee\/www\/wp-json\/wp\/v2\/users\/2"}],"replies":[{"embeddable":true,"href":"https:\/\/vaimnemaailm.ee\/www\/wp-json\/wp\/v2\/comments?post=2678"}],"version-history":[{"count":3,"href":"https:\/\/vaimnemaailm.ee\/www\/wp-json\/wp\/v2\/pages\/2678\/revisions"}],"predecessor-version":[{"id":2684,"href":"https:\/\/vaimnemaailm.ee\/www\/wp-json\/wp\/v2\/pages\/2678\/revisions\/2684"}],"wp:attachment":[{"href":"https:\/\/vaimnemaailm.ee\/www\/wp-json\/wp\/v2\/media?parent=2678"}],"curies":[{"name":"wp","href":"https:\/\/api.w.org\/{rel}","templated":true}]}}