{"id":261,"date":"2017-01-02T19:37:30","date_gmt":"2017-01-02T17:37:30","guid":{"rendered":"http:\/\/vaimnemaailm.ee\/www\/?page_id=261"},"modified":"2022-08-22T10:47:08","modified_gmt":"2022-08-22T07:47:08","slug":"meditatsioon-minevikumustrite-lahustamiseks-ema-ja-isaliini-puhastamiseks-ning-suguvosa-karma-lopetamiseks","status":"publish","type":"page","link":"https:\/\/vaimnemaailm.ee\/www\/meditatsioon-minevikumustrite-lahustamiseks-ema-ja-isaliini-puhastamiseks-ning-suguvosa-karma-lopetamiseks\/","title":{"rendered":"Meditatsioonikursus &#8220;Minevikumustrite lahustamiseks, ema- ja isaliini puhastamiseks ning suguv\u00f5sa karma l\u00f5petamiseks&#8221;"},"content":{"rendered":"<p><strong>25. septembril kell 11-12.45<\/strong>\u00a0Tartus<\/p>\n<figure id=\"attachment_1776\" aria-describedby=\"caption-attachment-1776\" style=\"width: 525px\" class=\"wp-caption alignnone\"><img loading=\"lazy\" decoding=\"async\" class=\"size-large wp-image-1776\" src=\"http:\/\/vaimnemaailm.ee\/www\/wp-content\/uploads\/2021\/01\/IMG_20201227_110153-1024x758.jpg\" alt=\"\" width=\"525\" height=\"389\" srcset=\"https:\/\/vaimnemaailm.ee\/www\/wp-content\/uploads\/2021\/01\/IMG_20201227_110153-1024x758.jpg 1024w, https:\/\/vaimnemaailm.ee\/www\/wp-content\/uploads\/2021\/01\/IMG_20201227_110153-300x222.jpg 300w, https:\/\/vaimnemaailm.ee\/www\/wp-content\/uploads\/2021\/01\/IMG_20201227_110153-768x568.jpg 768w, https:\/\/vaimnemaailm.ee\/www\/wp-content\/uploads\/2021\/01\/IMG_20201227_110153-1536x1137.jpg 1536w, https:\/\/vaimnemaailm.ee\/www\/wp-content\/uploads\/2021\/01\/IMG_20201227_110153-2048x1515.jpg 2048w\" sizes=\"auto, (max-width: 525px) 100vw, 525px\" \/><figcaption id=\"caption-attachment-1776\" class=\"wp-caption-text\">All-focus<\/figcaption><\/figure>\n<div class=\"\" data-block=\"true\" data-editor=\"6kdrk\" data-offset-key=\"8m00g-0-0\">\n<div data-offset-key=\"8m00g-0-0\"><\/div>\n<\/div>\n<p><span style=\"font-size: inherit;\"> Kui k\u00f5rvaldame blokeeringud oma <span data-offset-key=\"82eq4-0-0\"> ema- ja isaliinis, tervendame suguv\u00f5sa ja perekonna karma, minevikumustritest kantud suhted, loome \u00fchenduse oma esivanemate toetava energiaga, <\/span>saame kasutada oma esiemade ja -isade v\u00e4ge ja j\u00f5udu. L\u00e4bi nende hakkavad meisse voolama iidsed teadmised mineviku kudajastutest ja \u00f5pime tooma seda kuldajastu k\u00f5rgsageduslikku energiat oma t\u00e4nasesse igap\u00e4evaellu.\u00a0<\/span><\/p>\n<p>Kursusel teeme \u00fche pikema meditatsiooni <strong>minevikumustrite lahustamiseks, ema- ja isaliini puhastamiseks ning suguv\u00f5sa karma l\u00f5petamiseks<\/strong>, millele j\u00e4rgneb jagamisring.<\/p>\n<p>Osalustasu: <strong>40 EUR<br \/>\n<\/strong><\/p>\n<p>Vajalik kindlasti eelregistreerumine <a href=\"mailto:liina@vaimnemaailm.ee\">liina@vaimnemaailm.ee<\/a> (kohti on piiratud hulgal), koha kursusel tagab tagastamatu ettemaksu (25 EUR) laekumine Vaimne Maailm O\u00dc pangakontole EE662200221049242077.<\/p>\n<p>Ettemaksu tasudes kinnitad endale koha grupis + saad k\u00e4tte kursuse esimese &#8211; teoreetilise osa. Kursusele mittetulemise korral ettemaksu ei tagastata!<\/p>\n","protected":false},"excerpt":{"rendered":"<p>25. septembril kell 11-12.45\u00a0Tartus Kui k\u00f5rvaldame blokeeringud oma ema- ja isaliinis, tervendame suguv\u00f5sa ja perekonna karma, minevikumustritest kantud suhted, loome \u00fchenduse oma esivanemate toetava energiaga, saame kasutada oma esiemade ja -isade v\u00e4ge ja j\u00f5udu. L\u00e4bi nende hakkavad meisse voolama iidsed teadmised mineviku kudajastutest ja \u00f5pime tooma seda kuldajastu k\u00f5rgsageduslikku energiat oma t\u00e4nasesse igap\u00e4evaellu.\u00a0 Kursusel teeme &hellip; <\/p>\n<p class=\"link-more\"><a href=\"https:\/\/vaimnemaailm.ee\/www\/meditatsioon-minevikumustrite-lahustamiseks-ema-ja-isaliini-puhastamiseks-ning-suguvosa-karma-lopetamiseks\/\" class=\"more-link\">Loe edasi<span class=\"screen-reader-text\"> &#8220;Meditatsioonikursus &#8220;Minevikumustrite lahustamiseks, ema- ja isaliini puhastamiseks ning suguv\u00f5sa karma l\u00f5petamiseks&#8221;&#8221;<\/span><\/a><\/p>\n","protected":false},"author":2,"featured_media":0,"parent":0,"menu_order":0,"comment_status":"closed","ping_status":"closed","template":"","meta":{"footnotes":""},"class_list":["post-261","page","type-page","status-publish","hentry"],"_links":{"self":[{"href":"https:\/\/vaimnemaailm.ee\/www\/wp-json\/wp\/v2\/pages\/261","targetHints":{"allow":["GET"]}}],"collection":[{"href":"https:\/\/vaimnemaailm.ee\/www\/wp-json\/wp\/v2\/pages"}],"about":[{"href":"https:\/\/vaimnemaailm.ee\/www\/wp-json\/wp\/v2\/types\/page"}],"author":[{"embeddable":true,"href":"https:\/\/vaimnemaailm.ee\/www\/wp-json\/wp\/v2\/users\/2"}],"replies":[{"embeddable":true,"href":"https:\/\/vaimnemaailm.ee\/www\/wp-json\/wp\/v2\/comments?post=261"}],"version-history":[{"count":5,"href":"https:\/\/vaimnemaailm.ee\/www\/wp-json\/wp\/v2\/pages\/261\/revisions"}],"predecessor-version":[{"id":2427,"href":"https:\/\/vaimnemaailm.ee\/www\/wp-json\/wp\/v2\/pages\/261\/revisions\/2427"}],"wp:attachment":[{"href":"https:\/\/vaimnemaailm.ee\/www\/wp-json\/wp\/v2\/media?parent=261"}],"curies":[{"name":"wp","href":"https:\/\/api.w.org\/{rel}","templated":true}]}}