{"id":2601,"date":"2022-10-11T20:55:27","date_gmt":"2022-10-11T17:55:27","guid":{"rendered":"https:\/\/vaimnemaailm.ee\/www\/?page_id=2601"},"modified":"2022-10-11T20:55:27","modified_gmt":"2022-10-11T17:55:27","slug":"maalid","status":"publish","type":"page","link":"https:\/\/vaimnemaailm.ee\/www\/maalid\/","title":{"rendered":"Maalid"},"content":{"rendered":"\n<p>Liina Kaumann\u00b4i energiamaalid on loodud spetsiaalse taotlusega, tasakaalustada\/tervendada m\u00f5nda konkreetset probleemi v\u00f5i eluvaldkonda, t\u00f5sta sagedust, luua kaitset, k\u00fcllust, selgust,  tervist, armastust vms. oma ellu.  <\/p>\n\n\n\n<ol class=\"wp-block-list\"><li><a href=\"https:\/\/vaimnemaailm.ee\/www\/tervendavad-maalid\/\"><strong>Liina Kaumanni tervendavad maalid<\/strong><\/a><\/li><li><a href=\"https:\/\/vaimnemaailm.ee\/www\/tervendavad-maalid-muugiks\/\"><strong>Tervendavad maalid m\u00fc\u00fcgiks<\/strong><\/a><\/li><\/ol>\n","protected":false},"excerpt":{"rendered":"<p>Liina Kaumann\u00b4i energiamaalid on loodud spetsiaalse taotlusega, tasakaalustada\/tervendada m\u00f5nda konkreetset probleemi v\u00f5i eluvaldkonda, t\u00f5sta sagedust, luua kaitset, k\u00fcllust, selgust, tervist, armastust vms. oma ellu. Liina Kaumanni tervendavad maalid Tervendavad maalid m\u00fc\u00fcgiks<\/p>\n","protected":false},"author":2,"featured_media":0,"parent":0,"menu_order":0,"comment_status":"closed","ping_status":"closed","template":"","meta":{"footnotes":""},"class_list":["post-2601","page","type-page","status-publish","hentry"],"_links":{"self":[{"href":"https:\/\/vaimnemaailm.ee\/www\/wp-json\/wp\/v2\/pages\/2601","targetHints":{"allow":["GET"]}}],"collection":[{"href":"https:\/\/vaimnemaailm.ee\/www\/wp-json\/wp\/v2\/pages"}],"about":[{"href":"https:\/\/vaimnemaailm.ee\/www\/wp-json\/wp\/v2\/types\/page"}],"author":[{"embeddable":true,"href":"https:\/\/vaimnemaailm.ee\/www\/wp-json\/wp\/v2\/users\/2"}],"replies":[{"embeddable":true,"href":"https:\/\/vaimnemaailm.ee\/www\/wp-json\/wp\/v2\/comments?post=2601"}],"version-history":[{"count":1,"href":"https:\/\/vaimnemaailm.ee\/www\/wp-json\/wp\/v2\/pages\/2601\/revisions"}],"predecessor-version":[{"id":2605,"href":"https:\/\/vaimnemaailm.ee\/www\/wp-json\/wp\/v2\/pages\/2601\/revisions\/2605"}],"wp:attachment":[{"href":"https:\/\/vaimnemaailm.ee\/www\/wp-json\/wp\/v2\/media?parent=2601"}],"curies":[{"name":"wp","href":"https:\/\/api.w.org\/{rel}","templated":true}]}}