{"id":2576,"date":"2022-10-11T16:56:18","date_gmt":"2022-10-11T13:56:18","guid":{"rendered":"https:\/\/vaimnemaailm.ee\/www\/?page_id=2576"},"modified":"2026-03-01T18:41:00","modified_gmt":"2026-03-01T16:41:00","slug":"tervendavad-maalid","status":"publish","type":"page","link":"https:\/\/vaimnemaailm.ee\/www\/tervendavad-maalid\/","title":{"rendered":"Tervendavad maalid"},"content":{"rendered":"\n<h3 class=\"wp-block-heading\">1. <strong><mark style=\"background-color:rgba(0, 0, 0, 0)\" class=\"has-inline-color has-vivid-red-color\">Uuemad maalid<\/mark><\/strong><\/h3>\n\n\n\n<p><strong>&#8220;Teekond tagasi loomiseelsesse aega&#8221;<\/strong> 2023, <\/p>\n\n\n\n<p>akr\u00fc\u00fcl l\u00f5uendil 65&#215;90, 275 EUR<\/p>\n\n\n\n<figure class=\"wp-block-image size-large is-resized\"><img loading=\"lazy\" decoding=\"async\" width=\"722\" height=\"1024\" src=\"https:\/\/vaimnemaailm.ee\/www\/wp-content\/uploads\/2023\/11\/IMG_20231120_104854-722x1024.jpg\" alt=\"\" class=\"wp-image-3288\" style=\"width:435px;height:616px\" srcset=\"https:\/\/vaimnemaailm.ee\/www\/wp-content\/uploads\/2023\/11\/IMG_20231120_104854-722x1024.jpg 722w, https:\/\/vaimnemaailm.ee\/www\/wp-content\/uploads\/2023\/11\/IMG_20231120_104854-212x300.jpg 212w, https:\/\/vaimnemaailm.ee\/www\/wp-content\/uploads\/2023\/11\/IMG_20231120_104854-768x1089.jpg 768w, https:\/\/vaimnemaailm.ee\/www\/wp-content\/uploads\/2023\/11\/IMG_20231120_104854-1083x1536.jpg 1083w, https:\/\/vaimnemaailm.ee\/www\/wp-content\/uploads\/2023\/11\/IMG_20231120_104854-1445x2048.jpg 1445w, https:\/\/vaimnemaailm.ee\/www\/wp-content\/uploads\/2023\/11\/IMG_20231120_104854-scaled.jpg 1806w\" sizes=\"auto, (max-width: 722px) 100vw, 722px\" \/><figcaption class=\"wp-element-caption\">All-focus<\/figcaption><\/figure>\n\n\n\n<p><strong>&#8220;Hinge teekond&#8221;<\/strong> 2023, akr\u00fc\u00fcl l\u00f5uendil 50&#215;100, 250 EUR<\/p>\n\n\n\n<figure class=\"wp-block-image size-large is-resized\"><img loading=\"lazy\" decoding=\"async\" width=\"502\" height=\"1024\" src=\"https:\/\/vaimnemaailm.ee\/www\/wp-content\/uploads\/2023\/11\/IMG_20230417_120125-1-502x1024.jpg\" alt=\"\" class=\"wp-image-3289\" style=\"width:441px;height:900px\" srcset=\"https:\/\/vaimnemaailm.ee\/www\/wp-content\/uploads\/2023\/11\/IMG_20230417_120125-1-502x1024.jpg 502w, https:\/\/vaimnemaailm.ee\/www\/wp-content\/uploads\/2023\/11\/IMG_20230417_120125-1-147x300.jpg 147w, https:\/\/vaimnemaailm.ee\/www\/wp-content\/uploads\/2023\/11\/IMG_20230417_120125-1-768x1566.jpg 768w, https:\/\/vaimnemaailm.ee\/www\/wp-content\/uploads\/2023\/11\/IMG_20230417_120125-1-753x1536.jpg 753w, https:\/\/vaimnemaailm.ee\/www\/wp-content\/uploads\/2023\/11\/IMG_20230417_120125-1-1005x2048.jpg 1005w, https:\/\/vaimnemaailm.ee\/www\/wp-content\/uploads\/2023\/11\/IMG_20230417_120125-1-scaled.jpg 1256w\" sizes=\"auto, (max-width: 502px) 100vw, 502px\" \/><figcaption class=\"wp-element-caption\">All-focus<\/figcaption><\/figure>\n\n\n\n<p><strong>&#8220;Jumaliku naisenergia \u00e4rkamine&#8221;<\/strong> 2022, <\/p>\n\n\n\n<p>akr\u00fc\u00fcl l\u00f5uendil 60&#215;80, 250 EUR<\/p>\n\n\n\n<figure class=\"wp-block-image size-large is-resized\"><img loading=\"lazy\" decoding=\"async\" width=\"786\" height=\"1024\" src=\"https:\/\/vaimnemaailm.ee\/www\/wp-content\/uploads\/2022\/10\/jumalik-naisenergia-786x1024.jpg\" alt=\"\" class=\"wp-image-2577\" style=\"width:440px;height:573px\" srcset=\"https:\/\/vaimnemaailm.ee\/www\/wp-content\/uploads\/2022\/10\/jumalik-naisenergia-786x1024.jpg 786w, https:\/\/vaimnemaailm.ee\/www\/wp-content\/uploads\/2022\/10\/jumalik-naisenergia-230x300.jpg 230w, https:\/\/vaimnemaailm.ee\/www\/wp-content\/uploads\/2022\/10\/jumalik-naisenergia-768x1001.jpg 768w, https:\/\/vaimnemaailm.ee\/www\/wp-content\/uploads\/2022\/10\/jumalik-naisenergia-1179x1536.jpg 1179w, https:\/\/vaimnemaailm.ee\/www\/wp-content\/uploads\/2022\/10\/jumalik-naisenergia.jpg 1474w\" sizes=\"auto, (max-width: 767px) 89vw, (max-width: 1000px) 54vw, (max-width: 1071px) 543px, 580px\" \/><\/figure>\n\n\n\n<p><strong>&#8220;Tulep\u00fchitsus&#8221; <\/strong>2023, akr\u00fc\u00fcl l\u00f5uendil 60&#215;80<\/p>\n\n\n\n<figure class=\"wp-block-image size-large is-resized\"><img loading=\"lazy\" decoding=\"async\" width=\"768\" height=\"1024\" src=\"https:\/\/vaimnemaailm.ee\/www\/wp-content\/uploads\/2023\/11\/IMG_20231122_142139-768x1024.jpg\" alt=\"\" class=\"wp-image-3295\" style=\"width:443px;height:590px\" srcset=\"https:\/\/vaimnemaailm.ee\/www\/wp-content\/uploads\/2023\/11\/IMG_20231122_142139-768x1024.jpg 768w, https:\/\/vaimnemaailm.ee\/www\/wp-content\/uploads\/2023\/11\/IMG_20231122_142139-225x300.jpg 225w, https:\/\/vaimnemaailm.ee\/www\/wp-content\/uploads\/2023\/11\/IMG_20231122_142139-1152x1536.jpg 1152w, https:\/\/vaimnemaailm.ee\/www\/wp-content\/uploads\/2023\/11\/IMG_20231122_142139-1536x2048.jpg 1536w, https:\/\/vaimnemaailm.ee\/www\/wp-content\/uploads\/2023\/11\/IMG_20231122_142139-scaled.jpg 1920w\" sizes=\"auto, (max-width: 767px) 89vw, (max-width: 1000px) 54vw, (max-width: 1071px) 543px, 580px\" \/><figcaption class=\"wp-element-caption\">All-focus<\/figcaption><\/figure>\n\n\n\n<p><strong>&#8220;Puhastav\/loov tuli&#8221; <\/strong>2022, akr\u00fc\u00fcl l\u00f5uendil 60&#215;80<\/p>\n\n\n\n<figure class=\"wp-block-image size-large is-resized\"><img loading=\"lazy\" decoding=\"async\" width=\"763\" height=\"1024\" src=\"https:\/\/vaimnemaailm.ee\/www\/wp-content\/uploads\/2022\/10\/Tule-energia-tasakaalustamine-763x1024.jpg\" alt=\"\" class=\"wp-image-2578\" style=\"width:445px;height:597px\" srcset=\"https:\/\/vaimnemaailm.ee\/www\/wp-content\/uploads\/2022\/10\/Tule-energia-tasakaalustamine-763x1024.jpg 763w, https:\/\/vaimnemaailm.ee\/www\/wp-content\/uploads\/2022\/10\/Tule-energia-tasakaalustamine-223x300.jpg 223w, https:\/\/vaimnemaailm.ee\/www\/wp-content\/uploads\/2022\/10\/Tule-energia-tasakaalustamine-768x1031.jpg 768w, https:\/\/vaimnemaailm.ee\/www\/wp-content\/uploads\/2022\/10\/Tule-energia-tasakaalustamine-1144x1536.jpg 1144w, https:\/\/vaimnemaailm.ee\/www\/wp-content\/uploads\/2022\/10\/Tule-energia-tasakaalustamine-1525x2048.jpg 1525w, https:\/\/vaimnemaailm.ee\/www\/wp-content\/uploads\/2022\/10\/Tule-energia-tasakaalustamine-scaled.jpg 1907w\" sizes=\"auto, (max-width: 706px) 89vw, (max-width: 767px) 82vw, 740px\" \/><\/figure>\n\n\n\n<p><strong>&#8220;Vastandite kokkutoomine &#8211; tuli\/vesi&#8221; <\/strong>2022, akr\u00fc\u00fcl l\u00f5uendil 60&#215;80 <\/p>\n\n\n\n<figure class=\"wp-block-image size-large is-resized\"><img loading=\"lazy\" decoding=\"async\" width=\"772\" height=\"1024\" src=\"https:\/\/vaimnemaailm.ee\/www\/wp-content\/uploads\/2022\/10\/IMG_20220430_172739-772x1024.jpg\" alt=\"\" class=\"wp-image-2585\" style=\"width:436px;height:578px\" srcset=\"https:\/\/vaimnemaailm.ee\/www\/wp-content\/uploads\/2022\/10\/IMG_20220430_172739-772x1024.jpg 772w, https:\/\/vaimnemaailm.ee\/www\/wp-content\/uploads\/2022\/10\/IMG_20220430_172739-226x300.jpg 226w, https:\/\/vaimnemaailm.ee\/www\/wp-content\/uploads\/2022\/10\/IMG_20220430_172739-768x1019.jpg 768w, https:\/\/vaimnemaailm.ee\/www\/wp-content\/uploads\/2022\/10\/IMG_20220430_172739-1158x1536.jpg 1158w, https:\/\/vaimnemaailm.ee\/www\/wp-content\/uploads\/2022\/10\/IMG_20220430_172739-1544x2048.jpg 1544w, https:\/\/vaimnemaailm.ee\/www\/wp-content\/uploads\/2022\/10\/IMG_20220430_172739-scaled.jpg 1930w\" sizes=\"auto, (max-width: 767px) 89vw, (max-width: 1000px) 54vw, (max-width: 1071px) 543px, 580px\" \/><\/figure>\n\n\n\n<p><strong>&#8220;Elementide \u00fchendamine&#8221; <\/strong>2022, akr\u00fc\u00fcl l\u00f5uendil 60&#215;80, 175 EUR <\/p>\n\n\n\n<figure class=\"wp-block-image size-large is-resized\"><img loading=\"lazy\" decoding=\"async\" width=\"769\" height=\"1024\" src=\"https:\/\/vaimnemaailm.ee\/www\/wp-content\/uploads\/2022\/10\/Elementide-uhendamine-769x1024.jpg\" alt=\"\" class=\"wp-image-2579\" style=\"width:465px;height:619px\" srcset=\"https:\/\/vaimnemaailm.ee\/www\/wp-content\/uploads\/2022\/10\/Elementide-uhendamine-769x1024.jpg 769w, https:\/\/vaimnemaailm.ee\/www\/wp-content\/uploads\/2022\/10\/Elementide-uhendamine-225x300.jpg 225w, https:\/\/vaimnemaailm.ee\/www\/wp-content\/uploads\/2022\/10\/Elementide-uhendamine-768x1023.jpg 768w, https:\/\/vaimnemaailm.ee\/www\/wp-content\/uploads\/2022\/10\/Elementide-uhendamine-1153x1536.jpg 1153w, https:\/\/vaimnemaailm.ee\/www\/wp-content\/uploads\/2022\/10\/Elementide-uhendamine-1537x2048.jpg 1537w, https:\/\/vaimnemaailm.ee\/www\/wp-content\/uploads\/2022\/10\/Elementide-uhendamine-scaled.jpg 1921w\" sizes=\"auto, (max-width: 767px) 89vw, (max-width: 1000px) 54vw, (max-width: 1071px) 543px, 580px\" \/><\/figure>\n\n\n\n<p><strong>&#8220;Elu valguspuu&#8221; <\/strong>2021, akr\u00fc\u00fcl l\u00f5uendil 60&#215;80, 160 EUR<\/p>\n\n\n\n<figure class=\"wp-block-image size-large is-resized\"><img loading=\"lazy\" decoding=\"async\" width=\"1024\" height=\"762\" src=\"https:\/\/vaimnemaailm.ee\/www\/wp-content\/uploads\/2021\/09\/IMG_20210921_144940-1024x762.jpg\" alt=\"\" class=\"wp-image-1956\" style=\"width:571px;height:424px\" srcset=\"https:\/\/vaimnemaailm.ee\/www\/wp-content\/uploads\/2021\/09\/IMG_20210921_144940-1024x762.jpg 1024w, https:\/\/vaimnemaailm.ee\/www\/wp-content\/uploads\/2021\/09\/IMG_20210921_144940-300x223.jpg 300w, https:\/\/vaimnemaailm.ee\/www\/wp-content\/uploads\/2021\/09\/IMG_20210921_144940-768x572.jpg 768w, https:\/\/vaimnemaailm.ee\/www\/wp-content\/uploads\/2021\/09\/IMG_20210921_144940-1536x1143.jpg 1536w, https:\/\/vaimnemaailm.ee\/www\/wp-content\/uploads\/2021\/09\/IMG_20210921_144940-2048x1524.jpg 2048w\" sizes=\"auto, (max-width: 767px) 89vw, (max-width: 1000px) 54vw, (max-width: 1071px) 543px, 580px\" \/><\/figure>\n\n\n\n<p><\/p>\n\n\n\n<p><strong>&#8220;Suure Jumalanna valgusmustrid&#8221; <\/strong>2022, akr\u00fc\u00fcl paberil 40&#215;52 <\/p>\n\n\n\n<figure class=\"wp-block-image size-large is-resized\"><img loading=\"lazy\" decoding=\"async\" width=\"1024\" height=\"778\" src=\"https:\/\/vaimnemaailm.ee\/www\/wp-content\/uploads\/2022\/08\/IMG_20220526_103355-1-1024x778.jpg\" alt=\"\" class=\"wp-image-2399\" style=\"width:561px;height:426px\" srcset=\"https:\/\/vaimnemaailm.ee\/www\/wp-content\/uploads\/2022\/08\/IMG_20220526_103355-1-1024x778.jpg 1024w, https:\/\/vaimnemaailm.ee\/www\/wp-content\/uploads\/2022\/08\/IMG_20220526_103355-1-300x228.jpg 300w, https:\/\/vaimnemaailm.ee\/www\/wp-content\/uploads\/2022\/08\/IMG_20220526_103355-1-768x583.jpg 768w, https:\/\/vaimnemaailm.ee\/www\/wp-content\/uploads\/2022\/08\/IMG_20220526_103355-1-1536x1166.jpg 1536w, https:\/\/vaimnemaailm.ee\/www\/wp-content\/uploads\/2022\/08\/IMG_20220526_103355-1-2048x1555.jpg 2048w\" sizes=\"auto, (max-width: 767px) 89vw, (max-width: 1000px) 54vw, (max-width: 1071px) 543px, 580px\" \/><\/figure>\n\n\n\n<h3 class=\"wp-block-heading\">2. <mark style=\"background-color:rgba(0, 0, 0, 0)\" class=\"has-inline-color has-vivid-red-color\"><strong>Vanemad maalid<\/strong><\/mark>  Vt. ka siia: <a href=\"https:\/\/vaimnemaailm.ee\/www\/tervendavad-maalid-muugiks\/\">Tervendavad maalid m\u00fc\u00fcgiks!<\/a><\/h3>\n\n\n\n<p><strong>&#8220;Jumaliku Mina seisundis&#8221; <\/strong>2021, akr\u00fc\u00fcl l\u00f5uendil 60&#215;80, 250 EUR<\/p>\n\n\n\n<figure class=\"wp-block-image size-large is-resized\"><img loading=\"lazy\" decoding=\"async\" width=\"744\" height=\"1024\" src=\"https:\/\/vaimnemaailm.ee\/www\/wp-content\/uploads\/2019\/09\/Jumaliku-Mina-seisundis-744x1024.jpg\" alt=\"Jumaliku Mina seisunds\" class=\"wp-image-1209\" style=\"width:549px;height:754px\" srcset=\"https:\/\/vaimnemaailm.ee\/www\/wp-content\/uploads\/2019\/09\/Jumaliku-Mina-seisundis-744x1024.jpg 744w, https:\/\/vaimnemaailm.ee\/www\/wp-content\/uploads\/2019\/09\/Jumaliku-Mina-seisundis-218x300.jpg 218w, https:\/\/vaimnemaailm.ee\/www\/wp-content\/uploads\/2019\/09\/Jumaliku-Mina-seisundis-768x1057.jpg 768w, https:\/\/vaimnemaailm.ee\/www\/wp-content\/uploads\/2019\/09\/Jumaliku-Mina-seisundis.jpg 1464w\" sizes=\"auto, (max-width: 706px) 89vw, (max-width: 767px) 82vw, 740px\" \/><\/figure>\n\n\n\n<p><\/p>\n\n\n\n<p><strong>&#8220;Ingel tulilinnuga&#8221; <\/strong>2016, akr\u00fc\u00fcl l\u00f5uendil 40&#215;50 <\/p>\n\n\n\n<figure class=\"wp-block-image size-large\"><img loading=\"lazy\" decoding=\"async\" width=\"1024\" height=\"821\" src=\"https:\/\/vaimnemaailm.ee\/www\/wp-content\/uploads\/2017\/01\/ingel-tulilinnuga-1024x821.jpg\" alt=\"\" class=\"wp-image-245\" srcset=\"https:\/\/vaimnemaailm.ee\/www\/wp-content\/uploads\/2017\/01\/ingel-tulilinnuga-1024x821.jpg 1024w, https:\/\/vaimnemaailm.ee\/www\/wp-content\/uploads\/2017\/01\/ingel-tulilinnuga-300x241.jpg 300w, https:\/\/vaimnemaailm.ee\/www\/wp-content\/uploads\/2017\/01\/ingel-tulilinnuga-768x616.jpg 768w, https:\/\/vaimnemaailm.ee\/www\/wp-content\/uploads\/2017\/01\/ingel-tulilinnuga.jpg 1767w\" sizes=\"auto, (max-width: 767px) 89vw, (max-width: 1000px) 54vw, (max-width: 1071px) 543px, 580px\" \/><\/figure>\n\n\n\n<p><\/p>\n\n\n\n<p><strong>&#8220;Kadunud hingeosade leidmine&#8221; <\/strong>2019, akr\u00fc\u00fcl l\u00f5uendil 50&#215;70, 150 EUR<\/p>\n\n\n\n<figure class=\"wp-block-image size-large\"><img loading=\"lazy\" decoding=\"async\" width=\"1024\" height=\"740\" src=\"https:\/\/vaimnemaailm.ee\/www\/wp-content\/uploads\/2019\/10\/Edasi-1024x740.jpg\" alt=\"\" class=\"wp-image-1264\"\/><\/figure>\n\n\n\n<p><\/p>\n\n\n\n<p><strong>&#8220;Ingel naagadega&#8221; <\/strong>2016, akr\u00fc\u00fcl l\u00f5uendil 40&#215;50 <\/p>\n\n\n\n<figure class=\"wp-block-image size-large is-resized\"><img loading=\"lazy\" decoding=\"async\" width=\"806\" height=\"1024\" src=\"https:\/\/vaimnemaailm.ee\/www\/wp-content\/uploads\/2017\/01\/ingel-naagadega-806x1024.jpg\" alt=\"\" class=\"wp-image-246\" style=\"width:527px;height:669px\" srcset=\"https:\/\/vaimnemaailm.ee\/www\/wp-content\/uploads\/2017\/01\/ingel-naagadega-806x1024.jpg 806w, https:\/\/vaimnemaailm.ee\/www\/wp-content\/uploads\/2017\/01\/ingel-naagadega-236x300.jpg 236w, https:\/\/vaimnemaailm.ee\/www\/wp-content\/uploads\/2017\/01\/ingel-naagadega-768x976.jpg 768w, https:\/\/vaimnemaailm.ee\/www\/wp-content\/uploads\/2017\/01\/ingel-naagadega.jpg 1443w\" sizes=\"auto, (max-width: 767px) 89vw, (max-width: 1000px) 54vw, (max-width: 1071px) 543px, 580px\" \/><\/figure>\n\n\n\n<p><\/p>\n\n\n\n<p><strong>&#8220;Seerav&#8221; <\/strong>2015, akr\u00fc\u00fcl l\u00f5uendil 40&#215;50 <\/p>\n\n\n\n<figure class=\"wp-block-image size-full is-resized\"><img loading=\"lazy\" decoding=\"async\" width=\"425\" height=\"320\" src=\"https:\/\/vaimnemaailm.ee\/www\/wp-content\/uploads\/2017\/01\/Seerav-v\u00e4ike.jpg\" alt=\"\" class=\"wp-image-253\" style=\"width:595px;height:448px\" srcset=\"https:\/\/vaimnemaailm.ee\/www\/wp-content\/uploads\/2017\/01\/Seerav-v\u00e4ike.jpg 425w, https:\/\/vaimnemaailm.ee\/www\/wp-content\/uploads\/2017\/01\/Seerav-v\u00e4ike-300x226.jpg 300w\" sizes=\"auto, (max-width: 425px) 100vw, 425px\" \/><\/figure>\n\n\n\n<p><strong>&#8220;S\u00fcdame avanemine&#8221; <\/strong>2013, akr\u00fc\u00fcl l\u00f5uendil 30&#215;40 <\/p>\n\n\n\n<figure class=\"wp-block-image size-large is-resized\"><img loading=\"lazy\" decoding=\"async\" width=\"765\" height=\"1024\" src=\"https:\/\/vaimnemaailm.ee\/www\/wp-content\/uploads\/2017\/01\/Hingepilt-suur-765x1024.jpg\" alt=\"\" class=\"wp-image-241\" style=\"width:427px;height:571px\" srcset=\"https:\/\/vaimnemaailm.ee\/www\/wp-content\/uploads\/2017\/01\/Hingepilt-suur-765x1024.jpg 765w, https:\/\/vaimnemaailm.ee\/www\/wp-content\/uploads\/2017\/01\/Hingepilt-suur-224x300.jpg 224w, https:\/\/vaimnemaailm.ee\/www\/wp-content\/uploads\/2017\/01\/Hingepilt-suur-768x1028.jpg 768w, https:\/\/vaimnemaailm.ee\/www\/wp-content\/uploads\/2017\/01\/Hingepilt-suur.jpg 998w\" sizes=\"auto, (max-width: 706px) 89vw, (max-width: 767px) 82vw, 740px\" \/><\/figure>\n\n\n\n<p><strong>&#8220;R\u00e4nnak alateadvusesse&#8221; <\/strong>2017, akr\u00fc\u00fcl l\u00f5uendil 30&#215;40 , 40 EUR<\/p>\n\n\n\n<figure class=\"wp-block-image size-full is-resized\"><img loading=\"lazy\" decoding=\"async\" width=\"797\" height=\"597\" src=\"https:\/\/vaimnemaailm.ee\/www\/wp-content\/uploads\/2022\/10\/alateadvuse-rotated.jpg\" alt=\"\" class=\"wp-image-2581\" style=\"width:510px;height:381px\" srcset=\"https:\/\/vaimnemaailm.ee\/www\/wp-content\/uploads\/2022\/10\/alateadvuse-rotated.jpg 797w, https:\/\/vaimnemaailm.ee\/www\/wp-content\/uploads\/2022\/10\/alateadvuse-300x225.jpg 300w, https:\/\/vaimnemaailm.ee\/www\/wp-content\/uploads\/2022\/10\/alateadvuse-768x575.jpg 768w\" sizes=\"auto, (max-width: 767px) 89vw, (max-width: 1000px) 54vw, (max-width: 1071px) 543px, 580px\" \/><\/figure>\n\n\n\n<p><\/p>\n\n\n\n<p><strong>&#8220;K\u00fclluse loomine&#8221;<\/strong> 2019, akr\u00fc\u00fcl l\u00f5uendil 46&#215;55, 150 EUR<\/p>\n\n\n\n<figure class=\"wp-block-image size-large is-resized\"><img loading=\"lazy\" decoding=\"async\" width=\"821\" height=\"1024\" src=\"https:\/\/vaimnemaailm.ee\/www\/wp-content\/uploads\/2022\/10\/Kulluse-loomine-821x1024.jpg\" alt=\"\" class=\"wp-image-2586\" style=\"width:515px;height:641px\" srcset=\"https:\/\/vaimnemaailm.ee\/www\/wp-content\/uploads\/2022\/10\/Kulluse-loomine-821x1024.jpg 821w, https:\/\/vaimnemaailm.ee\/www\/wp-content\/uploads\/2022\/10\/Kulluse-loomine-240x300.jpg 240w, https:\/\/vaimnemaailm.ee\/www\/wp-content\/uploads\/2022\/10\/Kulluse-loomine-768x958.jpg 768w, https:\/\/vaimnemaailm.ee\/www\/wp-content\/uploads\/2022\/10\/Kulluse-loomine-1231x1536.jpg 1231w, https:\/\/vaimnemaailm.ee\/www\/wp-content\/uploads\/2022\/10\/Kulluse-loomine.jpg 1615w\" sizes=\"auto, (max-width: 767px) 89vw, (max-width: 1000px) 54vw, (max-width: 1071px) 543px, 580px\" \/><\/figure>\n\n\n\n<p><\/p>\n","protected":false},"excerpt":{"rendered":"<p>1. Uuemad maalid &#8220;Teekond tagasi loomiseelsesse aega&#8221; 2023, akr\u00fc\u00fcl l\u00f5uendil 65&#215;90, 275 EUR &#8220;Hinge teekond&#8221; 2023, akr\u00fc\u00fcl l\u00f5uendil 50&#215;100, 250 EUR &#8220;Jumaliku naisenergia \u00e4rkamine&#8221; 2022, akr\u00fc\u00fcl l\u00f5uendil 60&#215;80, 250 EUR &#8220;Tulep\u00fchitsus&#8221; 2023, akr\u00fc\u00fcl l\u00f5uendil 60&#215;80 &#8220;Puhastav\/loov tuli&#8221; 2022, akr\u00fc\u00fcl l\u00f5uendil 60&#215;80 &#8220;Vastandite kokkutoomine &#8211; tuli\/vesi&#8221; 2022, akr\u00fc\u00fcl l\u00f5uendil 60&#215;80 &#8220;Elementide \u00fchendamine&#8221; 2022, akr\u00fc\u00fcl l\u00f5uendil 60&#215;80, &hellip; <\/p>\n<p class=\"link-more\"><a href=\"https:\/\/vaimnemaailm.ee\/www\/tervendavad-maalid\/\" class=\"more-link\">Loe edasi<span class=\"screen-reader-text\"> &#8220;Tervendavad maalid&#8221;<\/span><\/a><\/p>\n","protected":false},"author":2,"featured_media":0,"parent":0,"menu_order":0,"comment_status":"closed","ping_status":"closed","template":"","meta":{"footnotes":""},"class_list":["post-2576","page","type-page","status-publish","hentry"],"_links":{"self":[{"href":"https:\/\/vaimnemaailm.ee\/www\/wp-json\/wp\/v2\/pages\/2576","targetHints":{"allow":["GET"]}}],"collection":[{"href":"https:\/\/vaimnemaailm.ee\/www\/wp-json\/wp\/v2\/pages"}],"about":[{"href":"https:\/\/vaimnemaailm.ee\/www\/wp-json\/wp\/v2\/types\/page"}],"author":[{"embeddable":true,"href":"https:\/\/vaimnemaailm.ee\/www\/wp-json\/wp\/v2\/users\/2"}],"replies":[{"embeddable":true,"href":"https:\/\/vaimnemaailm.ee\/www\/wp-json\/wp\/v2\/comments?post=2576"}],"version-history":[{"count":5,"href":"https:\/\/vaimnemaailm.ee\/www\/wp-json\/wp\/v2\/pages\/2576\/revisions"}],"predecessor-version":[{"id":4362,"href":"https:\/\/vaimnemaailm.ee\/www\/wp-json\/wp\/v2\/pages\/2576\/revisions\/4362"}],"wp:attachment":[{"href":"https:\/\/vaimnemaailm.ee\/www\/wp-json\/wp\/v2\/media?parent=2576"}],"curies":[{"name":"wp","href":"https:\/\/api.w.org\/{rel}","templated":true}]}}