{"id":257,"date":"2017-01-02T19:34:12","date_gmt":"2017-01-02T17:34:12","guid":{"rendered":"http:\/\/vaimnemaailm.ee\/www\/?page_id=257"},"modified":"2021-06-15T11:39:21","modified_gmt":"2021-06-15T08:39:21","slug":"meditatsioonilaager-sutelkonniga-ja-isikliku-tervendava-pildi-maalimisega","status":"publish","type":"page","link":"https:\/\/vaimnemaailm.ee\/www\/meditatsioonilaager-sutelkonniga-ja-isikliku-tervendava-pildi-maalimisega\/","title":{"rendered":"Meditatsioonilaager s\u00fctelk\u00f5nniga(tuleenergia p\u00fchitsusega) jumaliku naisenergia kandjatele"},"content":{"rendered":"<p><strong><img loading=\"lazy\" decoding=\"async\" class=\"alignright wp-image-137 size-medium\" src=\"http:\/\/vaimnemaailm.ee\/www\/wp-content\/uploads\/2017\/01\/laager-tuli--300x225.jpg\" alt=\"\" width=\"300\" height=\"225\" srcset=\"https:\/\/vaimnemaailm.ee\/www\/wp-content\/uploads\/2017\/01\/laager-tuli--300x225.jpg 300w, https:\/\/vaimnemaailm.ee\/www\/wp-content\/uploads\/2017\/01\/laager-tuli-.jpg 454w\" sizes=\"auto, (max-width: 300px) 100vw, 300px\" \/><\/strong><\/p>\n<p><strong>2-4. juuli <\/strong><strong>2021 <\/strong><strong>Tartumaal Rannu vallas Vehendi k\u00fclas<\/strong><\/p>\n<p>Teeme\u00a0 juhitud meditatsioone ja baansseerimisi, mis on vajalikud jumaliku naisenergia tasandile t\u00f5usmiseks,\u00a0 sisemisse tasakaalu j\u00f5udmiseks\u00a0 ja \u00fclest\u00f5usu l\u00e4bitegemiseks. Eriti on oodatud kaksikleegiprotsessis olevad jumaliku naisenergia kandjad. J\u00e4\u00e4nud on vaid m\u00f5ned vabad kohad, grupp on v\u00e4ike!<\/p>\n<ul>\n<li>Kuldajastu energiatega \u00fchenduse loomiseks &#8211; t\u015bakrate ja valguseha t\u00f6\u00f6 k\u00e4ivitamiseks 5D sagedusel<\/li>\n<li>Vastandenergiate balansseerimiseks ja kokkutoomiseks<\/li>\n<li>5 elemendi &#8211; maa, \u00f5hk, tuli, vesi, vaim balansseerimiseks<\/li>\n<li>Kohaloluseisundi saavutamiseks ja puha teadlikkuse seisundisse j\u00f5udmiseks<\/li>\n<li>S\u00fcdame tervenduseks ja valgustumiseks<\/li>\n<li>Oma t\u00f5e leidmiseks ja t\u00f5ega \u00fchtesulamiseks<\/li>\n<li>Loomine \u00fchisteadvusv\u00e4lja abil 5D sagedusel<\/li>\n<\/ul>\n<p><strong>S\u00fctelk\u00f5nd on v\u00f5imas p\u00fchitsus mis viib naisenergia paremasse kontakt oma sisemise meesenergiaga, aidates \u00f5ppida usaldama tuld &#8211; meesenergiat. Naine=Maa, Mees=tuli. <\/strong>Tulelk\u00f5ndimistseremoonia ei ole kohustusik, iga\u00fchel on v\u00f5imalus osaleda aktiivselt v\u00f5i ka soovi korral ainult pealtvaatajaks j\u00e4\u00e4da. Kuid k\u00f5ndides \u00fcle tuliste s\u00fcte, kogedes, et oled v\u00f5imeline tegema asju, mida pidasid varem v\u00f5imatuks, oled v\u00f5imeline tegema ka teisi n\u00e4iliselt v\u00f5imatuid asju hoolimata hirmust, kahtlustest, kogemustest. Kogemus, et isegi tuli ei haava, vabastab energia, mis seni ei saanud valla p\u00e4\u00e4seda, nii\u00a0 omandad eesm\u00e4rkide saavutamiseks valiku energia, keskendumise, otsustavuse ja eneseusalduse.<\/p>\n<p><strong>Laagris on kavas:<\/strong><\/p>\n<ul>\n<li>juhitud meditatsioonid<\/li>\n<li>tervendus Reiki energias<\/li>\n<li>5 tiibeti harjutust<\/li>\n<li>s\u00fctelk\u00f5nd &#8211; tuleteraapia<\/li>\n<li>isikliku v\u00e4epildi kanaldamine ja maalimine<\/li>\n<li>soovi korral t\u015bakrate t\u00f6\u00f6 diagnoosimine ja n\u00f5ustamine, k\u00e4esoleva elu \u00fclesannete\/\u00f5ppetundide, hinge vanuse v\u00e4ljaselgitamine<\/li>\n<li>soovi korral reiki koolitus ja p\u00fchitsused<\/li>\n<li>soovi korral isiklik ennustamine TARO ja ruunidega<\/li>\n<li>Individuaalsed tervendusseanasid (reiki+inglid)<\/li>\n<\/ul>\n<p>\u00d6\u00f6bimine on telkides oma magamismati ja -kotiga, l\u00e4hedal on ka Vehendi motell, kuhu soovi korral tuleks endale ise tuba reserveerida <a href=\"http:\/\/vehendi.ee\/.\">http:\/\/vehendi.ee\/<\/a><br \/>\nEndal on vaja kaasa v\u00f5tta: telk, magamiskott, magamis(v\u00f5imlemis)matt, ujumisriided, toit + toidun\u00f5ud isiklikuks tarbimiseks. Kohapeal saab teha kuuma vett, l\u00f5ket, grillida, laup\u00e4eval l\u00f5unaajal v\u00f5imalus s\u00f5ita ka Elvasse s\u00f6\u00f6ma.<\/p>\n<p><em><strong> ISIKLIKU V\u00c4EPILDI MAALIMINE<\/strong><\/em> Liina Kaumanni juhendamisel &#8211;<\/p>\n<ol>\n<li>juhitud meditatsioon<\/li>\n<li>maalimine<\/li>\n<li>akr\u00fc\u00fclv\u00e4rvidega maalimise \u00fcldp\u00f5him\u00f5tted<\/li>\n<li>algteadmised kompositsioonist<\/li>\n<li>v\u00e4rvide vaimsed t\u00e4hendused<\/li>\n<li>v\u00e4rvide segamise p\u00f5him\u00f5tted<\/li>\n<li>iseseisev t\u00f6\u00f6 juhendaja abil<\/li>\n<li>arutelu, kus m\u00f5testame lahti maalitu<\/li>\n<\/ol>\n<p>Igale osalejale on meie poolt t\u00f6\u00f6vahendid maalimiseks, kaasa saab\u00a0 oma pildi ja eelnevalt meilile teoreetilised materjalid. Eelnev kokkupuude maalimise v\u00f5i meditatsiooniga vajalik pole.<\/p>\n<p><strong>Reiki p\u00fchitsused ja TARO\u00b4ga elusuundade vaatamine eraldi tasu eest ! <\/strong>Taro &#8211; 20 EUR 20-30 min<\/p>\n<p><strong>Osalemistasu 150 EUR<\/strong><\/p>\n<p><strong>Laagris osalemiseks<\/strong> on vajalik kindlasti eelregistreerumine, laager toimub v\u00e4ikesele grupile. Registreerumiseks saada\u00a0e-mail <a href=\"mailto:liina@vaimnemaailm.ee\">liina@vaimnemaailm.ee<\/a> ja tasu registreeringu kinnitamiseks <strong>tagastamatu ettemaks 80 EUR tuleks tasuda v\u00e4hemalt n\u00e4dal enne laagrit!<\/strong>\u00a0Vaimne Maailm O\u00dc pangakontole EE662200221049242077.<\/p>\n<p><strong>Orienteeruv ajakava:<\/strong><\/p>\n<ol>\n<li><strong> p\u00e4ev <img loading=\"lazy\" decoding=\"async\" class=\"alignright wp-image-594 size-medium\" src=\"http:\/\/vaimnemaailm.ee\/www\/wp-content\/uploads\/2017\/01\/laager-rand-2-300x225.jpg\" alt=\"\" width=\"300\" height=\"225\" srcset=\"https:\/\/vaimnemaailm.ee\/www\/wp-content\/uploads\/2017\/01\/laager-rand-2-300x225.jpg 300w, https:\/\/vaimnemaailm.ee\/www\/wp-content\/uploads\/2017\/01\/laager-rand-2.jpg 567w\" sizes=\"auto, (max-width: 300px) 100vw, 300px\" \/><\/strong><\/li>\n<\/ol>\n<ul>\n<li>saabumine, telkimine<\/li>\n<li>18.00 laagri avamine, meditatsioon V\u00f5rtsj\u00e4rve kaldal<\/li>\n<li>l\u00f5kke\u00f5htu, \u00f5htus\u00f6\u00f6k, hinge vanuse ja elu\u00fclesannete\/komistuskivide v\u00e4ljaselgitamine, soovi korral Taroga elusuundade vaatamine, t\u015bakrate diagnoosimine ja tervendamine pendliga individuaalselt<\/li>\n<li>23.00 &#8211; \u00f6\u00f6rahu<\/li>\n<\/ul>\n<ol start=\"2\">\n<li><strong> p\u00e4ev\u00a0<\/strong><\/li>\n<\/ol>\n<ul>\n<li>8.30- 5 Tiibetlast<\/li>\n<li>9.00 &#8211; hommikumeditatsioon<\/li>\n<li>10.00 &#8211; \u00a0hommikus\u00f6\u00f6k<\/li>\n<li>11.00 &#8211; jalutusk\u00e4ik metsa,\u00a0meditatsioon metsas asuva energiasamba juures<\/li>\n<li>13.00-16.00 &#8211;\u00a0 vaba aeg, jalututusk\u00e4igud metsa, j\u00e4rve \u00e4\u00e4rde, ujumine, l\u00f5unas\u00f6\u00f6k (v\u00f5imalik s\u00f5ita ka Elvasse s\u00f6\u00f6ma), eraseansid<\/li>\n<li>16.00 &#8211;\u00a0 meditatsioon, grupit\u00f6\u00f6<\/li>\n<li>18.30 &#8211; s\u00fctelk\u00f5nni ettevalmistused, \u00f5htus\u00f6\u00f6k<\/li>\n<li>19.00 &#8211; l\u00f5kke s\u00fc\u00fctamine, tulelk\u00f5nni tseremoonia algus<\/li>\n<li>19.30-22.00 &#8211; h\u00e4\u00e4lestumine s\u00fctelk\u00f5nniks, taotluste tegemine<\/li>\n<li>22.00 &#8211; s\u00fctelk\u00f5nd<\/li>\n<\/ul>\n<ol start=\"3\">\n<li><strong> p\u00e4ev<br \/>\n<\/strong><\/li>\n<\/ol>\n<ul>\n<li>9.00 &#8211; 5 Tiibetlast, meditatsioon<\/li>\n<li>10.00 &#8211; hommikus\u00f6\u00f6k<\/li>\n<li>11-15.00 &#8211; valikuliselt erinevad tervendused, soovi korral Reiki kursus ja p\u00fchitsused, meditatiivne maal<\/li>\n<li>15.30 &#8211; laagri l\u00f5petamine<\/li>\n<li>telklaagri kokkupakkimine, lahkumine<\/li>\n<\/ul>\n<p>L\u00e4bi viib Liina Kaumann<\/p>\n","protected":false},"excerpt":{"rendered":"<p>2-4. juuli 2021 Tartumaal Rannu vallas Vehendi k\u00fclas Teeme\u00a0 juhitud meditatsioone ja baansseerimisi, mis on vajalikud jumaliku naisenergia tasandile t\u00f5usmiseks,\u00a0 sisemisse tasakaalu j\u00f5udmiseks\u00a0 ja \u00fclest\u00f5usu l\u00e4bitegemiseks. Eriti on oodatud kaksikleegiprotsessis olevad jumaliku naisenergia kandjad. J\u00e4\u00e4nud on vaid m\u00f5ned vabad kohad, grupp on v\u00e4ike! Kuldajastu energiatega \u00fchenduse loomiseks &#8211; t\u015bakrate ja valguseha t\u00f6\u00f6 k\u00e4ivitamiseks 5D sagedusel &hellip; <\/p>\n<p class=\"link-more\"><a href=\"https:\/\/vaimnemaailm.ee\/www\/meditatsioonilaager-sutelkonniga-ja-isikliku-tervendava-pildi-maalimisega\/\" class=\"more-link\">Loe edasi<span class=\"screen-reader-text\"> &#8220;Meditatsioonilaager s\u00fctelk\u00f5nniga(tuleenergia p\u00fchitsusega) jumaliku naisenergia kandjatele&#8221;<\/span><\/a><\/p>\n","protected":false},"author":2,"featured_media":0,"parent":0,"menu_order":0,"comment_status":"closed","ping_status":"closed","template":"","meta":{"footnotes":""},"class_list":["post-257","page","type-page","status-publish","hentry"],"_links":{"self":[{"href":"https:\/\/vaimnemaailm.ee\/www\/wp-json\/wp\/v2\/pages\/257","targetHints":{"allow":["GET"]}}],"collection":[{"href":"https:\/\/vaimnemaailm.ee\/www\/wp-json\/wp\/v2\/pages"}],"about":[{"href":"https:\/\/vaimnemaailm.ee\/www\/wp-json\/wp\/v2\/types\/page"}],"author":[{"embeddable":true,"href":"https:\/\/vaimnemaailm.ee\/www\/wp-json\/wp\/v2\/users\/2"}],"replies":[{"embeddable":true,"href":"https:\/\/vaimnemaailm.ee\/www\/wp-json\/wp\/v2\/comments?post=257"}],"version-history":[{"count":5,"href":"https:\/\/vaimnemaailm.ee\/www\/wp-json\/wp\/v2\/pages\/257\/revisions"}],"predecessor-version":[{"id":1831,"href":"https:\/\/vaimnemaailm.ee\/www\/wp-json\/wp\/v2\/pages\/257\/revisions\/1831"}],"wp:attachment":[{"href":"https:\/\/vaimnemaailm.ee\/www\/wp-json\/wp\/v2\/media?parent=257"}],"curies":[{"name":"wp","href":"https:\/\/api.w.org\/{rel}","templated":true}]}}