{"id":2477,"date":"2022-09-27T16:39:51","date_gmt":"2022-09-27T13:39:51","guid":{"rendered":"https:\/\/vaimnemaailm.ee\/www\/?page_id=2477"},"modified":"2025-11-05T08:55:35","modified_gmt":"2025-11-05T06:55:35","slug":"energeetiline-puhastus-ja-kaitse-videokursus","status":"publish","type":"page","link":"https:\/\/vaimnemaailm.ee\/www\/energeetiline-puhastus-ja-kaitse-videokursus\/","title":{"rendered":"Energeetiline puhastus ja kaitse- videokursus"},"content":{"rendered":"<div class=\"wp-block-image\">\n<figure class=\"alignright size-full is-resized\"><img loading=\"lazy\" decoding=\"async\" width=\"978\" height=\"774\" src=\"https:\/\/vaimnemaailm.ee\/www\/wp-content\/uploads\/2022\/08\/energeetiline-puhastus-1.jpg\" alt=\"\" class=\"wp-image-2402\" style=\"width:304px;height:auto\" srcset=\"https:\/\/vaimnemaailm.ee\/www\/wp-content\/uploads\/2022\/08\/energeetiline-puhastus-1.jpg 978w, https:\/\/vaimnemaailm.ee\/www\/wp-content\/uploads\/2022\/08\/energeetiline-puhastus-1-300x237.jpg 300w, https:\/\/vaimnemaailm.ee\/www\/wp-content\/uploads\/2022\/08\/energeetiline-puhastus-1-768x608.jpg 768w\" sizes=\"auto, (max-width: 767px) 89vw, (max-width: 1000px) 54vw, (max-width: 1071px) 543px, 580px\" \/><\/figure>\n<\/div>\n\n\n<p><strong>Seda kursust saad l\u00e4bida endale sobiva ajal ja kasv\u00f5i mitu korda!<\/strong><\/p>\n\n\n\n<p>Vaimselt arenedes t\u00f5useb sinu sagedus, suureneb valgus, igap\u00e4evaelus t\u00e4hendab see seda, et mida enam su valgus kasvab, seda t\u00f5en\u00e4olisemalt hakkad t\u00f5mbama ligi energiavampiire ja tumedate j\u00f5udude r\u00fcnnakuid. Paljud kaasaegsed vaimsed \u00f5petused soovitavad igasugu r\u00fcnnakuid lihtsalt ignoreerida ja muudkui armastust saata ja avatud olla. Mingis m\u00f5ttes on see \u00f5ige, aga et see reaalselt ka toimiks, pead olema omadega j\u00f5udnud juba v\u00e4ga heasse kohta, ehk olema saavutanud meisterlikkuse \u2013 olles p\u00fcsivalt keskmes, joondunud Allikaga, Sise-Maaga, pidevas t\u00f5keteta energiavoolus. Sellesse seisundisse j\u00f5udmiseni on aga enne vaja k\u00e4ia pikk tee ja sellele eelneb \u00fcleminekuperiood, kus on v\u00e4ga keeruline j\u00e4\u00e4da keskmesse \u2013 just siis muutub su valgus pimedusele n\u00e4htavaks ja sagenevad r\u00fcnnakud.. Sel ajal oleks sul ikka vaja rakendada teatud kaitsetehnikaid, et mitte lasta end m\u00f5jutada \u00fcldisest energiafoonist. Muidu l\u00e4heb sinu valgus \u00fchel hetkel tahtmatult lihtsalt osavate tumedate j\u00f5udude teenistusse. See iseenda kaitsmine on seega ka vastutustundlik l\u00e4henemine, sest on oluline, kuhu ja kellele sinu valgus l\u00e4heb.<\/p>\n\n\n\n<p>Sellel kursusel \u00f5pid:<\/p>\n\n\n\n<ul class=\"wp-block-list\">\n<li>ennast energeetiliselt puhastama ja ka puhtana hoidma<\/li>\n\n\n\n<li>kuidas kaitsta ennast energiavampiiride, tumedate j\u00f5udude ja erinevate r\u00fcnnakute eest<\/li>\n\n\n\n<li>tegema energeetilist ruumipuhastust<\/li>\n\n\n\n<li>kuidas vabastada ennast egregoride v\u00f5rgust<\/li>\n\n\n\n<li>m\u00f5\u00f5tma oma sagedust \u2013 emotsionaalset seisundit \u2013 teadvustasandit, milles viibid, sest k\u00f5ik on energia: m\u00f5tted ja emotsioonid samuti. Iga\u00fcks meist vibreerib teataval sagedusel. Sinu sagedus m\u00e4\u00e4rab millised inimesed su ellu tulevad, mida sa ligi t\u00f5mbad, kui kerge v\u00f5i raske on sinu elu, samuti kas ja milliseid kaitseid v\u00f5iksid t\u00f5en\u00e4oliselt vajada.<\/li>\n<\/ul>\n\n\n\n<p>Kursus koosneb 2 osast:<\/p>\n\n\n\n<ol class=\"wp-block-list\">\n<li>Teoreetiline osa \u2013 22 lk. materjali pdf failis kodus l\u00e4bit\u00f6\u00f6tamiseks (Miks on vaja ennast kaitsta. Sageduse m\u00f5\u00f5tmine Dr. Hawkinsi teadlikkuse skaala j\u00e4rgi. Energiavampiirid. R\u00fcnnakud. Egregorid. Enda puhastamine ja kaitsed. Needustest ja v\u00e4ga rasketest energiatest puhastamine. Ruumi puhastamine. )<\/li>\n\n\n\n<li>Praktilised juhtn\u00f6\u00f6rid, tehnikad video\u00f5ppena mahus  98 min + 2 juhitud meditatsioonir\u00e4nnakuna  mp3 failis mahus 70 min<\/li>\n<\/ol>\n\n\n\n<p>Kursuse hind\u00a0<strong>75 EUR\u00a0<\/strong><\/p>\n\n\n\n<p>(sisaldab teoreetilist osa +  praktikumi 7 videos +  mp3 faile  2 <em><strong>juhitud meditatsioonir\u00e4nnakuga<\/strong><\/em>, mille saad endale allalaadida ja kasutada korduvalt: <\/p>\n\n\n\n<ol class=\"wp-block-list\">\n<li><strong>Energeetiline kaitse \u2013 Allika- ja Sise-Maaga \u00fchendumine, Peaingel Miikaeli ja Zadkieli kaitse loomine<\/strong> <\/li>\n\n\n\n<li><strong>Egregoridest vabanemine<\/strong><\/li>\n<\/ol>\n\n\n\n<p>Juhendab Liina Kaumann<\/p>\n\n\n\n<p>Kursusel osalemiseks tasu Vaimne Maailm O\u00dc pangakontole EE662200221049242077\u00a0 75 EUR ja saada meil osalemissooviga<em>\u00a0liina@vaimnemaailm.ee<\/em>.<\/p>\n","protected":false},"excerpt":{"rendered":"<p>Seda kursust saad l\u00e4bida endale sobiva ajal ja kasv\u00f5i mitu korda! Vaimselt arenedes t\u00f5useb sinu sagedus, suureneb valgus, igap\u00e4evaelus t\u00e4hendab see seda, et mida enam su valgus kasvab, seda t\u00f5en\u00e4olisemalt hakkad t\u00f5mbama ligi energiavampiire ja tumedate j\u00f5udude r\u00fcnnakuid. Paljud kaasaegsed vaimsed \u00f5petused soovitavad igasugu r\u00fcnnakuid lihtsalt ignoreerida ja muudkui armastust saata ja avatud olla. Mingis &hellip; <\/p>\n<p class=\"link-more\"><a href=\"https:\/\/vaimnemaailm.ee\/www\/energeetiline-puhastus-ja-kaitse-videokursus\/\" class=\"more-link\">Loe edasi<span class=\"screen-reader-text\"> &#8220;Energeetiline puhastus ja kaitse- videokursus&#8221;<\/span><\/a><\/p>\n","protected":false},"author":2,"featured_media":0,"parent":0,"menu_order":0,"comment_status":"closed","ping_status":"closed","template":"","meta":{"footnotes":""},"class_list":["post-2477","page","type-page","status-publish","hentry"],"_links":{"self":[{"href":"https:\/\/vaimnemaailm.ee\/www\/wp-json\/wp\/v2\/pages\/2477","targetHints":{"allow":["GET"]}}],"collection":[{"href":"https:\/\/vaimnemaailm.ee\/www\/wp-json\/wp\/v2\/pages"}],"about":[{"href":"https:\/\/vaimnemaailm.ee\/www\/wp-json\/wp\/v2\/types\/page"}],"author":[{"embeddable":true,"href":"https:\/\/vaimnemaailm.ee\/www\/wp-json\/wp\/v2\/users\/2"}],"replies":[{"embeddable":true,"href":"https:\/\/vaimnemaailm.ee\/www\/wp-json\/wp\/v2\/comments?post=2477"}],"version-history":[{"count":3,"href":"https:\/\/vaimnemaailm.ee\/www\/wp-json\/wp\/v2\/pages\/2477\/revisions"}],"predecessor-version":[{"id":4238,"href":"https:\/\/vaimnemaailm.ee\/www\/wp-json\/wp\/v2\/pages\/2477\/revisions\/4238"}],"wp:attachment":[{"href":"https:\/\/vaimnemaailm.ee\/www\/wp-json\/wp\/v2\/media?parent=2477"}],"curies":[{"name":"wp","href":"https:\/\/api.w.org\/{rel}","templated":true}]}}