{"id":2451,"date":"2022-09-06T11:21:25","date_gmt":"2022-09-06T08:21:25","guid":{"rendered":"https:\/\/vaimnemaailm.ee\/www\/?page_id=2451"},"modified":"2023-08-31T15:55:59","modified_gmt":"2023-08-31T12:55:59","slug":"terviklik-tervenemine-videokursus","status":"publish","type":"page","link":"https:\/\/vaimnemaailm.ee\/www\/terviklik-tervenemine-videokursus\/","title":{"rendered":"Terviklik tervenemine &#8211; videokursus"},"content":{"rendered":"<div class=\"wp-block-image\">\n<figure class=\"alignright size-large is-resized\"><img loading=\"lazy\" decoding=\"async\" src=\"https:\/\/vaimnemaailm.ee\/www\/wp-content\/uploads\/2021\/09\/IMG_20210921_144940-1024x762.jpg\" alt=\"\" class=\"wp-image-1956\" width=\"344\" height=\"255\" srcset=\"https:\/\/vaimnemaailm.ee\/www\/wp-content\/uploads\/2021\/09\/IMG_20210921_144940-1024x762.jpg 1024w, https:\/\/vaimnemaailm.ee\/www\/wp-content\/uploads\/2021\/09\/IMG_20210921_144940-300x223.jpg 300w, https:\/\/vaimnemaailm.ee\/www\/wp-content\/uploads\/2021\/09\/IMG_20210921_144940-768x572.jpg 768w, https:\/\/vaimnemaailm.ee\/www\/wp-content\/uploads\/2021\/09\/IMG_20210921_144940-1536x1143.jpg 1536w, https:\/\/vaimnemaailm.ee\/www\/wp-content\/uploads\/2021\/09\/IMG_20210921_144940-2048x1524.jpg 2048w\" sizes=\"auto, (max-width: 344px) 100vw, 344px\" \/><\/figure>\n<\/div>\n\n\n<p>Ava oma v\u00f5ime tervendada ennst ise! Sinus eneses on k\u00f5ik vastused ja v\u00f5tmed, kuidas ennast aidata mistahes probleemide puhul &#8211; oled iseenda parim tervendaja! Tervendused ja teraapiad, mida viib sinuga l\u00e4bi keegi teine on k\u00fcll abiks ja v\u00f5ivad h\u00e4das olles t\u00f5husad olla, kuid pikemas perspektiivis sisaldavad need endas s\u00f5ltuvuse energiat. Sellel kursusel \u00f5pid ise ennast aitama, kaasates tervenemisprotsessi samaaegsalt oma \u00fcliteadvuse, tavateadvuse ja alateadvuse &#8211; vaid nii leiab aset terviklik tervenemine.<br>Kursusel osaledes saad n\u00e4pun\u00e4ited, kuidas lugeda oma \u201celu peeglit\u201d ja v\u00f5tmed, kuidas edaspidi ennast ise terviklikult tervendada. <\/p>\n\n\n\n<p>Videokursust saad l\u00e4bida endale sobival ajal ja kasv\u00f5i mitmeid kordi! <\/p>\n\n\n\n<p>Kursus koosneb p\u00f5hjalikust teoreetilisest osast pdf failis, 3 juhitud meditatsioonir\u00e4nnakust ja n\u00e4idisfailist alateadvuse muutmiseks mp3 failis ja 6 videost praktikaga. <\/p>\n\n\n\n<p>Meil k\u00f5igil on v\u00f5ime leida enda seest juhatust ja selgust, kuidas ennast parimal moel aidata. Selleks on tarvis kuulata oma keha, oma tundeid, soove, eelistusi, vastupanu, h\u00e4iritust jne, sest need n\u00e4itavad, milles on probeem. Kui soovime tervendada f\u00fc\u00fcsilist haigust v\u00f5i n\u00e4iteks keerulist olukorda v\u00e4lises elus, peame alustama energeetilisest poolest, sest f\u00fc\u00fcsiline maailm on ainult \u201cpeegel\u201d sisemisele ebabalansile, blokeeringule. <\/p>\n\n\n\n<p><strong>Juhitud meditatsioonid: <\/strong><\/p>\n\n\n\n<ol class=\"wp-block-list\">\n<li><strong>Kuidas luua ja valitseda oma elu eluratta keskmest l\u00e4htuvalt \u2013 v\u00e4ljuda egoringist&nbsp;<\/strong>(55 min) &#8211; meditatsioon aitab \u00f5ppida lugema ja tervendama oma elu peeglit &#8211; v\u00e4list illusioonimaailma<\/li>\n\n\n\n<li><strong>Terviklik tervenemine &#8211; probleemi tuvastamine ja mis edasi teha<\/strong> (19 min)<\/li>\n\n\n\n<li><strong>Elupuu aktivatsioon \u2013 juure tasand -\u00fchenduse loomine p\u00f5hjaveega \u2013 alateadvusesse uute t\u00f5dede kinnistamine&nbsp;<\/strong>(55 min)<\/li>\n\n\n\n<li>N\u00e4idisfail alateadvusesse muutuste kinnistamiseks: <strong>Usaldus<\/strong>e teemal<\/li>\n<\/ol>\n\n\n\n<p><strong>Videod:<\/strong><\/p>\n\n\n\n<ol class=\"wp-block-list\">\n<li>Kuidas leida ja koputada mediriaanipunkte ja kinnistada muutused alateadvusesse<\/li>\n\n\n\n<li>N\u00e4idiskoputamine &#8220;uskumuste muutmine&#8221; &#8211; enesev\u00e4\u00e4rtustamise, mittepiisav olemise n\u00e4itel<\/li>\n\n\n\n<li>Minevikutraumade lahtikoputamine &#8211; valusate suhtekogemuste n\u00e4itel<\/li>\n\n\n\n<li>Hirmude lahtikoputamine &#8211; esinemis\/eksamihirmu n\u00e4itel<\/li>\n\n\n\n<li>Kinnisideede, s\u00f5ltuvuste, klammerdumiste lahtikoputamine &#8211;  &#8220;pean olema paarisuhtes, muidu ma ei saa olla \u00f5nnelik!&#8221; n\u00e4itel<\/li>\n\n\n\n<li>F\u00fc\u00fcsilise keha s\u00fcmptomide, haiguste  lahtikoputamine, immuuns\u00fcsteemi tugevdamine<\/li>\n<\/ol>\n\n\n\n<p><strong>Teoreetiline osa sisaldab:<\/strong><\/p>\n\n\n\n<ol class=\"wp-block-list\">\n<li>2 -lk &#8211; T\u00e4psed juhtn\u00f6\u00f6rid videokursuse l\u00e4bimiseks<\/li>\n\n\n\n<li>38-lk \u2013 Tervikliku tervenemise v\u00f5tmed, energiameridiaanidel asuvad punktid, kuidas neid koputada eri probleemide puhul (hirmud, s\u00fc\u00fctunded, uskumused, \u00b4minevikutraumad, m\u00f5ttemustrid, suhteprobleemid jne.) +juhtn\u00f6\u00f6rid alateadvuse tasandi tervendamiseks<\/li>\n\n\n\n<li>4 -lk &#8211; Eluratas &#8211;  Kuidas juhtida oma elu valgusteljest l\u00e4htuvalt, m\u00f5ista peegeldusi<\/li>\n\n\n\n<li>63-lk \u00fclevaade erinevatest iga\u00fchele j\u00f5ukohastest tervendamismeetoditest, oma f\u00fc\u00fcslilise keha ja energiav\u00e4lja tasakaalustamiseks:<\/li>\n<\/ol>\n\n\n\n<p>1. &nbsp; &nbsp; Keha kui kaart iseenda paremaks tundma\u00f5ppimiseks.<\/p>\n\n\n\n<p>2.&nbsp;&nbsp;&nbsp;Mis m\u00f5jutavad meie tervist? Millest alustada enesetervendamist?<\/p>\n\n\n\n<ul class=\"wp-block-list\">\n<li>M\u00f5tted ja emotsioonid.<\/li>\n\n\n\n<li>Enda eest hoolitsemine.<\/li>\n\n\n\n<li>Karma.<\/li>\n\n\n\n<li>K\u00f5rgem tahe.<\/li>\n<\/ul>\n\n\n\n<p>3.&nbsp;&nbsp;&nbsp;&nbsp; T\u015bakrad.<\/p>\n\n\n\n<p>4.&nbsp;&nbsp;&nbsp;&nbsp; Erinevad meetodid enesetervendamiseks:<\/p>\n\n\n\n<ul class=\"wp-block-list\">\n<li>Enesetervendamine l\u00e4bi juhitud meditatsiooni.<\/li>\n\n\n\n<li>Enesetervendamine l\u00e4bi visualiseerimisharjutuste \u2013 Egiptuse ravi. Tervendamine kuusnurkse t\u00e4hega.<\/li>\n\n\n\n<li>Reiki.<\/li>\n\n\n\n<li>Kristallidega tervendamine (Eri kristallide raviomadused, kristalli programmeerimine, kraistallid ja t\u015bakrad).<\/li>\n\n\n\n<li>Inglid \u2013 kuidas paluda ja kaasata tervendusse.<\/li>\n\n\n\n<li>Afirmatsioonid, taotlused.<\/li>\n\n\n\n<li>Ravimtaimed (\u00dcrdikotikese valmistamine, \u00fcrdileotised, eri taimede raviomadused, \u00f5lid ja l\u00f5hnaained).<\/li>\n\n\n\n<li>Tervendamine v\u00e4rvide abil (V\u00e4rvide vaimsed t\u00e4hendused, kuidas tervendada v\u00e4rvide abil, 12-p\u00f5hiv\u00e4rvi meditatsioon).<\/li>\n<\/ul>\n\n\n\n<p>Kursuse hind:<strong> 88 EUR<\/strong><\/p>\n\n\n\n<h6 class=\"wp-block-heading\"><strong>Telli siit videokursus:<\/strong><\/h6>\n\n\n\n<p><strong>1.<\/strong>&nbsp;Tellimiseks tee \u00fclekanne:<\/p>\n\n\n\n<p><strong>Kellele:<\/strong>&nbsp;Vaimne Maailm O\u00dc<br><strong>Pangakonto:<\/strong>&nbsp;EE662200221049242077<br><strong>Summa:<\/strong>&nbsp;88 EUR<br><strong>Selgitus:<\/strong>&nbsp;Terviklik tervenemine videokursus&nbsp;<em>(lisa juurde ka enda nimi)<\/em><\/p>\n\n\n\n<p><strong>2.<\/strong>&nbsp;P\u00e4rast seda saada meil oma tellimussooviga ja kinnitusega, et makse on tehtud, aadressile liina@vaimnemaailm.ee. Seej\u00e4rel saadame Sulle e-mailile kursuse teoreetilise osa pdf failis + ligip\u00e4\u00e4sud  mp3 failidele ja videotele.<\/p>\n","protected":false},"excerpt":{"rendered":"<p>Ava oma v\u00f5ime tervendada ennst ise! Sinus eneses on k\u00f5ik vastused ja v\u00f5tmed, kuidas ennast aidata mistahes probleemide puhul &#8211; oled iseenda parim tervendaja! Tervendused ja teraapiad, mida viib sinuga l\u00e4bi keegi teine on k\u00fcll abiks ja v\u00f5ivad h\u00e4das olles t\u00f5husad olla, kuid pikemas perspektiivis sisaldavad need endas s\u00f5ltuvuse energiat. Sellel kursusel \u00f5pid ise ennast &hellip; <\/p>\n<p class=\"link-more\"><a href=\"https:\/\/vaimnemaailm.ee\/www\/terviklik-tervenemine-videokursus\/\" class=\"more-link\">Loe edasi<span class=\"screen-reader-text\"> &#8220;Terviklik tervenemine &#8211; videokursus&#8221;<\/span><\/a><\/p>\n","protected":false},"author":2,"featured_media":0,"parent":0,"menu_order":0,"comment_status":"closed","ping_status":"closed","template":"","meta":{"footnotes":""},"class_list":["post-2451","page","type-page","status-publish","hentry"],"_links":{"self":[{"href":"https:\/\/vaimnemaailm.ee\/www\/wp-json\/wp\/v2\/pages\/2451","targetHints":{"allow":["GET"]}}],"collection":[{"href":"https:\/\/vaimnemaailm.ee\/www\/wp-json\/wp\/v2\/pages"}],"about":[{"href":"https:\/\/vaimnemaailm.ee\/www\/wp-json\/wp\/v2\/types\/page"}],"author":[{"embeddable":true,"href":"https:\/\/vaimnemaailm.ee\/www\/wp-json\/wp\/v2\/users\/2"}],"replies":[{"embeddable":true,"href":"https:\/\/vaimnemaailm.ee\/www\/wp-json\/wp\/v2\/comments?post=2451"}],"version-history":[{"count":5,"href":"https:\/\/vaimnemaailm.ee\/www\/wp-json\/wp\/v2\/pages\/2451\/revisions"}],"predecessor-version":[{"id":3159,"href":"https:\/\/vaimnemaailm.ee\/www\/wp-json\/wp\/v2\/pages\/2451\/revisions\/3159"}],"wp:attachment":[{"href":"https:\/\/vaimnemaailm.ee\/www\/wp-json\/wp\/v2\/media?parent=2451"}],"curies":[{"name":"wp","href":"https:\/\/api.w.org\/{rel}","templated":true}]}}