{"id":2446,"date":"2022-09-06T11:01:08","date_gmt":"2022-09-06T08:01:08","guid":{"rendered":"https:\/\/vaimnemaailm.ee\/www\/?page_id=2446"},"modified":"2025-11-05T08:57:02","modified_gmt":"2025-11-05T06:57:02","slug":"pendli-videokursus","status":"publish","type":"page","link":"https:\/\/vaimnemaailm.ee\/www\/pendli-videokursus\/","title":{"rendered":"Pendli videokursus"},"content":{"rendered":"<div class=\"wp-block-image\">\n<figure class=\"alignright size-large is-resized\"><img loading=\"lazy\" decoding=\"async\" width=\"1024\" height=\"768\" src=\"https:\/\/vaimnemaailm.ee\/www\/wp-content\/uploads\/2024\/03\/IMG_20240313_145242-1024x768.jpg\" alt=\"\" class=\"wp-image-3465\" style=\"width:335px;height:auto\" srcset=\"https:\/\/vaimnemaailm.ee\/www\/wp-content\/uploads\/2024\/03\/IMG_20240313_145242-1024x768.jpg 1024w, https:\/\/vaimnemaailm.ee\/www\/wp-content\/uploads\/2024\/03\/IMG_20240313_145242-300x225.jpg 300w, https:\/\/vaimnemaailm.ee\/www\/wp-content\/uploads\/2024\/03\/IMG_20240313_145242-768x576.jpg 768w, https:\/\/vaimnemaailm.ee\/www\/wp-content\/uploads\/2024\/03\/IMG_20240313_145242-1536x1152.jpg 1536w, https:\/\/vaimnemaailm.ee\/www\/wp-content\/uploads\/2024\/03\/IMG_20240313_145242-2048x1536.jpg 2048w\" sizes=\"auto, (max-width: 767px) 89vw, (max-width: 1000px) 54vw, (max-width: 1071px) 543px, 580px\" \/><figcaption class=\"wp-element-caption\">Ruunim\u00e4rkidega savipendlid (Liina Kaumann, k\u00e4sit\u00f6\u00f6)<\/figcaption><\/figure>\n<\/div>\n\n\n<p>Seda kursust saad l\u00e4bida endale sobiva ajal ja kasv\u00f5i mitu korda!<\/p>\n\n\n\n<p>Kursus koosneb teoreetilisest materjalist ja pendlikaartidest pdf failina (25 lk) + praktikumist  4 videona (kokku  mahus 77 min). <\/p>\n\n\n\n<p><strong>Kursusel  sisaldab:<\/strong><\/p>\n\n\n\n<ol class=\"wp-block-list\">\n<li>oma isikliku pendli sisse\u00f5nnistamine\/programmeerimine <\/li>\n\n\n\n<li>vastuste saamine pendlilt (jaa, ei, v\u00f5ibolla) <\/li>\n\n\n\n<li>t\u00f6\u00f6 pendlikaartidega<\/li>\n\n\n\n<li>meetod, kuidas saada egovabu vastuseid<\/li>\n\n\n\n<li>t\u015bakrate diagnoosimine ja puhastamine<\/li>\n\n\n\n<li>iseenda (ja ka teiste) energiav\u00e4lja puhastamine needustest, negatiivsetest energiatest, piirangutest, vanadest mustritest jms.<\/li>\n\n\n\n<li>karmiliste probleemide, suhete tervendamine<\/li>\n\n\n\n<li>hinge vanuse ja elu \u00f5ppetundide v\u00e4ljaselgitamine pendliga<\/li>\n<\/ol>\n\n\n\n<p>Pendli abil v\u00f5ime saada vastuseid oma alateadvusest, nendele k\u00fcsimustele, mille puhul ratsionaalne l\u00e4henemine ei aita v\u00f5i v\u00f5taks \u00fclem\u00e4\u00e4ra palju aega. Enamuse inimeste k\u00e4es pendel hakkab t\u00f6\u00f6le, kuid ometi on ka neid, kelle puhul see ei t\u00f6\u00f6ta. T\u00f6\u00f6 pendliga on tegelikult t\u00f6\u00f6 intuitsiooniga, seega on pendel ka t\u00f5hus oma intuitsiooni arendamiseks.<\/p>\n\n\n\n<p>Meie maailmas on \u00fcldiselt ikka veel valitsevaks ratsionaalne m\u00f5tlemine \u2013 meil domineerib vasem ajupool (ratsionaalsed, anal\u00fc\u00fctilised, lineaarsed v\u00f5imed), meesenergia. Parem ajupool (naisenergia) valitseb intuitiivset m\u00f5tlemist, seda oleks meil kasulik endas juurde arendada. Pendlit kasutades aktiviseerime oma aju selle osa, mis on v\u00f5imeline toimima vahetult, ilma m\u00f5tteprotsessi vahetalituseta. Nii on v\u00f5imalik saada vastuseid paljudele k\u00fcsimustele. Vastuste saamine pendlilt t\u00e4hendab seda, et oled \u00fchenduses \u00fcldise infov\u00e4ljaga, kus on hologrammi kujul k\u00f5ik sees.<\/p>\n\n\n\n<p>Koostas Liina Kaumann.<\/p>\n\n\n\n<p><strong>Hind: 70 EUR<\/strong><\/p>\n\n\n\n<h6 class=\"wp-block-heading\"><strong>Telli siit videokursus:<\/strong><\/h6>\n\n\n\n<p><strong>1.<\/strong>&nbsp;Tellimiseks tee \u00fclekanne:<\/p>\n\n\n\n<p><strong>Kellele:<\/strong>\u00a0Vaimne Maailm O\u00dc<br><strong>Pangakonto:<\/strong>\u00a0EE662200221049242077<br><strong>Summa:<\/strong>\u00a070 EUR<br><strong>Selgitus:<\/strong>\u00a0Pendli videokursus\u00a0<em>(lisa juurde ka enda nimi)<\/em><\/p>\n\n\n\n<p><strong>2.<\/strong>&nbsp;P\u00e4rast seda saada meil oma tellimussooviga ja kinnitusega, et makse on tehtud, aadressile liina@vaimnemaailm.ee. Seej\u00e4rel saadame Sulle e-mailile kursuse teoreetilise osa  pdf failis + ligip\u00e4\u00e4sud  videotele.<\/p>\n","protected":false},"excerpt":{"rendered":"<p>Seda kursust saad l\u00e4bida endale sobiva ajal ja kasv\u00f5i mitu korda! Kursus koosneb teoreetilisest materjalist ja pendlikaartidest pdf failina (25 lk) + praktikumist 4 videona (kokku mahus 77 min). Kursusel sisaldab: Pendli abil v\u00f5ime saada vastuseid oma alateadvusest, nendele k\u00fcsimustele, mille puhul ratsionaalne l\u00e4henemine ei aita v\u00f5i v\u00f5taks \u00fclem\u00e4\u00e4ra palju aega. Enamuse inimeste k\u00e4es pendel &hellip; <\/p>\n<p class=\"link-more\"><a href=\"https:\/\/vaimnemaailm.ee\/www\/pendli-videokursus\/\" class=\"more-link\">Loe edasi<span class=\"screen-reader-text\"> &#8220;Pendli videokursus&#8221;<\/span><\/a><\/p>\n","protected":false},"author":2,"featured_media":0,"parent":0,"menu_order":0,"comment_status":"closed","ping_status":"closed","template":"","meta":{"footnotes":""},"class_list":["post-2446","page","type-page","status-publish","hentry"],"_links":{"self":[{"href":"https:\/\/vaimnemaailm.ee\/www\/wp-json\/wp\/v2\/pages\/2446","targetHints":{"allow":["GET"]}}],"collection":[{"href":"https:\/\/vaimnemaailm.ee\/www\/wp-json\/wp\/v2\/pages"}],"about":[{"href":"https:\/\/vaimnemaailm.ee\/www\/wp-json\/wp\/v2\/types\/page"}],"author":[{"embeddable":true,"href":"https:\/\/vaimnemaailm.ee\/www\/wp-json\/wp\/v2\/users\/2"}],"replies":[{"embeddable":true,"href":"https:\/\/vaimnemaailm.ee\/www\/wp-json\/wp\/v2\/comments?post=2446"}],"version-history":[{"count":5,"href":"https:\/\/vaimnemaailm.ee\/www\/wp-json\/wp\/v2\/pages\/2446\/revisions"}],"predecessor-version":[{"id":4239,"href":"https:\/\/vaimnemaailm.ee\/www\/wp-json\/wp\/v2\/pages\/2446\/revisions\/4239"}],"wp:attachment":[{"href":"https:\/\/vaimnemaailm.ee\/www\/wp-json\/wp\/v2\/media?parent=2446"}],"curies":[{"name":"wp","href":"https:\/\/api.w.org\/{rel}","templated":true}]}}