{"id":244,"date":"2017-01-02T19:17:37","date_gmt":"2017-01-02T17:17:37","guid":{"rendered":"http:\/\/vaimnemaailm.ee\/www\/?page_id=244"},"modified":"2019-02-08T18:34:16","modified_gmt":"2019-02-08T16:34:16","slug":"energiamaal-tellimusel","status":"publish","type":"page","link":"https:\/\/vaimnemaailm.ee\/www\/energiamaal-tellimusel\/","title":{"rendered":"Energiamaal tellimusel"},"content":{"rendered":"<ul>\n<li><strong>ingel,<img loading=\"lazy\" decoding=\"async\" class=\"alignright wp-image-249 size-medium\" src=\"http:\/\/vaimnemaailm.ee\/www\/wp-content\/uploads\/2017\/01\/K\u00fcllus-223x300.jpg\" width=\"223\" height=\"300\" srcset=\"https:\/\/vaimnemaailm.ee\/www\/wp-content\/uploads\/2017\/01\/K\u00fcllus-223x300.jpg 223w, https:\/\/vaimnemaailm.ee\/www\/wp-content\/uploads\/2017\/01\/K\u00fcllus-768x1033.jpg 768w, https:\/\/vaimnemaailm.ee\/www\/wp-content\/uploads\/2017\/01\/K\u00fcllus-762x1024.jpg 762w, https:\/\/vaimnemaailm.ee\/www\/wp-content\/uploads\/2017\/01\/K\u00fcllus.jpg 1443w\" sizes=\"auto, (max-width: 223px) 100vw, 223px\" \/><br \/>\n<\/strong><\/li>\n<li><strong>hingepilt just teile,<br \/>\n<\/strong><\/li>\n<li><strong>isiklik tervendav pilt,<br \/>\n<\/strong><\/li>\n<li><strong>m\u00f5nda konkreetset probleemi transformeeriv pilt<\/strong> vms.<\/li>\n<\/ul>\n<p>akr\u00fc\u00fcl l\u00f5uendil, orienteeruv hind: suurus\u00a0 30&#215;40, 40&#215;50 alates <strong>100 EUR<\/strong><\/p>\n<p>Isikliku tervendava maali tegemiseks h\u00e4\u00e4lestun eelnevalt tellija probleemile ja teen vastava taotluse, seej\u00e4rel tuleb maal kanaldusena k\u00f5rgematest sf\u00e4\u00e4ridest.<\/p>\n<p>Tervenemine toimub lihtsalt maali vaadates &#8211; maalile mediteerides. Sellist maali vaatamist tuleks teha igap\u00e4evaselt (7 p\u00e4eva j\u00e4rjest) v\u00e4hemalt 20 min korraga.<\/p>\n<p>N\u00e4idised minu t\u00f6\u00f6dest:<\/p>\n<p><strong>Tule-elementi tasakaalustav ja samas ka konkreetset eelmist elu korrigeeriv maal:<\/strong><\/p>\n<p><strong><img loading=\"lazy\" decoding=\"async\" class=\"alignnone size-large wp-image-375\" src=\"http:\/\/vaimnemaailm.ee\/www\/wp-content\/uploads\/2017\/01\/Tule-elementaalid-768x1024.jpg\" alt=\"\" width=\"525\" height=\"700\" srcset=\"https:\/\/vaimnemaailm.ee\/www\/wp-content\/uploads\/2017\/01\/Tule-elementaalid-768x1024.jpg 768w, https:\/\/vaimnemaailm.ee\/www\/wp-content\/uploads\/2017\/01\/Tule-elementaalid-225x300.jpg 225w, https:\/\/vaimnemaailm.ee\/www\/wp-content\/uploads\/2017\/01\/Tule-elementaalid.jpg 1234w\" sizes=\"auto, (max-width: 525px) 100vw, 525px\" \/><\/strong><\/p>\n<p><strong>Kaitseingel<\/strong><\/p>\n<p><img loading=\"lazy\" decoding=\"async\" class=\"alignnone wp-image-245 \" src=\"http:\/\/vaimnemaailm.ee\/www\/wp-content\/uploads\/2017\/01\/ingel-tulilinnuga-1024x821.jpg\" width=\"493\" height=\"395\" srcset=\"https:\/\/vaimnemaailm.ee\/www\/wp-content\/uploads\/2017\/01\/ingel-tulilinnuga-1024x821.jpg 1024w, https:\/\/vaimnemaailm.ee\/www\/wp-content\/uploads\/2017\/01\/ingel-tulilinnuga-300x241.jpg 300w, https:\/\/vaimnemaailm.ee\/www\/wp-content\/uploads\/2017\/01\/ingel-tulilinnuga-768x616.jpg 768w, https:\/\/vaimnemaailm.ee\/www\/wp-content\/uploads\/2017\/01\/ingel-tulilinnuga.jpg 1767w\" sizes=\"auto, (max-width: 493px) 100vw, 493px\" \/><\/p>\n<p><strong>Ingel naagadega<\/strong><\/p>\n<p><img loading=\"lazy\" decoding=\"async\" class=\"alignnone size-large wp-image-246\" src=\"http:\/\/vaimnemaailm.ee\/www\/wp-content\/uploads\/2017\/01\/ingel-naagadega-806x1024.jpg\" alt=\"\" width=\"700\" height=\"889\" srcset=\"https:\/\/vaimnemaailm.ee\/www\/wp-content\/uploads\/2017\/01\/ingel-naagadega-806x1024.jpg 806w, https:\/\/vaimnemaailm.ee\/www\/wp-content\/uploads\/2017\/01\/ingel-naagadega-236x300.jpg 236w, https:\/\/vaimnemaailm.ee\/www\/wp-content\/uploads\/2017\/01\/ingel-naagadega-768x976.jpg 768w, https:\/\/vaimnemaailm.ee\/www\/wp-content\/uploads\/2017\/01\/ingel-naagadega.jpg 1443w\" sizes=\"auto, (max-width: 700px) 100vw, 700px\" \/><\/p>\n<p>&nbsp;<\/p>\n","protected":false},"excerpt":{"rendered":"<p>ingel, hingepilt just teile, isiklik tervendav pilt, m\u00f5nda konkreetset probleemi transformeeriv pilt vms. akr\u00fc\u00fcl l\u00f5uendil, orienteeruv hind: suurus\u00a0 30&#215;40, 40&#215;50 alates 100 EUR Isikliku tervendava maali tegemiseks h\u00e4\u00e4lestun eelnevalt tellija probleemile ja teen vastava taotluse, seej\u00e4rel tuleb maal kanaldusena k\u00f5rgematest sf\u00e4\u00e4ridest. Tervenemine toimub lihtsalt maali vaadates &#8211; maalile mediteerides. Sellist maali vaatamist tuleks teha igap\u00e4evaselt &hellip; <\/p>\n<p class=\"link-more\"><a href=\"https:\/\/vaimnemaailm.ee\/www\/energiamaal-tellimusel\/\" class=\"more-link\">Loe edasi<span class=\"screen-reader-text\"> &#8220;Energiamaal tellimusel&#8221;<\/span><\/a><\/p>\n","protected":false},"author":2,"featured_media":0,"parent":0,"menu_order":0,"comment_status":"closed","ping_status":"closed","template":"","meta":{"footnotes":""},"class_list":["post-244","page","type-page","status-publish","hentry"],"_links":{"self":[{"href":"https:\/\/vaimnemaailm.ee\/www\/wp-json\/wp\/v2\/pages\/244","targetHints":{"allow":["GET"]}}],"collection":[{"href":"https:\/\/vaimnemaailm.ee\/www\/wp-json\/wp\/v2\/pages"}],"about":[{"href":"https:\/\/vaimnemaailm.ee\/www\/wp-json\/wp\/v2\/types\/page"}],"author":[{"embeddable":true,"href":"https:\/\/vaimnemaailm.ee\/www\/wp-json\/wp\/v2\/users\/2"}],"replies":[{"embeddable":true,"href":"https:\/\/vaimnemaailm.ee\/www\/wp-json\/wp\/v2\/comments?post=244"}],"version-history":[{"count":5,"href":"https:\/\/vaimnemaailm.ee\/www\/wp-json\/wp\/v2\/pages\/244\/revisions"}],"predecessor-version":[{"id":1078,"href":"https:\/\/vaimnemaailm.ee\/www\/wp-json\/wp\/v2\/pages\/244\/revisions\/1078"}],"wp:attachment":[{"href":"https:\/\/vaimnemaailm.ee\/www\/wp-json\/wp\/v2\/media?parent=244"}],"curies":[{"name":"wp","href":"https:\/\/api.w.org\/{rel}","templated":true}]}}