{"id":2418,"date":"2022-08-09T10:38:26","date_gmt":"2022-08-09T07:38:26","guid":{"rendered":"https:\/\/vaimnemaailm.ee\/www\/?page_id=2418"},"modified":"2025-07-09T16:34:15","modified_gmt":"2025-07-09T13:34:15","slug":"individuaalkursus-kanaldamine","status":"publish","type":"page","link":"https:\/\/vaimnemaailm.ee\/www\/individuaalkursus-kanaldamine\/","title":{"rendered":"Individuaalkursus &#8220;Kanaldamine&#8221;"},"content":{"rendered":"\n<p>Kestus 1,5 tundi, vastuv\u00f5tt Tartus v\u00f5i veebis.<\/p>\n\n\n\n<p><strong>Hind 70 EUR<\/strong>, selle sees ka kursuse teoreetiline osa, mille saad eelnevalt meilile.<\/p>\n\n\n\n<p id=\"block-d0ff3174-62d0-4ca7-ade1-cb96a9d938f5\">Meil k\u00f5igil on olemas v\u00f5ime luua teadlikult otse\u00fchendust vaimse maailmaga ja saada sealt endale vajaminevat informatsiooni &#8211; see ongi kanaldamine.<\/p>\n\n\n\n<p id=\"block-ac7105e8-e40f-446c-85f6-5d1e8d030722\">Kursusel \u00f5pime kanaldamist &#8211; kuidas luua \u00fchendust puhta teadlikkusega, l\u00f5pmatu avarusega, kus on vibratsioonina olemas informatsioon absoluutselt k\u00f5ige kohta.<\/p>\n\n\n\n<p id=\"block-93cf9c3d-b765-43ee-bebc-4287a821c4d4\">Me v\u00f5ime luua \u00fchenduse oma k\u00f5rgema \u00f5petajaga, \u00fclest\u00f5usnud meistritega, inglitega, samuti kuulsate teadlaste, kunstnikute, poeetide, filosoofide, poliitikute ja juhtidega l\u00e4bi ajaloo, p\u00e4\u00e4seda ligi nende teadmistele, kanaldades endale parajasti vajalikku infot nende k\u00e4est otse v\u00f5i siis k\u00fcsida vastuseid omaenda Hingelt v\u00f5i Allikaminalt.<\/p>\n\n\n\n<p id=\"block-6c411303-8963-4009-b8ed-ad78d4eb2391\">K\u00f5igil meil on k\u00e4ia siin maapeal oma unikaalne hingetee, oma \u00fclesanne. Kui alles otsime iseenast ja oma teed, kogume endasse erinevaid teadmisi, teooriad, k\u00e4sitlusviise, katsetame eri praktikaid, kuulame eri \u00f5petusi ja siis juhtub \u00fchel hetkel, et oleme oma teadvuse nii \u00fclekuhjanud, et ei suuda enam eristada. Millist \u00f5petust on k\u00f5ige \u00f5igem j\u00e4rgida, mida uskuda? Selles \u00fclekoormatuses tekib selguse asemel segadus, mis aina kasvab. Me otsime veel rohkem juhatust v\u00e4ljastpoolt, kuhjame juurde veel suurema hunniku v\u00e4liste \u00f5petajate arvamusi, ja kuuleme \u00fcha v\u00e4hem omaenda k\u00f5rgema mina sisemist juhatust.<\/p>\n\n\n\n<p id=\"block-277c71cc-b3e4-429d-ab6c-a48b0319ff71\">Selleks, et k\u00e4ia omaenda teed, teha just seda, mis on sinu jaoks \u00f5ige, just endalesobival parimal viisil, on h\u00e4davajalik \u00fchel hetkel \u00f5ppida usaldama iseennast, vaid seda infot, mis tuleb sinu enda l\u00e4bi, sinu enda otse\u00fchendusest puhta teadlikkusega, mitte aga l\u00e4bi kellegi teise filtri. Et selleni j\u00f5uda, on vaja alguses t\u00fchendada oma teadvus, oma s\u00fcda k\u00f5igist segajatest &#8211; heita k\u00f5rvale uskumused, arvamused, \u00f5petused, dogmad, loogline anal\u00fc\u00fcs, ootused, kahtlused, hirmud. Kanaldamine \u00f5nnestub seda paremini, mida t\u00fchjem ja vabam on sinu meel.<\/p>\n\n\n\n<p id=\"block-1b057b9d-2ae8-439c-ad50-40b5f4cd7e70\">Kursusel \u00f5pime t\u00f5stma oma teadvustasandit, et luua ise \u00fchendus puhta teadlikkusega ja saada sealt vastuseid oma k\u00fcsimustele. \u00d5pime ka seda infot t\u00f5lgendama ja kasutama. Kuna kanaldame l\u00e4bi omaenda K\u00f5rgema Mina \/Jumaliku Mina, siis on see meetod ohutu!<\/p>\n\n\n\n<p id=\"block-5a7ce581-168a-4aa9-968f-34c3437b718b\"><strong>Kursuse hind 70 EUR<\/strong><\/p>\n\n\n\n<p id=\"block-bdc8f605-037b-4037-91e0-9c40100b83e9\">Soovi korral kirjuta <strong><em>liina@vaimnemaailm.ee<\/em><\/strong><\/p>\n\n\n\n<p id=\"block-8bdc95aa-f4cf-4dbe-bfbd-c55ce3be4c92\">Juhendab Liina Kaumann<\/p>\n","protected":false},"excerpt":{"rendered":"<p>Kestus 1,5 tundi, vastuv\u00f5tt Tartus v\u00f5i veebis. Hind 70 EUR, selle sees ka kursuse teoreetiline osa, mille saad eelnevalt meilile. Meil k\u00f5igil on olemas v\u00f5ime luua teadlikult otse\u00fchendust vaimse maailmaga ja saada sealt endale vajaminevat informatsiooni &#8211; see ongi kanaldamine. Kursusel \u00f5pime kanaldamist &#8211; kuidas luua \u00fchendust puhta teadlikkusega, l\u00f5pmatu avarusega, kus on vibratsioonina olemas &hellip; <\/p>\n<p class=\"link-more\"><a href=\"https:\/\/vaimnemaailm.ee\/www\/individuaalkursus-kanaldamine\/\" class=\"more-link\">Loe edasi<span class=\"screen-reader-text\"> &#8220;Individuaalkursus &#8220;Kanaldamine&#8221;&#8221;<\/span><\/a><\/p>\n","protected":false},"author":2,"featured_media":0,"parent":0,"menu_order":0,"comment_status":"closed","ping_status":"closed","template":"","meta":{"footnotes":""},"class_list":["post-2418","page","type-page","status-publish","hentry"],"_links":{"self":[{"href":"https:\/\/vaimnemaailm.ee\/www\/wp-json\/wp\/v2\/pages\/2418","targetHints":{"allow":["GET"]}}],"collection":[{"href":"https:\/\/vaimnemaailm.ee\/www\/wp-json\/wp\/v2\/pages"}],"about":[{"href":"https:\/\/vaimnemaailm.ee\/www\/wp-json\/wp\/v2\/types\/page"}],"author":[{"embeddable":true,"href":"https:\/\/vaimnemaailm.ee\/www\/wp-json\/wp\/v2\/users\/2"}],"replies":[{"embeddable":true,"href":"https:\/\/vaimnemaailm.ee\/www\/wp-json\/wp\/v2\/comments?post=2418"}],"version-history":[{"count":5,"href":"https:\/\/vaimnemaailm.ee\/www\/wp-json\/wp\/v2\/pages\/2418\/revisions"}],"predecessor-version":[{"id":4120,"href":"https:\/\/vaimnemaailm.ee\/www\/wp-json\/wp\/v2\/pages\/2418\/revisions\/4120"}],"wp:attachment":[{"href":"https:\/\/vaimnemaailm.ee\/www\/wp-json\/wp\/v2\/media?parent=2418"}],"curies":[{"name":"wp","href":"https:\/\/api.w.org\/{rel}","templated":true}]}}