{"id":2406,"date":"2022-08-09T10:21:45","date_gmt":"2022-08-09T07:21:45","guid":{"rendered":"https:\/\/vaimnemaailm.ee\/www\/?page_id=2406"},"modified":"2026-02-26T14:00:04","modified_gmt":"2026-02-26T12:00:04","slug":"individuaalseanss-alateadvuse-muutmine","status":"publish","type":"page","link":"https:\/\/vaimnemaailm.ee\/www\/individuaalseanss-alateadvuse-muutmine\/","title":{"rendered":"Individuaalseanss &#8220;Alateadvuse muutmine&#8221;"},"content":{"rendered":"\n<p>Vastuv\u00f5tt  Tartus v\u00f5i veebis!<\/p>\n\n\n\n<ol class=\"wp-block-list\">\n<li>1- tunnine <mark style=\"background-color:rgba(0, 0, 0, 0)\" class=\"has-inline-color has-black-color\">Individuaaln\u00f5ustamine, kus selgitame v\u00e4lja sinu muutmistvajavad uskumused ja leiame just sinu alateadvuse jaoks vajalikud kinnitused , koostan isikliku MP3 faili<\/mark>, millega saad hakata iseseisvalt t\u00f6\u00f6le. <strong>V\u00e4\u00e4rtus 70 EUR<\/strong><\/li>\n\n\n\n<li>1,5 tunnine p\u00f5hjalikum seanss veebis v\u00f5i Tartus, kus teeme ka individuaalse meditatsioonir\u00e4nnaku Aka\u015bi kroonikatesse v\u00f5i alateadvusesse ja muudame vanad uskumustemustrid + isiklik MP3 fail) <strong>Va\u00e4rtus 85 EUR<\/strong><\/li>\n<\/ol>\n\n\n\n<p>Kiirema ja t\u00f5husama muutuse saamiseks soovitan p\u00f5hjalikumat seanssi <strong>koos r\u00e4nnakuga<\/strong>!<\/p>\n\n\n\n<p>Aja kokkuleppimiseks palun kirjuta <strong><em>liina@vaimnemaailm.ee<\/em><\/strong><\/p>\n\n\n\n<p>Selleks, et saaksime t\u00f5esti hakata toimima p\u00fcsivalt 5D-s, uuel tasandil, ega kukuks enam tagasi vanasse, on vaja j\u00e4rjepidevalt kinnistada uued m\u00f5tted, uskumused, k\u00e4itumisviisid ka oma alateadvusesse. See on asi, mille kipume kuidagi \u00e4ra unustama, ometi ei saa me p\u00fcsivalt edasi liikuda, t\u00f5stes ainult oma sagedust, mediteerides, taotlusi tehes, sest alateadvuse tasand ise ei muutu, kui temaga ekstra ei tegele. Ja siis juhtub, et alateadvus hakkab saboteerima arengut.<\/p>\n\n\n\n<p>T\u00f5husa edasiliikumise v\u00f5ti on see, et niipea, kui t\u00f5stame oma tasandit ja teeme mingi vaimse l\u00e4bimurde, peaks selle ka kohe kinnistama alateadvuse tasandile. Meditatsioonis muutusi tehes ja uut infot\/energiat allatuues tegeleme \u00fcliteadvuse tasandiga, tavateadvuse tasandil kasutame oma isiklikku v\u00e4ge ja tahet, tehes taotlusi, \u00fcmberkorraldusi v\u00e4lises elus. Aga t\u00f5eliseks igatasandiliseks muutuseks on vaja alati tegeleda ka alateadvusega!<\/p>\n\n\n\n<p>Meie alateadvusesse on vanad uskumused v\u00e4ga tugevalt kinnistunud \u2013 me tallame sisse kindlad rajad niiviisi, et meil on mingi uskumus, mille j\u00e4rgi me tavap\u00e4raselt toimime ja nii toimimisest saab harjumus- automaatk\u00e4itumine, mida me ise ei m\u00e4rka, sest see on meile nii omane ja rutiinne. Et alateadvust t\u00f5husalt muuta, on vaja kinnistada uued uskumused ja siis nende baasilt tekitada uued k\u00e4itumisviisid. Siin sisuliselt on vaja tekitada uus parem harjumus vana asemele \u2013 ehk siis tallata sisse \u201euued rajad\u201d.<\/p>\n\n\n\n<p>Selleks olen loonud <\/p>\n\n\n\n<p><mark style=\"background-color:rgba(0, 0, 0, 0);color:#e24949\" class=\"has-inline-color\"><strong>MP3 failid erinevatel teemadel <\/strong><\/mark><a href=\"https:\/\/vaimnemaailm.ee\/www\/mp3-alateadvuse-muutmine\/\"><mark style=\"background-color:rgba(0, 0, 0, 0);color:#e24949\" class=\"has-inline-color\"><strong>Alateadvust \u00fcmberprogrammmeerivate kinnitustega<\/strong><\/mark> <\/a><\/p>\n\n\n\n<p>Need v\u00e4ited\/kinnitused eri teemadel on loetud helifailiks katkematu OM mantra peale. Mantrat&nbsp;<em>om<\/em>&nbsp;suurimaks k\u00f5ikidest mantratest ja k\u00f5ikide mantrate seemneks (sanskriti keeles&nbsp;<em>b\u012bja<\/em>), mis sisaldab k\u00f5ige algust ja l\u00f5ppu.<\/p>\n\n\n\n<p><strong>Kuidas neid faile kasutada?<\/strong><\/p>\n\n\n\n<p>Et j\u00f5uda p\u00e4riselt alateadvuse tasandi muutusteni, on vaja anda esmalt tegevust oma tavateadvusele, muidu teeme ikka muutusi vaid tavateadvuse pinnal. N\u00e4ieks, kui kordame afirmatsioone, siis m\u00f5istuse tasand tegeleb selle info l\u00e4bit\u00f6\u00f6tamisega \u2013 on kas n\u00f5us v\u00f5i vaidleb vastu (juhul kui on vanadele uskumustele v\u00e4ga vastandlikud v\u00e4ited). N\u00fc\u00fcd kogu see energia ringlebki sellel tasandil.<\/p>\n\n\n\n<p>Alateadvuseni j\u00f5uame alles siis, kui anname tavateadvusele n\u00f6. mingi muu \u201ekondi hambusse\u201d &#8211; siis on teadlik meel h\u00f5ivatud ja alles n\u00fc\u00fcd afirmatsioonid j\u00f5uavad alateadvuse tasandini. Hea meetod on leida endale mingi tegevus, mis kaasab teadliku meele (siin v\u00f5iks vaadata ka milline on sinu esmane keskendumine: liikuv, intellektuaalne, emotsionaalne, seksuaalne&#8230;) Olles keskendunud mingile muule tegevusele, panna taustal m\u00e4ngima helifail just nende uute t\u00f5dedega, mida soovid oma alateadvusesse kinnistada ja las see siis aina kordab ja kordab&#8230; v\u00f5i siis las see m\u00e4ngib sinu uneajal kordusega.<\/p>\n","protected":false},"excerpt":{"rendered":"<p>Vastuv\u00f5tt Tartus v\u00f5i veebis! Kiirema ja t\u00f5husama muutuse saamiseks soovitan p\u00f5hjalikumat seanssi koos r\u00e4nnakuga! Aja kokkuleppimiseks palun kirjuta liina@vaimnemaailm.ee Selleks, et saaksime t\u00f5esti hakata toimima p\u00fcsivalt 5D-s, uuel tasandil, ega kukuks enam tagasi vanasse, on vaja j\u00e4rjepidevalt kinnistada uued m\u00f5tted, uskumused, k\u00e4itumisviisid ka oma alateadvusesse. See on asi, mille kipume kuidagi \u00e4ra unustama, ometi ei &hellip; <\/p>\n<p class=\"link-more\"><a href=\"https:\/\/vaimnemaailm.ee\/www\/individuaalseanss-alateadvuse-muutmine\/\" class=\"more-link\">Loe edasi<span class=\"screen-reader-text\"> &#8220;Individuaalseanss &#8220;Alateadvuse muutmine&#8221;&#8221;<\/span><\/a><\/p>\n","protected":false},"author":2,"featured_media":0,"parent":0,"menu_order":0,"comment_status":"closed","ping_status":"closed","template":"","meta":{"footnotes":""},"class_list":["post-2406","page","type-page","status-publish","hentry"],"_links":{"self":[{"href":"https:\/\/vaimnemaailm.ee\/www\/wp-json\/wp\/v2\/pages\/2406","targetHints":{"allow":["GET"]}}],"collection":[{"href":"https:\/\/vaimnemaailm.ee\/www\/wp-json\/wp\/v2\/pages"}],"about":[{"href":"https:\/\/vaimnemaailm.ee\/www\/wp-json\/wp\/v2\/types\/page"}],"author":[{"embeddable":true,"href":"https:\/\/vaimnemaailm.ee\/www\/wp-json\/wp\/v2\/users\/2"}],"replies":[{"embeddable":true,"href":"https:\/\/vaimnemaailm.ee\/www\/wp-json\/wp\/v2\/comments?post=2406"}],"version-history":[{"count":5,"href":"https:\/\/vaimnemaailm.ee\/www\/wp-json\/wp\/v2\/pages\/2406\/revisions"}],"predecessor-version":[{"id":4358,"href":"https:\/\/vaimnemaailm.ee\/www\/wp-json\/wp\/v2\/pages\/2406\/revisions\/4358"}],"wp:attachment":[{"href":"https:\/\/vaimnemaailm.ee\/www\/wp-json\/wp\/v2\/media?parent=2406"}],"curies":[{"name":"wp","href":"https:\/\/api.w.org\/{rel}","templated":true}]}}