{"id":2388,"date":"2022-08-07T18:00:23","date_gmt":"2022-08-07T15:00:23","guid":{"rendered":"https:\/\/vaimnemaailm.ee\/www\/?page_id=2388"},"modified":"2026-01-27T19:10:16","modified_gmt":"2026-01-27T17:10:16","slug":"energeetiline-puhastus-ja-kaitse","status":"publish","type":"page","link":"https:\/\/vaimnemaailm.ee\/www\/energeetiline-puhastus-ja-kaitse\/","title":{"rendered":"Energeetiline puhastus ja kaitse"},"content":{"rendered":"\n<p><strong>8. veebruaril kell 11-14.00<\/strong> Tartus v\u00e4ikeses grupis v\u00f5i<\/p>\n\n\n<div class=\"wp-block-image\">\n<figure class=\"alignright size-full is-resized\"><img loading=\"lazy\" decoding=\"async\" width=\"2560\" height=\"1840\" src=\"https:\/\/vaimnemaailm.ee\/www\/wp-content\/uploads\/2026\/01\/5D-sagedusmull-scaled.jpg\" alt=\"\" class=\"wp-image-4310\" style=\"width:375px;height:auto\" srcset=\"https:\/\/vaimnemaailm.ee\/www\/wp-content\/uploads\/2026\/01\/5D-sagedusmull-scaled.jpg 2560w, https:\/\/vaimnemaailm.ee\/www\/wp-content\/uploads\/2026\/01\/5D-sagedusmull-300x216.jpg 300w, https:\/\/vaimnemaailm.ee\/www\/wp-content\/uploads\/2026\/01\/5D-sagedusmull-1024x736.jpg 1024w, https:\/\/vaimnemaailm.ee\/www\/wp-content\/uploads\/2026\/01\/5D-sagedusmull-768x552.jpg 768w, https:\/\/vaimnemaailm.ee\/www\/wp-content\/uploads\/2026\/01\/5D-sagedusmull-1536x1104.jpg 1536w, https:\/\/vaimnemaailm.ee\/www\/wp-content\/uploads\/2026\/01\/5D-sagedusmull-2048x1472.jpg 2048w\" sizes=\"auto, (max-width: 767px) 89vw, (max-width: 1000px) 54vw, (max-width: 1071px) 543px, 580px\" \/><\/figure>\n<\/div>\n\n\n<p>sulle sobival ajal <strong><a href=\"https:\/\/vaimnemaailm.ee\/www\/energeetiline-puhastus-ja-kaitse-videokursus\/\">veebivariandis! <\/a><\/strong><\/p>\n\n\n\n<p>Vaimselt arenedes t\u00f5useb sinu sagedus, suureneb valgus, igap\u00e4evaelus t\u00e4hendab see seda, et mida enam su valgus kasvab, seda t\u00f5en\u00e4olisemalt hakkad t\u00f5mbama ligi  energiavampiire ja tumedate j\u00f5udude r\u00fcnnakuid. Paljud kaasaegsed vaimsed \u00f5petused soovitavad igasugu r\u00fcnnakuid lihtsalt ignoreerida ja muudkui armastust saata ja avatud olla. Mingis m\u00f5ttes on see \u00f5ige, aga et see reaalselt ka toimiks, pead olema omadega j\u00f5udnud juba v\u00e4ga heasse kohta, ehk olema saavutanud meisterlikkuse &#8211; olles p\u00fcsivalt keskmes, joondunud Allikaga, Sise-Maaga, pidevas t\u00f5keteta energiavoolus. Sellesse seisundisse j\u00f5udmiseni on aga enne vaja k\u00e4ia pikk tee  ja sellele eelneb \u00fcleminekuperiood, kus on v\u00e4ga keeruline j\u00e4\u00e4da keskmesse &#8211; just siis muutub su valgus pimedusele n\u00e4htavaks ja sagenevad r\u00fcnnakud.. Sel ajal oleks sul ikka vaja rakendada teatud kaitsetehnikaid, et mitte lasta end m\u00f5jutada \u00fcldisest energiafoonist. Muidu l\u00e4heb sinu valgus \u00fchel hetkel tahtmatult lihtsalt osavate tumedate j\u00f5udude teenistusse. See iseenda kaitsmine on seega ka vastutustundlik l\u00e4henemine, sest on oluline, kuhu ja kellele sinu valgus l\u00e4heb.<\/p>\n\n\n\n<p>Sellel kursusel \u00f5pid:<\/p>\n\n\n\n<ul class=\"wp-block-list\">\n<li>ennast energeetiliselt puhastama ja ka puhtana hoidma<\/li>\n\n\n\n<li>kuidas kaitsta ennast energiavampiiride, tumedate j\u00f5udude ja erinevate r\u00fcnnakute eest<\/li>\n\n\n\n<li>tegema energeetilist ruumipuhastust<\/li>\n\n\n\n<li>kuidas vabastada ennast egregoride v\u00f5rgust<\/li>\n\n\n\n<li>m\u00f5\u00f5tma oma sagedust \u2013 emotsionaalset seisundit \u2013 teadvustasandit, milles viibid, sest k\u00f5ik on energia: m\u00f5tted ja emotsioonid samuti. Iga\u00fcks meist vibreerib teataval sagedusel.  Sinu sagedus m\u00e4\u00e4rab millised inimesed su ellu tulevad, mida sa ligi t\u00f5mbad, kui kerge v\u00f5i raske on sinu elu, samuti kas ja milliseid kaitseid v\u00f5iksid t\u00f5en\u00e4oliselt vajada.<\/li>\n<\/ul>\n\n\n\n<p>Kursus koosneb 2 osast:<\/p>\n\n\n\n<ol class=\"wp-block-list\">\n<li>Teoreetiline osa &#8211; 22 lk. materjali pdf failis kodus l\u00e4bit\u00f6\u00f6tamiseks (Miks on vaja ennast kaitsta. Sageduse m\u00f5\u00f5tmine Dr. Hawkinsi teadlikkuse skaala j\u00e4rgi. Energiavampiirid. R\u00fcnnakud. Egregorid.  Enda puhastamine ja kaitsed. Needustest ja v\u00e4ga rasketest energiatest puhastamine. Ruumi puhastamine. )<\/li>\n\n\n\n<li>Praktilised juhtn\u00f6\u00f6rid, tehnikad ja harjutamine kohapeal (kasutame ka pendlit, soovi korral saad osta kohapeal energeetiliseks puhastuseks eriti sobiva k\u00e4sit\u00f6\u00f6pendli ruunim\u00e4rkidega &#8211; hind 10 EUR)<\/li>\n<\/ol>\n\n\n\n<p>Kursuse hind <strong>75 EUR\u00a0<\/strong>(sisaldab teoreetilist osa + 3 tunnist praktikumi v\u00e4ikeses grupis + <strong>mp3 failil 2 juhitud meditatsioonir\u00e4nnakut<\/strong>: Energeetiline kaitse \u2013 Allika- ja Sise-Maaga \u00fchendumine, Peaingel Miikaeli ja Zadkieli kaitse loomine<strong>\u00a0<\/strong>(28 min) ja Egregoride m\u00f5jusf\u00e4\u00e4rist vabanemine, mille saad endale allalaadida ja kasutada korduvalt!<\/p>\n\n\n\n<p>Juhendab Liina Kaumann<\/p>\n\n\n\n<p>Kursusel osalemiseks saada meil osalemissooviga<em>&nbsp;liina@vaimnemaailm.ee.<\/em>&nbsp;ja tasu Vaimne Maailm O\u00dc pangakontole EE662200221049242077&nbsp; tagastamatu ettemaks 40 EUR, misj\u00e4rel saad k\u00e4tte kursuse teoreetilise osa. <\/p>\n\n\n\n<p>Ettemaksu tasudes kinnitad endale koha grupis + saad k\u00e4tte kursuse esimese \u2013 teoreetilise osa. Kursusele mittetulemise korral ettemaksu ei tagastata!<\/p>\n","protected":false},"excerpt":{"rendered":"<p>8. veebruaril kell 11-14.00 Tartus v\u00e4ikeses grupis v\u00f5i sulle sobival ajal veebivariandis! Vaimselt arenedes t\u00f5useb sinu sagedus, suureneb valgus, igap\u00e4evaelus t\u00e4hendab see seda, et mida enam su valgus kasvab, seda t\u00f5en\u00e4olisemalt hakkad t\u00f5mbama ligi energiavampiire ja tumedate j\u00f5udude r\u00fcnnakuid. Paljud kaasaegsed vaimsed \u00f5petused soovitavad igasugu r\u00fcnnakuid lihtsalt ignoreerida ja muudkui armastust saata ja avatud olla. &hellip; <\/p>\n<p class=\"link-more\"><a href=\"https:\/\/vaimnemaailm.ee\/www\/energeetiline-puhastus-ja-kaitse\/\" class=\"more-link\">Loe edasi<span class=\"screen-reader-text\"> &#8220;Energeetiline puhastus ja kaitse&#8221;<\/span><\/a><\/p>\n","protected":false},"author":2,"featured_media":0,"parent":0,"menu_order":0,"comment_status":"closed","ping_status":"closed","template":"","meta":{"footnotes":""},"class_list":["post-2388","page","type-page","status-publish","hentry"],"_links":{"self":[{"href":"https:\/\/vaimnemaailm.ee\/www\/wp-json\/wp\/v2\/pages\/2388","targetHints":{"allow":["GET"]}}],"collection":[{"href":"https:\/\/vaimnemaailm.ee\/www\/wp-json\/wp\/v2\/pages"}],"about":[{"href":"https:\/\/vaimnemaailm.ee\/www\/wp-json\/wp\/v2\/types\/page"}],"author":[{"embeddable":true,"href":"https:\/\/vaimnemaailm.ee\/www\/wp-json\/wp\/v2\/users\/2"}],"replies":[{"embeddable":true,"href":"https:\/\/vaimnemaailm.ee\/www\/wp-json\/wp\/v2\/comments?post=2388"}],"version-history":[{"count":5,"href":"https:\/\/vaimnemaailm.ee\/www\/wp-json\/wp\/v2\/pages\/2388\/revisions"}],"predecessor-version":[{"id":4312,"href":"https:\/\/vaimnemaailm.ee\/www\/wp-json\/wp\/v2\/pages\/2388\/revisions\/4312"}],"wp:attachment":[{"href":"https:\/\/vaimnemaailm.ee\/www\/wp-json\/wp\/v2\/media?parent=2388"}],"curies":[{"name":"wp","href":"https:\/\/api.w.org\/{rel}","templated":true}]}}