{"id":235,"date":"2017-01-02T19:04:59","date_gmt":"2017-01-02T17:04:59","guid":{"rendered":"http:\/\/vaimnemaailm.ee\/www\/?page_id=235"},"modified":"2026-03-18T10:49:02","modified_gmt":"2026-03-18T08:49:02","slug":"vaimne-noustamine","status":"publish","type":"page","link":"https:\/\/vaimnemaailm.ee\/www\/vaimne-noustamine\/","title":{"rendered":"Vaimne n\u00f5ustamine"},"content":{"rendered":"<div class=\"wp-block-image\">\n<figure class=\"alignright size-large is-resized\"><img loading=\"lazy\" decoding=\"async\" width=\"898\" height=\"1024\" src=\"https:\/\/vaimnemaailm.ee\/www\/wp-content\/uploads\/2026\/03\/Liina3-2026-marts-898x1024.jpg\" alt=\"\" class=\"wp-image-4373\" style=\"aspect-ratio:0.8769679300291545;width:273px;height:auto\" srcset=\"https:\/\/vaimnemaailm.ee\/www\/wp-content\/uploads\/2026\/03\/Liina3-2026-marts-898x1024.jpg 898w, https:\/\/vaimnemaailm.ee\/www\/wp-content\/uploads\/2026\/03\/Liina3-2026-marts-263x300.jpg 263w, https:\/\/vaimnemaailm.ee\/www\/wp-content\/uploads\/2026\/03\/Liina3-2026-marts-768x876.jpg 768w, https:\/\/vaimnemaailm.ee\/www\/wp-content\/uploads\/2026\/03\/Liina3-2026-marts-1347x1536.jpg 1347w, https:\/\/vaimnemaailm.ee\/www\/wp-content\/uploads\/2026\/03\/Liina3-2026-marts-1796x2048.jpg 1796w\" sizes=\"auto, (max-width: 767px) 89vw, (max-width: 1000px) 54vw, (max-width: 1071px) 543px, 580px\" \/><\/figure>\n<\/div>\n\n\n<ul class=\"wp-block-list\">\n<li>Kui Su elus on m\u00f5ni konkreetne probleem, mille olemusest on raske \u00fcksi aru saada ja vajad selle tervendamisel ja vabastamisel abi,<\/li>\n\n\n\n<li>kui vajad abi oma elu\u00fclesande v\u00e4ljaselgitamisel,<\/li>\n\n\n\n<li>v\u00f5i selle loomisel, mida tahaksid oma elus kogeda, aga oled millegi taha kinni j\u00e4\u00e4nud,<\/li>\n\n\n\n<li>Sul on probleemid suhetes,<\/li>\n\n\n\n<li>soovid infot oma hinge vanuse, k\u00e4esoleva elu \u00f5ppetundide ja komistuskivide osas<\/li>\n\n\n\n<li>v\u00f5i m\u00e4rkad, et elu lihtsalt ei toimi enam&nbsp; ja tunned, et vajad abi, et selgust saada,<\/li>\n\n\n\n<li>soovid energeetilist puhastust pendliga ja t\u015bakrate tasakaalustamist v\u00f5i tervendavat kaugseanssi<\/li>\n<\/ul>\n\n\n\n<p>Konsultatsiooni v\u00e4\u00e4rtus<strong> 60 EUR<\/strong> (1 tund) nii kohapeal Tartus kui veebi teel<strong><br><\/strong><\/p>\n\n\n\n<p>1,5 tundi <strong>75 EUR<\/strong>, 2 tundi 100 EUR, 2,5 tundi 130 EUR<\/p>\n\n\n\n<p>30 min&nbsp; kiirseanss 40 EUR<\/p>\n\n\n\n<p>V\u00f5id oma murest kirjutada ja aja kokku leppida aadressil<\/p>\n\n\n\n<p><a href=\"mailto:liina@vaimnemaailm.ee\">liina@vaimnemaailm.ee<\/a> <\/p>\n","protected":false},"excerpt":{"rendered":"<p>Konsultatsiooni v\u00e4\u00e4rtus 60 EUR (1 tund) nii kohapeal Tartus kui veebi teel 1,5 tundi 75 EUR, 2 tundi 100 EUR, 2,5 tundi 130 EUR 30 min&nbsp; kiirseanss 40 EUR V\u00f5id oma murest kirjutada ja aja kokku leppida aadressil liina@vaimnemaailm.ee<\/p>\n","protected":false},"author":2,"featured_media":0,"parent":0,"menu_order":0,"comment_status":"closed","ping_status":"closed","template":"","meta":{"footnotes":""},"class_list":["post-235","page","type-page","status-publish","hentry"],"_links":{"self":[{"href":"https:\/\/vaimnemaailm.ee\/www\/wp-json\/wp\/v2\/pages\/235","targetHints":{"allow":["GET"]}}],"collection":[{"href":"https:\/\/vaimnemaailm.ee\/www\/wp-json\/wp\/v2\/pages"}],"about":[{"href":"https:\/\/vaimnemaailm.ee\/www\/wp-json\/wp\/v2\/types\/page"}],"author":[{"embeddable":true,"href":"https:\/\/vaimnemaailm.ee\/www\/wp-json\/wp\/v2\/users\/2"}],"replies":[{"embeddable":true,"href":"https:\/\/vaimnemaailm.ee\/www\/wp-json\/wp\/v2\/comments?post=235"}],"version-history":[{"count":5,"href":"https:\/\/vaimnemaailm.ee\/www\/wp-json\/wp\/v2\/pages\/235\/revisions"}],"predecessor-version":[{"id":4385,"href":"https:\/\/vaimnemaailm.ee\/www\/wp-json\/wp\/v2\/pages\/235\/revisions\/4385"}],"wp:attachment":[{"href":"https:\/\/vaimnemaailm.ee\/www\/wp-json\/wp\/v2\/media?parent=235"}],"curies":[{"name":"wp","href":"https:\/\/api.w.org\/{rel}","templated":true}]}}