{"id":231,"date":"2017-01-02T19:01:37","date_gmt":"2017-01-02T17:01:37","guid":{"rendered":"http:\/\/vaimnemaailm.ee\/www\/?page_id=231"},"modified":"2025-07-09T16:32:06","modified_gmt":"2025-07-09T13:32:06","slug":"individuaalne-juhitud-meelerannak-koos-noustamisega","status":"publish","type":"page","link":"https:\/\/vaimnemaailm.ee\/www\/individuaalne-juhitud-meelerannak-koos-noustamisega\/","title":{"rendered":"Individuaalne juhitud meeler\u00e4nnak koos n\u00f5ustamisega"},"content":{"rendered":"\n<p>Kestus 1,5 tundi <strong>70 EUR<\/strong><\/p>\n\n\n<div class=\"wp-block-image\">\n<figure class=\"alignright\"><img loading=\"lazy\" decoding=\"async\" width=\"300\" height=\"225\" src=\"http:\/\/vaimnemaailm.ee\/www\/wp-content\/uploads\/2017\/01\/DSCN5056-300x225.jpg\" alt=\"\" class=\"wp-image-232\" srcset=\"https:\/\/vaimnemaailm.ee\/www\/wp-content\/uploads\/2017\/01\/DSCN5056-300x225.jpg 300w, https:\/\/vaimnemaailm.ee\/www\/wp-content\/uploads\/2017\/01\/DSCN5056-768x576.jpg 768w, https:\/\/vaimnemaailm.ee\/www\/wp-content\/uploads\/2017\/01\/DSCN5056-1024x768.jpg 1024w, https:\/\/vaimnemaailm.ee\/www\/wp-content\/uploads\/2017\/01\/DSCN5056.jpg 1600w\" sizes=\"auto, (max-width: 300px) 100vw, 300px\" \/><\/figure>\n<\/div>\n\n\n<p><strong> <\/strong>Tegemist on <strong>isikliku juhitud meditatsiooniga<\/strong> (N\u00e4iteks sisemise lapse tervendamine, Aka\u015b\u015bi kroonikate saali k\u00fclastus, elu\u00fclesande v\u00e4ljaselgitamine, regressioon eelmisesse ellu, karma korrigeerimine, kanaldamine jne).<\/p>\n\n\n\n<p>Erinevus individuaalsest meditatsioonikursusest seisneb selles, et individuaalsel juhitud meeler\u00e4nnakul klient r\u00e4\u00e4gib juhendajale meditatsiooni ajal, mida ta n\u00e4eb, tunneb v\u00f5i tajub ning vastavalt sellele toimub edasine juhendamine. Niimoodi on v\u00f5imalik ette v\u00f5tta v\u00e4ga isiklik ja veelgi t\u00f5husam r\u00e4nnak, mis vastab just konkreetse kliendi vajadustele ja probleemidele.&nbsp; Juhitud meditatsiooni ajal aga on klient passiivne ning juhendajaga verbaalset suhtlust ei toimu. Meditatsioon kulgeb rohkem etteantud kava j\u00e4rgi.<\/p>\n\n\n\n<p>Meeler\u00e4nnaku abil saab tervendada vanu allasurutud emotsioone, vabastada j\u00e4iku m\u00f5ttemustreid, oma aja \u00e4raelanud olukordi, v\u00f5ime korrigeerida oma karmat, tervendada suhteid, avastada oma elu\u00fclesannet, k\u00fclastada minevikku, oma eelmisi elusid ja teha seal korrektuure, aga ka k\u00e4ia tulevikus, teistes dimensioonides, suhelda inglite ja k\u00f5rgete valgusolenditega, oma juhendajatega, saada neilt juhtn\u00f6\u00f6re ja l\u00f5puks saame selliste r\u00e4nnakute k\u00e4igus ka luua endale visualiseerimise abil sellise tegelikkuse nagu soovime, teha oma unistused teoks.<\/p>\n\n\n\n<p>Keerulisemate ja spetsiifilisemate probleemide puhul tasuks kindlasti eelistada individuaalset juhitud meeler\u00e4nnakut.<\/p>\n\n\n\n<p>N\u00e4iteid teemadest:<\/p>\n\n\n\n<ol class=\"wp-block-list\">\n<li>Aka\u015bi kroonikate lugemine ja \u00fcmberprogrammeerimine<\/li>\n\n\n\n<li>Alateadvuse korrastamine ja \u00fcmbrprogrammeerimine<\/li>\n\n\n\n<li>Vanadest mustritest vabanemine ja vaimse DNA \u00fcmberprogrammeerimine<\/li>\n\n\n\n<li>Hingeteega joondumine, ego vabastamine<\/li>\n\n\n\n<li>Kanaldamine<\/li>\n\n\n\n<li>Kaksikleegiga \u00fchenduse loomine<\/li>\n\n\n\n<li>Tervikuks \u00fchinemine, iseeenda kaotsilinud osade \u00fchendamine<\/li>\n\n\n\n<li>Enesev\u00e4\u00e4rtustamine<\/li>\n\n\n\n<li>Minevikumustritest vabanemine, ema- ja isaliini puhastamine, suguv\u00f5sa karma vabastamine.<\/li>\n\n\n\n<li>Sisemise perekonna tervendamine<\/li>\n\n\n\n<li>Regressioon eelmistesse eludesse<\/li>\n<\/ol>\n\n\n\n<p>V\u00f5ta \u00fchendust liina@vaimnemaailm.ee<\/p>\n\n\n\n<p><\/p>\n","protected":false},"excerpt":{"rendered":"<p>Kestus 1,5 tundi 70 EUR Tegemist on isikliku juhitud meditatsiooniga (N\u00e4iteks sisemise lapse tervendamine, Aka\u015b\u015bi kroonikate saali k\u00fclastus, elu\u00fclesande v\u00e4ljaselgitamine, regressioon eelmisesse ellu, karma korrigeerimine, kanaldamine jne). Erinevus individuaalsest meditatsioonikursusest seisneb selles, et individuaalsel juhitud meeler\u00e4nnakul klient r\u00e4\u00e4gib juhendajale meditatsiooni ajal, mida ta n\u00e4eb, tunneb v\u00f5i tajub ning vastavalt sellele toimub edasine juhendamine. Niimoodi on &hellip; <\/p>\n<p class=\"link-more\"><a href=\"https:\/\/vaimnemaailm.ee\/www\/individuaalne-juhitud-meelerannak-koos-noustamisega\/\" class=\"more-link\">Loe edasi<span class=\"screen-reader-text\"> &#8220;Individuaalne juhitud meeler\u00e4nnak koos n\u00f5ustamisega&#8221;<\/span><\/a><\/p>\n","protected":false},"author":2,"featured_media":0,"parent":0,"menu_order":0,"comment_status":"closed","ping_status":"closed","template":"","meta":{"footnotes":""},"class_list":["post-231","page","type-page","status-publish","hentry"],"_links":{"self":[{"href":"https:\/\/vaimnemaailm.ee\/www\/wp-json\/wp\/v2\/pages\/231","targetHints":{"allow":["GET"]}}],"collection":[{"href":"https:\/\/vaimnemaailm.ee\/www\/wp-json\/wp\/v2\/pages"}],"about":[{"href":"https:\/\/vaimnemaailm.ee\/www\/wp-json\/wp\/v2\/types\/page"}],"author":[{"embeddable":true,"href":"https:\/\/vaimnemaailm.ee\/www\/wp-json\/wp\/v2\/users\/2"}],"replies":[{"embeddable":true,"href":"https:\/\/vaimnemaailm.ee\/www\/wp-json\/wp\/v2\/comments?post=231"}],"version-history":[{"count":5,"href":"https:\/\/vaimnemaailm.ee\/www\/wp-json\/wp\/v2\/pages\/231\/revisions"}],"predecessor-version":[{"id":4118,"href":"https:\/\/vaimnemaailm.ee\/www\/wp-json\/wp\/v2\/pages\/231\/revisions\/4118"}],"wp:attachment":[{"href":"https:\/\/vaimnemaailm.ee\/www\/wp-json\/wp\/v2\/media?parent=231"}],"curies":[{"name":"wp","href":"https:\/\/api.w.org\/{rel}","templated":true}]}}