{"id":2219,"date":"2022-03-18T10:39:19","date_gmt":"2022-03-18T08:39:19","guid":{"rendered":"https:\/\/vaimnemaailm.ee\/www\/?page_id=2219"},"modified":"2022-11-17T16:20:17","modified_gmt":"2022-11-17T14:20:17","slug":"e-kursus-joondumine-terviklikuks-saamine-sisemise-perekonna-enda-eri-osade-tervendus-ja-kokkutoomine","status":"publish","type":"page","link":"https:\/\/vaimnemaailm.ee\/www\/e-kursus-joondumine-terviklikuks-saamine-sisemise-perekonna-enda-eri-osade-tervendus-ja-kokkutoomine\/","title":{"rendered":"E-kursus \u201eJoondumine &#8211; terviklikuks saamine. Sisemise perekonna, enda eri osade tervendus ja kokkutoomine&#8221;"},"content":{"rendered":"<div class=\"wp-block-image\">\n<figure class=\"alignright size-large is-resized\"><img loading=\"lazy\" decoding=\"async\" src=\"https:\/\/vaimnemaailm.ee\/www\/wp-content\/uploads\/2019\/09\/Jumaliku-Mina-seisundis-744x1024.jpg\" alt=\"Jumaliku Mina seisunds\" class=\"wp-image-1209\" width=\"376\" height=\"517\" srcset=\"https:\/\/vaimnemaailm.ee\/www\/wp-content\/uploads\/2019\/09\/Jumaliku-Mina-seisundis-744x1024.jpg 744w, https:\/\/vaimnemaailm.ee\/www\/wp-content\/uploads\/2019\/09\/Jumaliku-Mina-seisundis-218x300.jpg 218w, https:\/\/vaimnemaailm.ee\/www\/wp-content\/uploads\/2019\/09\/Jumaliku-Mina-seisundis-768x1057.jpg 768w, https:\/\/vaimnemaailm.ee\/www\/wp-content\/uploads\/2019\/09\/Jumaliku-Mina-seisundis.jpg 1464w\" sizes=\"auto, (max-width: 376px) 100vw, 376px\" \/><figcaption class=\"wp-element-caption\">&#8220;Jumaliku Mina seisundis&#8221; Liina Kaumann  2019<\/figcaption><\/figure>\n<\/div>\n\n\n<p>Kursus on sobivaks j\u00e4tkukursuseks algajatele m\u00f5eldud meditatsiooni<a href=\"https:\/\/vaimnemaailm.ee\/www\/meditatsiooni-e-kursus-algajatele-enesevaartustamine-enesetervendamine\/\" data-type=\"URL\" data-id=\"https:\/\/vaimnemaailm.ee\/www\/meditatsiooni-e-kursus-algajatele-enesevaartustamine-enesetervendamine\/\"> E-kursusele &#8220;Enesev\u00e4\u00e4rtustamine\/Enesetervendamine&#8221;<\/a>, samas aga sobilik ka iseseisva kursusena ! <\/p>\n\n\n\n<p><strong>E-kursust saad l\u00e4bida just endale sobival ajal ja see koosneb 2 osast:<\/strong><\/p>\n\n\n\n<p><strong>1. Teoreetiline osa<\/strong>&nbsp;l\u00e4bilugemiseks pdf failis sisaldab: Mida t\u00e4hendab joondumine? Sisemine laps. Emotsioonide tervendamine. Naisenergia ja meesenergia. Iseenda eri egoosade tundma\u00f5ppimine ja \u00fchendamine. Kuidas lugeda oma elu &#8220;peeglit&#8221;. K\u00f5rgem Mina ja Hing. Vikerkaaresilla ehitamine. Isikliku tahte koosk\u00f5lastamine K\u00f5rgema tahtega, ego lahustamine. Illusioonidest vabanemine, illusioonimaailmast lahkumine. Tasakaal, terviklikkuse loomine, oma j\u00f5usse astumine, valgustumine. Kuidas luua rahu? Praktikad, mis aitavad j\u00f5uda 5D \u00fchtsusteadvusesse. Kuidas juhtida elu oma valgusteljest &#8211; eluratta keskmest.<\/p>\n\n\n\n<p><strong>2. 9  juhitud meditatsiooni mp3 failidena<\/strong>, kus tegeleme oma sisemise perekonna (sisemine laps, naine ja mees) ning teiste enda erinevate osade tervendamise ja egotasandilt, illusioonimaailmast kokkukorjamise ning hingega \u00fchendamisega -enda joondamisega.  Meditatsioonid on pikkustega 26-48 minutit, need saad endale allalaadida ja kasutada korduvalt:<\/p>\n\n\n\n<ol class=\"wp-block-list\">\n<li>\u201eSisemise lapse tervendus\u201d<\/li>\n\n\n\n<li>\u201eR\u00e4nnak kaitseingliga Suurde Nefriiditemplisse ennast tervendama\u201d<\/li>\n\n\n\n<li>\u201eSisemise mees- ja naispoole tervendus\u201d<\/li>\n\n\n\n<li>\u201eSisemise s\u00f5ja l\u00f5petamine \u2013 \u00fcksteisele vastut\u00f6\u00f6tavate isiksuse (ego)osade \u00fchendamine, sisemise rahu loomine\u201d<\/li>\n\n\n\n<li>\u201eEnda eri osade lahusteadvuse tasandilt\/eraldatusest keskmesse- hinge\u00fchendusse toomine\u201d<\/li>\n\n\n\n<li>\u201eHinge ja Vaimuga \u00fchinemine. Jumaliku Minaga suhtlemine\u201d<\/li>\n\n\n\n<li>\u201eIllusioonidest vabanemine \u2013 asjade vaatlemine avaramast perspektiivist\u201d<\/li>\n\n\n\n<li>\u201eJoondumine \u2013 \u00fcliteadvuse (vaimu), tavateadvuse ja alateadvuse liitmine \u00fcheks tervikuks, energia koondamine k\u00e4esolevasse hetke\u201d<\/li>\n\n\n\n<li>\u201eJ\u00f5ustamine \u2013 Armastuse, Tarkuse ja V\u00e4e \u00fchendamine\u201d<\/li>\n<\/ol>\n\n\n\n<p>E- kursuse hind&nbsp;<strong>99 EUR&nbsp;<\/strong>(sisaldab 9 ca 26-48 minutilist juhitud meditatsioonir\u00e4nnakut MP3 failidena, mida saad korduvalt kasutada, 21  lk. teoreetilist osa ja \u00fclesandeid)<\/p>\n\n\n\n<p>Kursuse koostas Liina Kaumann<\/p>\n\n\n\n<p>Peale selle kursuse l\u00e4bimist on soovi korral v\u00f5imalik edasi minna j\u00e4rgmise astme meditatsiooni <strong><a href=\"https:\/\/vaimnemaailm.ee\/www\/meditatsioonikursus-tasandivahetus-uude-maailma-vanadest-lugudest-puhastumine-teadlik-loomine\/\">E- kursusega &#8220;Tasandivahetus &#8211; vanadest lugudest puhastumine&#8221;<\/a><\/strong><\/p>\n\n\n\n<p>Kursusel osalemiseks tasu Vaimne Maailm O\u00dc pangakontole EE662200221049242077 99 EUR ja saada seej\u00e4rel meil koos maksekorralduse koopiaga liina@vaimnemaailm.ee.<\/p>\n","protected":false},"excerpt":{"rendered":"<p>Kursus on sobivaks j\u00e4tkukursuseks algajatele m\u00f5eldud meditatsiooni E-kursusele &#8220;Enesev\u00e4\u00e4rtustamine\/Enesetervendamine&#8221;, samas aga sobilik ka iseseisva kursusena ! E-kursust saad l\u00e4bida just endale sobival ajal ja see koosneb 2 osast: 1. Teoreetiline osa&nbsp;l\u00e4bilugemiseks pdf failis sisaldab: Mida t\u00e4hendab joondumine? Sisemine laps. Emotsioonide tervendamine. Naisenergia ja meesenergia. Iseenda eri egoosade tundma\u00f5ppimine ja \u00fchendamine. Kuidas lugeda oma elu &#8220;peeglit&#8221;. &hellip; <\/p>\n<p class=\"link-more\"><a href=\"https:\/\/vaimnemaailm.ee\/www\/e-kursus-joondumine-terviklikuks-saamine-sisemise-perekonna-enda-eri-osade-tervendus-ja-kokkutoomine\/\" class=\"more-link\">Loe edasi<span class=\"screen-reader-text\"> &#8220;E-kursus \u201eJoondumine &#8211; terviklikuks saamine. Sisemise perekonna, enda eri osade tervendus ja kokkutoomine&#8221;&#8221;<\/span><\/a><\/p>\n","protected":false},"author":2,"featured_media":0,"parent":0,"menu_order":0,"comment_status":"closed","ping_status":"closed","template":"","meta":{"footnotes":""},"class_list":["post-2219","page","type-page","status-publish","hentry"],"_links":{"self":[{"href":"https:\/\/vaimnemaailm.ee\/www\/wp-json\/wp\/v2\/pages\/2219","targetHints":{"allow":["GET"]}}],"collection":[{"href":"https:\/\/vaimnemaailm.ee\/www\/wp-json\/wp\/v2\/pages"}],"about":[{"href":"https:\/\/vaimnemaailm.ee\/www\/wp-json\/wp\/v2\/types\/page"}],"author":[{"embeddable":true,"href":"https:\/\/vaimnemaailm.ee\/www\/wp-json\/wp\/v2\/users\/2"}],"replies":[{"embeddable":true,"href":"https:\/\/vaimnemaailm.ee\/www\/wp-json\/wp\/v2\/comments?post=2219"}],"version-history":[{"count":5,"href":"https:\/\/vaimnemaailm.ee\/www\/wp-json\/wp\/v2\/pages\/2219\/revisions"}],"predecessor-version":[{"id":2675,"href":"https:\/\/vaimnemaailm.ee\/www\/wp-json\/wp\/v2\/pages\/2219\/revisions\/2675"}],"wp:attachment":[{"href":"https:\/\/vaimnemaailm.ee\/www\/wp-json\/wp\/v2\/media?parent=2219"}],"curies":[{"name":"wp","href":"https:\/\/api.w.org\/{rel}","templated":true}]}}