{"id":2208,"date":"2022-03-23T11:08:45","date_gmt":"2022-03-23T09:08:45","guid":{"rendered":"https:\/\/vaimnemaailm.ee\/www\/?page_id=2208"},"modified":"2022-03-23T11:08:45","modified_gmt":"2022-03-23T09:08:45","slug":"e-kursus-nais-ja-meesenergia-tervendus-jumaliku-naiselikkuse-ja-jumaliku-mehelikkuse-aktivatsioon","status":"publish","type":"page","link":"https:\/\/vaimnemaailm.ee\/www\/e-kursus-nais-ja-meesenergia-tervendus-jumaliku-naiselikkuse-ja-jumaliku-mehelikkuse-aktivatsioon\/","title":{"rendered":"E-kursus &#8220;Nais- ja meesenergia tervendus &#8211; jumaliku naiselikkuse ja jumaliku mehelikkuse aktivatsioon&#8221;"},"content":{"rendered":"\n<div class=\"wp-block-image\"><figure class=\"alignright size-large is-resized\"><img loading=\"lazy\" decoding=\"async\" src=\"https:\/\/vaimnemaailm.ee\/www\/wp-content\/uploads\/2022\/03\/Hinge-laskumine-kaksikleegi-teekond-696x1024.jpg\" alt=\"\" class=\"wp-image-2234\" width=\"312\" height=\"459\" srcset=\"https:\/\/vaimnemaailm.ee\/www\/wp-content\/uploads\/2022\/03\/Hinge-laskumine-kaksikleegi-teekond-696x1024.jpg 696w, https:\/\/vaimnemaailm.ee\/www\/wp-content\/uploads\/2022\/03\/Hinge-laskumine-kaksikleegi-teekond-204x300.jpg 204w, https:\/\/vaimnemaailm.ee\/www\/wp-content\/uploads\/2022\/03\/Hinge-laskumine-kaksikleegi-teekond-768x1131.jpg 768w, https:\/\/vaimnemaailm.ee\/www\/wp-content\/uploads\/2022\/03\/Hinge-laskumine-kaksikleegi-teekond-1043x1536.jpg 1043w, https:\/\/vaimnemaailm.ee\/www\/wp-content\/uploads\/2022\/03\/Hinge-laskumine-kaksikleegi-teekond-1391x2048.jpg 1391w, https:\/\/vaimnemaailm.ee\/www\/wp-content\/uploads\/2022\/03\/Hinge-laskumine-kaksikleegi-teekond-scaled.jpg 1739w\" sizes=\"auto, (max-width: 312px) 100vw, 312px\" \/><figcaption>Hinge laskumine &#8211; kaksikleegiteekond. Liina Kaumann 2021<\/figcaption><\/figure><\/div>\n\n\n\n<p><strong>E-kursust saad l\u00e4bida just endale sobival ajal ja see koosneb 2 osast:<\/strong><\/p>\n\n\n\n<p><strong>1. Teoreetiline osa<\/strong>\u00a0 (31 lk )l\u00e4bilugemiseks pdf failis: Spirituaalse \u00e4rkamise teekond. Enesearmastus. Naisenergia ja meesenergia. N (ema) ja M (isa) tervendus esivanemate abil. N ja M tervendus elementide abil: maa\/vesi N ja tuli\/\u00f5hk M. N ja M energia \u00fchendamine t\u015bakrate kaupa. Kuldajastusse \u00fchendumine, jumaliku naiselikkuse ja jumaliku mehelikkuse aktivatsioon.<\/p>\n\n\n\n<p><strong>2. 6  juhitud meditatsiooni mp3 failidena<\/strong>, kus tegeleme naiseliku ja meheliku energia tervendamisega eri tasanditel.<\/p>\n\n\n\n<ol class=\"wp-block-list\"><li>&#8220;<strong>Sisemise nais- ja meesenergia vaatlemine ja tervendus <\/strong>(41 min)<\/li><li><strong>&#8220;Ema- ja isaliini puhastamine, kuldajastu esivanematega \u00fchenduse loomine suguv\u00f5sa karma l\u00f5petamine&#8221;<\/strong> (63 min)<\/li><li><strong>Naisenergia tervendus  elementide m\u00f5istmise abil &#8211; N-vesi\/maa<\/strong> (43 min)<\/li><li><strong> Meesenergia tervendus -\u00f5hk\/tuli<\/strong> (42 min)<\/li><li><strong>Oma vastandenergiate \u00fchendamine t\u015bakrate kaupa<\/strong> (38 min)<\/li><li><strong>Esivanematega \u00fchendumine. Sisemise naisenergia (ema) ja meesenergia (isa) tervendus. Jumaliku naiselikkuse ja Jumaliku mehelikkuse aktivatsioon<\/strong> (65 min) <\/li><\/ol>\n\n\n\n<p>Suur osa praegu k\u00e4imasolevast \u00fclest\u00f5usuprotsesist on enda sisemise naiseliku ja meheliku energia tervendamine ja tasakaalu saamine. Me oleme elanud aastatuhandeid \u00fchiskonnas, kus need asjad on olnud v\u00e4ga nihkes ja tasakaalust v\u00e4ljas, samas oleme pidanud seda normaalseks. P\u00f5lvkond p\u00f5lvkonna j\u00e4rel oleme andnud neid nihkes mustreid edasi oma lastele ja praeguseks oleme j\u00f5udnud kohta, kus vanaviisi enam ei saa aga samas ka pole kusagilt  v\u00f5tta eeskujusid mismoodi siis olla&#8230; Kuigi r\u00e4\u00e4gitakse \u00fche enam, et peame tegema nihke Jumalikku naiselikkusesse ja Jumalikku mehelikkusesse ja j\u00e4tma vanad hirmul p\u00f5hinevad k\u00e4itumisviisid seljataha, meil tegelikult ei ole  arusaamist,  mis on Jumalik Naisenergia ja Jumalik Meesenergia ning kuidas sinna j\u00f5uda. Sellel kursusel tegelemegi nende teemadega. <\/p>\n\n\n\n<p>Kursuse koostas Liina Kaumann<\/p>\n\n\n\n<p><strong>Hind: 88 EUR<\/strong><\/p>\n\n\n\n<h6 class=\"wp-block-heading\"><strong>Telli siit E-kursus:<\/strong><\/h6>\n\n\n\n<p><strong>1.<\/strong>&nbsp;Tellimiseks tee \u00fclekanne:<\/p>\n\n\n\n<p><strong>Kellele:<\/strong>\u00a0Vaimne Maailm O\u00dc<br><strong>Pangakonto:<\/strong>\u00a0EE662200221049242077<br><strong>Summa:<\/strong>\u00a088  EUR<br><strong>Selgitus:<\/strong>\u00a0E- kursus \u201cNais- ja meesenergia tervendus\u201d\u00a0<em>(lisa juurde ka enda nimi)<\/em><\/p>\n\n\n\n<p><strong>2.<\/strong>&nbsp;P\u00e4rast seda saada meil oma tellimussooviga ja kinnitusega, et makse on tehtud, aadressile liina@vaimnemaailm.ee. Seej\u00e4rel saadame Sulle e-mailile ligip\u00e4\u00e4sud e-kursusele. K\u00f5ige&nbsp;hiljemalt j\u00e4rgmiseks t\u00f6\u00f6p\u00e4evaks.<\/p>\n","protected":false},"excerpt":{"rendered":"<p>E-kursust saad l\u00e4bida just endale sobival ajal ja see koosneb 2 osast: 1. Teoreetiline osa\u00a0 (31 lk )l\u00e4bilugemiseks pdf failis: Spirituaalse \u00e4rkamise teekond. Enesearmastus. Naisenergia ja meesenergia. N (ema) ja M (isa) tervendus esivanemate abil. N ja M tervendus elementide abil: maa\/vesi N ja tuli\/\u00f5hk M. N ja M energia \u00fchendamine t\u015bakrate kaupa. Kuldajastusse \u00fchendumine, &hellip; <\/p>\n<p class=\"link-more\"><a href=\"https:\/\/vaimnemaailm.ee\/www\/e-kursus-nais-ja-meesenergia-tervendus-jumaliku-naiselikkuse-ja-jumaliku-mehelikkuse-aktivatsioon\/\" class=\"more-link\">Loe edasi<span class=\"screen-reader-text\"> &#8220;E-kursus &#8220;Nais- ja meesenergia tervendus &#8211; jumaliku naiselikkuse ja jumaliku mehelikkuse aktivatsioon&#8221;&#8221;<\/span><\/a><\/p>\n","protected":false},"author":2,"featured_media":0,"parent":0,"menu_order":0,"comment_status":"closed","ping_status":"closed","template":"","meta":{"footnotes":""},"class_list":["post-2208","page","type-page","status-publish","hentry"],"_links":{"self":[{"href":"https:\/\/vaimnemaailm.ee\/www\/wp-json\/wp\/v2\/pages\/2208","targetHints":{"allow":["GET"]}}],"collection":[{"href":"https:\/\/vaimnemaailm.ee\/www\/wp-json\/wp\/v2\/pages"}],"about":[{"href":"https:\/\/vaimnemaailm.ee\/www\/wp-json\/wp\/v2\/types\/page"}],"author":[{"embeddable":true,"href":"https:\/\/vaimnemaailm.ee\/www\/wp-json\/wp\/v2\/users\/2"}],"replies":[{"embeddable":true,"href":"https:\/\/vaimnemaailm.ee\/www\/wp-json\/wp\/v2\/comments?post=2208"}],"version-history":[{"count":4,"href":"https:\/\/vaimnemaailm.ee\/www\/wp-json\/wp\/v2\/pages\/2208\/revisions"}],"predecessor-version":[{"id":2241,"href":"https:\/\/vaimnemaailm.ee\/www\/wp-json\/wp\/v2\/pages\/2208\/revisions\/2241"}],"wp:attachment":[{"href":"https:\/\/vaimnemaailm.ee\/www\/wp-json\/wp\/v2\/media?parent=2208"}],"curies":[{"name":"wp","href":"https:\/\/api.w.org\/{rel}","templated":true}]}}