{"id":2180,"date":"2022-03-07T13:30:30","date_gmt":"2022-03-07T11:30:30","guid":{"rendered":"https:\/\/vaimnemaailm.ee\/www\/?page_id=2180"},"modified":"2024-04-12T14:37:13","modified_gmt":"2024-04-12T11:37:13","slug":"e-kursus-akasi-kroonikate-lugemine-ja-umberkirjutamine","status":"publish","type":"page","link":"https:\/\/vaimnemaailm.ee\/www\/e-kursus-akasi-kroonikate-lugemine-ja-umberkirjutamine\/","title":{"rendered":"E-kursus &#8220;Aka\u015bi kroonikate lugemine ja \u00fcmberkirjutamine&#8221;"},"content":{"rendered":"\n<figure class=\"wp-block-image size-large\"><img loading=\"lazy\" decoding=\"async\" width=\"1024\" height=\"535\" src=\"https:\/\/vaimnemaailm.ee\/www\/wp-content\/uploads\/2019\/12\/eluraamat-1024x535.jpeg\" alt=\"\" class=\"wp-image-1326\" srcset=\"https:\/\/vaimnemaailm.ee\/www\/wp-content\/uploads\/2019\/12\/eluraamat-1024x535.jpeg 1024w, https:\/\/vaimnemaailm.ee\/www\/wp-content\/uploads\/2019\/12\/eluraamat-300x157.jpeg 300w, https:\/\/vaimnemaailm.ee\/www\/wp-content\/uploads\/2019\/12\/eluraamat-768x401.jpeg 768w, https:\/\/vaimnemaailm.ee\/www\/wp-content\/uploads\/2019\/12\/eluraamat.jpeg 1200w\" sizes=\"auto, (max-width: 767px) 89vw, (max-width: 1000px) 54vw, (max-width: 1071px) 543px, 580px\" \/><\/figure>\n\n\n\n<p>T\u00f6\u00f6 Aka\u015bi infov\u00e4ljaga on \u00fcks v\u00e4ga t\u00f5hus viise tervendada mistahes olukordi elus v\u00f5i lihtsalt olulist infot saada. Vaadates oma eelmiste elude salvestisi, \u00f5ppetunde, m\u00f5istad paremini mida teha k\u00e4esolevas hetkes, et luua r\u00f5\u00f5msam ja k\u00fclluslikum tulevik.<\/p>\n\n\n\n<p><strong>E- kursus sisaldab:<\/strong><\/p>\n\n\n\n<ol class=\"wp-block-list\">\n<li>Teoreetiline osa pdf failina<\/li>\n\n\n\n<li>2 juhitud meditatsioonir\u00e4nnakut Aka\u015bi kroonikatesse:  \u201cAka\u015bi kroonikate lugemine ja \u00fcmberkirjutamine (eelmised elud)\u201d (60 min) ja \u201cAka\u015bi kroonikate lugemine \u2013 elu\u00fclesanne ja \u00f5ppetunnid\u201d (48 min)<\/li>\n\n\n\n<li>mp3 fail muudatuste kinnistamiseks alateadvuse tasandile &#8211; n\u00e4idis, mille p\u00f5hjal saad teha endale parajasti vajaminevad muudatused (&#8220;Usaldamine&#8221;)<\/li>\n<\/ol>\n\n\n\n<p>Meditatsioonifailide abil saad luua \u00fchenduse Aka\u015bi kroonikate infov\u00e4ljaga, lugeda oma eluraamatust \u00f5ppetundide, v\u00e4ljakutsete, elu\u00fclesande ja korduvate mustrite kohta ning muuta \u00e4ra vanad aegunud mustrid, blokeeringud, mis hoiavad sind enda k\u00fctkes ega lase minna vabana tulevikku, mida t\u00f5eliselt kogeda sooviksid.<\/p>\n\n\n\n<p>Koostas Liina Kaumann.<\/p>\n\n\n\n<p><strong>Hind: 40 EUR<\/strong><\/p>\n\n\n\n<h6 class=\"wp-block-heading\"><strong>Telli siit E-kursus:<\/strong><\/h6>\n\n\n\n<p><strong>1.<\/strong>&nbsp;Tellimiseks tee \u00fclekanne:<\/p>\n\n\n\n<p><strong>Kellele:<\/strong>&nbsp;Vaimne Maailm O\u00dc<br><strong>Pangakonto:<\/strong>&nbsp;EE662200221049242077<br><strong>Summa:<\/strong>&nbsp;40 EUR<br><strong>Selgitus:<\/strong>&nbsp;E- kursus &#8220;Aka\u015bi kroonikate lugemine&#8221;&nbsp;<em>(lisa juurde ka enda nimi)<\/em><\/p>\n\n\n\n<p><strong>2.<\/strong>&nbsp;P\u00e4rast seda saada meil oma tellimussooviga ja kinnitusega, et makse on tehtud, aadressile liina@vaimnemaailm.ee. Seej\u00e4rel saadame Sulle e-mailile ligip\u00e4\u00e4sud e-kursusele. K\u00f5ige&nbsp;hiljemalt j\u00e4rgmiseks t\u00f6\u00f6p\u00e4evaks.<\/p>\n\n\n\n<p>Aka\u015bi kroonikad on vibreeriv infov\u00e4li, kus peitub igavikuline informatsioon absoluutselt k\u00f5ige kohta \u2013 nii meie isiklike elude, karma, vaimse kasvu ja elueesm\u00e4rkide kohta kui ka laiemalt Universumi toimimise kohta. Neis peituv info v\u00f5ib aidata meil m\u00f5ista miks asjad elus juhtuvad just nii nagu juhtuvad, kuidas muuta oma elu \u00f5nnelikumaks, saavutada k\u00f5ike seda, mida t\u00f5eliselt soovid, kuidas tervendada ennast ja oma elu, suhteid, rahaasju jne. Muutes oma minevikukroonikaid, muudame oma olevikku ja tulevikku.<\/p>\n\n\n\n<p>Kroonikad vibreerivad k\u00f5ikjal meie \u00fcmber, isegi meie sees, igas hinges, rakus, igavikulises meeles ja neid v\u00f5ib avada igal ajal. Ka suured avastused, enesev\u00e4ljendus, looming, kunst s\u00fcnnivad \u00fchendusest selle v\u00f5imsa infov\u00e4ljaga (puhta teadlikkusega), vaja on vaid avada ennast Aka\u015bi kroonikates peituvae suurele tarkusele. Me salvestame igal hetkel oma kroonikaid, kas siis teadlikult v\u00f5i vaikimisi, \u00f5ppides oma m\u00f5tteid, tegusid, kavatsusi teadlikult salvestama, koosk\u00f5lastad ja lood uued Tuleviku Kroonikad ja t\u00f5stad oma elu t\u00f5elist kvaliteeti. Aka\u015bi kroonikaid v\u00f5ib nimetada ka sinu hinge kaardiks, sest need n\u00e4itavad t\u00e4pselt, kust sa tuled, kus asub praegu ja kuhu oled teel.<\/p>\n\n\n\n<p>On kolme t\u00fc\u00fcpi m\u00f5jutusi, mis vajavad Aka\u015bi kroonikates \u00fcmberkirjutamist:<\/p>\n\n\n\n<p>1. Tugeva emotsionaalse laenguga s\u00fcndmused -pole oluline, kas s\u00fcndmus oli positiivne v\u00f5i negatiivne, mida suurem emotsionaalne laeng, seda suurem m\u00f5ju on sellel sulle.<\/p>\n\n\n\n<p>2. Terviseprobleemid ja f\u00fc\u00fcsilised traumad \u2013 paljud v\u00e4ljakutsed v\u00f5ivad tulla mineviku kroonikatest.<\/p>\n\n\n\n<p>3. Suhtemustrid<\/p>\n\n\n\n<p>Meie hing soovib, et keskenduksime praeguse elu mustritele, kui aga ebaterved olukorrad ja reaktsioonid elus p\u00fcsivad, peame vabastama eelmistest eludest p\u00e4rit negatiivsed ts\u00fcklid, muidu j\u00e4\u00e4me karmat aina kordama.<\/p>\n","protected":false},"excerpt":{"rendered":"<p>T\u00f6\u00f6 Aka\u015bi infov\u00e4ljaga on \u00fcks v\u00e4ga t\u00f5hus viise tervendada mistahes olukordi elus v\u00f5i lihtsalt olulist infot saada. Vaadates oma eelmiste elude salvestisi, \u00f5ppetunde, m\u00f5istad paremini mida teha k\u00e4esolevas hetkes, et luua r\u00f5\u00f5msam ja k\u00fclluslikum tulevik. E- kursus sisaldab: Meditatsioonifailide abil saad luua \u00fchenduse Aka\u015bi kroonikate infov\u00e4ljaga, lugeda oma eluraamatust \u00f5ppetundide, v\u00e4ljakutsete, elu\u00fclesande ja korduvate mustrite &hellip; <\/p>\n<p class=\"link-more\"><a href=\"https:\/\/vaimnemaailm.ee\/www\/e-kursus-akasi-kroonikate-lugemine-ja-umberkirjutamine\/\" class=\"more-link\">Loe edasi<span class=\"screen-reader-text\"> &#8220;E-kursus &#8220;Aka\u015bi kroonikate lugemine ja \u00fcmberkirjutamine&#8221;&#8221;<\/span><\/a><\/p>\n","protected":false},"author":2,"featured_media":0,"parent":0,"menu_order":0,"comment_status":"closed","ping_status":"closed","template":"","meta":{"footnotes":""},"class_list":["post-2180","page","type-page","status-publish","hentry"],"_links":{"self":[{"href":"https:\/\/vaimnemaailm.ee\/www\/wp-json\/wp\/v2\/pages\/2180","targetHints":{"allow":["GET"]}}],"collection":[{"href":"https:\/\/vaimnemaailm.ee\/www\/wp-json\/wp\/v2\/pages"}],"about":[{"href":"https:\/\/vaimnemaailm.ee\/www\/wp-json\/wp\/v2\/types\/page"}],"author":[{"embeddable":true,"href":"https:\/\/vaimnemaailm.ee\/www\/wp-json\/wp\/v2\/users\/2"}],"replies":[{"embeddable":true,"href":"https:\/\/vaimnemaailm.ee\/www\/wp-json\/wp\/v2\/comments?post=2180"}],"version-history":[{"count":3,"href":"https:\/\/vaimnemaailm.ee\/www\/wp-json\/wp\/v2\/pages\/2180\/revisions"}],"predecessor-version":[{"id":3605,"href":"https:\/\/vaimnemaailm.ee\/www\/wp-json\/wp\/v2\/pages\/2180\/revisions\/3605"}],"wp:attachment":[{"href":"https:\/\/vaimnemaailm.ee\/www\/wp-json\/wp\/v2\/media?parent=2180"}],"curies":[{"name":"wp","href":"https:\/\/api.w.org\/{rel}","templated":true}]}}