{"id":217,"date":"2017-01-02T18:50:35","date_gmt":"2017-01-02T16:50:35","guid":{"rendered":"http:\/\/vaimnemaailm.ee\/www\/?page_id=217"},"modified":"2017-01-02T18:50:35","modified_gmt":"2017-01-02T16:50:35","slug":"loomise-lood-ajakiri-mustilised-lood-mai-2015","status":"publish","type":"page","link":"https:\/\/vaimnemaailm.ee\/www\/loomise-lood-ajakiri-mustilised-lood-mai-2015\/","title":{"rendered":"\u201cLoomise lood\u201d- Ajakiri \u201cM\u00fcstilised lood\u201d, mai 2015"},"content":{"rendered":"<p align=\"LEFT\"><em><strong>Autor: Liina Kaumann <img loading=\"lazy\" decoding=\"async\" class=\"alignright wp-image-218 size-medium\" src=\"http:\/\/vaimnemaailm.ee\/www\/wp-content\/uploads\/2017\/01\/loomise-lood-1-211x300.jpg\" width=\"211\" height=\"300\" srcset=\"https:\/\/vaimnemaailm.ee\/www\/wp-content\/uploads\/2017\/01\/loomise-lood-1-211x300.jpg 211w, https:\/\/vaimnemaailm.ee\/www\/wp-content\/uploads\/2017\/01\/loomise-lood-1-768x1091.jpg 768w, https:\/\/vaimnemaailm.ee\/www\/wp-content\/uploads\/2017\/01\/loomise-lood-1-721x1024.jpg 721w, https:\/\/vaimnemaailm.ee\/www\/wp-content\/uploads\/2017\/01\/loomise-lood-1.jpg 1328w\" sizes=\"auto, (max-width: 211px) 100vw, 211px\" \/><br \/>\n<\/strong><\/em><\/p>\n<p>Loomise t\u00f5husus s\u00f5ltub minu t\u00e4helepanekute j\u00e4rgi peamiselt kahest asjast: sellest kui t\u00e4pselt oskame s\u00f5nastada, mida soovime ja teiseks ka sellest kuiv\u00f5rd m\u00e4nguliselt ja vabalt me suudame protsessi v\u00f5tta. Siin on suurep\u00e4raseks eeskujuks lapsed. V\u00e4ikesed lapsed on \u00fchenduses oma jumaliku loomisv\u00e4ega ja ka palju usaldavamad, nad ei pane oma soove esitades universumile piiranguid ning pole veel muutunud kahtlevaks ja kalkuleerivaks nagu t\u00e4iskasvanud. Nad usuvad muinasjutte ja seda, et k\u00f5ik on v\u00f5imalik.<\/p>\n<p>Mul on hea v\u00f5imalus \u00f5ppida oma 8-aastaselt pojalt \u2013 tema soovid, niis suured kui v\u00e4ikesed, on t\u00e4itunud h\u00e4mmastava kergusega ja otsekohe, samas kui mina suure ja \u201eteadliku\u201d inimesena pean ootama ja pingutama. Ja ka siis tihtipeale on olnud asjal sees mingi ettearvamatu konks.<\/p>\n<p>N\u00e4iteks Siimu lugu. Aasta tagasi tuli \u00fchel p\u00e4eval mu poeg koolist ja teatas, et tahab minna loomaaeda. Muidu tore m\u00f5te, aga oli parajasti talv, m\u00e4rtsi algus ja \u00f5ues v\u00e4ga k\u00fclm tuuline ilm. Lisaks mina olin just haigusest paranenud ja v\u00e4ga ei soovinud ega tohtinudki minna sel ajal mitmeks tunniks loomaaeda tuule ja k\u00fclma k\u00e4tte jalutama. Niisiis p\u00fc\u00fcdsin last igati \u00fcmberveenda, et l\u00e4heme kindlasti aga \u00e4kki kevade poole, kui ilmad soojemaks l\u00e4hevad, lisaks praegu, talvel pole osasid loomi v\u00f5imalik n\u00e4hagi, kuna nad on oma ruumides soojas mitte v\u00e4ljas. Laps oli aga eneses kindel, et tema tahab just praegu ja mitte kevadeni oodata. Nii see asi siis j\u00e4i sel korral lahtiseks, et mis teha. Juba j\u00e4rgmisel hommikul helistas meile aga vanaisa, kes \u00fctles, et talle tuli m\u00f5te Siim loomaaeda viia, mis ma sellest arvan&#8230; Milline t\u00e4iuslik loomine!<\/p>\n<p><img loading=\"lazy\" decoding=\"async\" class=\"alignleft wp-image-219 size-medium\" src=\"http:\/\/vaimnemaailm.ee\/www\/wp-content\/uploads\/2017\/01\/loomise-lood-2-210x300.jpg\" width=\"210\" height=\"300\" srcset=\"https:\/\/vaimnemaailm.ee\/www\/wp-content\/uploads\/2017\/01\/loomise-lood-2-210x300.jpg 210w, https:\/\/vaimnemaailm.ee\/www\/wp-content\/uploads\/2017\/01\/loomise-lood-2-768x1098.jpg 768w, https:\/\/vaimnemaailm.ee\/www\/wp-content\/uploads\/2017\/01\/loomise-lood-2-716x1024.jpg 716w, https:\/\/vaimnemaailm.ee\/www\/wp-content\/uploads\/2017\/01\/loomise-lood-2.jpg 1309w\" sizes=\"auto, (max-width: 210px) 100vw, 210px\" \/>Selliseid v\u00e4ikesi asju juhtub kogu aeg aga enamasti me ei m\u00e4rka ega suuda n\u00e4ha seost, millise imelise loomisprotsessiga on tegu. Ja kuidas me ise \u00fchel v\u00f5i teisel viisil soovitu oma ellu kas edukalt manifesteerime v\u00f5i siis hoopis hirmude ja vastuv\u00e4idetega eemale l\u00fckkame.<\/p>\n<p>Mul endal on aja jooksul p\u00e4ris h\u00e4sti selgeks saanud v\u00e4ikeste asjade loomine, samas suurtega, eriti nendega, millega olen emotsionaalselt seotud, on tihti raskusi. Mulle pole enam mingi probleem manifesteerida endale n\u00e4iteks uued kingad, t\u00e4pselt sellised mida tahan. Ja see pole \u00fcldsegi nii lihtne \u00fclesanne, kui v\u00f5iks arvata, kuna mu soovid on \u00fcsna spetsiifilised olnud. Ja vahel pole olnud reaalis ka piisavat raha, et osta nii kvaliteetseid kingi nagu ma soovin.<\/p>\n<p>Niisiis, ma otsustan, et vajan uusi kingi, ilusaid aga samas mugavaid, mis istuvad nagu valatud, et nad oleks kvaliteetsed ja nende eest tasumine oleks mulle j\u00f5ukohane ning et nad oleks purpur- v\u00f5i magentapunast v\u00e4rvi. \u00dcldsgi mitte lihtne soov, sest eesti kaubanduses on suures valikus enamasti ikkagi vaid musta v\u00f5i \u00e4\u00e4rmisel juhul pruuni (praktilisi) v\u00e4rvi kingi. Mina aga ei soovi ega kanna musta v\u00f5i pruuni, eelistan eriskummalisi v\u00e4rve. Paras p\u00e4hkel.<\/p>\n<p>Edasi l\u00e4hen teen isegi tiiru poodides ja veendun, et t\u00f5epoolest pole olemas midagi mulle sobivat. Lepin sellega (mis mul muud \u00fcle j\u00e4\u00e4b) ja unustan teema \u00e4ra. Paari p\u00e4eva p\u00e4rast l\u00e4hen s\u00f5brannaga kohvikusse ja m\u00f6\u00f6daminnes k\u00f5nnime l\u00e4bi suvalise kingapoe. Seal torkab mulle ilma midagi otsimata otsekohe silma paar magentapunaseid kingi. L\u00e4hen vaatan l\u00e4hemalt \u2013 t\u00e4pselt minu soovitud kingad, \u00f5ige v\u00e4rv, \u00f5ige suurus ja ainult 1 paar m\u00fc\u00fcgil. Lisaks on juures silt 70 % allahinnatud. Need on kvaliteetsed ja mulle meelep\u00e4rase hinnaga. Raudselt korraldas universum need kingad sinna poodi vastuseks minu palvele &#8211; need on minu loodud!<\/p>\n<p>N\u00fc\u00fcd ma tean, et midagi soovides, polegi vaja enam kohe \u201epoodi lipata\u201d, olukorda kontrollima. Asjad mida soovin j\u00f5uvad minuni nii v\u00f5i teisiti. Universum lihtsalt juhib mind \u00f5igel hetkel \u00f5igesse kohta, v\u00f5i \u00f5ige inimese mu juurde, kes pakub mulle soovitut. Vahel toob isegi koju k\u00e4tte.<\/p>\n","protected":false},"excerpt":{"rendered":"<p>Autor: Liina Kaumann Loomise t\u00f5husus s\u00f5ltub minu t\u00e4helepanekute j\u00e4rgi peamiselt kahest asjast: sellest kui t\u00e4pselt oskame s\u00f5nastada, mida soovime ja teiseks ka sellest kuiv\u00f5rd m\u00e4nguliselt ja vabalt me suudame protsessi v\u00f5tta. Siin on suurep\u00e4raseks eeskujuks lapsed. V\u00e4ikesed lapsed on \u00fchenduses oma jumaliku loomisv\u00e4ega ja ka palju usaldavamad, nad ei pane oma soove esitades universumile piiranguid &hellip; <\/p>\n<p class=\"link-more\"><a href=\"https:\/\/vaimnemaailm.ee\/www\/loomise-lood-ajakiri-mustilised-lood-mai-2015\/\" class=\"more-link\">Loe edasi<span class=\"screen-reader-text\"> &#8220;\u201cLoomise lood\u201d- Ajakiri \u201cM\u00fcstilised lood\u201d, mai 2015&#8221;<\/span><\/a><\/p>\n","protected":false},"author":2,"featured_media":0,"parent":0,"menu_order":0,"comment_status":"closed","ping_status":"closed","template":"","meta":{"footnotes":""},"class_list":["post-217","page","type-page","status-publish","hentry"],"_links":{"self":[{"href":"https:\/\/vaimnemaailm.ee\/www\/wp-json\/wp\/v2\/pages\/217","targetHints":{"allow":["GET"]}}],"collection":[{"href":"https:\/\/vaimnemaailm.ee\/www\/wp-json\/wp\/v2\/pages"}],"about":[{"href":"https:\/\/vaimnemaailm.ee\/www\/wp-json\/wp\/v2\/types\/page"}],"author":[{"embeddable":true,"href":"https:\/\/vaimnemaailm.ee\/www\/wp-json\/wp\/v2\/users\/2"}],"replies":[{"embeddable":true,"href":"https:\/\/vaimnemaailm.ee\/www\/wp-json\/wp\/v2\/comments?post=217"}],"version-history":[{"count":1,"href":"https:\/\/vaimnemaailm.ee\/www\/wp-json\/wp\/v2\/pages\/217\/revisions"}],"predecessor-version":[{"id":220,"href":"https:\/\/vaimnemaailm.ee\/www\/wp-json\/wp\/v2\/pages\/217\/revisions\/220"}],"wp:attachment":[{"href":"https:\/\/vaimnemaailm.ee\/www\/wp-json\/wp\/v2\/media?parent=217"}],"curies":[{"name":"wp","href":"https:\/\/api.w.org\/{rel}","templated":true}]}}