{"id":2168,"date":"2022-03-07T11:30:43","date_gmt":"2022-03-07T09:30:43","guid":{"rendered":"https:\/\/vaimnemaailm.ee\/www\/?page_id=2168"},"modified":"2025-03-18T11:45:53","modified_gmt":"2025-03-18T09:45:53","slug":"e-kursus-ruunid-voimalus-moista-kosmilisi-arenguprotsesse-ja-maagiliselt-luua","status":"publish","type":"page","link":"https:\/\/vaimnemaailm.ee\/www\/e-kursus-ruunid-voimalus-moista-kosmilisi-arenguprotsesse-ja-maagiliselt-luua\/","title":{"rendered":"Videokursus &#8220;Ruunid &#8211; v\u00f5imalus m\u00f5ista kosmilisi arenguprotsesse ja maagiliselt luua&#8221;"},"content":{"rendered":"<div class=\"wp-block-image\">\n<figure class=\"alignright size-large is-resized\"><img loading=\"lazy\" decoding=\"async\" width=\"1024\" height=\"740\" src=\"https:\/\/vaimnemaailm.ee\/www\/wp-content\/uploads\/2017\/11\/ruunitalismanid-1024x740.jpg\" alt=\"\" class=\"wp-image-739\" style=\"width:435px;height:auto\" srcset=\"https:\/\/vaimnemaailm.ee\/www\/wp-content\/uploads\/2017\/11\/ruunitalismanid-1024x740.jpg 1024w, https:\/\/vaimnemaailm.ee\/www\/wp-content\/uploads\/2017\/11\/ruunitalismanid-300x217.jpg 300w, https:\/\/vaimnemaailm.ee\/www\/wp-content\/uploads\/2017\/11\/ruunitalismanid-768x555.jpg 768w, https:\/\/vaimnemaailm.ee\/www\/wp-content\/uploads\/2017\/11\/ruunitalismanid.jpg 1838w\" sizes=\"auto, (max-width: 767px) 89vw, (max-width: 1000px) 54vw, (max-width: 1071px) 543px, 580px\" \/><\/figure>\n<\/div>\n\n\n<p>Seda kursust saad l\u00e4bida endale sobival ajal ja kohas, omas r\u00fctmis ja korduvalt!\u00a0<mark><strong><mark style=\"background-color:rgba(0, 0, 0, 0)\" class=\"has-inline-color has-vivid-red-color\">UUS!<\/mark><\/strong><\/mark><\/p>\n\n\n\n<p><strong>Kursus koosneb 4 osast:<\/strong><\/p>\n\n\n\n<p><strong>1. Teoreetiline osa<\/strong> 37 lk + 3 lk pildilisa<\/p>\n\n\n\n<p><strong>2. Praktikum<\/strong> &#8211;  13 lk t\u00e4pseid juhtn\u00f6\u00f6re ja pildimaterjali, kuidas seda kursust l\u00e4bida &#8211; ruunide ja maagilise ruunitalismani valmistamiseks, rituaalideks, ruunidega tervendamiseks.<\/p>\n\n\n\n<p><strong>3. 4 juhitud meditatsiooni <strong> mp3 failidena<\/strong>, <\/strong>mille saad endale allalaadida ja korduvalt kasutada:<\/p>\n\n\n\n<ul class=\"wp-block-list\">\n<li><strong> 5 elemendi tasakaalustamine<\/strong><\/li>\n\n\n\n<li><strong>Ruunimeditatsioon &#8211; 3 loomisj\u00e4rgu ruunide paremaks m\u00f5istmiseks ja tunnetamiseks<\/strong><\/li>\n\n\n\n<li><strong>Utharki lausumine<\/strong><\/li>\n\n\n\n<li><strong>Ilmapuu &#8211; 3 maailma &#8211; alateadvus, tavateadvus ja \u00fcliteadvus<\/strong><\/li>\n<\/ul>\n\n\n\n<p><strong>4. 6 videot <\/strong>(mahus 4,5 h):<\/p>\n\n\n\n<p>1. Ruunide \u00f5ige joonistamine (1:01:54)<\/p>\n\n\n\n<p>2. Ruunimonogrammi ja talismani kujundamine (41:31)<\/p>\n\n\n\n<p>3. Ruunide ja talismani savist voolimine (54:20)<\/p>\n\n\n\n<p>4. Ruunide ja talismani sisse\u00f5nnisamine ruunirituaali k\u00e4igus (34:50)<\/p>\n\n\n\n<p>5. Ruunide ladumismeditatsioon. 4 ruuniga olukorra selgitamine (20:20)<\/p>\n\n\n\n<p>6. Keerukam ruunide k\u00fcsitlemine ruunir\u00e4tiga, 3 ruuniga, 5 ruuniga (47:00)<\/p>\n\n\n\n<p>Ruunid v\u00e4ljendavad teadmisi k\u00f5igi universumi asjade kohta, nad v\u00e4ljendavad asjade tuuma. M\u00f5istes ruune, \u00f5pime paremini tundma nii iseennast kui ka \u00fcmbrust. Kursus sisaldab mitmeid ruunimeditatsioone ja praktilisi harjutusi, mis aitavad ruune paremini m\u00f5istma ja tunnetama hakata, saad t\u00e4psed juhtn\u00f6\u00f6rid isikliku v\u00e4eka ruunikomplekti ja maagilise ruunitalismani valmistamiseks, ruunide abil tervenamiseks ja soovitu loomiseks, samuti ennustamiseks.<\/p>\n\n\n\n<p>Ruunid v\u00e4ljendavad kosmoses ja loomisprotsessides peituvaid teadmisi, nad s\u00fcmboliseerivad loodustarkusi. Ruune leidub ka k\u00f5ikjal meie \u00fcmber looduses, me m\u00f5istame nende olemust siis, kui oleme loodusega koosk\u00f5las. Ruune tundma\u00f5ppides avaneb meile samas looduse olemus. Ruunit\u00e4hestik jutustab lugu asjade tekkimisest, omadustest ja olemusest.<\/p>\n\n\n\n<p>Kuid ruunide ainus eesm\u00e4rk pole maailma kirjeldamine, nendega saab ka&nbsp; n\u00f5iduda, keskkonda m\u00f5jutada ning aidata tervendada inimesi, loomi, taimi ja emakest Maad. Ruunid aitavad astuda \u00fchendusse kosmilise v\u00f5rguga. Ruunid on maagilised t\u00f6\u00f6ristad, mis v\u00e4ljendavad \u015bamanistlikele kultuuridele omast tarkust ja v\u00e4ge.<\/p>\n\n\n\n<p><strong>Teoreetiline osa pdf failina sisaldab:<\/strong><\/p>\n\n\n\n<ol class=\"wp-block-list\">\n<li>Ruunide p\u00e4ritolu<\/li>\n\n\n\n<li>Ruuni\u015bamaani teekond<\/li>\n\n\n\n<li>Ilmapuu ja 9 maailma<\/li>\n\n\n\n<li>Ruunit\u00e4hestik kui kosmiline kaart &#8211; k\u00f5ige tekimise ja t\u00e4henduse lugu<\/li>\n\n\n\n<li>Ruunidega suhtlemine<\/li>\n\n\n\n<li>Ruunide joonistamine, liitruunide ja ruunimongrammi moodustamine<\/li>\n\n\n\n<li>Ruuniringid, ruunitalisman, s\u00fcnniruunid<\/li>\n\n\n\n<li>Ruunimaagia<\/li>\n\n\n\n<li>Ruunimeditatsioonid<\/li>\n\n\n\n<li>Ruunirituaal<\/li>\n\n\n\n<li>Ruunide t\u00e4hendused<\/li>\n\n\n\n<li>Ruunide valmistamine ja  ladumine<\/li>\n\n\n\n<li>Ruunir\u00e4tikuga ennustamine<\/li>\n<\/ol>\n\n\n\n<p><strong>Lisad ja praktikum <\/strong>sialdavad p\u00f5hjalikke pildimaterjali ja n\u00e4idistega varustatud juhtn\u00f6\u00f6re ruunide joonistamiseks, valmistamiseks, ruunitalismani tegemiseks ja ruunimaagia riitusteks.<\/p>\n\n\n\n<p><strong>Videokursuse hind<\/strong> <strong>125 EUR<\/strong><\/p>\n\n\n\n<p>Kursusel osalemiseks tasu Vaimne Maailm O\u00dc pangakontole EE662200221049242077 <\/p>\n\n\n\n<p><strong>125 EUR<\/strong> ja saada seej\u00e4rel meil koos maksekorralduse koopiaga liina@vaimnemaailm.ee.<\/p>\n\n\n\n<p>Kursuse autor: Liina Kaumann.<\/p>\n","protected":false},"excerpt":{"rendered":"<p>Seda kursust saad l\u00e4bida endale sobival ajal ja kohas, omas r\u00fctmis ja korduvalt!\u00a0UUS! Kursus koosneb 4 osast: 1. Teoreetiline osa 37 lk + 3 lk pildilisa 2. Praktikum &#8211; 13 lk t\u00e4pseid juhtn\u00f6\u00f6re ja pildimaterjali, kuidas seda kursust l\u00e4bida &#8211; ruunide ja maagilise ruunitalismani valmistamiseks, rituaalideks, ruunidega tervendamiseks. 3. 4 juhitud meditatsiooni mp3 failidena, mille &hellip; <\/p>\n<p class=\"link-more\"><a href=\"https:\/\/vaimnemaailm.ee\/www\/e-kursus-ruunid-voimalus-moista-kosmilisi-arenguprotsesse-ja-maagiliselt-luua\/\" class=\"more-link\">Loe edasi<span class=\"screen-reader-text\"> &#8220;Videokursus &#8220;Ruunid &#8211; v\u00f5imalus m\u00f5ista kosmilisi arenguprotsesse ja maagiliselt luua&#8221;&#8221;<\/span><\/a><\/p>\n","protected":false},"author":2,"featured_media":0,"parent":0,"menu_order":0,"comment_status":"closed","ping_status":"closed","template":"","meta":{"footnotes":""},"class_list":["post-2168","page","type-page","status-publish","hentry"],"_links":{"self":[{"href":"https:\/\/vaimnemaailm.ee\/www\/wp-json\/wp\/v2\/pages\/2168","targetHints":{"allow":["GET"]}}],"collection":[{"href":"https:\/\/vaimnemaailm.ee\/www\/wp-json\/wp\/v2\/pages"}],"about":[{"href":"https:\/\/vaimnemaailm.ee\/www\/wp-json\/wp\/v2\/types\/page"}],"author":[{"embeddable":true,"href":"https:\/\/vaimnemaailm.ee\/www\/wp-json\/wp\/v2\/users\/2"}],"replies":[{"embeddable":true,"href":"https:\/\/vaimnemaailm.ee\/www\/wp-json\/wp\/v2\/comments?post=2168"}],"version-history":[{"count":4,"href":"https:\/\/vaimnemaailm.ee\/www\/wp-json\/wp\/v2\/pages\/2168\/revisions"}],"predecessor-version":[{"id":3978,"href":"https:\/\/vaimnemaailm.ee\/www\/wp-json\/wp\/v2\/pages\/2168\/revisions\/3978"}],"wp:attachment":[{"href":"https:\/\/vaimnemaailm.ee\/www\/wp-json\/wp\/v2\/media?parent=2168"}],"curies":[{"name":"wp","href":"https:\/\/api.w.org\/{rel}","templated":true}]}}