{"id":214,"date":"2017-01-02T18:47:45","date_gmt":"2017-01-02T16:47:45","guid":{"rendered":"http:\/\/vaimnemaailm.ee\/www\/?page_id=214"},"modified":"2017-01-02T18:47:45","modified_gmt":"2017-01-02T16:47:45","slug":"kuidas-esitada-universumile-tohusalt-deklaratsiooni-ajakiri-mustilised-lood-mai-2015","status":"publish","type":"page","link":"https:\/\/vaimnemaailm.ee\/www\/kuidas-esitada-universumile-tohusalt-deklaratsiooni-ajakiri-mustilised-lood-mai-2015\/","title":{"rendered":"\u201cKuidas esitada Universumile t\u00f5husalt deklaratsiooni\u201d- Ajakiri \u201cM\u00fcstilised lood\u201d, mai 2015"},"content":{"rendered":"<p align=\"LEFT\"><em>Autor: Liina Kaumann <img loading=\"lazy\" decoding=\"async\" class=\"alignright wp-image-215 size-medium\" src=\"http:\/\/vaimnemaailm.ee\/www\/wp-content\/uploads\/2017\/01\/deklaratsioon-1-300x207.jpg\" width=\"300\" height=\"207\" srcset=\"https:\/\/vaimnemaailm.ee\/www\/wp-content\/uploads\/2017\/01\/deklaratsioon-1-300x207.jpg 300w, https:\/\/vaimnemaailm.ee\/www\/wp-content\/uploads\/2017\/01\/deklaratsioon-1-768x529.jpg 768w, https:\/\/vaimnemaailm.ee\/www\/wp-content\/uploads\/2017\/01\/deklaratsioon-1-1024x705.jpg 1024w, https:\/\/vaimnemaailm.ee\/www\/wp-content\/uploads\/2017\/01\/deklaratsioon-1.jpg 1900w\" sizes=\"auto, (max-width: 300px) 100vw, 300px\" \/><br \/>\n<\/em><\/p>\n<p align=\"JUSTIFY\">Mis on deklaratsioon Universumile \u2013 see on sinu kui oma elu Looja t\u00e4ie teadlikkusega (loe: vastutusega) tehtud \u201eametlik\u201d avaldus Universumile.<\/p>\n<p>Me suhtleme pidevalt Universumi valgusj\u00f5ududega, kas teadlikult v\u00f5i ebateadlikult, alati kui m\u00f5tleme oma elule, otsustame, mida oma ellu soovida v\u00f5i mitte. Olles vaimse tee alguses ja toimides peamiselt veel 3. dimensiooni sagedusel, otsime enamasti juhatust v\u00e4ljastpoolt. Meie arusaamine Universumist ja ka iseenda kohast selles on piiratud. Siis k\u00f5ige t\u00f5husamateks loomise t\u00f6\u00f6riistadeks, mida kasutada on afirmatsioonid ja palved.<\/p>\n<p>Afirmeerimine t\u00e4hendab m\u00f5ne lause v\u00f5i m\u00f5tte pidevat korrutamist niikaua kuni see hakkab m\u00f5jutama su alateadvust ja muutub sinu m\u00f5ttemustri osaks. See on v\u00e4ga t\u00f5hus meetod n\u00e4iteks vanade negatiivsete m\u00f5ttemustrite muutmiseks.<\/p>\n<p>Palve j\u00e4llegi on oma soovi t\u00e4itmise usaldamine Universumi k\u00f5rgemate j\u00f5udude k\u00e4tte, so. valgusmaailma kaasamine loomisprotsessi. Olen neid m\u00f5lemaid meetodeid edukalt kasutanud juba m\u00f5nda aega ja v\u00f5in v\u00e4ita, et need toimivad h\u00e4sti. Eriti suurep\u00e4raseid tulemusi olen saavutanud just alates sellest hetkest, kui hakkasin teadlikult oma lahendust vajavaid olukordi, soove ja unistusi \u201e\u00fcles\u201d saatma. See t\u00f5esti toimis, ehkki esialgu ma isegi eriti ei uskunud vaimse maailma abisse. Ometi said k\u00f5ik problemaatilised olukorrad imelise ja k\u00f5ige kergema lahenduse ilma minupoolse mingi pingutuse v\u00f5i pusimiseta&#8230; Siin on muidugi v\u00e4ga oluline, et peale palve esitamist tulemuse ka t\u00f5epoolest lahti laseksid ja k\u00f5ik Looja hoolde j\u00e4taksid, muidu see ei toimi. See j\u00e4llegi n\u00f5uab usaldust.<\/p>\n<p>Hoopis k\u00f5rgem klass on aga Universumile deklaratsiooni esitamine. Deklaratsiooni esitamiseks on \u00f5ige aeg alles siis, kui t\u00f5epoolest <em>oled valmis v\u00f5tma vastutuse oma reaalsuse loomise eest t\u00e4ielikult enda peale. <\/em>T\u00f5en\u00e4oliselt v\u00f5ngud siis juba 4.-5. dimensiooni sagedusel ja oled saavutanud meisterlikkuse madalama tasandi loomisv\u00f5tete kasutamisel. Selleks ajaks oled tasapisi loobunud v\u00e4lisest juhtimisest ja hakanud \u00fcha enam juhinduma omaenda sisemisest tarkusest, oled hakanud m\u00f5istma, et k\u00f5ik olemasolev on omavahel seotud ja koostoimimises, midagi ei saa vaadelda eraldi, kindlasti oled ka k\u00f5vasti kasvatanud oma v\u00f5imet usaldada. Usk on loomisprotsessis v\u00e4ga t\u00e4htis. Kui usud tulemusse, siis nii saabki olema. Usk on baasiks edule, manifesteerimisele, palvele ja dekreedile. See on suurim j\u00f5ud, mis \u00fcldse olemas on.<\/p>\n<p><em>Dekreet k\u00e4sib Universumil sinu korraldusi j\u00e4rgida<\/em>. Seega ei tohi seda teha kergek\u00e4eliselt. Alustuseks v\u00f5iks deklareerida midagi lihtsamat \u2013 n\u00e4iteks omadusi, mida soovid endas arendada. Dekreet t\u00e4hendab Universumis olevate j\u00f5udude valitsemist ja suunamist ning erinevalt afirmatsioonist on see alati \u00fchekordne. Kui oled j\u00f5udnud endas selgusele ja teed dekreedi, joonduvad Universumi j\u00f5ud selle j\u00e4rgi, kui see on koosk\u00f5las k\u00f5rgema plaaniga.<\/p>\n<p>Dekreetide tasandil loomine mul kaua aega ei toiminud, sest ma ei saanud s\u00fcgavamal tasandil aru millestki v\u00e4ga olulisest. Jah, olin k\u00fcll teatanud Universumile oma soovid, lugenud isegi korralikult, nii nagu vaja,\u00a0 need 3 x k\u00f5va h\u00e4\u00e4lega ette, aga midagi ei juhtunud. Arvasin l\u00f5puks, et ju siis minu soovi t\u00e4itmine pole koosk\u00f5las k\u00f5rgema plaaniga, vaid on egotasandi tahtmine, v\u00f5i pole k\u00f5ikide k\u00f5rgemaks h\u00fcvanguks&#8230; M\u00f5tlesin, et ju mul on siis lihtsalt valed soovid&#8230;<\/p>\n<p>Ometi sain \u00fcsna hiljuti l\u00f5puks aru, mis minu deklaratsioonidega valesti oli. \u00dcht\u00e4kki tegin endalegi \u00fcllatuseks paari p\u00e4eva jooksul 2 \u00f5nnestunud dekreeti, mis l\u00e4ksid t\u00e4ide mitte isegi p\u00e4evadega, vaid tundidega&#8230; Mis siis seekord teisiti oli? Asi oli selles, et varem ma lihtsalt ei usaldanud piisavalt, ei ennast ega Universumit. Ma polnud lihtsalt selleks valmis.<\/p>\n<p>Olin siiani ikka p\u00fc\u00fcdnud kogu protsessi kontrollida, k\u00f5ike m\u00f5ista, t\u00f5lgendada, suunates ise asju justkui \u00f5igele, mulle meelep\u00e4rasele teele. Olles nii pidevas vastupanus, v\u00f5itluses. Et see muutuks, oli vaja tasandivahetust, mis tuli kahjuks nagu sageli ikka, l\u00e4bi suure kannatuse ja valu&#8230; \u00a0Sattusin kopsuhaigusega haiglasse operatsioonile. Ka seda valu ja kannatust p\u00fc\u00fcdsin enda jaoks esilagu meeleheitlikult lahti m\u00f5testada. Pealtn\u00e4ha ei tundunud sellel olevat mitte mingit m\u00f5tet. Olin l\u00f5puks nii v\u00e4sinud ja kurnatud, et loobusin m\u00f5tte otsimisest. Alistusin. Lihtsalt lasin k\u00f5igel tulla, mis tuli ja v\u00f5tsin vastu. Ilma anal\u00fc\u00fcsimata, ilma v\u00f5itlemata. Ja siis korraga ma avastasin, et olen oma kannatusele s\u00fcdamest t\u00e4nulik, ulusin nutta suurest t\u00e4nutundest, et mulle on see kannatus antud, et mulle on see valu antud. Olukord tundus t\u00e4itsa p\u00f6\u00f6rane. Inimesed mu \u00fcmber tundsid kaasa ja k\u00e4isid lohutamas: \u201epole hullu, k\u00fcll l\u00e4heb j\u00e4lle paremini\u201d. Mina aga muudkui nutsin ja nutsin. Seejuures mitte hirmust v\u00f5i valust, vaid \u00a0hoopis t\u00e4nutundest. Nutsin suuri ja kergeid r\u00f5\u00f5mupisaraid, sest korraga n\u00e4gin selgelt, tervikpilti, seda mis oli minu hinge plaan tegelikult ja ka seda, kui \u00f6konoomselt, briljantselt Universum seda k\u00f5ike komponeerib, mis tegelikult toimub&#8230; Iga pisimagi detaili. Ma valgustun siin ja praegu, l\u00e4bi oma kogemuste. Ja valu p\u00f6\u00f6rdus r\u00f5\u00f5muks, pimedusest sai valgus.<\/p>\n<p>\u00dcht\u00e4kki tundsin ennast kunstnikuna, kes imetleb hardas austuses teise, v\u00e4ga suure, andeka ja geniaalse kunstniku imep\u00e4rast loomingut, kus iga pisimgi pintslit\u00f5mme on t\u00e4iuslikult paigas, tasakaalus, samas tehtud hoogsalt ja vabalt, igasuguse pingutuseta, lihtsalt puhtast loomisr\u00f5\u00f5must. Mu s\u00fcda t\u00e4itus tohutu t\u00e4nutundega, et midagi niiv\u00f5rd t\u00e4iuslikku on olemas. L\u00f5puks ma m\u00f5istsin, s\u00fcgavuti. Seda, mida varem ei olnud n\u00e4inud. Ometi oli ta kogu aeg olemas, siinsamas&#8230; Aga ma ei n\u00e4inud, ei osanud n\u00e4ha pealtn\u00e4ha kokkusobimatutest ja juhuslikest detailidest moodustuvat harmoonilist tervikut. Ei n\u00e4inud, sest ma polnud lihtsalt valmis.<\/p>\n<p>Niisiis, mis oli minu dekreetidega seni valesti? Lahendus peitus tunde tasandil. \u00d5nnestunud dekreeti peab saatma \u00f5ige tunne \u2013 kindel teadmine ja kindel tunne, et ma tahan just seda, olen valmis soovitu oma ellu vastu v\u00f5tma ja n\u00fc\u00fcd on aeg k\u00e4es pluss loomisr\u00f5\u00f5m. Siiani olin ikka pigem kinni j\u00e4\u00e4nud teatud kahtlemisse, et mis siis, kui soovitu tuleb \u00e4kki mulle ebameeldival kujul, v\u00f5i kui asjas on mingi krutski sees. Ehk siis ma k\u00fcll soovisin ja teatasin Universumile justkui, et tahan midagi konkreetset, aga osa minust kahtles kusagil tagaplaanil. Ma polnud s\u00fcgavalt veendunud ja p\u00fc\u00fcdsin kontrollida l\u00f5pptulemust, et see ikka igas m\u00f5ttes minu soovidele vastaks (ja sellega v\u00f5tsin muidugi deklaratsioonilt v\u00e4e \u00e4ra) &#8211; \u00fches\u00f5naga ma varem ei usaldanud Universumit piisavalt.<\/p>\n<p>N\u00fc\u00fcd aga olin \u00e4kki nii veendunud oma soovis ja lihtsalt teatasin Universumile, et nii olgu..! See ongi \u00f5ige dekreet. Mitte kahelda, vaid teatada kuidas asjad on. Ja tunda hoopis loomisr\u00f5\u00f5mu, elevust. See muidugi eeldab julgust v\u00f5tta endale ka vastutus oma loomingu eest. Seda julgust mul varem polnud. Kartsin ikka asjad \u00e4ra vusserdada. Aga Looja on k\u00f5ikv\u00f5imas ega karda midagi, ta teab, et nii nagu ta otsustab, nii ka saab ja siis saabki. Kui k\u00e4itud nagu Looja siis sa oledki Looja.<\/p>\n","protected":false},"excerpt":{"rendered":"<p>Autor: Liina Kaumann Mis on deklaratsioon Universumile \u2013 see on sinu kui oma elu Looja t\u00e4ie teadlikkusega (loe: vastutusega) tehtud \u201eametlik\u201d avaldus Universumile. Me suhtleme pidevalt Universumi valgusj\u00f5ududega, kas teadlikult v\u00f5i ebateadlikult, alati kui m\u00f5tleme oma elule, otsustame, mida oma ellu soovida v\u00f5i mitte. Olles vaimse tee alguses ja toimides peamiselt veel 3. dimensiooni sagedusel, &hellip; <\/p>\n<p class=\"link-more\"><a href=\"https:\/\/vaimnemaailm.ee\/www\/kuidas-esitada-universumile-tohusalt-deklaratsiooni-ajakiri-mustilised-lood-mai-2015\/\" class=\"more-link\">Loe edasi<span class=\"screen-reader-text\"> &#8220;\u201cKuidas esitada Universumile t\u00f5husalt deklaratsiooni\u201d- Ajakiri \u201cM\u00fcstilised lood\u201d, mai 2015&#8221;<\/span><\/a><\/p>\n","protected":false},"author":2,"featured_media":0,"parent":0,"menu_order":0,"comment_status":"closed","ping_status":"closed","template":"","meta":{"footnotes":""},"class_list":["post-214","page","type-page","status-publish","hentry"],"_links":{"self":[{"href":"https:\/\/vaimnemaailm.ee\/www\/wp-json\/wp\/v2\/pages\/214","targetHints":{"allow":["GET"]}}],"collection":[{"href":"https:\/\/vaimnemaailm.ee\/www\/wp-json\/wp\/v2\/pages"}],"about":[{"href":"https:\/\/vaimnemaailm.ee\/www\/wp-json\/wp\/v2\/types\/page"}],"author":[{"embeddable":true,"href":"https:\/\/vaimnemaailm.ee\/www\/wp-json\/wp\/v2\/users\/2"}],"replies":[{"embeddable":true,"href":"https:\/\/vaimnemaailm.ee\/www\/wp-json\/wp\/v2\/comments?post=214"}],"version-history":[{"count":1,"href":"https:\/\/vaimnemaailm.ee\/www\/wp-json\/wp\/v2\/pages\/214\/revisions"}],"predecessor-version":[{"id":216,"href":"https:\/\/vaimnemaailm.ee\/www\/wp-json\/wp\/v2\/pages\/214\/revisions\/216"}],"wp:attachment":[{"href":"https:\/\/vaimnemaailm.ee\/www\/wp-json\/wp\/v2\/media?parent=214"}],"curies":[{"name":"wp","href":"https:\/\/api.w.org\/{rel}","templated":true}]}}