{"id":2012,"date":"2021-10-17T11:16:31","date_gmt":"2021-10-17T08:16:31","guid":{"rendered":"https:\/\/vaimnemaailm.ee\/www\/?page_id=2012"},"modified":"2026-02-26T14:01:13","modified_gmt":"2026-02-26T12:01:13","slug":"mp3-alateadvuse-muutmine","status":"publish","type":"page","link":"https:\/\/vaimnemaailm.ee\/www\/mp3-alateadvuse-muutmine\/","title":{"rendered":"MP3 Alateadvuse muutmine"},"content":{"rendered":"\n<p><strong><mark style=\"background-color:rgba(0, 0, 0, 0);color:#76787a\" class=\"has-inline-color\">Loe kindlasti altpoolt, kuidas neid faile kasutada!<\/mark><\/strong><mark style=\"background-color:rgba(0, 0, 0, 0)\" class=\"has-inline-color has-vivid-red-color\"> <\/mark><\/p>\n\n\n\n<p><mark style=\"background-color:rgba(0, 0, 0, 0);color:#e24949\" class=\"has-inline-color\"><strong>MP3 failid erinevatel teemadel Alateadvust \u00fcmberprogrammmeerivate kinnitustega<\/strong><\/mark>:<\/p>\n\n\n\n<p> 1 faili hind<span class=\"has-inline-color has-vivid-red-color\"> <strong>11 EUR<\/strong><\/span><\/p>\n\n\n\n<p>T\u015aAKRATEP\u00d5HINE TERVENDUS<\/p>\n\n\n\n<ol class=\"wp-block-list\">\n<li>Maat\u00e4he ja Juurt\u015bakra h\u00e4\u00e4lestamine\/probleemide tervendamine<\/li>\n\n\n\n<li>Sakraalt\u015bakra h\u00e4\u00e4lestamine\/probleemide tervendamine<\/li>\n\n\n\n<li>P\u00e4ikesep\u00f5imikut\u015bakra h\u00e4\u00e4lestamine\/probleemide tervendamine<\/li>\n\n\n\n<li>S\u00fcdamet\u015bakra h\u00e4\u00e4lestamine\/probleemide tervendamine<\/li>\n\n\n\n<li>Kurgut\u015bakra h\u00e4\u00e4lestamine\/probleemide tervendamine<\/li>\n\n\n\n<li>3. silma t\u015bakra h\u00e4\u00e4lestamine\/probleemide tervendamine<\/li>\n\n\n\n<li>Kroont\u015bakra h\u00e4\u00e4lestamine\/probleemide tervendamine<\/li>\n\n\n\n<li>K\u00f5igi 7 t\u015bakra h\u00e4\u00e4lestamine<\/li>\n<\/ol>\n\n\n\n<p>MUUD TEEMAD<\/p>\n\n\n\n<ol class=\"wp-block-list\">\n<li><strong>Keskmesse\/hingega joondunuks j\u00e4\u00e4mine <\/strong>&#8211;  elu juhtimine iseenda keskmest l\u00e4htuvalt, egoringist oma energia \u00e4rat\u00f5mbamine<\/li>\n\n\n\n<li><strong>T\u00f5de<\/strong> &#8211; t\u00f5de\/vale, \u00f5iglus\/eba\u00f5iglus, ausus\/valetamine, duaalsus\/\u00fchtsus, Jumalik t\u00f5de ja selles olemine<\/li>\n\n\n\n<li><strong>Usaldamine<\/strong>  &#8211; kahtlemisest, hirmust, kontrollimisest v\u00e4ljatulek, Universumi usaldamine, abi ja juhatuse vastuv\u00f5tmine<\/li>\n\n\n\n<li><strong>Armastus<\/strong> &#8211;  valikulisest armastusest tingimusteta armastusse liikumine, vastuv\u00f5tlikkusse j\u00f5udmine<\/li>\n\n\n\n<li><strong>Muutused<\/strong>&#8211; valmisolek,  seisakust v\u00e4ljatulek, elus  \u00f5iges suunas edasiliikumine<\/li>\n\n\n\n<li><strong>Naisenergia tervendus<\/strong> &#8211; Jumaliku Naisenergia aktiveerimine<\/li>\n\n\n\n<li><strong>Meesenergia tervendus<\/strong> &#8211; Jumaliku Meesenergia aktiveerimine<\/li>\n\n\n\n<li><strong>P\u00fcha Suhe<\/strong> &#8211; vanadest armastusssuhte mustrtest vabanemine, ego eelistustest loobimine, uute vundamentide loomine, jumaliku naiselikkuse ja jumaliku mehelikkuse \u00fchendamine<\/li>\n\n\n\n<li><strong>Koost\u00f6\u00f6<\/strong> &#8211; iseenda eri osade\/eri energiate vahel, toimiv partnerlus enda sisemise nais- ja meespoole vahel =toimiv koost\u00f6\u00f6 v\u00e4lises maailmas<\/li>\n\n\n\n<li><strong>Lojaalsus<\/strong> &#8211; lojaalsus iseendale, oma t\u00f5ele, hingeteele, eneseaktsepteerimine = lojaalsus sulle v\u00e4lises maailmas<\/li>\n<\/ol>\n\n\n\n<p><em><span style=\"color:#7913d8\" class=\"has-inline-color\"><strong>Tellimiseks:<\/strong> palun tee makse&nbsp; Vaimne Maailm O\u00dc pangakontole EE662200221049242077 ja kui see tehtud, saada meil liina@vaimnemaailm.ee oma tellimusega, juhised failide allalaadimiseks saad meilile!<\/span><\/em><\/p>\n\n\n\n<p>Selleks, et saaksime t\u00f5esti hakata toimima p\u00fcsivalt 5D-s, uuel tasandil, ega kukuks enam tagasi vanasse, on vaja j\u00e4rjepidevalt kinnistada uued m\u00f5tted, uskumused, k\u00e4itumisviisid ka oma alateadvusesse. See on asi, mille kipume kuidagi \u00e4ra unustama, ometi ei saa me p\u00fcsivalt edasi liikuda, t\u00f5stes ainult oma sagedust, mediteerides, taotlusi tehes, sest alateadvuse tasand ise ei muutu, kui temaga ekstra ei tegele. Ja siis juhtub, et alateadvus hakkab saboteerima arengut.<\/p>\n\n\n\n<p>T\u00f5husa edasiliikumise v\u00f5ti on see, et niipea, kui t\u00f5stame oma tasandit ja teeme mingi vaimse l\u00e4bimurde, peaks selle ka kohe kinnistama alateadvuse tasandile. Meditatsioonis muutusi tehes ja uut infot\/energiat allatuues tegeleme \u00fcliteadvuse tasandiga, tavateadvuse tasandil kasutame oma isiklikku v\u00e4ge ja tahet, tehes taotlusi, \u00fcmberkorraldusi v\u00e4lises elus. Aga t\u00f5eliseks igatasandiliseks muutuseks on vaja alati tegeleda ka alateadvusega!<\/p>\n\n\n\n<p>Meie alateadvusesse on vanad uskumused v\u00e4ga tugevalt kinnistunud \u2013 me tallame sisse kindlad rajad niiviisi, et meil on mingi uskumus, mille j\u00e4rgi me tavap\u00e4raselt toimime ja nii toimimisest saab harjumus- automaatk\u00e4itumine, mida me ise ei m\u00e4rka, sest see on meile nii omane ja rutiinne. Et alateadvust t\u00f5husalt muuta, on vaja kinnistada uued uskumused ja siis nende baasilt tekitada uued k\u00e4itumisviisid. Siin sisuliselt on vaja tekitada uus parem harjumus vana asemele \u2013 ehk siis tallata sisse \u201euued rajad\u201d.<\/p>\n\n\n\n<p>Selleks olen loonud <\/p>\n\n\n\n<p><mark style=\"background-color:rgba(0, 0, 0, 0);color:#e24949\" class=\"has-inline-color\"><strong>MP3 failid erinevatel teemadel Alateadvust \u00fcmberprogrammmeerivate kinnitustega<\/strong><\/mark> (valiku n\u00e4gemiseks liigu hiirega palun \u00fcles tagasi)<\/p>\n\n\n\n<p>Need v\u00e4ited\/kinnitused eri teemadel on loetud helifailiks katkematu OM mantra peale. Mantrat&nbsp;<em>om<\/em>&nbsp;suurimaks k\u00f5ikidest mantratest ja k\u00f5ikide mantrate seemneks (sanskriti keeles&nbsp;<em>b\u012bja<\/em>), mis sisaldab k\u00f5ige algust ja l\u00f5ppu.<\/p>\n\n\n\n<p><strong>Kuidas neid faile kasutada?<\/strong><\/p>\n\n\n\n<p>Et j\u00f5uda p\u00e4riselt alateadvuse tasandi muutusteni, on vaja anda esmalt tegevust oma tavateadvusele, muidu teeme ikka muutusi vaid tavateadvuse pinnal. N\u00e4ieks, kui kordame afirmatsioone, siis m\u00f5istuse tasand tegeleb selle info l\u00e4bit\u00f6\u00f6tamisega \u2013 on kas n\u00f5us v\u00f5i vaidleb vastu (juhul kui on vanadele uskumustele v\u00e4ga vastandlikud v\u00e4ited). N\u00fc\u00fcd kogu see energia ringlebki sellel tasandil.<\/p>\n\n\n\n<p>Alateadvuseni j\u00f5uame alles siis, kui anname tavateadvusele n\u00f6. mingi muu \u201ekondi hambusse\u201d &#8211; siis on teadlik meel h\u00f5ivatud ja alles n\u00fc\u00fcd afirmatsioonid j\u00f5uavad alateadvuse tasandini. Hea meetod on leida endale mingi tegevus, mis kaasab teadliku meele (siin v\u00f5iks vaadata ka milline on sinu esmane keskendumine: liikuv, intellektuaalne, emotsionaalne, seksuaalne&#8230;) Olles keskendunud mingile muule tegevusele, panna taustal m\u00e4ngima helifail just nende uute t\u00f5dedega, mida soovid oma alateadvusesse kinnistada ja las see siis aina kordab ja kordab&#8230; v\u00f5i siis las see m\u00e4ngib sinu uneajal kordusega.<\/p>\n\n\n\n<p>Teen ka<strong> <\/strong><span class=\"has-inline-color has-vivid-red-color\"><strong>individuaaln\u00f5ustamist, et leida just sinu alateadvuse jaoks vajalikud kinnitused ja koostan isikliku MP3 faili! <\/strong> <\/span><\/p>\n\n\n\n<p>Vt. siia: <strong>Individuaalseanss <\/strong><a href=\"https:\/\/vaimnemaailm.ee\/www\/individuaalseanss-alateadvuse-muutmine\/\"><strong>&#8220;Alateadvuse muutmine<\/strong>&#8220;<\/a><\/p>\n","protected":false},"excerpt":{"rendered":"<p>Loe kindlasti altpoolt, kuidas neid faile kasutada! MP3 failid erinevatel teemadel Alateadvust \u00fcmberprogrammmeerivate kinnitustega: 1 faili hind 11 EUR T\u015aAKRATEP\u00d5HINE TERVENDUS MUUD TEEMAD Tellimiseks: palun tee makse&nbsp; Vaimne Maailm O\u00dc pangakontole EE662200221049242077 ja kui see tehtud, saada meil liina@vaimnemaailm.ee oma tellimusega, juhised failide allalaadimiseks saad meilile! Selleks, et saaksime t\u00f5esti hakata toimima p\u00fcsivalt 5D-s, uuel &hellip; <\/p>\n<p class=\"link-more\"><a href=\"https:\/\/vaimnemaailm.ee\/www\/mp3-alateadvuse-muutmine\/\" class=\"more-link\">Loe edasi<span class=\"screen-reader-text\"> &#8220;MP3 Alateadvuse muutmine&#8221;<\/span><\/a><\/p>\n","protected":false},"author":2,"featured_media":0,"parent":0,"menu_order":0,"comment_status":"closed","ping_status":"closed","template":"","meta":{"footnotes":""},"class_list":["post-2012","page","type-page","status-publish","hentry"],"_links":{"self":[{"href":"https:\/\/vaimnemaailm.ee\/www\/wp-json\/wp\/v2\/pages\/2012","targetHints":{"allow":["GET"]}}],"collection":[{"href":"https:\/\/vaimnemaailm.ee\/www\/wp-json\/wp\/v2\/pages"}],"about":[{"href":"https:\/\/vaimnemaailm.ee\/www\/wp-json\/wp\/v2\/types\/page"}],"author":[{"embeddable":true,"href":"https:\/\/vaimnemaailm.ee\/www\/wp-json\/wp\/v2\/users\/2"}],"replies":[{"embeddable":true,"href":"https:\/\/vaimnemaailm.ee\/www\/wp-json\/wp\/v2\/comments?post=2012"}],"version-history":[{"count":5,"href":"https:\/\/vaimnemaailm.ee\/www\/wp-json\/wp\/v2\/pages\/2012\/revisions"}],"predecessor-version":[{"id":4356,"href":"https:\/\/vaimnemaailm.ee\/www\/wp-json\/wp\/v2\/pages\/2012\/revisions\/4356"}],"wp:attachment":[{"href":"https:\/\/vaimnemaailm.ee\/www\/wp-json\/wp\/v2\/media?parent=2012"}],"curies":[{"name":"wp","href":"https:\/\/api.w.org\/{rel}","templated":true}]}}